{"id":15170,"date":"2020-02-24T14:45:30","date_gmt":"2020-02-24T13:45:30","guid":{"rendered":"https:\/\/dogpride1.wpengine.com\/product\/acadia-softshell-vest-women-pink-black-3\/"},"modified":"2025-11-27T17:10:56","modified_gmt":"2025-11-27T16:10:56","slug":"arrak-acadia-softshell-vest-women-pink-black-3","status":"publish","type":"product","link":"https:\/\/dogpride.nl\/fr\/arrak-acadia-softshell-vest-women-pink-black-3\/","title":{"rendered":"ARRAK Gilet Softshell Acadia Femme Rose\/Noir"},"content":{"rendered":"<h4>ARRAK Gilet Softshell Acadia Femme Rose\/Noir<\/h4>\n<p>Het ARRAK Acadia Softshell Vest Women Pink\/Black.<\/p>\n<p>Le gilet softshell Acadia est un gilet fonctionnel et \u00e9l\u00e9gant pour de multiples domaines d&#039;utilisation.<br \/>\nSi vous aimez le sport ou la randonn\u00e9e avec des chiens, ce gilet est le parfait compl\u00e9ment de notre veste softshell Akka, qui a inspir\u00e9 ce gilet.<br \/>\nLe gilet a six poches avant, dont quatre avec fermeture \u00e9clair et une grande poche arri\u00e8re sans fermeture \u00e9clair.<\/p>\n<p>Pour les impressions de nom, nous n&#039;autorisons pas les retours ou les \u00e9changes de tailles, veuillez donc v\u00e9rifier le tableau des tailles.<\/p>\n<ul>\n<li>Grande poche arri\u00e8re<\/li>\n<li>Fabriqu\u00e9 en polyester 100%<\/li>\n<li>Six poches avant, dont quatre avec fermetures \u00e9clair<\/li>\n<li>Taille ajustable<\/li>\n<li>Col montant<\/li>\n<li>Mousqueton pour bouteille d&#039;eau, laisse de chien ou filet de p\u00eache<\/li>\n<\/ul>\n<p><strong>Tableau des tailles:<\/strong><\/p>\n<p style=\"color: #000000; font-size: 13px; text-align: left; text-decoration: none;\"><a href=\"https:\/\/arrakoutdoor.com\/\" target=\"_blank\" rel=\"noopener\"><img loading=\"lazy\" decoding=\"async\" class=\"alignnone wp-image-70294 size-large\" src=\"https:\/\/dogpride.nl\/wp-content\/uploads\/women_s_tops_-738x1024.jpg\" alt=\"Maattabel\" width=\"738\" height=\"1024\" srcset=\"https:\/\/dogpride.nl\/wp-content\/uploads\/women_s_tops_-738x1024.jpg 738w, https:\/\/dogpride.nl\/wp-content\/uploads\/women_s_tops_-250x347.jpg 250w, https:\/\/dogpride.nl\/wp-content\/uploads\/women_s_tops_-400x555.jpg 400w, https:\/\/dogpride.nl\/wp-content\/uploads\/women_s_tops_-216x300.jpg 216w, https:\/\/dogpride.nl\/wp-content\/uploads\/women_s_tops_-768x1065.jpg 768w, https:\/\/dogpride.nl\/wp-content\/uploads\/women_s_tops_-200x277.jpg 200w, https:\/\/dogpride.nl\/wp-content\/uploads\/women_s_tops_-600x832.jpg 600w, https:\/\/dogpride.nl\/wp-content\/uploads\/women_s_tops_-800x1110.jpg 800w, https:\/\/dogpride.nl\/wp-content\/uploads\/women_s_tops_.jpg 865w\" sizes=\"auto, (max-width: 738px) 100vw, 738px\" \/><\/a><\/p>\n<p><a href=\"https:\/\/dogpride.nl\/fr\/kleding\/trainingsvesten\/arrak-outdoor-trainingsvesten\/?product-page=3\"><img loading=\"lazy\" decoding=\"async\" class=\"alignnone\" title=\"Arrak Acadia Softshell Vest Woman Black\/Pink\" src=\"https:\/\/dogpride.nl\/wp-content\/uploads\/22012-32_front1_model-150x150.jpg\" alt=\"Arrak Acadia Softshell Vest Woman Black\/Pink\" width=\"150\" height=\"150\" \/><img loading=\"lazy\" decoding=\"async\" class=\"alignnone\" src=\"https:\/\/dogpride.nl\/wp-content\/uploads\/22012-32front-3-150x150.jpg\" alt=\"\" width=\"150\" height=\"150\" \/><\/a><\/p>\n<p><a href=\"https:\/\/arrakoutdoor.com\/?gad_source=1&amp;gad_campaignid=17831368039&amp;gbraid=0AAAAADMpsjTjxSYI2mZf6V1fkFItM3rbI&amp;gclid=CjwKCAjw04HIBhB8EiwA8jGNbTSr_IrZliX_1ll-eRCGY88bPjxKvRAx4fBVTE8nCv4BRbxzY3V8bhoCVJkQAvD_BwE\" target=\"_blank\" rel=\"noopener\"><img loading=\"lazy\" decoding=\"async\" class=\"alignnone wp-image-139301 size-medium\" src=\"https:\/\/dogpride.nl\/wp-content\/uploads\/Arrak-300x118.jpeg\" alt=\"Logo\" width=\"300\" height=\"118\" srcset=\"https:\/\/dogpride.nl\/wp-content\/uploads\/Arrak-300x118.jpeg 300w, https:\/\/dogpride.nl\/wp-content\/uploads\/Arrak-768x303.jpeg 768w, https:\/\/dogpride.nl\/wp-content\/uploads\/Arrak-18x7.jpeg 18w, https:\/\/dogpride.nl\/wp-content\/uploads\/Arrak-250x99.jpeg 250w, https:\/\/dogpride.nl\/wp-content\/uploads\/Arrak-400x158.jpeg 400w, https:\/\/dogpride.nl\/wp-content\/uploads\/Arrak.jpeg 916w\" sizes=\"auto, (max-width: 300px) 100vw, 300px\" \/><\/a><\/p>","protected":false},"excerpt":{"rendered":"<p>Le gilet softshell Acadia est un gilet fonctionnel et \u00e9l\u00e9gant pour de multiples domaines d&#039;utilisation. Si vous aimez le sport ou la randonn\u00e9e avec des chiens, ce gilet est le parfait compl\u00e9ment de notre veste softshell Akka, qui a inspir\u00e9 ce gilet.<\/p>","protected":false},"featured_media":25589,"template":"","meta":[],"product_brand":[],"product_cat":[3870],"product_tag":[],"class_list":{"0":"post-15170","1":"product","2":"type-product","3":"status-publish","4":"has-post-thumbnail","6":"product_cat-arrak-outdoor-dames-trainingsvesten","8":"first","9":"instock","10":"taxable","11":"shipping-taxable","12":"purchasable","13":"product-type-variable"},"mb":[],"mfb_rest_fields":["title"],"_links":{"self":[{"href":"https:\/\/dogpride.nl\/fr\/wp-json\/wp\/v2\/product\/15170","targetHints":{"allow":["GET"]}}],"collection":[{"href":"https:\/\/dogpride.nl\/fr\/wp-json\/wp\/v2\/product"}],"about":[{"href":"https:\/\/dogpride.nl\/fr\/wp-json\/wp\/v2\/types\/product"}],"wp:featuredmedia":[{"embeddable":true,"href":"https:\/\/dogpride.nl\/fr\/wp-json\/wp\/v2\/media\/25589"}],"wp:attachment":[{"href":"https:\/\/dogpride.nl\/fr\/wp-json\/wp\/v2\/media?parent=15170"}],"wp:term":[{"taxonomy":"product_brand","embeddable":true,"href":"https:\/\/dogpride.nl\/fr\/wp-json\/wp\/v2\/product_brand?post=15170"},{"taxonomy":"product_cat","embeddable":true,"href":"https:\/\/dogpride.nl\/fr\/wp-json\/wp\/v2\/product_cat?post=15170"},{"taxonomy":"product_tag","embeddable":true,"href":"https:\/\/dogpride.nl\/fr\/wp-json\/wp\/v2\/product_tag?post=15170"}],"curies":[{"name":"wp","href":"https:\/\/api.w.org\/{rel}","templated":true}]}}