{"id":1509,"date":"2019-06-18T10:01:27","date_gmt":"2019-06-18T08:01:27","guid":{"rendered":"https:\/\/dogpride1.wpengine.com\/?post_type=product&#038;p=1509"},"modified":"2025-10-28T14:11:43","modified_gmt":"2025-10-28T13:11:43","slug":"pride-all-weather-koppellijn-voor-2-honden","status":"publish","type":"product","link":"https:\/\/dogpride.nl\/fr\/pride-all-weather-koppellijn-voor-2-honden\/","title":{"rendered":"Laisse d&#039;accouplement PRIDE All-Weather pour 2 chiens"},"content":{"rendered":"<h4>Laisse d&#039;accouplement PRIDE All-Weather pour 2 chiens<\/h4>\n<p>Laisse d&#039;accouplement PRIDE All-Weather pour 2 chiens<\/p>\n<div>\n<p>Laisse d&#039;attelage toutes saisons pour une promenade confortable avec 2 chiens.<br \/>\nCette laisse d&#039;attelage est en nylon avec caoutchouc antid\u00e9rapant et a une texture l\u00e9g\u00e8re. La ligne n&#039;absorbe pas l&#039;eau et ne s&#039;alourdit pas.<\/p>\n<p>Si vous avez 2 chiens, vous serez agr\u00e9ablement surpris par cette lign\u00e9e d&#039;accouplement. Maintenant, vous n&#039;avez pas \u00e0 d\u00e9penser beaucoup d&#039;argent pour acheter des laisses pour chacun de vos chiens. De plus, cette laisse d&#039;attelage r\u00e9sout le probl\u00e8me d&#039;emm\u00ealement des ceintures.<\/p>\n<\/div>\n<div>Fabriqu\u00e9 en nylon de 15 mm de large avec antid\u00e9rapant. Disponible en diff\u00e9rentes couleurs!<\/div>\n<div>\n<p>Id\u00e9al pour les mains moites<br \/>\nId\u00e9al par temps humide<br \/>\nId\u00e9al pour jouer dans l&#039;eau<br \/>\nMaintien s\u00e9curis\u00e9<\/p>\n<p style=\"color: #666666; text-align: left; text-decoration: none;\"><span style=\"color: #000000;\">Mod\u00e8le : L-005<\/span><br \/>\n<span style=\"color: #000000;\">Mat\u00e9riel:Nylon<\/span><\/p>\n<p>Longueur : 40cm<\/p>\n<\/div>\n<div>\n<p>Largeur : 15 mm par ligne<\/p>\n<p>Couleurs disponibles : Bleu, Rouge, Rose, Jaune, Violet et Noir<\/p>\n<p><a href=\"https:\/\/dogpride.nl\/fr\/pride-all-weather-koppellijn-voor-2-honden\/\"><img loading=\"lazy\" decoding=\"async\" class=\"alignnone wp-image-136470 size-medium\" src=\"https:\/\/dogpride.nl\/wp-content\/uploads\/PRIDE-All-Weather-koppellijn-voor-2-honden-300x225.png\" alt=\"PRIDE All-Weather koppellijn voor 2 honden\" width=\"300\" height=\"225\" srcset=\"https:\/\/dogpride.nl\/wp-content\/uploads\/PRIDE-All-Weather-koppellijn-voor-2-honden-300x225.png 300w, https:\/\/dogpride.nl\/wp-content\/uploads\/PRIDE-All-Weather-koppellijn-voor-2-honden-1024x768.png 1024w, https:\/\/dogpride.nl\/wp-content\/uploads\/PRIDE-All-Weather-koppellijn-voor-2-honden-768x576.png 768w, https:\/\/dogpride.nl\/wp-content\/uploads\/PRIDE-All-Weather-koppellijn-voor-2-honden-16x12.png 16w, https:\/\/dogpride.nl\/wp-content\/uploads\/PRIDE-All-Weather-koppellijn-voor-2-honden-250x188.png 250w, https:\/\/dogpride.nl\/wp-content\/uploads\/PRIDE-All-Weather-koppellijn-voor-2-honden-400x300.png 400w, https:\/\/dogpride.nl\/wp-content\/uploads\/PRIDE-All-Weather-koppellijn-voor-2-honden.png 1280w\" sizes=\"auto, (max-width: 300px) 100vw, 300px\" \/><\/a><\/p>\n<\/div>\n<p><a href=\"https:\/\/www.dogpride.eu\/\" target=\"_blank\" rel=\"noopener\"><img loading=\"lazy\" decoding=\"async\" class=\"alignnone wp-image-70657 size-medium\" src=\"https:\/\/dogpride.nl\/wp-content\/uploads\/Logo-Pride2-1-300x96.png\" alt=\"\" width=\"300\" height=\"96\" srcset=\"https:\/\/dogpride.nl\/wp-content\/uploads\/Logo-Pride2-1-300x96.png 300w, https:\/\/dogpride.nl\/wp-content\/uploads\/Logo-Pride2-1-250x80.png 250w, https:\/\/dogpride.nl\/wp-content\/uploads\/Logo-Pride2-1-200x64.png 200w, https:\/\/dogpride.nl\/wp-content\/uploads\/Logo-Pride2-1.png 327w\" sizes=\"auto, (max-width: 300px) 100vw, 300px\" \/><\/a><\/p>\n<p>&nbsp;<\/p>","protected":false},"excerpt":{"rendered":"<p>Laisse d&#039;accouplement PRIDE All-Weather pour 2 chiens. Laisse d&#039;attelage toutes saisons pour une promenade confortable avec 2 chiens.<\/p>","protected":false},"featured_media":23159,"template":"","meta":[],"product_brand":[],"product_cat":[192],"product_tag":[7433,10992,10993,5863,10994,7865,5110,8254,10995,10425,4867,4566,5226,4979,6215,5717,10975,8834,10968,5034,3157,10978,4121,2969],"class_list":{"0":"post-1509","1":"product","2":"type-product","3":"status-publish","4":"has-post-thumbnail","6":"product_cat-pride-hondenlijnen","7":"product_tag-10m","8":"product_tag-1m","9":"product_tag-2m","10":"product_tag-3m","11":"product_tag-5m","12":"product_tag-anti-slip","13":"product_tag-biothane","14":"product_tag-duurzaam","15":"product_tag-gekleurd","16":"product_tag-handgemaakt","17":"product_tag-handvat","18":"product_tag-k9","19":"product_tag-kong-frog","20":"product_tag-leer","21":"product_tag-messing","22":"product_tag-politie","23":"product_tag-quick-release","24":"product_tag-soft","25":"product_tag-super-grip","26":"product_tag-tracking","27":"product_tag-training","28":"product_tag-wasbaar","29":"product_tag-waterproof","30":"product_tag-zwart","32":"first","33":"instock","34":"taxable","35":"shipping-taxable","36":"purchasable","37":"product-type-variable"},"mb":[],"mfb_rest_fields":["title"],"_links":{"self":[{"href":"https:\/\/dogpride.nl\/fr\/wp-json\/wp\/v2\/product\/1509","targetHints":{"allow":["GET"]}}],"collection":[{"href":"https:\/\/dogpride.nl\/fr\/wp-json\/wp\/v2\/product"}],"about":[{"href":"https:\/\/dogpride.nl\/fr\/wp-json\/wp\/v2\/types\/product"}],"wp:featuredmedia":[{"embeddable":true,"href":"https:\/\/dogpride.nl\/fr\/wp-json\/wp\/v2\/media\/23159"}],"wp:attachment":[{"href":"https:\/\/dogpride.nl\/fr\/wp-json\/wp\/v2\/media?parent=1509"}],"wp:term":[{"taxonomy":"product_brand","embeddable":true,"href":"https:\/\/dogpride.nl\/fr\/wp-json\/wp\/v2\/product_brand?post=1509"},{"taxonomy":"product_cat","embeddable":true,"href":"https:\/\/dogpride.nl\/fr\/wp-json\/wp\/v2\/product_cat?post=1509"},{"taxonomy":"product_tag","embeddable":true,"href":"https:\/\/dogpride.nl\/fr\/wp-json\/wp\/v2\/product_tag?post=1509"}],"curies":[{"name":"wp","href":"https:\/\/api.w.org\/{rel}","templated":true}]}}