{"id":1502,"date":"2019-06-17T17:09:28","date_gmt":"2019-06-17T15:09:28","guid":{"rendered":"https:\/\/dogpride1.wpengine.com\/?post_type=product&#038;p=1502"},"modified":"2025-10-28T14:34:30","modified_gmt":"2025-10-28T13:34:30","slug":"pride-nylon-werklijn-police-black","status":"publish","type":"product","link":"https:\/\/dogpride.nl\/fr\/pride-nylon-werklijn-police-black\/","title":{"rendered":"PRIDE Nylon werklijn Police BLACK"},"content":{"rendered":"<h4>PRIDE Nylon werklijn Police BLACK<\/h4>\n<p>PRIDE Nylon werklijn Police BLACK<\/p>\n<p>Laisse antid\u00e9rapante en nylon noir &quot;Police&quot;<br \/>\nMat\u00e9riau : nylon<br \/>\nMod\u00e8le : L-013<br \/>\nLargeur : 20 mm<br \/>\nLaisse d&#039;entra\u00eenement de type police fabriqu\u00e9e \u00e0 partir du meilleur nylon solide ! Il y a plusieurs anneaux sur la laisse afin que vous puissiez varier la longueur.<\/p>\n<div style=\"color: #000000; font-size: 13px; text-align: left; text-decoration: none;\">C&#039;est le type de laisse pr\u00e9f\u00e9r\u00e9 par les soci\u00e9t\u00e9s de police et de s\u00e9curit\u00e9, les unit\u00e9s canines et les militaires. C&#039;est aussi la laisse recommand\u00e9e par les dresseurs de chiens.<\/div>\n<div style=\"color: #000000; font-size: 13px; text-align: left; text-decoration: none;\">\n<ul>\n<li>Id\u00e9al pour les mains moites<\/li>\n<li>Id\u00e9al par temps humide<\/li>\n<li>Id\u00e9al pour jouer dans l&#039;eau<\/li>\n<li>Maintien s\u00e9curis\u00e9<\/li>\n<\/ul>\n<h4>Comment utiliser cette laisse pour chien :<\/h4>\n<p>- Au-dessus de la laisse d&#039;\u00e9paule\u00a0:<br \/>\nRamenez l&#039;extr\u00e9mit\u00e9 de la poign\u00e9e sur votre \u00e9paule oppos\u00e9e au c\u00f4t\u00e9 o\u00f9 vous voulez promener votre chien, sur votre dos et sous votre bras.<br \/>\nAttachez ce clip de ceinture \u00e0 l&#039;anneau &quot;o&quot; flottant pour cr\u00e9er une boucle sur le haut de votre corps.<br \/>\nAttachez votre chien \u00e0 l&#039;autre extr\u00e9mit\u00e9 et c&#039;est parti\u00a0!<\/p>\n<p>\u2013 Marchez avec 2 chiens : attachez simplement un chien \u00e0 chaque manchon de laisse et tenez la laisse au milieu.<\/p>\n<\/div>\n<p><a href=\"https:\/\/www.dogpride.eu\/\" target=\"_blank\" rel=\"noopener\"><img loading=\"lazy\" decoding=\"async\" class=\"alignnone wp-image-70657 size-medium\" src=\"https:\/\/dogpride.nl\/wp-content\/uploads\/Logo-Pride2-1-300x96.png\" alt=\"\" width=\"300\" height=\"96\" srcset=\"https:\/\/dogpride.nl\/wp-content\/uploads\/Logo-Pride2-1-300x96.png 300w, https:\/\/dogpride.nl\/wp-content\/uploads\/Logo-Pride2-1-250x80.png 250w, https:\/\/dogpride.nl\/wp-content\/uploads\/Logo-Pride2-1-200x64.png 200w, https:\/\/dogpride.nl\/wp-content\/uploads\/Logo-Pride2-1.png 327w\" sizes=\"auto, (max-width: 300px) 100vw, 300px\" \/><\/a><\/p>\n<p><a href=\"https:\/\/dogpride.nl\/fr\/pride-nylon-werklijn-police-black\/\"><img loading=\"lazy\" decoding=\"async\" class=\"alignnone wp-image-136550 size-medium\" src=\"https:\/\/dogpride.nl\/wp-content\/uploads\/PRIDE-Nylon-werklijn-Police-BLACK-300x200.jpg\" alt=\"PRIDE Nylon werklijn Police BLACK\" width=\"300\" height=\"200\" srcset=\"https:\/\/dogpride.nl\/wp-content\/uploads\/PRIDE-Nylon-werklijn-Police-BLACK-300x200.jpg 300w, https:\/\/dogpride.nl\/wp-content\/uploads\/PRIDE-Nylon-werklijn-Police-BLACK-768x512.jpg 768w, https:\/\/dogpride.nl\/wp-content\/uploads\/PRIDE-Nylon-werklijn-Police-BLACK-18x12.jpg 18w, https:\/\/dogpride.nl\/wp-content\/uploads\/PRIDE-Nylon-werklijn-Police-BLACK-250x167.jpg 250w, https:\/\/dogpride.nl\/wp-content\/uploads\/PRIDE-Nylon-werklijn-Police-BLACK-400x267.jpg 400w, https:\/\/dogpride.nl\/wp-content\/uploads\/PRIDE-Nylon-werklijn-Police-BLACK.jpg 900w\" sizes=\"auto, (max-width: 300px) 100vw, 300px\" \/><\/a><\/p>\n<p>&nbsp;<\/p>","protected":false},"excerpt":{"rendered":"<p>Ligne de travail en nylon PRIDE &quot;Police&quot; NOIR. Laisse d&#039;entra\u00eenement de type police fabriqu\u00e9e \u00e0 partir du meilleur nylon solide ! Il y a plusieurs anneaux sur la laisse afin que vous puissiez varier la longueur.<\/p>","protected":false},"featured_media":19976,"template":"","meta":[],"product_brand":[],"product_cat":[192],"product_tag":[7433,10992,10993,5863,10994,7865,5110,4751,8254,10995,10425,4867,4566,5226,4979,6215,5161,5505,5717,8899,4865,10975,8834,10968,5034,3157,10978,4121,4095,2969],"class_list":{"0":"post-1502","1":"product","2":"type-product","3":"status-publish","4":"has-post-thumbnail","6":"product_cat-pride-hondenlijnen","7":"product_tag-10m","8":"product_tag-1m","9":"product_tag-2m","10":"product_tag-3m","11":"product_tag-5m","12":"product_tag-anti-slip","13":"product_tag-biothane","14":"product_tag-black","15":"product_tag-duurzaam","16":"product_tag-gekleurd","17":"product_tag-handgemaakt","18":"product_tag-handvat","19":"product_tag-k9","20":"product_tag-kong-frog","21":"product_tag-leer","22":"product_tag-messing","23":"product_tag-nylon","24":"product_tag-police","25":"product_tag-politie","26":"product_tag-politielijn","27":"product_tag-pride","28":"product_tag-quick-release","29":"product_tag-soft","30":"product_tag-super-grip","31":"product_tag-tracking","32":"product_tag-training","33":"product_tag-wasbaar","34":"product_tag-waterproof","35":"product_tag-werklijn","36":"product_tag-zwart","38":"first","39":"instock","40":"taxable","41":"shipping-taxable","42":"purchasable","43":"product-type-simple"},"mb":[],"mfb_rest_fields":["title"],"_links":{"self":[{"href":"https:\/\/dogpride.nl\/fr\/wp-json\/wp\/v2\/product\/1502","targetHints":{"allow":["GET"]}}],"collection":[{"href":"https:\/\/dogpride.nl\/fr\/wp-json\/wp\/v2\/product"}],"about":[{"href":"https:\/\/dogpride.nl\/fr\/wp-json\/wp\/v2\/types\/product"}],"wp:featuredmedia":[{"embeddable":true,"href":"https:\/\/dogpride.nl\/fr\/wp-json\/wp\/v2\/media\/19976"}],"wp:attachment":[{"href":"https:\/\/dogpride.nl\/fr\/wp-json\/wp\/v2\/media?parent=1502"}],"wp:term":[{"taxonomy":"product_brand","embeddable":true,"href":"https:\/\/dogpride.nl\/fr\/wp-json\/wp\/v2\/product_brand?post=1502"},{"taxonomy":"product_cat","embeddable":true,"href":"https:\/\/dogpride.nl\/fr\/wp-json\/wp\/v2\/product_cat?post=1502"},{"taxonomy":"product_tag","embeddable":true,"href":"https:\/\/dogpride.nl\/fr\/wp-json\/wp\/v2\/product_tag?post=1502"}],"curies":[{"name":"wp","href":"https:\/\/api.w.org\/{rel}","templated":true}]}}