{"id":1498,"date":"2019-06-17T16:11:24","date_gmt":"2019-06-17T14:11:24","guid":{"rendered":"https:\/\/dogpride1.wpengine.com\/?post_type=product&#038;p=1498"},"modified":"2025-10-28T14:38:55","modified_gmt":"2025-10-28T13:38:55","slug":"pride-antisliplijn-met-metalen-kong-frog-sluiting","status":"publish","type":"product","link":"https:\/\/dogpride.nl\/fr\/pride-antisliplijn-met-metalen-kong-frog-sluiting\/","title":{"rendered":"PRIDE antisliplijn met Metalen Kong Frog-sluiting"},"content":{"rendered":"<h4 style=\"color: #1c1e21; background-color: #ffffff; font-size: 14px; text-align: left; display: block; text-decoration: none;\">PRIDE antisliplijn met Metalen Kong Frog-sluiting<\/h4>\n<p>PRIDE antisliplijn met Metalen Kong Frog-sluiting<\/p>\n<p style=\"color: #1c1e21; background-color: #ffffff; font-size: 14px; text-align: left; display: block; text-decoration: none;\"><span style=\"font-size: 10pt;\">Hauteur : 1,8 m\u00e8tre<\/span><br \/>\n<span style=\"font-size: 10pt;\">Largeur : 25 mm<\/span><br \/>\n<span style=\"font-size: 10pt;\">Couleur noir<\/span><\/p>\n<p><span style=\"font-size: 10pt; color: #1c1e21;\">Deze PRIDE antisliplijn\u00a0 met Metalen Kong Frog-sluiting \u00a0is gemaakt voor duurzaamheid. Extra handvat dichtbij de haak maakt het comfortabeler om uw hond dichtbij te houden wanneer dat nodig is.<\/span><\/p>\n<div class=\"text_exposed_show\" style=\"color: #1c1e21; background-color: #ffffff; font-size: 14px; text-align: left; display: inline; text-decoration: none;\">\n<p><span style=\"font-size: 10pt;\">Il y a plusieurs anneaux sur la laisse afin que vous puissiez varier la longueur.<\/span><\/p>\n<ul>\n<li><span style=\"font-size: 10pt;\">La laisse a une longueur confortable d&#039;environ 180 cm, de sorte que vous ne tr\u00e9bucherez pas ou ne donnerez pas de coups de pied \u00e0 votre chien lorsqu&#039;il marche devant vous.<\/span><\/li>\n<li><span style=\"font-size: 10pt;\">Sangle en nylon souple<\/span><\/li>\n<li><span style=\"font-size: 10pt;\">Poign\u00e9e suppl\u00e9mentaire pour garder le chien \u00e0 proximit\u00e9 <\/span><span style=\"font-size: 10pt;\">Fermeture en m\u00e9tal Kong Frog\u2122 pour une lib\u00e9ration rapide<\/span><\/li>\n<li><span style=\"font-size: 10pt;\">Vous pouvez varier la longueur<\/span><\/li>\n<li><span style=\"font-size: 10pt;\">Cette laisse est id\u00e9ale pour la promenade de chien\/animal de compagnie, la formation (protection\/travail de morsure) et les services K9.<\/span><\/li>\n<\/ul>\n<p><span style=\"font-size: small;\">Het ELITE kenmerk van deze riem is de sluiting van Kong Frog. De Frog-karabijn wordt in Itali\u00eb vervaardigd uit aluminiumlegering met behulp van een CNC-machine.<br \/>\nDeze karabijn is getest en berekend om bestand te zijn tegen 2600 kilo kracht. De Frog is ontworpen om snel en veilig te bevestigen, voor het grootste comfort en veiligheid.\u00a0<\/span><br \/>\n<span style=\"font-size: 10pt;\">Ces fermetures sont extr\u00eamement durables.<\/span><\/p>\n<\/div>\n<p><a href=\"https:\/\/dogpride.nl\/fr\/pride-antisliplijn-control-met-metalen-kong-frog-sluiting-black\/\"><img loading=\"lazy\" decoding=\"async\" class=\"alignnone wp-image-136555 size-medium\" title=\"PRIDE antisliplijn met Metalen Kong Frog-sluiting\" src=\"https:\/\/dogpride.nl\/wp-content\/uploads\/PRIDE-antisliplijn-CONTROL-met-Metalen-Kong-Frog-sluiting-BLACK-300x225.jpg\" alt=\"PRIDE antisliplijn met Metalen Kong Frog-sluiting\" width=\"300\" height=\"225\" srcset=\"https:\/\/dogpride.nl\/wp-content\/uploads\/PRIDE-antisliplijn-CONTROL-met-Metalen-Kong-Frog-sluiting-BLACK-300x225.jpg 300w, https:\/\/dogpride.nl\/wp-content\/uploads\/PRIDE-antisliplijn-CONTROL-met-Metalen-Kong-Frog-sluiting-BLACK-768x576.jpg 768w, https:\/\/dogpride.nl\/wp-content\/uploads\/PRIDE-antisliplijn-CONTROL-met-Metalen-Kong-Frog-sluiting-BLACK-16x12.jpg 16w, https:\/\/dogpride.nl\/wp-content\/uploads\/PRIDE-antisliplijn-CONTROL-met-Metalen-Kong-Frog-sluiting-BLACK-250x188.jpg 250w, https:\/\/dogpride.nl\/wp-content\/uploads\/PRIDE-antisliplijn-CONTROL-met-Metalen-Kong-Frog-sluiting-BLACK-400x300.jpg 400w, https:\/\/dogpride.nl\/wp-content\/uploads\/PRIDE-antisliplijn-CONTROL-met-Metalen-Kong-Frog-sluiting-BLACK.jpg 960w\" sizes=\"auto, (max-width: 300px) 100vw, 300px\" \/><\/a><\/p>\n<p>&nbsp;<\/p>\n<div class=\"text_exposed_show\" style=\"color: #1c1e21; background-color: #ffffff; font-size: 14px; text-align: left; display: inline; text-decoration: none;\">\n<p><a href=\"https:\/\/www.dogpride.eu\/\" target=\"_blank\" rel=\"noopener\"><img loading=\"lazy\" decoding=\"async\" class=\"alignnone wp-image-70657 size-medium\" src=\"https:\/\/dogpride.nl\/wp-content\/uploads\/Logo-Pride2-1-300x96.png\" alt=\"\" width=\"300\" height=\"96\" srcset=\"https:\/\/dogpride.nl\/wp-content\/uploads\/Logo-Pride2-1-300x96.png 300w, https:\/\/dogpride.nl\/wp-content\/uploads\/Logo-Pride2-1-250x80.png 250w, https:\/\/dogpride.nl\/wp-content\/uploads\/Logo-Pride2-1-200x64.png 200w, https:\/\/dogpride.nl\/wp-content\/uploads\/Logo-Pride2-1.png 327w\" sizes=\"auto, (max-width: 300px) 100vw, 300px\" \/><\/a><\/p>\n<p>&nbsp;<\/p>\n<\/div>","protected":false},"excerpt":{"rendered":"<p><span style=\"font-size: 10pt;\">Deze PRIDE antisliplijn CONTROL met Metalen Kong Frog-sluiting is gemaakt voor duurzaamheid. Extra handvat dichtbij de haak maakt het comfortabeler om uw hond dichtbij te houden wanneer dat nodig is. Er zijn verschillende ringen aan de lijn, zodat je de lengte kunt vari\u00ebren.<\/span><\/p>","protected":false},"featured_media":19974,"template":"","meta":[],"product_brand":[],"product_cat":[192],"product_tag":[7433,10992,10993,5863,10994,7865,7419,5110,5688,8254,10995,10425,4867,4566,5226,4979,6215,5717,4865,10975,8834,10968,5034,3157,10978,4121,2969],"class_list":{"0":"post-1498","1":"product","2":"type-product","3":"status-publish","4":"has-post-thumbnail","6":"product_cat-pride-hondenlijnen","7":"product_tag-10m","8":"product_tag-1m","9":"product_tag-2m","10":"product_tag-3m","11":"product_tag-5m","12":"product_tag-anti-slip","13":"product_tag-antisliplijn","14":"product_tag-biothane","15":"product_tag-control","16":"product_tag-duurzaam","17":"product_tag-gekleurd","18":"product_tag-handgemaakt","19":"product_tag-handvat","20":"product_tag-k9","21":"product_tag-kong-frog","22":"product_tag-leer","23":"product_tag-messing","24":"product_tag-politie","25":"product_tag-pride","26":"product_tag-quick-release","27":"product_tag-soft","28":"product_tag-super-grip","29":"product_tag-tracking","30":"product_tag-training","31":"product_tag-wasbaar","32":"product_tag-waterproof","33":"product_tag-zwart","35":"first","36":"instock","37":"taxable","38":"shipping-taxable","39":"purchasable","40":"product-type-simple"},"mb":[],"mfb_rest_fields":["title"],"_links":{"self":[{"href":"https:\/\/dogpride.nl\/fr\/wp-json\/wp\/v2\/product\/1498","targetHints":{"allow":["GET"]}}],"collection":[{"href":"https:\/\/dogpride.nl\/fr\/wp-json\/wp\/v2\/product"}],"about":[{"href":"https:\/\/dogpride.nl\/fr\/wp-json\/wp\/v2\/types\/product"}],"wp:featuredmedia":[{"embeddable":true,"href":"https:\/\/dogpride.nl\/fr\/wp-json\/wp\/v2\/media\/19974"}],"wp:attachment":[{"href":"https:\/\/dogpride.nl\/fr\/wp-json\/wp\/v2\/media?parent=1498"}],"wp:term":[{"taxonomy":"product_brand","embeddable":true,"href":"https:\/\/dogpride.nl\/fr\/wp-json\/wp\/v2\/product_brand?post=1498"},{"taxonomy":"product_cat","embeddable":true,"href":"https:\/\/dogpride.nl\/fr\/wp-json\/wp\/v2\/product_cat?post=1498"},{"taxonomy":"product_tag","embeddable":true,"href":"https:\/\/dogpride.nl\/fr\/wp-json\/wp\/v2\/product_tag?post=1498"}],"curies":[{"name":"wp","href":"https:\/\/api.w.org\/{rel}","templated":true}]}}