{"id":1494,"date":"2019-06-17T15:18:30","date_gmt":"2019-06-17T13:18:30","guid":{"rendered":"https:\/\/dogpride1.wpengine.com\/?post_type=product&#038;p=1494"},"modified":"2025-10-28T14:41:24","modified_gmt":"2025-10-28T13:41:24","slug":"pride-hondenlijn-met-kong-frog-connector-2-handvatten","status":"publish","type":"product","link":"https:\/\/dogpride.nl\/fr\/pride-hondenlijn-met-kong-frog-connector-2-handvatten\/","title":{"rendered":"Laisse pour chien PRIDE avec connecteur Kong-Frog 2 poign\u00e9es"},"content":{"rendered":"<h4 style=\"color: #1c1e21; background-color: #ffffff; font-size: 14px; text-align: start; display: block;\">Laisse pour chien PRIDE avec connecteur Kong-Frog 2 poign\u00e9es<\/h4>\n<p>Laisse pour chien PRIDE avec connecteur Kong-Frog 2 poign\u00e9es<\/p>\n<p style=\"color: #1c1e21; background-color: #ffffff; font-size: 14px; text-align: start; display: block;\"><span style=\"font-size: 10pt;\">Hauteur : 1,8 m\u00e8tre<\/span><br \/>\n<span style=\"font-size: 10pt;\">Largeur : 20 mm<\/span><br \/>\n<span style=\"font-size: 10pt;\">Couleur : noir-bleu<\/span><\/p>\n<div class=\"text_exposed_show\" style=\"color: #1c1e21; background-color: #ffffff; font-size: 14px; text-align: start; display: inline;\">\n<p><span style=\"font-size: 10pt;\">DezePRIDE hondenlijn met Kong-Frog-connector 2 handvatten is gemaakt voor duurzaamheid. Extra handvat dichtbij de haak maakt het comfortabeler om uw hond dichtbij te houden wanneer dat nodig is.<\/span><br \/>\n<span style=\"font-size: 10pt;\">Il y a plusieurs anneaux sur la laisse afin que vous puissiez varier la longueur.<\/span><\/p>\n<p><span style=\"font-size: 10pt;\">La laisse a une longueur confortable d&#039;env. 180 cm, pour ne pas tr\u00e9bucher ni donner de coups de pied \u00e0 votre chien lorsqu&#039;il marche devant vous.<\/span><br \/>\n<span style=\"font-size: 10pt;\">Sangle en nylon souple<\/span><br \/>\n<span style=\"font-size: 10pt;\">Poign\u00e9e suppl\u00e9mentaire pour garder le chien \u00e0 proximit\u00e9<\/span><br \/>\n<span style=\"font-size: 10pt;\">Connecteur m\u00e9tallique \u00e0 d\u00e9connexion rapide Kong Frog\u2122<\/span><br \/>\n<span style=\"font-size: 10pt;\">Vous pouvez varier la longueur<\/span><br \/>\n<span style=\"font-size: 10pt;\">Cette laisse est id\u00e9ale pour la promenade de chien\/animal de compagnie, la formation (protection\/travail de morsure) et les services K9.<\/span><\/p>\n<p><span style=\"font-size: 10pt;\">La caract\u00e9ristique d&#039;\u00e9lite de cette ceinture est la boucle Kong Frog. La carabine Frog est fabriqu\u00e9e en Italie \u00e0 partir d&#039;un alliage d&#039;aluminium \u00e0 l&#039;aide d&#039;une machine CNC. Cette carabine a \u00e9t\u00e9 test\u00e9e et \u00e9valu\u00e9e pour r\u00e9sister \u00e0 2600 kilos de force. Le Frog est con\u00e7u pour se fixer rapidement et en toute s\u00e9curit\u00e9 pour un confort et une s\u00e9curit\u00e9 optimaux.\u00a0<\/span><br \/>\n<span style=\"font-size: 10pt;\">Ces boucles sont extr\u00eamement durables.<\/span><\/p>\n<p>&nbsp;<\/p>\n<p><a href=\"https:\/\/www.dogpride.eu\/\" target=\"_blank\" rel=\"noopener\"><img loading=\"lazy\" decoding=\"async\" class=\"alignnone wp-image-70657 size-medium\" src=\"https:\/\/dogpride.nl\/wp-content\/uploads\/Logo-Pride2-1-300x96.png\" alt=\"PRIDE\" width=\"300\" height=\"96\" srcset=\"https:\/\/dogpride.nl\/wp-content\/uploads\/Logo-Pride2-1-300x96.png 300w, https:\/\/dogpride.nl\/wp-content\/uploads\/Logo-Pride2-1-250x80.png 250w, https:\/\/dogpride.nl\/wp-content\/uploads\/Logo-Pride2-1-200x64.png 200w, https:\/\/dogpride.nl\/wp-content\/uploads\/Logo-Pride2-1.png 327w\" sizes=\"auto, (max-width: 300px) 100vw, 300px\" \/><\/a><\/p>\n<p><a href=\"https:\/\/dogpride.nl\/fr\/pride-hondenlijn-met-metalen-kong-frog-connector-2-handvatten\/\"><img loading=\"lazy\" decoding=\"async\" class=\"alignnone wp-image-136560 size-full\" src=\"https:\/\/dogpride.nl\/wp-content\/uploads\/PRIDE-hondenlijn-met-Kong-Frog-connector-2-handvatten-1.jpg\" alt=\"PRIDE hondenlijn met Kong-Frog-connector 2 handvatten\" width=\"264\" height=\"195\" srcset=\"https:\/\/dogpride.nl\/wp-content\/uploads\/PRIDE-hondenlijn-met-Kong-Frog-connector-2-handvatten-1.jpg 264w, https:\/\/dogpride.nl\/wp-content\/uploads\/PRIDE-hondenlijn-met-Kong-Frog-connector-2-handvatten-1-16x12.jpg 16w, https:\/\/dogpride.nl\/wp-content\/uploads\/PRIDE-hondenlijn-met-Kong-Frog-connector-2-handvatten-1-250x185.jpg 250w\" sizes=\"auto, (max-width: 264px) 100vw, 264px\" \/><\/a><\/p>\n<p>&nbsp;<\/p>\n<\/div>","protected":false},"excerpt":{"rendered":"<p><span style=\"font-size: 10pt;\">Cette laisse pour chien est con\u00e7ue pour durer. Une poign\u00e9e suppl\u00e9mentaire pr\u00e8s du crochet permet de garder votre chien pr\u00e8s de vous en cas de besoin. Il y a plusieurs anneaux sur la laisse afin que vous puissiez varier la longueur.<\/span><\/p>","protected":false},"featured_media":23133,"template":"","meta":[],"product_brand":[],"product_cat":[192],"product_tag":[7433,10992,10993,5863,10994,7865,5110,8254,10995,10425,4867,4566,5226,4979,6215,5717,10975,8834,10968,5034,3157,10978,4121,2969],"class_list":{"0":"post-1494","1":"product","2":"type-product","3":"status-publish","4":"has-post-thumbnail","6":"product_cat-pride-hondenlijnen","7":"product_tag-10m","8":"product_tag-1m","9":"product_tag-2m","10":"product_tag-3m","11":"product_tag-5m","12":"product_tag-anti-slip","13":"product_tag-biothane","14":"product_tag-duurzaam","15":"product_tag-gekleurd","16":"product_tag-handgemaakt","17":"product_tag-handvat","18":"product_tag-k9","19":"product_tag-kong-frog","20":"product_tag-leer","21":"product_tag-messing","22":"product_tag-politie","23":"product_tag-quick-release","24":"product_tag-soft","25":"product_tag-super-grip","26":"product_tag-tracking","27":"product_tag-training","28":"product_tag-wasbaar","29":"product_tag-waterproof","30":"product_tag-zwart","32":"first","33":"instock","34":"taxable","35":"shipping-taxable","36":"purchasable","37":"product-type-simple"},"mb":[],"mfb_rest_fields":["title"],"_links":{"self":[{"href":"https:\/\/dogpride.nl\/fr\/wp-json\/wp\/v2\/product\/1494","targetHints":{"allow":["GET"]}}],"collection":[{"href":"https:\/\/dogpride.nl\/fr\/wp-json\/wp\/v2\/product"}],"about":[{"href":"https:\/\/dogpride.nl\/fr\/wp-json\/wp\/v2\/types\/product"}],"wp:featuredmedia":[{"embeddable":true,"href":"https:\/\/dogpride.nl\/fr\/wp-json\/wp\/v2\/media\/23133"}],"wp:attachment":[{"href":"https:\/\/dogpride.nl\/fr\/wp-json\/wp\/v2\/media?parent=1494"}],"wp:term":[{"taxonomy":"product_brand","embeddable":true,"href":"https:\/\/dogpride.nl\/fr\/wp-json\/wp\/v2\/product_brand?post=1494"},{"taxonomy":"product_cat","embeddable":true,"href":"https:\/\/dogpride.nl\/fr\/wp-json\/wp\/v2\/product_cat?post=1494"},{"taxonomy":"product_tag","embeddable":true,"href":"https:\/\/dogpride.nl\/fr\/wp-json\/wp\/v2\/product_tag?post=1494"}],"curies":[{"name":"wp","href":"https:\/\/api.w.org\/{rel}","templated":true}]}}