{"id":1493,"date":"2019-06-17T15:07:18","date_gmt":"2019-06-17T13:07:18","guid":{"rendered":"https:\/\/dogpride1.wpengine.com\/?post_type=product&#038;p=1493"},"modified":"2025-11-09T10:29:31","modified_gmt":"2025-11-09T09:29:31","slug":"supergrip-antislip-hondenlijn-met-kong-frog","status":"publish","type":"product","link":"https:\/\/dogpride.nl\/fr\/supergrip-antislip-hondenlijn-met-kong-frog\/","title":{"rendered":"Laisse antid\u00e9rapante pour chien PRIDE Supergrip Kong Frog"},"content":{"rendered":"<h4>Laisse antid\u00e9rapante pour chien PRIDE Supergrip Kong Frog<\/h4>\n<p>PRIDE Supergrip antislip hondenlijn met Kong Frog<\/p>\n<p style=\"color: #000000; font-size: 13px; text-align: left; text-decoration: none;\"><span style=\"color: #000000; background-color: #ffffff; font-size: 13px; text-align: left; display: inline; float: none; text-decoration: none;\">Laisse pour chien antid\u00e9rapante en nylon Supergrip 20 mm<\/span><\/p>\n<div style=\"color: #000000; font-size: 13px; text-align: left; text-decoration: none;\">Deze PRIDE Supergrip antislip hondenlijn met Kong Frog\u00a0met handvat is gemaakt van nylon met rubber antislip materiaal en heeft een lichte textuur. De lijn neemt geen water op en wordt niet zwaarder.<\/div>\n<div style=\"color: #000000; font-size: 13px; text-align: left; text-decoration: none;\">20 mm de large, antid\u00e9rapant sous la pluie ou les mains moites ou un chien fort o\u00f9 une bonne prise en main est n\u00e9cessaire. Cette ligne est lavable.<\/div>\n<ul>\n<li style=\"color: #000000; font-size: 13px; text-align: left; text-decoration: none;\">Id\u00e9al pour les mains moites<\/li>\n<li style=\"color: #000000; font-size: 13px; text-align: left; text-decoration: none;\">Id\u00e9al par temps humide<\/li>\n<li style=\"color: #000000; font-size: 13px; text-align: left; text-decoration: none;\">Id\u00e9al pour jouer dans l&#039;eau<\/li>\n<li style=\"color: #000000; font-size: 13px; text-align: left; text-decoration: none;\">Maintien s\u00e9curis\u00e9<\/li>\n<\/ul>\n<p style=\"color: #000000; font-size: 13px; text-align: left; text-decoration: none;\">Laisse antid\u00e9rapante pour chien avec poign\u00e9e et\u00a0<span style=\"color: #000000; background-color: #ffffff; font-size: 10pt; text-align: left; display: inline !important; float: none; text-decoration: none;\">Fermeture Kong Frog.<\/span><br \/>\nMod\u00e8le : L-029<br \/>\nMat\u00e9riau : nylon<br \/>\nCouleurs disponibles : noir<\/p>\n<p><span style=\"color: #000000; background-color: #ffffff; font-size: 13px; text-align: left; display: inline !important; float: none; text-decoration: none;\">Largeur : 20 mm<\/span><br style=\"color: #000000; font-size: 13px; text-align: left; text-decoration: none;\" \/><span style=\"color: #000000; background-color: #ffffff; font-size: 13px; text-align: left; display: inline !important; float: none; text-decoration: none;\">Lengte: 0,5 M, 1,2 M, 2 M, 3 M, 4 M, 5 M<\/span><\/p>\n<p style=\"color: #000000; font-size: 13px; text-align: left; text-decoration: none;\">Het kenmerk van PRIDE Supergrip antislip hondenlijn met Kong Frog is de sluiting van Kong Frog. De Frog-karabijn wordt in Itali\u00eb vervaardigd uit aluminiumlegering met behulp van een CNC-machine. Deze karabijn is getest en berekend om bestand te zijn tegen 26 kilo-newton kracht.<br \/>\nLe Frog est con\u00e7u pour se fixer rapidement et en toute s\u00e9curit\u00e9 pour un confort et une s\u00e9curit\u00e9 optimaux. Ces boucles sont extr\u00eamement r\u00e9sistantes et permettent d&#039;attacher rapidement la laisse au collier.<\/p>\n<p><a href=\"https:\/\/dogpride.nl\/fr\/supergrip-antislip-hondenlijn-met-kong-frog\/\"><img loading=\"lazy\" decoding=\"async\" class=\"alignnone wp-image-136561\" title=\"PRIDE Supergrip antislip hondenlijn met Kong Frog\" src=\"https:\/\/dogpride.nl\/wp-content\/uploads\/PRIDE-Supergrip-antislip-hondenlijn-Kong-Frog-225x300.jpg\" alt=\"PRIDE Supergrip antislip hondenlijn met Kong Frog\" width=\"146\" height=\"195\" srcset=\"https:\/\/dogpride.nl\/wp-content\/uploads\/PRIDE-Supergrip-antislip-hondenlijn-Kong-Frog-225x300.jpg 225w, https:\/\/dogpride.nl\/wp-content\/uploads\/PRIDE-Supergrip-antislip-hondenlijn-Kong-Frog-9x12.jpg 9w, https:\/\/dogpride.nl\/wp-content\/uploads\/PRIDE-Supergrip-antislip-hondenlijn-Kong-Frog-250x333.jpg 250w, https:\/\/dogpride.nl\/wp-content\/uploads\/PRIDE-Supergrip-antislip-hondenlijn-Kong-Frog-400x533.jpg 400w, https:\/\/dogpride.nl\/wp-content\/uploads\/PRIDE-Supergrip-antislip-hondenlijn-Kong-Frog.jpg 450w\" sizes=\"auto, (max-width: 146px) 100vw, 146px\" \/>\u00a0\u00a0 <\/a><a href=\"https:\/\/dogpride.nl\/fr\/supergrip-antislip-hondenlijn-met-kong-frog\/\"><img loading=\"lazy\" decoding=\"async\" class=\"alignnone\" title=\"PRIDE Supergrip antislip hondenlijn met Kong Frog\" src=\"https:\/\/image.jimcdn.com\/app\/cms\/image\/transf\/none\/path\/sd71f678b387a3bb2\/image\/i81cd61674254b749\/version\/1500544176\/image.jpg\" alt=\"PRIDE Supergrip antislip hondenlijn met Kong Frog\" width=\"258\" height=\"194\" \/><\/a><\/p>\n<p>&nbsp;<\/p>\n<p style=\"color: #000000; font-size: 13px; text-align: left; text-decoration: none;\"><a href=\"https:\/\/www.dogpride.eu\/\" target=\"_blank\" rel=\"noopener\"><img loading=\"lazy\" decoding=\"async\" class=\"alignnone wp-image-70657 size-medium\" title=\"PRIDE Supergrip antislip hondenlijn met Kong Frog\" src=\"https:\/\/dogpride.nl\/wp-content\/uploads\/Logo-Pride2-1-300x96.png\" alt=\"PRIDE Supergrip antislip hondenlijn met Kong Frog\" width=\"300\" height=\"96\" srcset=\"https:\/\/dogpride.nl\/wp-content\/uploads\/Logo-Pride2-1-300x96.png 300w, https:\/\/dogpride.nl\/wp-content\/uploads\/Logo-Pride2-1-250x80.png 250w, https:\/\/dogpride.nl\/wp-content\/uploads\/Logo-Pride2-1-200x64.png 200w, https:\/\/dogpride.nl\/wp-content\/uploads\/Logo-Pride2-1.png 327w\" sizes=\"auto, (max-width: 300px) 100vw, 300px\" \/><\/a><\/p>\n<p>&nbsp;<\/p>","protected":false},"excerpt":{"rendered":"<p>Le<strong> PRIDE Supergrip antislip hondenlijn met Kong Frog<\/strong> is gemaakt van nylon met rubber antislip materiaal en heeft een lichte textuur. De lijn neemt geen water op en wordt niet zwaarder.<\/p>","protected":false},"featured_media":23131,"template":"","meta":[],"product_brand":[],"product_cat":[192],"product_tag":[7433,10992,10993,5863,10994,7865,5225,5110,8254,10995,10425,4867,4566,5226,4979,6215,5717,4865,10975,8834,10968,5224,5034,3157,10978,4121,2969],"class_list":{"0":"post-1493","1":"product","2":"type-product","3":"status-publish","4":"has-post-thumbnail","6":"product_cat-pride-hondenlijnen","7":"product_tag-10m","8":"product_tag-1m","9":"product_tag-2m","10":"product_tag-3m","11":"product_tag-5m","12":"product_tag-anti-slip","13":"product_tag-antislip-hondenlijn","14":"product_tag-biothane","15":"product_tag-duurzaam","16":"product_tag-gekleurd","17":"product_tag-handgemaakt","18":"product_tag-handvat","19":"product_tag-k9","20":"product_tag-kong-frog","21":"product_tag-leer","22":"product_tag-messing","23":"product_tag-politie","24":"product_tag-pride","25":"product_tag-quick-release","26":"product_tag-soft","27":"product_tag-super-grip","28":"product_tag-supergrip","29":"product_tag-tracking","30":"product_tag-training","31":"product_tag-wasbaar","32":"product_tag-waterproof","33":"product_tag-zwart","35":"first","36":"instock","37":"taxable","38":"shipping-taxable","39":"purchasable","40":"product-type-variable"},"mb":[],"mfb_rest_fields":["title"],"_links":{"self":[{"href":"https:\/\/dogpride.nl\/fr\/wp-json\/wp\/v2\/product\/1493","targetHints":{"allow":["GET"]}}],"collection":[{"href":"https:\/\/dogpride.nl\/fr\/wp-json\/wp\/v2\/product"}],"about":[{"href":"https:\/\/dogpride.nl\/fr\/wp-json\/wp\/v2\/types\/product"}],"wp:featuredmedia":[{"embeddable":true,"href":"https:\/\/dogpride.nl\/fr\/wp-json\/wp\/v2\/media\/23131"}],"wp:attachment":[{"href":"https:\/\/dogpride.nl\/fr\/wp-json\/wp\/v2\/media?parent=1493"}],"wp:term":[{"taxonomy":"product_brand","embeddable":true,"href":"https:\/\/dogpride.nl\/fr\/wp-json\/wp\/v2\/product_brand?post=1493"},{"taxonomy":"product_cat","embeddable":true,"href":"https:\/\/dogpride.nl\/fr\/wp-json\/wp\/v2\/product_cat?post=1493"},{"taxonomy":"product_tag","embeddable":true,"href":"https:\/\/dogpride.nl\/fr\/wp-json\/wp\/v2\/product_tag?post=1493"}],"curies":[{"name":"wp","href":"https:\/\/api.w.org\/{rel}","templated":true}]}}