{"id":1486,"date":"2019-06-17T13:23:34","date_gmt":"2019-06-17T11:23:34","guid":{"rendered":"https:\/\/dogpride1.wpengine.com\/?post_type=product&#038;p=1486"},"modified":"2025-10-28T15:01:19","modified_gmt":"2025-10-28T14:01:19","slug":"pride-supergrip-nylon-antislip-hondenlijn-20-mm","status":"publish","type":"product","link":"https:\/\/dogpride.nl\/fr\/pride-supergrip-nylon-antislip-hondenlijn-20-mm\/","title":{"rendered":"Laisse antid\u00e9rapante pour chien en nylon PRIDE Supergrip"},"content":{"rendered":"<h4>PRIDE Supergrip nylon laisse antid\u00e9rapante pour chien 20 mm<\/h4>\n<p>PRIDE Supergrip nylon laisse antid\u00e9rapante pour chien 20 mm<\/p>\n<div style=\"color: #000000; font-size: 13px; text-align: left; text-decoration: none;\">DezePRIDE Supergrip nylon antislip hondenlijn 20 mm met handvat is gemaakt van nylon met rubber antislip materiaal en heeft een lichte textuur. De lijn neemt geen water op en wordt niet zwaarder.<\/div>\n<div style=\"color: #000000; font-size: 13px; text-align: left; text-decoration: none;\"><\/div>\n<div style=\"color: #000000; font-size: 13px; text-align: left; text-decoration: none;\">20 mm de large, antid\u00e9rapant sous la pluie ou les mains moites ou un chien fort o\u00f9 une bonne prise en main est n\u00e9cessaire. Cette ligne est lavable.<\/div>\n<p style=\"color: #000000; font-size: 13px; text-align: left; text-decoration: none;\">Id\u00e9al pour les mains moites<br \/>\nId\u00e9al par temps humide<br \/>\nId\u00e9al pour jouer dans l&#039;eau<br \/>\nMaintien s\u00e9curis\u00e9<\/p>\n<p style=\"color: #000000; font-size: 13px; text-align: left; text-decoration: none;\">Laisse antid\u00e9rapante pour chien avec poign\u00e9e<br \/>\nMod\u00e8le : L-029<br \/>\nMat\u00e9riau : nylon<br \/>\nCouleurs disponibles : noir\/bleu<\/p>\n<p style=\"color: #000000; font-size: 13px; text-align: left; text-decoration: none;\">Mousqueton en laiton<\/p>\n<p>Largeur : 20 mm<br \/>\nLongueur\u00a0: 1,5\u00a0M, 2\u00a0M, 3\u00a0M, 5\u00a0M<\/p>\n<p><a href=\"https:\/\/dogpride.nl\/fr\/pride-supergrip-nylon-antislip-hondenlijn-20-mm\/\"><img loading=\"lazy\" decoding=\"async\" class=\"alignnone wp-image-136574 size-medium\" src=\"https:\/\/dogpride.nl\/wp-content\/uploads\/PRIDE-Supergrip-nylon-antislip-hondenlijn-20-mm-1-300x225.jpg\" alt=\"PRIDE Supergrip nylon antislip hondenlijn 20 mm\" width=\"300\" height=\"225\" srcset=\"https:\/\/dogpride.nl\/wp-content\/uploads\/PRIDE-Supergrip-nylon-antislip-hondenlijn-20-mm-1-300x225.jpg 300w, https:\/\/dogpride.nl\/wp-content\/uploads\/PRIDE-Supergrip-nylon-antislip-hondenlijn-20-mm-1-1024x768.jpg 1024w, https:\/\/dogpride.nl\/wp-content\/uploads\/PRIDE-Supergrip-nylon-antislip-hondenlijn-20-mm-1-768x576.jpg 768w, https:\/\/dogpride.nl\/wp-content\/uploads\/PRIDE-Supergrip-nylon-antislip-hondenlijn-20-mm-1-1536x1152.jpg 1536w, https:\/\/dogpride.nl\/wp-content\/uploads\/PRIDE-Supergrip-nylon-antislip-hondenlijn-20-mm-1-16x12.jpg 16w, https:\/\/dogpride.nl\/wp-content\/uploads\/PRIDE-Supergrip-nylon-antislip-hondenlijn-20-mm-1-250x187.jpg 250w, https:\/\/dogpride.nl\/wp-content\/uploads\/PRIDE-Supergrip-nylon-antislip-hondenlijn-20-mm-1-400x300.jpg 400w, https:\/\/dogpride.nl\/wp-content\/uploads\/PRIDE-Supergrip-nylon-antislip-hondenlijn-20-mm-1.jpg 1707w\" sizes=\"auto, (max-width: 300px) 100vw, 300px\" \/><\/a><\/p>\n<p>&nbsp;<\/p>\n<p>&nbsp;<\/p>\n<p><a href=\"https:\/\/www.dogpride.eu\/\" target=\"_blank\" rel=\"noopener\"><img loading=\"lazy\" decoding=\"async\" class=\"alignnone wp-image-70657 size-medium\" src=\"https:\/\/dogpride.nl\/wp-content\/uploads\/Logo-Pride2-1-300x96.png\" alt=\"PRIDE\" width=\"300\" height=\"96\" srcset=\"https:\/\/dogpride.nl\/wp-content\/uploads\/Logo-Pride2-1-300x96.png 300w, https:\/\/dogpride.nl\/wp-content\/uploads\/Logo-Pride2-1-250x80.png 250w, https:\/\/dogpride.nl\/wp-content\/uploads\/Logo-Pride2-1-200x64.png 200w, https:\/\/dogpride.nl\/wp-content\/uploads\/Logo-Pride2-1.png 327w\" sizes=\"auto, (max-width: 300px) 100vw, 300px\" \/><\/a><\/p>\n<div id=\"woocommerce-embedded-root\" class=\"\">\n<div class=\"woocommerce-layout\">\n<div class=\"woocommerce-layout__header is-scrolled\">\n<div class=\"woocommerce-layout__header-wrapper\">\n<div><\/div>\n<\/div>\n<\/div>\n<\/div>\n<\/div>\n<div id=\"wpbody\" role=\"main\">\n<div id=\"wpbody-content\">\n<div class=\"wrap\">\n<form id=\"post\" action=\"https:\/\/dogpride.nl\/wp-admin\/post.php\" method=\"post\" name=\"post\">\n<div id=\"poststuff\">\n<div id=\"post-body\" class=\"metabox-holder columns-2\">\n<div id=\"post-body-content\">\n<div id=\"postdivrich\" class=\"postarea wp-editor-expand postbox woocommerce-product-description\">\n<div id=\"wp-content-wrap\" class=\"wp-core-ui wp-editor-wrap tmce-active has-dfw\">\n<div id=\"wp-content-editor-container\" class=\"wp-editor-container\">\n<div id=\"mceu_24\" class=\"mce-tinymce mce-container mce-panel\" tabindex=\"-1\" role=\"application\">\n<div id=\"mceu_24-body\" class=\"mce-container-body mce-stack-layout\">\n<div id=\"mceu_25\" class=\"mce-top-part mce-container mce-stack-layout-item mce-first\">\n<div id=\"mceu_25-body\" class=\"mce-container-body\">\n<div id=\"mceu_26\" class=\"mce-toolbar-grp mce-container mce-panel mce-first mce-last\" tabindex=\"-1\" role=\"group\">\n<div id=\"mceu_26-body\" class=\"mce-container-body mce-stack-layout\">\n<div id=\"mceu_29\" class=\"mce-container mce-toolbar mce-stack-layout-item mce-last\" role=\"toolbar\">\n<div id=\"mceu_29-body\" class=\"mce-container-body mce-flow-layout\">\n<div id=\"mceu_30\" class=\"mce-container mce-flow-layout-item mce-first mce-last mce-btn-group\" role=\"group\">\n<div id=\"mceu_30-body\">\n<div id=\"mceu_23\" class=\"mce-widget mce-btn mce-last\" tabindex=\"-1\" role=\"button\" aria-label=\"Toetscombinaties (Shift+Alt+H)\">\n<p>&nbsp;<\/p>\n<\/div>\n<\/div>\n<\/div>\n<\/div>\n<\/div>\n<\/div>\n<\/div>\n<\/div>\n<\/div>\n<\/div>\n<\/div>\n<\/div>\n<\/div>\n<\/div>\n<\/div>\n<\/div>\n<\/div>\n<\/form>\n<\/div>\n<\/div>\n<\/div>","protected":false},"excerpt":{"rendered":"<p>Cette laisse antid\u00e9rapante en nylon avec poign\u00e9e est fabriqu\u00e9e en nylon avec un mat\u00e9riau antid\u00e9rapant en caoutchouc et a une texture l\u00e9g\u00e8re. La ligne n&#039;absorbe pas l&#039;eau et ne s&#039;alourdit pas.<\/p>","protected":false},"featured_media":23097,"template":"","meta":[],"product_brand":[],"product_cat":[192],"product_tag":[7433,10992,10993,5863,10994,7865,5110,8254,10995,10425,4867,4566,5226,4979,6215,5717,10975,8834,10968,5034,3157,10978,4121,2969],"class_list":{"0":"post-1486","1":"product","2":"type-product","3":"status-publish","4":"has-post-thumbnail","6":"product_cat-pride-hondenlijnen","7":"product_tag-10m","8":"product_tag-1m","9":"product_tag-2m","10":"product_tag-3m","11":"product_tag-5m","12":"product_tag-anti-slip","13":"product_tag-biothane","14":"product_tag-duurzaam","15":"product_tag-gekleurd","16":"product_tag-handgemaakt","17":"product_tag-handvat","18":"product_tag-k9","19":"product_tag-kong-frog","20":"product_tag-leer","21":"product_tag-messing","22":"product_tag-politie","23":"product_tag-quick-release","24":"product_tag-soft","25":"product_tag-super-grip","26":"product_tag-tracking","27":"product_tag-training","28":"product_tag-wasbaar","29":"product_tag-waterproof","30":"product_tag-zwart","32":"first","33":"instock","34":"taxable","35":"shipping-taxable","36":"purchasable","37":"product-type-variable"},"mb":[],"mfb_rest_fields":["title"],"_links":{"self":[{"href":"https:\/\/dogpride.nl\/fr\/wp-json\/wp\/v2\/product\/1486","targetHints":{"allow":["GET"]}}],"collection":[{"href":"https:\/\/dogpride.nl\/fr\/wp-json\/wp\/v2\/product"}],"about":[{"href":"https:\/\/dogpride.nl\/fr\/wp-json\/wp\/v2\/types\/product"}],"wp:featuredmedia":[{"embeddable":true,"href":"https:\/\/dogpride.nl\/fr\/wp-json\/wp\/v2\/media\/23097"}],"wp:attachment":[{"href":"https:\/\/dogpride.nl\/fr\/wp-json\/wp\/v2\/media?parent=1486"}],"wp:term":[{"taxonomy":"product_brand","embeddable":true,"href":"https:\/\/dogpride.nl\/fr\/wp-json\/wp\/v2\/product_brand?post=1486"},{"taxonomy":"product_cat","embeddable":true,"href":"https:\/\/dogpride.nl\/fr\/wp-json\/wp\/v2\/product_cat?post=1486"},{"taxonomy":"product_tag","embeddable":true,"href":"https:\/\/dogpride.nl\/fr\/wp-json\/wp\/v2\/product_tag?post=1486"}],"curies":[{"name":"wp","href":"https:\/\/api.w.org\/{rel}","templated":true}]}}