{"id":1483,"date":"2019-06-17T12:43:30","date_gmt":"2019-06-17T10:43:30","guid":{"rendered":"https:\/\/dogpride1.wpengine.com\/?post_type=product&#038;p=1483"},"modified":"2025-10-28T15:06:12","modified_gmt":"2025-10-28T14:06:12","slug":"pride-reflecterende-antisliplijn-met-handvat-zwart","status":"publish","type":"product","link":"https:\/\/dogpride.nl\/fr\/pride-reflecterende-antisliplijn-met-handvat-zwart\/","title":{"rendered":"PRIDE Laisse antid\u00e9rapante r\u00e9fl\u00e9chissante avec poign\u00e9e Noir"},"content":{"rendered":"<h4 style=\"color: #000000; font-size: 30px; text-align: left; text-decoration: none;\">PRIDE Laisse antid\u00e9rapante r\u00e9fl\u00e9chissante avec poign\u00e9e Noir<\/h4>\n<div style=\"color: #000000; font-size: 13px; text-align: left; text-decoration: none;\">Cette laisse antid\u00e9rapante en nylon sans poign\u00e9e est fabriqu\u00e9e en nylon avec un mat\u00e9riau antid\u00e9rapant en caoutchouc et a une texture l\u00e9g\u00e8re. La ligne n&#039;absorbe pas l&#039;eau et ne s&#039;alourdit pas.<\/div>\n<div style=\"color: #000000; font-size: 13px; text-align: left; text-decoration: none;\"><\/div>\n<div style=\"color: #000000; font-size: 13px; text-align: left; text-decoration: none;\">20 mm de large, antid\u00e9rapant sous la pluie ou les mains moites ou un chien fort o\u00f9 une bonne prise en main est n\u00e9cessaire. Cette ligne est lavable.<\/div>\n<p style=\"color: #000000; font-size: 13px; text-align: left; text-decoration: none;\">Id\u00e9al pour les mains moites<br \/>\nId\u00e9al par temps humide<br \/>\nId\u00e9al pour jouer dans l&#039;eau<br \/>\nMaintien s\u00e9curis\u00e9<\/p>\n<p style=\"color: #000000; font-size: 13px; text-align: left; text-decoration: none;\">Dans la couleur noire<\/p>\n<p style=\"color: #000000; font-size: 13px; text-align: left; text-decoration: none;\">Longueurs 1M, 1.5M, 2M, 3M<\/p>\n<p><a href=\"https:\/\/dogpride.nl\/fr\/pride-reflecterende-antisliplijn-met-handvat-zwart\/\"><img loading=\"lazy\" decoding=\"async\" class=\"alignnone wp-image-136580 size-medium\" src=\"https:\/\/dogpride.nl\/wp-content\/uploads\/PRIDE-Reflecterende-antisliplijn-met-handvat-Zwart-300x200.jpg\" alt=\"PRIDE Reflecterende antisliplijn met handvat Zwart\" width=\"300\" height=\"200\" srcset=\"https:\/\/dogpride.nl\/wp-content\/uploads\/PRIDE-Reflecterende-antisliplijn-met-handvat-Zwart-300x200.jpg 300w, https:\/\/dogpride.nl\/wp-content\/uploads\/PRIDE-Reflecterende-antisliplijn-met-handvat-Zwart-1024x684.jpg 1024w, https:\/\/dogpride.nl\/wp-content\/uploads\/PRIDE-Reflecterende-antisliplijn-met-handvat-Zwart-768x513.jpg 768w, https:\/\/dogpride.nl\/wp-content\/uploads\/PRIDE-Reflecterende-antisliplijn-met-handvat-Zwart-1536x1025.jpg 1536w, https:\/\/dogpride.nl\/wp-content\/uploads\/PRIDE-Reflecterende-antisliplijn-met-handvat-Zwart-18x12.jpg 18w, https:\/\/dogpride.nl\/wp-content\/uploads\/PRIDE-Reflecterende-antisliplijn-met-handvat-Zwart-250x167.jpg 250w, https:\/\/dogpride.nl\/wp-content\/uploads\/PRIDE-Reflecterende-antisliplijn-met-handvat-Zwart-400x267.jpg 400w, https:\/\/dogpride.nl\/wp-content\/uploads\/PRIDE-Reflecterende-antisliplijn-met-handvat-Zwart.jpg 1820w\" sizes=\"auto, (max-width: 300px) 100vw, 300px\" \/><\/a><\/p>\n<p>&nbsp;<\/p>\n<p>&nbsp;<\/p>\n<p><a href=\"https:\/\/www.dogpride.eu\/\" target=\"_blank\" rel=\"noopener\"><img loading=\"lazy\" decoding=\"async\" class=\"alignnone wp-image-70657 size-medium\" src=\"https:\/\/dogpride.nl\/wp-content\/uploads\/Logo-Pride2-1-300x96.png\" alt=\"\" width=\"300\" height=\"96\" srcset=\"https:\/\/dogpride.nl\/wp-content\/uploads\/Logo-Pride2-1-300x96.png 300w, https:\/\/dogpride.nl\/wp-content\/uploads\/Logo-Pride2-1-250x80.png 250w, https:\/\/dogpride.nl\/wp-content\/uploads\/Logo-Pride2-1-200x64.png 200w, https:\/\/dogpride.nl\/wp-content\/uploads\/Logo-Pride2-1.png 327w\" sizes=\"auto, (max-width: 300px) 100vw, 300px\" \/><\/a><\/p>\n<p>&nbsp;<\/p>","protected":false},"excerpt":{"rendered":"<p>PRIDE Laisse antid\u00e9rapante r\u00e9fl\u00e9chissante avec poign\u00e9e Noir. Cette laisse antid\u00e9rapante en nylon sans poign\u00e9e est fabriqu\u00e9e en nylon avec un mat\u00e9riau antid\u00e9rapant en caoutchouc.<\/p>","protected":false},"featured_media":23088,"template":"","meta":[],"product_brand":[],"product_cat":[192],"product_tag":[7433,10992,10993,5863,10994,7865,5110,8254,10995,10425,4867,4566,5226,4979,6215,5717,10975,8834,10968,5034,3157,10978,4121,2969],"class_list":{"0":"post-1483","1":"product","2":"type-product","3":"status-publish","4":"has-post-thumbnail","6":"product_cat-pride-hondenlijnen","7":"product_tag-10m","8":"product_tag-1m","9":"product_tag-2m","10":"product_tag-3m","11":"product_tag-5m","12":"product_tag-anti-slip","13":"product_tag-biothane","14":"product_tag-duurzaam","15":"product_tag-gekleurd","16":"product_tag-handgemaakt","17":"product_tag-handvat","18":"product_tag-k9","19":"product_tag-kong-frog","20":"product_tag-leer","21":"product_tag-messing","22":"product_tag-politie","23":"product_tag-quick-release","24":"product_tag-soft","25":"product_tag-super-grip","26":"product_tag-tracking","27":"product_tag-training","28":"product_tag-wasbaar","29":"product_tag-waterproof","30":"product_tag-zwart","32":"first","33":"instock","34":"taxable","35":"shipping-taxable","36":"purchasable","37":"product-type-variable"},"mb":[],"mfb_rest_fields":["title"],"_links":{"self":[{"href":"https:\/\/dogpride.nl\/fr\/wp-json\/wp\/v2\/product\/1483","targetHints":{"allow":["GET"]}}],"collection":[{"href":"https:\/\/dogpride.nl\/fr\/wp-json\/wp\/v2\/product"}],"about":[{"href":"https:\/\/dogpride.nl\/fr\/wp-json\/wp\/v2\/types\/product"}],"wp:featuredmedia":[{"embeddable":true,"href":"https:\/\/dogpride.nl\/fr\/wp-json\/wp\/v2\/media\/23088"}],"wp:attachment":[{"href":"https:\/\/dogpride.nl\/fr\/wp-json\/wp\/v2\/media?parent=1483"}],"wp:term":[{"taxonomy":"product_brand","embeddable":true,"href":"https:\/\/dogpride.nl\/fr\/wp-json\/wp\/v2\/product_brand?post=1483"},{"taxonomy":"product_cat","embeddable":true,"href":"https:\/\/dogpride.nl\/fr\/wp-json\/wp\/v2\/product_cat?post=1483"},{"taxonomy":"product_tag","embeddable":true,"href":"https:\/\/dogpride.nl\/fr\/wp-json\/wp\/v2\/product_tag?post=1483"}],"curies":[{"name":"wp","href":"https:\/\/api.w.org\/{rel}","templated":true}]}}