{"id":1476,"date":"2019-06-17T11:52:39","date_gmt":"2019-06-17T09:52:39","guid":{"rendered":"https:\/\/dogpride1.wpengine.com\/?post_type=product&#038;p=1476"},"modified":"2025-10-28T15:15:21","modified_gmt":"2025-10-28T14:15:21","slug":"pride-1m-nylon-antislip-hondenriem-20-mm","status":"publish","type":"product","link":"https:\/\/dogpride.nl\/fr\/pride-1m-nylon-antislip-hondenriem-20-mm\/","title":{"rendered":"PRIDE 1M Laisse antid\u00e9rapante pour chien en nylon 20 mm"},"content":{"rendered":"<h1 style=\"color: #000000; font-size: 30px; text-align: left; text-decoration: none;\"><span style=\"font-size: small;\">PRIDE 1M Laisse antid\u00e9rapante pour chien en nylon 20 mm<\/span><\/h1>\n<p>PRIDE 1M Laisse antid\u00e9rapante pour chien en nylon 20 mm<\/p>\n<p>Deze PRIDE 1 M Nylon antislip-hondenriem 20 mm is gemaakt van anti slip materiaal met rubber en heeft een lichte textuur. De lijn neemt geen water op en wordt niet zwaarder.<br \/>\nMat\u00e9riau en caoutchouc\/sangle de 20 mm de large, antid\u00e9rapant sous la pluie ou avec une main moite ou un chien fort o\u00f9 une bonne adh\u00e9rence est souhait\u00e9e, lavable. Disponible en plusieurs couleurs !<\/p>\n<ul>\n<li>Id\u00e9al pour les mains moites<\/li>\n<li>Id\u00e9al par temps humide<\/li>\n<li>Id\u00e9al pour jouer dans l&#039;eau<\/li>\n<li>Maintien ferme<\/li>\n<li>Convient aux sports canins, \u00e0 la marche et \u00e0 l&#039;entra\u00eenement<\/li>\n<li>Taille : 100cm \/ 1m<\/li>\n<li>largeur 20 millim\u00e8tres<\/li>\n<li>mati\u00e8re vraiment stable et agr\u00e9able<\/li>\n<li>toute fabrication individuelle possible (nous consulter)<\/li>\n<li>FABRIQU\u00c9 EN IRLANDE<\/li>\n<\/ul>\n<p style=\"color: #000000; font-size: 13px; text-align: left; text-decoration: none;\">Laisse antid\u00e9rapante pour chien avec poign\u00e9e<br \/>\nMod\u00e8le : L-029<br \/>\nMat\u00e9riau : nylon<br \/>\nCouleurs disponibles : jaune \/ vert \/ bleu \/ rose \/ violet \/ noir<\/p>\n<p>Largeur : 20 mm<br \/>\nLongueur : 100 cm<\/p>\n<p><a href=\"https:\/\/dogpride.nl\/fr\/1m-nylon-antislip-hondenriem-20-mm\/\"><img loading=\"lazy\" decoding=\"async\" class=\"alignnone wp-image-136592 size-medium\" src=\"https:\/\/dogpride.nl\/wp-content\/uploads\/PRIDE-1M-Nylon-antislip-hondenriem-20-mm-300x200.jpg\" alt=\"PRIDE 1M Nylon antislip-hondenriem 20 mm\" width=\"300\" height=\"200\" srcset=\"https:\/\/dogpride.nl\/wp-content\/uploads\/PRIDE-1M-Nylon-antislip-hondenriem-20-mm-300x200.jpg 300w, https:\/\/dogpride.nl\/wp-content\/uploads\/PRIDE-1M-Nylon-antislip-hondenriem-20-mm-768x512.jpg 768w, https:\/\/dogpride.nl\/wp-content\/uploads\/PRIDE-1M-Nylon-antislip-hondenriem-20-mm-18x12.jpg 18w, https:\/\/dogpride.nl\/wp-content\/uploads\/PRIDE-1M-Nylon-antislip-hondenriem-20-mm-250x167.jpg 250w, https:\/\/dogpride.nl\/wp-content\/uploads\/PRIDE-1M-Nylon-antislip-hondenriem-20-mm-400x267.jpg 400w, https:\/\/dogpride.nl\/wp-content\/uploads\/PRIDE-1M-Nylon-antislip-hondenriem-20-mm.jpg 900w\" sizes=\"auto, (max-width: 300px) 100vw, 300px\" \/><\/a><\/p>\n<p><a href=\"https:\/\/www.dogpride.eu\/\" target=\"_blank\" rel=\"noopener\"><img loading=\"lazy\" decoding=\"async\" class=\"alignnone wp-image-70657 size-medium\" src=\"https:\/\/dogpride.nl\/wp-content\/uploads\/Logo-Pride2-1-300x96.png\" alt=\"\" width=\"300\" height=\"96\" srcset=\"https:\/\/dogpride.nl\/wp-content\/uploads\/Logo-Pride2-1-300x96.png 300w, https:\/\/dogpride.nl\/wp-content\/uploads\/Logo-Pride2-1-250x80.png 250w, https:\/\/dogpride.nl\/wp-content\/uploads\/Logo-Pride2-1-200x64.png 200w, https:\/\/dogpride.nl\/wp-content\/uploads\/Logo-Pride2-1.png 327w\" sizes=\"auto, (max-width: 300px) 100vw, 300px\" \/><\/a><\/p>","protected":false},"excerpt":{"rendered":"<p>PRIDE 1 M Laisse pour chien antid\u00e9rapante en nylon 20 mm. Laisse antid\u00e9rapante pour chien avec poign\u00e9e. Couleurs disponibles : jaune \/ vert \/ bleu \/ rose \/ violet \/ noir.<\/p>","protected":false},"featured_media":23074,"template":"","meta":[],"product_brand":[],"product_cat":[192],"product_tag":[7433,10992,10993,5863,10994,7865,4096,5110,8254,10995,10425,4867,4566,5226,4979,6215,5717,10975,8834,10968,5034,3157,10978,4121,4095,2969],"class_list":{"0":"post-1476","1":"product","2":"type-product","3":"status-publish","4":"has-post-thumbnail","6":"product_cat-pride-hondenlijnen","7":"product_tag-10m","8":"product_tag-1m","9":"product_tag-2m","10":"product_tag-3m","11":"product_tag-5m","12":"product_tag-anti-slip","13":"product_tag-antislip-werklijn-met-handvat","14":"product_tag-biothane","15":"product_tag-duurzaam","16":"product_tag-gekleurd","17":"product_tag-handgemaakt","18":"product_tag-handvat","19":"product_tag-k9","20":"product_tag-kong-frog","21":"product_tag-leer","22":"product_tag-messing","23":"product_tag-politie","24":"product_tag-quick-release","25":"product_tag-soft","26":"product_tag-super-grip","27":"product_tag-tracking","28":"product_tag-training","29":"product_tag-wasbaar","30":"product_tag-waterproof","31":"product_tag-werklijn","32":"product_tag-zwart","34":"first","35":"instock","36":"taxable","37":"shipping-taxable","38":"purchasable","39":"product-type-variable"},"mb":[],"mfb_rest_fields":["title"],"_links":{"self":[{"href":"https:\/\/dogpride.nl\/fr\/wp-json\/wp\/v2\/product\/1476","targetHints":{"allow":["GET"]}}],"collection":[{"href":"https:\/\/dogpride.nl\/fr\/wp-json\/wp\/v2\/product"}],"about":[{"href":"https:\/\/dogpride.nl\/fr\/wp-json\/wp\/v2\/types\/product"}],"wp:featuredmedia":[{"embeddable":true,"href":"https:\/\/dogpride.nl\/fr\/wp-json\/wp\/v2\/media\/23074"}],"wp:attachment":[{"href":"https:\/\/dogpride.nl\/fr\/wp-json\/wp\/v2\/media?parent=1476"}],"wp:term":[{"taxonomy":"product_brand","embeddable":true,"href":"https:\/\/dogpride.nl\/fr\/wp-json\/wp\/v2\/product_brand?post=1476"},{"taxonomy":"product_cat","embeddable":true,"href":"https:\/\/dogpride.nl\/fr\/wp-json\/wp\/v2\/product_cat?post=1476"},{"taxonomy":"product_tag","embeddable":true,"href":"https:\/\/dogpride.nl\/fr\/wp-json\/wp\/v2\/product_tag?post=1476"}],"curies":[{"name":"wp","href":"https:\/\/api.w.org\/{rel}","templated":true}]}}