{"id":1475,"date":"2019-06-17T11:34:25","date_gmt":"2019-06-17T09:34:25","guid":{"rendered":"https:\/\/dogpride1.wpengine.com\/?post_type=product&#038;p=1475"},"modified":"2025-10-28T15:17:09","modified_gmt":"2025-10-28T14:17:09","slug":"pride-2-m-nylon-antislip-hondenriem-15-mm","status":"publish","type":"product","link":"https:\/\/dogpride.nl\/fr\/pride-2-m-nylon-antislip-hondenriem-15-mm\/","title":{"rendered":"PRIDE 2 M Laisse antid\u00e9rapante pour chien en nylon 15 mm"},"content":{"rendered":"<h4 style=\"color: #000000; font-size: 30px; text-align: left; text-decoration: none;\">PRIDE 2 M Laisse antid\u00e9rapante pour chien en nylon 15 mm<\/h4>\n<p>PRIDE 2 M Laisse antid\u00e9rapante pour chien en nylon 15 mm<\/p>\n<p style=\"color: #000000; font-size: 13px; text-align: left; text-decoration: none;\">Laisse antid\u00e9rapante pour chien avec poign\u00e9e<br \/>\nMod\u00e8le : L-048<br \/>\nMat\u00e9riau : nylon<br \/>\nCouleurs disponibles : jaune \/ vert \/ bleu \/ rose \/ violet \/ noir<\/p>\n<p>Largeur : 15 mm<br \/>\nLongueur : 200 cm<\/p>\n<p><img loading=\"lazy\" decoding=\"async\" class=\"alignnone size-full wp-image-136594\" src=\"https:\/\/dogpride.nl\/wp-content\/uploads\/PRIDE-2-M-Nylon-antislip-hondenriem-15-mm.jpg\" alt=\"PRIDE 2 M Nylon antislip hondenriem 15 mm\" width=\"1280\" height=\"960\" srcset=\"https:\/\/dogpride.nl\/wp-content\/uploads\/PRIDE-2-M-Nylon-antislip-hondenriem-15-mm.jpg 1280w, https:\/\/dogpride.nl\/wp-content\/uploads\/PRIDE-2-M-Nylon-antislip-hondenriem-15-mm-300x225.jpg 300w, https:\/\/dogpride.nl\/wp-content\/uploads\/PRIDE-2-M-Nylon-antislip-hondenriem-15-mm-1024x768.jpg 1024w, https:\/\/dogpride.nl\/wp-content\/uploads\/PRIDE-2-M-Nylon-antislip-hondenriem-15-mm-768x576.jpg 768w, https:\/\/dogpride.nl\/wp-content\/uploads\/PRIDE-2-M-Nylon-antislip-hondenriem-15-mm-16x12.jpg 16w, https:\/\/dogpride.nl\/wp-content\/uploads\/PRIDE-2-M-Nylon-antislip-hondenriem-15-mm-250x188.jpg 250w, https:\/\/dogpride.nl\/wp-content\/uploads\/PRIDE-2-M-Nylon-antislip-hondenriem-15-mm-400x300.jpg 400w\" sizes=\"auto, (max-width: 1280px) 100vw, 1280px\" \/><\/p>\n<p><a href=\"https:\/\/dogpride.nl\/fr\/pride-2-m-nylon-antislip-hondenriem-15-mm\/\">https:\/\/dogpride.nl\/pride-2-m-nylon-antislip-hondenriem-15-mm<\/a><\/p>\n<p>&nbsp;<\/p>\n<p><img loading=\"lazy\" decoding=\"async\" class=\"alignnone size-medium wp-image-70657\" src=\"https:\/\/www.dogpride.nl\/wp-content\/uploads\/Logo-Pride2-1-300x96.png\" alt=\"\" width=\"300\" height=\"96\" srcset=\"https:\/\/dogpride.nl\/wp-content\/uploads\/Logo-Pride2-1-300x96.png 300w, https:\/\/dogpride.nl\/wp-content\/uploads\/Logo-Pride2-1-250x80.png 250w, https:\/\/dogpride.nl\/wp-content\/uploads\/Logo-Pride2-1-200x64.png 200w, https:\/\/dogpride.nl\/wp-content\/uploads\/Logo-Pride2-1.png 327w\" sizes=\"auto, (max-width: 300px) 100vw, 300px\" \/><\/p>\n<p><a href=\"https:\/\/devrolijkekwispel.nl\/\" target=\"_blank\" rel=\"noopener\">Dogpride NL parraine Kelly Albers<\/a><\/p>\n<p><em>Je (Kelly Albers) suis active dans le secteur animal depuis 2015. Apr\u00e8s avoir suivi plusieurs formations, avoir acquis de nombreuses ann\u00e9es d&#039;exp\u00e9rience dans les sports canins et avoir travaill\u00e9 pour plusieurs entreprises animali\u00e8res pendant plusieurs ann\u00e9es.<\/em><br \/>\n<em>En mai 2018, j&#039;ai atteint un sommet dans ma carri\u00e8re de sport canin. Je suis devenu champion du monde WDSF dans la classe ipo2 et j&#039;ai ensuite particip\u00e9 au championnat n\u00e9erlandais toutes races.<\/em><\/p>","protected":false},"excerpt":{"rendered":"<p>PRIDE 2 M Laisse antid\u00e9rapante pour chien en nylon 15 mm. Laisse antid\u00e9rapante pour chien avec poign\u00e9e. Couleurs disponibles : jaune \/ vert \/ bleu \/ rose \/ violet \/ noir.<\/p>","protected":false},"featured_media":23072,"template":"","meta":[],"product_brand":[],"product_cat":[192],"product_tag":[],"class_list":{"0":"post-1475","1":"product","2":"type-product","3":"status-publish","4":"has-post-thumbnail","6":"product_cat-pride-hondenlijnen","8":"first","9":"instock","10":"taxable","11":"shipping-taxable","12":"purchasable","13":"product-type-variable"},"mb":[],"mfb_rest_fields":["title"],"_links":{"self":[{"href":"https:\/\/dogpride.nl\/fr\/wp-json\/wp\/v2\/product\/1475","targetHints":{"allow":["GET"]}}],"collection":[{"href":"https:\/\/dogpride.nl\/fr\/wp-json\/wp\/v2\/product"}],"about":[{"href":"https:\/\/dogpride.nl\/fr\/wp-json\/wp\/v2\/types\/product"}],"wp:featuredmedia":[{"embeddable":true,"href":"https:\/\/dogpride.nl\/fr\/wp-json\/wp\/v2\/media\/23072"}],"wp:attachment":[{"href":"https:\/\/dogpride.nl\/fr\/wp-json\/wp\/v2\/media?parent=1475"}],"wp:term":[{"taxonomy":"product_brand","embeddable":true,"href":"https:\/\/dogpride.nl\/fr\/wp-json\/wp\/v2\/product_brand?post=1475"},{"taxonomy":"product_cat","embeddable":true,"href":"https:\/\/dogpride.nl\/fr\/wp-json\/wp\/v2\/product_cat?post=1475"},{"taxonomy":"product_tag","embeddable":true,"href":"https:\/\/dogpride.nl\/fr\/wp-json\/wp\/v2\/product_tag?post=1475"}],"curies":[{"name":"wp","href":"https:\/\/api.w.org\/{rel}","templated":true}]}}