{"id":14650,"date":"2020-01-10T12:41:46","date_gmt":"2020-01-10T11:41:46","guid":{"rendered":"https:\/\/dogpride1.wpengine.com\/product\/d4m-spider-thermo-dogsport-trainings-jacket-2\/"},"modified":"2025-11-02T13:42:14","modified_gmt":"2025-11-02T12:42:14","slug":"dogs4me-spider-thermo-dogsport-trainings-jacket","status":"publish","type":"product","link":"https:\/\/dogpride.nl\/fr\/dogs4me-spider-thermo-dogsport-trainings-jacket\/","title":{"rendered":"DOGS4ME Veste d&#039;entra\u00eenement Spider Thermo Dogsport"},"content":{"rendered":"<h4>DOGS4ME Veste d&#039;entra\u00eenement Spider Thermo Dogsport<\/h4>\n<p>Veste d&#039;entra\u00eenement DOGS4ME Spider Thermo Dogsport.<\/p>\n<p>Partiellement \u00e9tanche, 100% PES<br \/>\nChausson int\u00e9gral noir tr\u00e8s chaud - fibre creuse - 100% PES<br \/>\nFermetures \u00e9clair YKK<\/p>\n<ul>\n<li>La veste est noire avec une bordure color\u00e9e et des poignets en coton sur les manches.<\/li>\n<li>Taille ajustable gr\u00e2ce \u00e0 ce qu&#039;on appelle un tunnel<\/li>\n<li>Bande sur le c\u00f4t\u00e9 de la veste pour ceinture ou pochette de r\u00e9compense.<\/li>\n<li>2 poches avant spacieuses et une grande poche arri\u00e8re - la poche arri\u00e8re peut \u00eatre cousue en 2 poches s\u00e9par\u00e9es sur demande.<\/li>\n<li>En haut de la veste 2 poches couvertes avec une fermeture \u00e9clair pour t\u00e9l\u00e9phone portable, cl\u00e9s...<\/li>\n<li>Capuche - adapt\u00e9e aux conditions m\u00e9t\u00e9orologiques difficiles, la capuche peut \u00eatre ferm\u00e9e<\/li>\n<\/ul>\n<p>Le passepoil est disponible dans les couleurs suivantes : Gris, Rouge, Orange, Vert fluo, Violet, Turquoise, R\u00e9fl\u00e9chissant<\/p>\n<ul>\n<li>Tailles XS \u00e0 XXL (ou adapt\u00e9 \u00e0 votre taille)<\/li>\n<\/ul>\n<p>Nous pouvons broder diverses images sur le dos ou sur le devant ou sur les poches.<br \/>\nCes vestes peuvent \u00eatre cousues sur mesure sur commande. Pour les tailles standard, les vestes Spider therm reflex sont g\u00e9n\u00e9ralement en stock.<\/p>\n<p><strong>Cette veste a une fermeture \u00e9clair normale en standard. Le d\u00e9lai de livraison pour une veste avec une fermeture \u00e9clair \u00e0 double sens est de 2-3 semaines.<\/strong><\/p>\n<p>VOIR LE TABLEAU DES TAILLES<\/p>\n<p><img loading=\"lazy\" decoding=\"async\" class=\"alignnone wp-image-69739 size-full\" src=\"https:\/\/www.dogpride.nl\/wp-content\/uploads\/Spider-Therm.jpg\" alt=\"\" width=\"583\" height=\"317\" srcset=\"https:\/\/dogpride.nl\/wp-content\/uploads\/Spider-Therm.jpg 583w, https:\/\/dogpride.nl\/wp-content\/uploads\/Spider-Therm-250x136.jpg 250w, https:\/\/dogpride.nl\/wp-content\/uploads\/Spider-Therm-400x217.jpg 400w, https:\/\/dogpride.nl\/wp-content\/uploads\/Spider-Therm-300x163.jpg 300w, https:\/\/dogpride.nl\/wp-content\/uploads\/Spider-Therm-200x109.jpg 200w\" sizes=\"auto, (max-width: 583px) 100vw, 583px\" \/><\/p>\n<p><a href=\"https:\/\/d4m.eu\/en\/\" target=\"_blank\" rel=\"noopener\"><img loading=\"lazy\" decoding=\"async\" class=\"alignnone wp-image-139645 size-thumbnail\" src=\"https:\/\/dogpride.nl\/wp-content\/uploads\/Logo-Dogs4me-150x150.jpg\" alt=\"Logo\" width=\"150\" height=\"150\" srcset=\"https:\/\/dogpride.nl\/wp-content\/uploads\/Logo-Dogs4me-150x150.jpg 150w, https:\/\/dogpride.nl\/wp-content\/uploads\/Logo-Dogs4me-100x100.jpg 100w\" sizes=\"auto, (max-width: 150px) 100vw, 150px\" \/><\/a><\/p>\n<p><a href=\"https:\/\/dogpride.nl\/fr\/kleding\/jassen\/dogs4me-jassen\/\"><img loading=\"lazy\" decoding=\"async\" class=\"alignnone\" title=\"DOGS4ME Veste d&#039;entra\u00eenement Spider Thermo Dogsport\" src=\"https:\/\/dogpride.nl\/wp-content\/uploads\/spider-therm-dogsport-training-jacket.jpg\" alt=\"DOGS4ME Spider Thermo Dogsport Trainings Jacket\" width=\"202\" height=\"240\" \/><\/a><\/p>","protected":false},"excerpt":{"rendered":"<p>Veste d&#039;entra\u00eenement D4M Spider Thermo Dogsport. La veste est noire avec une bordure color\u00e9e et des poignets en coton sur les manches. Le passepoil est disponible dans les couleurs suivantes : gris, rouge, orange, vert fluo, violet, turquoise, r\u00e9fl\u00e9chissant.<\/p>","protected":false},"featured_media":20895,"template":"","meta":[],"product_brand":[],"product_cat":[3859],"product_tag":[],"class_list":{"0":"post-14650","1":"product","2":"type-product","3":"status-publish","4":"has-post-thumbnail","6":"product_cat-dogs4me-jassen","8":"first","9":"instock","10":"taxable","11":"shipping-taxable","12":"purchasable","13":"product-type-variable"},"mb":[],"mfb_rest_fields":["title"],"_links":{"self":[{"href":"https:\/\/dogpride.nl\/fr\/wp-json\/wp\/v2\/product\/14650","targetHints":{"allow":["GET"]}}],"collection":[{"href":"https:\/\/dogpride.nl\/fr\/wp-json\/wp\/v2\/product"}],"about":[{"href":"https:\/\/dogpride.nl\/fr\/wp-json\/wp\/v2\/types\/product"}],"wp:featuredmedia":[{"embeddable":true,"href":"https:\/\/dogpride.nl\/fr\/wp-json\/wp\/v2\/media\/20895"}],"wp:attachment":[{"href":"https:\/\/dogpride.nl\/fr\/wp-json\/wp\/v2\/media?parent=14650"}],"wp:term":[{"taxonomy":"product_brand","embeddable":true,"href":"https:\/\/dogpride.nl\/fr\/wp-json\/wp\/v2\/product_brand?post=14650"},{"taxonomy":"product_cat","embeddable":true,"href":"https:\/\/dogpride.nl\/fr\/wp-json\/wp\/v2\/product_cat?post=14650"},{"taxonomy":"product_tag","embeddable":true,"href":"https:\/\/dogpride.nl\/fr\/wp-json\/wp\/v2\/product_tag?post=14650"}],"curies":[{"name":"wp","href":"https:\/\/api.w.org\/{rel}","templated":true}]}}