{"id":14565,"date":"2019-12-30T12:36:25","date_gmt":"2019-12-30T11:36:25","guid":{"rendered":"https:\/\/dogpride1.wpengine.com\/product\/petgear-travel-drinkfles-3\/"},"modified":"2026-01-05T12:12:19","modified_gmt":"2026-01-05T11:12:19","slug":"petgear-travel-drinkfles-3","status":"publish","type":"product","link":"https:\/\/dogpride.nl\/fr\/petgear-travel-drinkfles-3\/","title":{"rendered":"Gourde de voyage Petgear"},"content":{"rendered":"<h4>Gourde de voyage Petgear<\/h4>\n<p>Gourde de voyage Petgear<\/p>\n<p><span style=\"color: #000000; background-color: #ffffff; font-size: 13.33px; text-align: left; display: inline !important; float: none; text-decoration: none;\">Les produits du concept Pet Travel, connus sous le nom de PetGear, proposent une s\u00e9rie d&#039;accessoires de voyage coordonn\u00e9s.<\/span><\/p>\n<p><a href=\"https:\/\/dogpride.nl\/fr\/voerbakken-voor-honden\/waterflessen-voor-honden\/\"><img loading=\"lazy\" decoding=\"async\" class=\"alignnone\" title=\"Gourde de voyage Petgear\" src=\"https:\/\/dogpride.nl\/wp-content\/uploads\/petgear-travel-drinkfles-1.png\" alt=\"Petgear Travel Drinkfles\" width=\"268\" height=\"219\" \/><\/a><br style=\"color: #000000; font-size: 13.33px; text-align: left; text-decoration: none;\" \/><br style=\"color: #000000; font-size: 13.33px; text-align: left; text-decoration: none;\" \/><span style=\"color: #000000; background-color: #ffffff; font-size: 13.33px; text-align: left; display: inline !important; float: none; text-decoration: none;\"> Obtenir suffisamment de liquides est tr\u00e8s important pour les chiens afin d&#039;\u00e9viter la surchauffe ou la d\u00e9shydratation. Avec la bouteille d&#039;eau Travel de PetGear, votre chien est assur\u00e9 de boire de l&#039;eau fra\u00eeche pendant une longue promenade ou pendant les chaudes journ\u00e9es d&#039;\u00e9t\u00e9.\u00a0<\/span><br style=\"color: #000000; font-size: 13.33px; text-align: left; text-decoration: none;\" \/><br style=\"color: #000000; font-size: 13.33px; text-align: left; text-decoration: none;\" \/><span style=\"color: #000000; background-color: #ffffff; font-size: 13.33px; text-align: left; display: inline !important; float: none; text-decoration: none;\"> La bouteille est \u00e9quip\u00e9e d&#039;un clip pratique que vous pouvez facilement attacher \u00e0 votre ceinture ou \u00e0 la boucle de votre pantalon.<\/span><\/p>\n<p><a href=\"https:\/\/www.google.com\/\" target=\"_blank\" rel=\"noopener\"><img loading=\"lazy\" decoding=\"async\" class=\"alignnone\" title=\"Gourde de voyage Petgear\" src=\"https:\/\/dogpride.nl\/wp-content\/uploads\/petgear-travel-drinkfles-1.png\" alt=\"Petgear Travel Drinkfles\" width=\"268\" height=\"219\" \/><\/a><\/p>\n<p><span style=\"color: #28124a; background-color: #ffffff; font-size: 10pt; text-align: left; display: inline !important; float: none; text-decoration: none;\">29 \u00d7 7,5 \u00d7 6 cm<\/span><\/p>\n<p><span style=\"color: #000000; background-color: #ffffff; font-size: 13.33px; text-align: left; display: inline !important; float: none; text-decoration: none;\">Contenu +\/- 500 ml.<\/span><\/p>","protected":false},"excerpt":{"rendered":"<p><span style=\"color: #000000; background-color: #ffffff; font-size: 13.33px; text-align: left; display: inline !important; float: none; text-decoration: none;\">Obtenir suffisamment de liquides est tr\u00e8s important pour les chiens afin d&#039;\u00e9viter la surchauffe ou la d\u00e9shydratation. Avec la bouteille d&#039;eau Travel de PetGear, votre chien est assur\u00e9 de boire de l&#039;eau fra\u00eeche pendant une longue promenade ou pendant les chaudes journ\u00e9es d&#039;\u00e9t\u00e9.\u00a0<\/span><\/p>","protected":false},"featured_media":14566,"template":"","meta":[],"product_brand":[],"product_cat":[9332],"product_tag":[7480,7478,7481,7479],"class_list":{"0":"post-14565","1":"product","2":"type-product","3":"status-publish","4":"has-post-thumbnail","6":"product_cat-waterflessen-voor-honden","7":"product_tag-drinkfles","8":"product_tag-petgear","9":"product_tag-reisfles","10":"product_tag-travel","12":"first","13":"instock","14":"taxable","15":"shipping-taxable","16":"purchasable","17":"product-type-simple"},"mb":[],"mfb_rest_fields":["title"],"_links":{"self":[{"href":"https:\/\/dogpride.nl\/fr\/wp-json\/wp\/v2\/product\/14565","targetHints":{"allow":["GET"]}}],"collection":[{"href":"https:\/\/dogpride.nl\/fr\/wp-json\/wp\/v2\/product"}],"about":[{"href":"https:\/\/dogpride.nl\/fr\/wp-json\/wp\/v2\/types\/product"}],"wp:featuredmedia":[{"embeddable":true,"href":"https:\/\/dogpride.nl\/fr\/wp-json\/wp\/v2\/media\/14566"}],"wp:attachment":[{"href":"https:\/\/dogpride.nl\/fr\/wp-json\/wp\/v2\/media?parent=14565"}],"wp:term":[{"taxonomy":"product_brand","embeddable":true,"href":"https:\/\/dogpride.nl\/fr\/wp-json\/wp\/v2\/product_brand?post=14565"},{"taxonomy":"product_cat","embeddable":true,"href":"https:\/\/dogpride.nl\/fr\/wp-json\/wp\/v2\/product_cat?post=14565"},{"taxonomy":"product_tag","embeddable":true,"href":"https:\/\/dogpride.nl\/fr\/wp-json\/wp\/v2\/product_tag?post=14565"}],"curies":[{"name":"wp","href":"https:\/\/api.w.org\/{rel}","templated":true}]}}