{"id":145636,"date":"2025-11-27T17:15:41","date_gmt":"2025-11-27T16:15:41","guid":{"rendered":"https:\/\/dogpride.nl\/?post_type=product&#038;p=145636"},"modified":"2025-11-27T17:20:00","modified_gmt":"2025-11-27T16:20:00","slug":"arrak-hybrid-jacket-women-black","status":"publish","type":"product","link":"https:\/\/dogpride.nl\/fr\/arrak-hybrid-jacket-women-black\/","title":{"rendered":"Veste Hybride Arrak Femme Noir"},"content":{"rendered":"<h4>Veste Hybride Arrak Femme Noir<\/h4>\n<p class=\"page-title\"><span class=\"base\" data-ui-id=\"page-title-wrapper\">Het Arrak Hybrid Jacket Women Black <\/span>est une veste incroyablement confortable et fonctionnelle pour ceux qui veulent ce petit plus.<\/p>\n<p>Mat\u00e9riau en polyester\/coton avec panneaux en mat\u00e9riau extensible pour un ajustement et une mobilit\u00e9 optimaux.<br \/>\nCe <span class=\"base\" data-ui-id=\"page-title-wrapper\">Veste Hybride Arrak Femme Olive <\/span> heeft ventilatieritsen aan de zijkant. Veel praktische zakken. Een grote achterzak, 2 borstzakken met zijzakken met rits. Aan de onderkant grote zakken met ritszakken aan de zijkant.<br \/>\nLa poche inf\u00e9rieure gauche est \u00e9galement doubl\u00e9e \u00e0 l&#039;int\u00e9rieur d&#039;une doublure en nylon imperm\u00e9able pour faciliter le nettoyage lorsque vous avez des friandises pour chiens dans la poche. 2 grandes poches int\u00e9rieures en maille polyester<\/p>\n<p>Fermeture \u00e9clair \u00e0 double sens sur le devant.<br \/>\nCapuche ajustable.<br \/>\nFermetures velcro r\u00e9glables dans les manches.<br \/>\nAnneau en D pratique avec mousqueton.<br \/>\nTaille l\u00e9g\u00e8rement cintr\u00e9e<\/p>\n<p><strong>D\u00e9tails:<\/strong><\/p>\n<ul>\n<li>Tissu polyester\/coton<\/li>\n<li>Panneaux extensibles impr\u00e9gn\u00e9s pour un ajustement et une mobilit\u00e9 optimaux<\/li>\n<li>Grande poche arri\u00e8re zipp\u00e9e<\/li>\n<li>2 poches poitrine zipp\u00e9es et poches lat\u00e9rales zipp\u00e9es<\/li>\n<li>2 grandes poches avec rabats en bas<\/li>\n<li>Poches zipp\u00e9es pour les mains<\/li>\n<li>La poche inf\u00e9rieure gauche a une doublure en nylon. Pratique s&#039;il a des friandises pour chien<\/li>\n<li>2 grandes poches int\u00e9rieures en filet<\/li>\n<li>Fermeture \u00e9clair \u00e0 double sens sur le devant<\/li>\n<li>Capuche ajustable<\/li>\n<li>Anneau en D avec mousqueton<\/li>\n<li>Zips de ventilation sous les bras<\/li>\n<li>Poignets ajustables<\/li>\n<\/ul>\n<p>Cette Arrak Hybrid Jacket Women est \u00e9galement disponible dans les couleurs Burnt Orange, Black et Olive.<\/p>\n<p>Tailles : XS-3XL<\/p>\n<p><strong>Tableau des tailles:<\/strong><\/p>\n<p><img loading=\"lazy\" decoding=\"async\" class=\"alignnone size-full wp-image-91892\" src=\"https:\/\/www.dogpride.nl\/wp-content\/uploads\/women_s_tops_-2.jpg\" alt=\"Maattabel\" width=\"865\" height=\"1200\" srcset=\"https:\/\/dogpride.nl\/wp-content\/uploads\/women_s_tops_-2.jpg 865w, https:\/\/dogpride.nl\/wp-content\/uploads\/women_s_tops_-2-250x347.jpg 250w, https:\/\/dogpride.nl\/wp-content\/uploads\/women_s_tops_-2-400x555.jpg 400w, https:\/\/dogpride.nl\/wp-content\/uploads\/women_s_tops_-2-216x300.jpg 216w, https:\/\/dogpride.nl\/wp-content\/uploads\/women_s_tops_-2-738x1024.jpg 738w, https:\/\/dogpride.nl\/wp-content\/uploads\/women_s_tops_-2-768x1065.jpg 768w, https:\/\/dogpride.nl\/wp-content\/uploads\/women_s_tops_-2-200x277.jpg 200w, https:\/\/dogpride.nl\/wp-content\/uploads\/women_s_tops_-2-600x832.jpg 600w, https:\/\/dogpride.nl\/wp-content\/uploads\/women_s_tops_-2-800x1110.jpg 800w\" sizes=\"auto, (max-width: 865px) 100vw, 865px\" \/><\/p>\n<p><span style=\"color: #ffffff;\"><a href=\"https:\/\/arrakoutdoor.com\/\" target=\"_blank\" rel=\"noopener\"><img loading=\"lazy\" decoding=\"async\" class=\"alignnone wp-image-139301 size-medium\" src=\"https:\/\/dogpride.nl\/wp-content\/uploads\/Arrak-300x118.jpeg\" alt=\"Logo\" width=\"300\" height=\"118\" srcset=\"https:\/\/dogpride.nl\/wp-content\/uploads\/Arrak-300x118.jpeg 300w, https:\/\/dogpride.nl\/wp-content\/uploads\/Arrak-768x303.jpeg 768w, https:\/\/dogpride.nl\/wp-content\/uploads\/Arrak-18x7.jpeg 18w, https:\/\/dogpride.nl\/wp-content\/uploads\/Arrak-250x99.jpeg 250w, https:\/\/dogpride.nl\/wp-content\/uploads\/Arrak-400x158.jpeg 400w, https:\/\/dogpride.nl\/wp-content\/uploads\/Arrak.jpeg 916w\" sizes=\"auto, (max-width: 300px) 100vw, 300px\" \/><\/a><\/span><\/p>\n<p>&nbsp;<\/p>\n<p><a href=\"https:\/\/dogpride.nl\/fr\/kleding\/jassen\/arrak-outdoor-jassen\/?product-page=1\"><img loading=\"lazy\" decoding=\"async\" class=\"alignnone\" title=\"Veste Hybride Arrak Femme Noir\" src=\"https:\/\/dogpride.nl\/wp-content\/uploads\/Arrak-Hybrid-Jacket-Woman-Black-150x150.jpg\" alt=\"Arrak Hybrid Jacket Women Black\" width=\"150\" height=\"150\" \/><\/a><\/p>","protected":false},"excerpt":{"rendered":"<p>Cette veste hybride poss\u00e8de des zips de ventilation sur le c\u00f4t\u00e9. Nombreuses poches pratiques. Une grande poche arri\u00e8re, 2 poches poitrine avec poches lat\u00e9rales zipp\u00e9es. Grandes poches en bas avec poches zipp\u00e9es sur le c\u00f4t\u00e9.<\/p>","protected":false},"featured_media":145650,"template":"","meta":[],"product_brand":[],"product_cat":[3853],"product_tag":[],"class_list":{"0":"post-145636","1":"product","2":"type-product","3":"status-publish","4":"has-post-thumbnail","6":"product_cat-arrak-outdoor-dames-jassen","8":"first","9":"instock","10":"taxable","11":"shipping-taxable","12":"purchasable","13":"product-type-variable"},"mb":[],"mfb_rest_fields":["title"],"_links":{"self":[{"href":"https:\/\/dogpride.nl\/fr\/wp-json\/wp\/v2\/product\/145636","targetHints":{"allow":["GET"]}}],"collection":[{"href":"https:\/\/dogpride.nl\/fr\/wp-json\/wp\/v2\/product"}],"about":[{"href":"https:\/\/dogpride.nl\/fr\/wp-json\/wp\/v2\/types\/product"}],"wp:featuredmedia":[{"embeddable":true,"href":"https:\/\/dogpride.nl\/fr\/wp-json\/wp\/v2\/media\/145650"}],"wp:attachment":[{"href":"https:\/\/dogpride.nl\/fr\/wp-json\/wp\/v2\/media?parent=145636"}],"wp:term":[{"taxonomy":"product_brand","embeddable":true,"href":"https:\/\/dogpride.nl\/fr\/wp-json\/wp\/v2\/product_brand?post=145636"},{"taxonomy":"product_cat","embeddable":true,"href":"https:\/\/dogpride.nl\/fr\/wp-json\/wp\/v2\/product_cat?post=145636"},{"taxonomy":"product_tag","embeddable":true,"href":"https:\/\/dogpride.nl\/fr\/wp-json\/wp\/v2\/product_tag?post=145636"}],"curies":[{"name":"wp","href":"https:\/\/api.w.org\/{rel}","templated":true}]}}