{"id":145600,"date":"2025-11-27T17:12:03","date_gmt":"2025-11-27T16:12:03","guid":{"rendered":"https:\/\/dogpride.nl\/?post_type=product&#038;p=145600"},"modified":"2026-02-19T12:39:36","modified_gmt":"2026-02-19T11:39:36","slug":"arrak-hybrid-jacket-men-burnt-orange","status":"publish","type":"product","link":"https:\/\/dogpride.nl\/fr\/arrak-hybrid-jacket-men-burnt-orange\/","title":{"rendered":"Veste Hybride Arrak Homme Burnt Orange"},"content":{"rendered":"<h4>Veste Hybride Arrak Homme Burnt Orange<\/h4>\n<p>La Arrak Hybrid Jacket Men Burnt Orange est une veste incroyablement confortable et fonctionnelle pour ceux qui veulent ce petit plus.<\/p>\n<p>Le mat\u00e9riau de la veste hybride est un polyester \/ coton avec des panneaux de mat\u00e9riau extensible pour un ajustement et une mobilit\u00e9 optimaux. Cette veste hybride poss\u00e8de des zips de ventilation sur le c\u00f4t\u00e9 et de nombreuses poches pratiques. Une grande poche arri\u00e8re zipp\u00e9e et 2 poches poitrine avec poches lat\u00e9rales zipp\u00e9es. Grandes poches en bas avec poches zipp\u00e9es sur le c\u00f4t\u00e9. La poche inf\u00e9rieure gauche est \u00e9galement doubl\u00e9e \u00e0 l&#039;int\u00e9rieur d&#039;une doublure en nylon imperm\u00e9able pour faciliter le nettoyage si vous avez eu des friandises pour chiens dans la poche, par exemple. Cette veste poss\u00e8de \u00e9galement 2 grandes poches int\u00e9rieures en maille polyester.<\/p>\n<p><strong>D\u00e9tails de cette Arrak Hybrid Jacket Men Burnt Orange :<\/strong><\/p>\n<ul>\n<li>Tissu polyester\/coton<\/li>\n<li>Panneaux extensibles impr\u00e9gn\u00e9s pour un ajustement et une mobilit\u00e9 optimaux<\/li>\n<li>Grande poche arri\u00e8re zipp\u00e9e<\/li>\n<li>2 poches poitrine zipp\u00e9es et poches lat\u00e9rales zipp\u00e9es<\/li>\n<li>2 grandes poches avec rabats en bas<\/li>\n<li>Poches zipp\u00e9es pour les mains<\/li>\n<li>La poche inf\u00e9rieure gauche a une doublure en nylon. Pratique s&#039;il a des friandises pour chien<\/li>\n<li>2 grandes poches int\u00e9rieures en filet<\/li>\n<li>Fermeture \u00e9clair \u00e0 double sens sur le devant<\/li>\n<li>Capuche ajustable<\/li>\n<li>Anneau en D avec mousqueton<\/li>\n<li>Zips de ventilation sous les bras<\/li>\n<li>Poignets ajustables<\/li>\n<\/ul>\n<p><a href=\"https:\/\/dogpride.nl\/fr\/produit\/arrak-hybrid-jacket-men-black\/\">Cette Arrak Hybrid Jacket Men est \u00e9galement disponible dans la couleur Black<\/a><\/p>\n<p><strong>Tableau des tailles:<\/strong><\/p>\n<p><img loading=\"lazy\" decoding=\"async\" class=\"alignnone wp-image-70336 size-large\" src=\"https:\/\/www.dogpride.nl\/wp-content\/uploads\/men_s_tops_-711x1024.jpg\" alt=\"\" width=\"711\" height=\"1024\" srcset=\"https:\/\/dogpride.nl\/wp-content\/uploads\/men_s_tops_-711x1024.jpg 711w, https:\/\/dogpride.nl\/wp-content\/uploads\/men_s_tops_-250x360.jpg 250w, https:\/\/dogpride.nl\/wp-content\/uploads\/men_s_tops_-400x576.jpg 400w, https:\/\/dogpride.nl\/wp-content\/uploads\/men_s_tops_-208x300.jpg 208w, https:\/\/dogpride.nl\/wp-content\/uploads\/men_s_tops_-768x1106.jpg 768w, https:\/\/dogpride.nl\/wp-content\/uploads\/men_s_tops_-200x288.jpg 200w, https:\/\/dogpride.nl\/wp-content\/uploads\/men_s_tops_-600x864.jpg 600w, https:\/\/dogpride.nl\/wp-content\/uploads\/men_s_tops_-800x1152.jpg 800w, https:\/\/dogpride.nl\/wp-content\/uploads\/men_s_tops_.jpg 833w\" sizes=\"auto, (max-width: 711px) 100vw, 711px\" \/><\/p>\n<p><span style=\"color: #ffffff;\"><a href=\"https:\/\/arrakoutdoor.com\/\" target=\"_blank\" rel=\"noopener\"><img loading=\"lazy\" decoding=\"async\" class=\"alignnone wp-image-139301 size-medium\" src=\"https:\/\/dogpride.nl\/wp-content\/uploads\/Arrak-300x118.jpeg\" alt=\"Logo\" width=\"300\" height=\"118\" srcset=\"https:\/\/dogpride.nl\/wp-content\/uploads\/Arrak-300x118.jpeg 300w, https:\/\/dogpride.nl\/wp-content\/uploads\/Arrak-768x303.jpeg 768w, https:\/\/dogpride.nl\/wp-content\/uploads\/Arrak-18x7.jpeg 18w, https:\/\/dogpride.nl\/wp-content\/uploads\/Arrak-250x99.jpeg 250w, https:\/\/dogpride.nl\/wp-content\/uploads\/Arrak-400x158.jpeg 400w, https:\/\/dogpride.nl\/wp-content\/uploads\/Arrak.jpeg 916w\" sizes=\"auto, (max-width: 300px) 100vw, 300px\" \/><\/a><\/span><\/p>\n<p><a href=\"https:\/\/dogpride.nl\/fr\/kleding\/jassen\/arrak-outdoor-jassen\/\"><img loading=\"lazy\" decoding=\"async\" class=\"alignnone\" title=\"Veste Hybride Arrak Homme Burnt Orange\" src=\"https:\/\/dogpride.nl\/wp-content\/uploads\/21040.hybrid_jacket_men_front1-150x150.jpg\" alt=\"Arrak Hybrid Jacket Men Burnt Orange\" width=\"150\" height=\"150\" \/><\/a><\/p>","protected":false},"excerpt":{"rendered":"<p>Arrak Hybrid Veste Homme Burnt Orange. Une veste incroyablement confortable et fonctionnelle pour ceux qui veulent ce petit plus.<\/p>","protected":false},"featured_media":70590,"template":"","meta":[],"product_brand":[],"product_cat":[24457],"product_tag":[],"class_list":{"0":"post-145600","1":"product","2":"type-product","3":"status-publish","4":"has-post-thumbnail","6":"product_cat-arrak-outdoor-heren-jassen","8":"first","9":"instock","10":"taxable","11":"shipping-taxable","12":"purchasable","13":"product-type-variable"},"mb":[],"mfb_rest_fields":["title"],"_links":{"self":[{"href":"https:\/\/dogpride.nl\/fr\/wp-json\/wp\/v2\/product\/145600","targetHints":{"allow":["GET"]}}],"collection":[{"href":"https:\/\/dogpride.nl\/fr\/wp-json\/wp\/v2\/product"}],"about":[{"href":"https:\/\/dogpride.nl\/fr\/wp-json\/wp\/v2\/types\/product"}],"wp:featuredmedia":[{"embeddable":true,"href":"https:\/\/dogpride.nl\/fr\/wp-json\/wp\/v2\/media\/70590"}],"wp:attachment":[{"href":"https:\/\/dogpride.nl\/fr\/wp-json\/wp\/v2\/media?parent=145600"}],"wp:term":[{"taxonomy":"product_brand","embeddable":true,"href":"https:\/\/dogpride.nl\/fr\/wp-json\/wp\/v2\/product_brand?post=145600"},{"taxonomy":"product_cat","embeddable":true,"href":"https:\/\/dogpride.nl\/fr\/wp-json\/wp\/v2\/product_cat?post=145600"},{"taxonomy":"product_tag","embeddable":true,"href":"https:\/\/dogpride.nl\/fr\/wp-json\/wp\/v2\/product_tag?post=145600"}],"curies":[{"name":"wp","href":"https:\/\/api.w.org\/{rel}","templated":true}]}}