{"id":145568,"date":"2025-11-27T17:04:46","date_gmt":"2025-11-27T16:04:46","guid":{"rendered":"https:\/\/dogpride.nl\/?post_type=product&#038;p=145568"},"modified":"2026-02-19T12:40:54","modified_gmt":"2026-02-19T11:40:54","slug":"arrak-hybrid-jacket-men-olive","status":"publish","type":"product","link":"https:\/\/dogpride.nl\/fr\/arrak-hybrid-jacket-men-olive\/","title":{"rendered":"Veste Hybride Arrak Homme Olive"},"content":{"rendered":"<h4>Veste Hybride Arrak Homme Olive<\/h4>\n<p>Het Arrak Hybrid Jacket Men Olive is een fantastisch comfortabel en functioneel jack voor wie net dat beetje extra wil.<\/p>\n<p>Mat\u00e9riau en polyester\/coton avec panneaux en mat\u00e9riau extensible pour un ajustement et une mobilit\u00e9 optimaux.<br \/>\nDit Arrak Hybrid Jacket Men Olive heeft ventilatieritsen aan de zijkant en veel praktische zakken. Een grote achterzak met ritssluiting, 2 borstzakken met zijzakken met ritssluiting. Aan de onderkant grote zakken met ritszakken aan de zijkant.<br \/>\nLa poche inf\u00e9rieure gauche est \u00e9galement doubl\u00e9e \u00e0 l&#039;int\u00e9rieur d&#039;une doublure en nylon imperm\u00e9able pour faciliter le nettoyage lorsque vous avez des friandises pour chiens dans la poche. 2 grandes poches int\u00e9rieures en maille polyester<\/p>\n<p>Fermeture \u00e9clair \u00e0 double sens sur le devant.<br \/>\nCapuche ajustable.<br \/>\nFermetures velcro r\u00e9glables dans les manches.<br \/>\nAnneau en D pratique avec mousqueton.<\/p>\n<p><strong>D\u00e9tails:<\/strong><\/p>\n<ul>\n<li>Tissu polyester\/coton<\/li>\n<li>Panneaux extensibles impr\u00e9gn\u00e9s pour un ajustement et une mobilit\u00e9 optimaux<\/li>\n<li>Grande poche arri\u00e8re zipp\u00e9e<\/li>\n<li>2 poches poitrine zipp\u00e9es et poches lat\u00e9rales zipp\u00e9es<\/li>\n<li>2 grandes poches avec rabats en bas<\/li>\n<li>Poches zipp\u00e9es pour les mains<\/li>\n<li>La poche inf\u00e9rieure gauche a une doublure en nylon. Pratique s&#039;il a des friandises pour chien<\/li>\n<li>2 grandes poches int\u00e9rieures en filet<\/li>\n<li>Fermeture \u00e9clair \u00e0 double sens sur le devant<\/li>\n<li>Capuche ajustable<\/li>\n<li>Anneau en D avec mousqueton<\/li>\n<li>Zips de ventilation sous les bras<\/li>\n<li>Poignets ajustables<\/li>\n<\/ul>\n<p>Cette Arrak Hybrid Jacket Men est \u00e9galement disponible en Burnt Orange, Black et Dark Red.<\/p>\n<p>Tailles S-4XL<\/p>\n<p><strong>Tableau des tailles:<\/strong><\/p>\n<p><img loading=\"lazy\" decoding=\"async\" class=\"alignnone size-full wp-image-91891\" src=\"https:\/\/www.dogpride.nl\/wp-content\/uploads\/men_s_tops_-6.jpg\" alt=\"Maattabel\" width=\"833\" height=\"1200\" srcset=\"https:\/\/dogpride.nl\/wp-content\/uploads\/men_s_tops_-6.jpg 833w, https:\/\/dogpride.nl\/wp-content\/uploads\/men_s_tops_-6-250x360.jpg 250w, https:\/\/dogpride.nl\/wp-content\/uploads\/men_s_tops_-6-400x576.jpg 400w, https:\/\/dogpride.nl\/wp-content\/uploads\/men_s_tops_-6-208x300.jpg 208w, https:\/\/dogpride.nl\/wp-content\/uploads\/men_s_tops_-6-711x1024.jpg 711w, https:\/\/dogpride.nl\/wp-content\/uploads\/men_s_tops_-6-768x1106.jpg 768w, https:\/\/dogpride.nl\/wp-content\/uploads\/men_s_tops_-6-200x288.jpg 200w, https:\/\/dogpride.nl\/wp-content\/uploads\/men_s_tops_-6-600x864.jpg 600w, https:\/\/dogpride.nl\/wp-content\/uploads\/men_s_tops_-6-800x1152.jpg 800w\" sizes=\"auto, (max-width: 833px) 100vw, 833px\" \/><\/p>\n<p><span style=\"color: #ffffff;\"><a href=\"https:\/\/arrakoutdoor.com\/\" target=\"_blank\" rel=\"noopener\"><img loading=\"lazy\" decoding=\"async\" class=\"alignnone wp-image-139301 size-medium\" src=\"https:\/\/dogpride.nl\/wp-content\/uploads\/Arrak-300x118.jpeg\" alt=\"Logo\" width=\"300\" height=\"118\" srcset=\"https:\/\/dogpride.nl\/wp-content\/uploads\/Arrak-300x118.jpeg 300w, https:\/\/dogpride.nl\/wp-content\/uploads\/Arrak-768x303.jpeg 768w, https:\/\/dogpride.nl\/wp-content\/uploads\/Arrak-18x7.jpeg 18w, https:\/\/dogpride.nl\/wp-content\/uploads\/Arrak-250x99.jpeg 250w, https:\/\/dogpride.nl\/wp-content\/uploads\/Arrak-400x158.jpeg 400w, https:\/\/dogpride.nl\/wp-content\/uploads\/Arrak.jpeg 916w\" sizes=\"auto, (max-width: 300px) 100vw, 300px\" \/><\/a><\/span><\/p>\n<p><a href=\"https:\/\/dogpride.nl\/fr\/kleding\/jassen\/arrak-outdoor-jassen\/\"><img loading=\"lazy\" decoding=\"async\" class=\"alignnone\" title=\"Veste Hybride Arrak Homme Olive\" src=\"https:\/\/dogpride.nl\/wp-content\/uploads\/21040-ver1_6_-150x150.jpg\" alt=\"Arrak Hybrid Jacket Men Olive\" width=\"150\" height=\"150\" \/><\/a><\/p>","protected":false},"excerpt":{"rendered":"<p>Cette veste hybride poss\u00e8de des zips de ventilation sur le c\u00f4t\u00e9 et de nombreuses poches pratiques. Une grande poche arri\u00e8re zipp\u00e9e, 2 poches poitrine avec poches lat\u00e9rales zipp\u00e9es. Grandes poches en bas avec poches zipp\u00e9es sur le c\u00f4t\u00e9.<\/p>","protected":false},"featured_media":91876,"template":"","meta":[],"product_brand":[],"product_cat":[24457],"product_tag":[],"class_list":{"0":"post-145568","1":"product","2":"type-product","3":"status-publish","4":"has-post-thumbnail","6":"product_cat-arrak-outdoor-heren-jassen","8":"first","9":"instock","10":"taxable","11":"shipping-taxable","12":"purchasable","13":"product-type-variable"},"mb":[],"mfb_rest_fields":["title"],"_links":{"self":[{"href":"https:\/\/dogpride.nl\/fr\/wp-json\/wp\/v2\/product\/145568","targetHints":{"allow":["GET"]}}],"collection":[{"href":"https:\/\/dogpride.nl\/fr\/wp-json\/wp\/v2\/product"}],"about":[{"href":"https:\/\/dogpride.nl\/fr\/wp-json\/wp\/v2\/types\/product"}],"wp:featuredmedia":[{"embeddable":true,"href":"https:\/\/dogpride.nl\/fr\/wp-json\/wp\/v2\/media\/91876"}],"wp:attachment":[{"href":"https:\/\/dogpride.nl\/fr\/wp-json\/wp\/v2\/media?parent=145568"}],"wp:term":[{"taxonomy":"product_brand","embeddable":true,"href":"https:\/\/dogpride.nl\/fr\/wp-json\/wp\/v2\/product_brand?post=145568"},{"taxonomy":"product_cat","embeddable":true,"href":"https:\/\/dogpride.nl\/fr\/wp-json\/wp\/v2\/product_cat?post=145568"},{"taxonomy":"product_tag","embeddable":true,"href":"https:\/\/dogpride.nl\/fr\/wp-json\/wp\/v2\/product_tag?post=145568"}],"curies":[{"name":"wp","href":"https:\/\/api.w.org\/{rel}","templated":true}]}}