{"id":145558,"date":"2025-11-27T16:56:42","date_gmt":"2025-11-27T15:56:42","guid":{"rendered":"https:\/\/dogpride.nl\/?post_type=product&#038;p=145558"},"modified":"2026-02-19T12:41:03","modified_gmt":"2026-02-19T11:41:03","slug":"arrak-warmy-jacket-men-black","status":"publish","type":"product","link":"https:\/\/dogpride.nl\/fr\/arrak-warmy-jacket-men-black\/","title":{"rendered":"Arrak Warmy Veste Homme Noir"},"content":{"rendered":"<h4>Arrak Warmy Veste Homme Noir<\/h4>\n<p>Arrak Warmy Veste Homme Noir<\/p>\n<p>Une veste l\u00e9g\u00e8re douce et confortable en mati\u00e8re souple. Garni de duvet synth\u00e9tique.<\/p>\n<p>Poches avant zipp\u00e9es et 2 poches poitrine zipp\u00e9es dissimul\u00e9es. 2 poches int\u00e9rieures ouvertes. Poche tunnel \u00e0 l&#039;arri\u00e8re avec fermeture \u00e9clair. La capuche est r\u00e9glable avec un cordon \u00e9lastique et un velcro. Fermeture \u00e9clair \u00e0 double sens sur le devant.<\/p>\n<p><strong>Caract\u00e9ristiques:<\/strong><\/p>\n<ul>\n<li>Tissu ext\u00e9rieur en nylon 100%<\/li>\n<li>Garni de duvet synth\u00e9tique<\/li>\n<li>Capuche ajustable<\/li>\n<li>Quatre poches avant zipp\u00e9es<\/li>\n<li>Deux poches int\u00e9rieures ouvertes<\/li>\n<li>Poche tunnel \u00e0 l&#039;arri\u00e8re avec fermeture \u00e9clair<\/li>\n<li>fermeture \u00e9clair \u00e0 double sens<\/li>\n<\/ul>\n<p><strong>Tableau des tailles:<\/strong><\/p>\n<p><img loading=\"lazy\" decoding=\"async\" class=\"alignnone size-full wp-image-95010\" src=\"https:\/\/www.dogpride.nl\/wp-content\/uploads\/men_s_tops_-9.jpg\" alt=\"Maattabel\" width=\"833\" height=\"1200\" srcset=\"https:\/\/dogpride.nl\/wp-content\/uploads\/men_s_tops_-9.jpg 833w, https:\/\/dogpride.nl\/wp-content\/uploads\/men_s_tops_-9-250x360.jpg 250w, https:\/\/dogpride.nl\/wp-content\/uploads\/men_s_tops_-9-400x576.jpg 400w, https:\/\/dogpride.nl\/wp-content\/uploads\/men_s_tops_-9-208x300.jpg 208w, https:\/\/dogpride.nl\/wp-content\/uploads\/men_s_tops_-9-711x1024.jpg 711w, https:\/\/dogpride.nl\/wp-content\/uploads\/men_s_tops_-9-768x1106.jpg 768w, https:\/\/dogpride.nl\/wp-content\/uploads\/men_s_tops_-9-200x288.jpg 200w, https:\/\/dogpride.nl\/wp-content\/uploads\/men_s_tops_-9-600x864.jpg 600w, https:\/\/dogpride.nl\/wp-content\/uploads\/men_s_tops_-9-800x1152.jpg 800w\" sizes=\"auto, (max-width: 833px) 100vw, 833px\" \/><\/p>\n<p><a href=\"https:\/\/arrakoutdoor.com\/\" target=\"_blank\" rel=\"noopener\"><img loading=\"lazy\" decoding=\"async\" class=\"alignnone wp-image-139301 size-medium\" src=\"https:\/\/dogpride.nl\/wp-content\/uploads\/Arrak-300x118.jpeg\" alt=\"Logo\" width=\"300\" height=\"118\" srcset=\"https:\/\/dogpride.nl\/wp-content\/uploads\/Arrak-300x118.jpeg 300w, https:\/\/dogpride.nl\/wp-content\/uploads\/Arrak-768x303.jpeg 768w, https:\/\/dogpride.nl\/wp-content\/uploads\/Arrak-18x7.jpeg 18w, https:\/\/dogpride.nl\/wp-content\/uploads\/Arrak-250x99.jpeg 250w, https:\/\/dogpride.nl\/wp-content\/uploads\/Arrak-400x158.jpeg 400w, https:\/\/dogpride.nl\/wp-content\/uploads\/Arrak.jpeg 916w\" sizes=\"auto, (max-width: 300px) 100vw, 300px\" \/><\/a><\/p>\n<p><a href=\"https:\/\/dogpride.nl\/fr\/kleding\/jassen\/arrak-outdoor-jassen\/?product-page=1\"><img loading=\"lazy\" decoding=\"async\" class=\"alignnone\" title=\"Arrak Warmy Veste Homme Noir\" src=\"https:\/\/dogpride.nl\/wp-content\/uploads\/Arrak-Warmy-Jacket-Men-Black.jpg\" alt=\"Arrak Warmy Jacket Men Black\" width=\"319\" height=\"319\" \/><\/a><\/p>\n<p>&nbsp;<\/p>","protected":false},"excerpt":{"rendered":"<p>Une veste l\u00e9g\u00e8re douce et confortable en mati\u00e8re douce. Garni de duvet synth\u00e9tique. Poches avant zipp\u00e9es et 2 poches poitrine zipp\u00e9es dissimul\u00e9es. 2 poches int\u00e9rieures ouvertes. Poche tunnel \u00e0 l&#039;arri\u00e8re avec fermeture \u00e9clair.<\/p>","protected":false},"featured_media":145566,"template":"","meta":[],"product_brand":[],"product_cat":[24457],"product_tag":[3334,3200],"class_list":{"0":"post-145558","1":"product","2":"type-product","3":"status-publish","4":"has-post-thumbnail","6":"product_cat-arrak-outdoor-heren-jassen","7":"product_tag-arrak-outdoor","8":"product_tag-winterjas","10":"first","11":"instock","12":"taxable","13":"shipping-taxable","14":"purchasable","15":"product-type-variable"},"mb":[],"mfb_rest_fields":["title"],"_links":{"self":[{"href":"https:\/\/dogpride.nl\/fr\/wp-json\/wp\/v2\/product\/145558","targetHints":{"allow":["GET"]}}],"collection":[{"href":"https:\/\/dogpride.nl\/fr\/wp-json\/wp\/v2\/product"}],"about":[{"href":"https:\/\/dogpride.nl\/fr\/wp-json\/wp\/v2\/types\/product"}],"wp:featuredmedia":[{"embeddable":true,"href":"https:\/\/dogpride.nl\/fr\/wp-json\/wp\/v2\/media\/145566"}],"wp:attachment":[{"href":"https:\/\/dogpride.nl\/fr\/wp-json\/wp\/v2\/media?parent=145558"}],"wp:term":[{"taxonomy":"product_brand","embeddable":true,"href":"https:\/\/dogpride.nl\/fr\/wp-json\/wp\/v2\/product_brand?post=145558"},{"taxonomy":"product_cat","embeddable":true,"href":"https:\/\/dogpride.nl\/fr\/wp-json\/wp\/v2\/product_cat?post=145558"},{"taxonomy":"product_tag","embeddable":true,"href":"https:\/\/dogpride.nl\/fr\/wp-json\/wp\/v2\/product_tag?post=145558"}],"curies":[{"name":"wp","href":"https:\/\/api.w.org\/{rel}","templated":true}]}}