{"id":145548,"date":"2025-11-27T16:53:31","date_gmt":"2025-11-27T15:53:31","guid":{"rendered":"https:\/\/dogpride.nl\/?post_type=product&#038;p=145548"},"modified":"2026-02-19T12:41:49","modified_gmt":"2026-02-19T11:41:49","slug":"arrak-warmy-jacket-men-olive","status":"publish","type":"product","link":"https:\/\/dogpride.nl\/fr\/arrak-warmy-jacket-men-olive\/","title":{"rendered":"Arrak Warmy Veste Homme Olive"},"content":{"rendered":"<h4>Arrak Warmy Veste Homme Olive<\/h4>\n<p>Arrak Warmy Veste Homme Olive<\/p>\n<div class=\"woocommerce-tabs wc-tabs-wrapper\">\n<div id=\"tab-description\" class=\"woocommerce-Tabs-panel woocommerce-Tabs-panel--description panel entry-content wc-tab\" role=\"tabpanel\" aria-labelledby=\"tab-title-description\">\n<div class=\"post-content\">\n<p>Une veste l\u00e9g\u00e8re douce et confortable en mati\u00e8re souple. Garni de duvet synth\u00e9tique.<\/p>\n<p>Poches avant zipp\u00e9es et 2 poches poitrine zipp\u00e9es dissimul\u00e9es. 2 poches int\u00e9rieures ouvertes. Poche tunnel \u00e0 l&#039;arri\u00e8re avec fermeture \u00e9clair. La capuche est r\u00e9glable avec un cordon \u00e9lastique et un velcro. Fermeture \u00e9clair \u00e0 double sens sur le devant.<\/p>\n<p><strong>Caract\u00e9ristiques:<\/strong><\/p>\n<ul>\n<li>Tissu ext\u00e9rieur en nylon 100%<\/li>\n<li>Garni de duvet synth\u00e9tique<\/li>\n<li>Capuche ajustable<\/li>\n<li>Quatre poches avant zipp\u00e9es<\/li>\n<li>Deux poches int\u00e9rieures ouvertes<\/li>\n<li>Poche tunnel \u00e0 l&#039;arri\u00e8re avec fermeture \u00e9clair<\/li>\n<li>fermeture \u00e9clair \u00e0 double sens<\/li>\n<\/ul>\n<p><strong>Tableau des tailles:<\/strong><\/p>\n<p><img loading=\"lazy\" decoding=\"async\" class=\"alignnone size-full wp-image-95010 lazyautosizes lazyloaded\" src=\"https:\/\/www.dogpride.nl\/wp-content\/uploads\/men_s_tops_-9.jpg\" sizes=\"auto, 816px\" srcset=\"https:\/\/www.dogpride.nl\/wp-content\/uploads\/men_s_tops_-9-200x288.jpg 200w, https:\/\/www.dogpride.nl\/wp-content\/uploads\/men_s_tops_-9-208x300.jpg 208w, https:\/\/www.dogpride.nl\/wp-content\/uploads\/men_s_tops_-9-400x576.jpg 400w, https:\/\/www.dogpride.nl\/wp-content\/uploads\/men_s_tops_-9-600x864.jpg 600w, https:\/\/www.dogpride.nl\/wp-content\/uploads\/men_s_tops_-9-711x1024.jpg 711w, https:\/\/www.dogpride.nl\/wp-content\/uploads\/men_s_tops_-9-768x1106.jpg 768w, https:\/\/www.dogpride.nl\/wp-content\/uploads\/men_s_tops_-9-800x1152.jpg 800w, https:\/\/www.dogpride.nl\/wp-content\/uploads\/men_s_tops_-9.jpg 833w\" alt=\"Maattabel\" width=\"833\" height=\"1200\" data-orig-src=\"https:\/\/www.dogpride.nl\/wp-content\/uploads\/men_s_tops_-9.jpg\" data-srcset=\"https:\/\/www.dogpride.nl\/wp-content\/uploads\/men_s_tops_-9-200x288.jpg 200w, https:\/\/www.dogpride.nl\/wp-content\/uploads\/men_s_tops_-9-208x300.jpg 208w, https:\/\/www.dogpride.nl\/wp-content\/uploads\/men_s_tops_-9-400x576.jpg 400w, https:\/\/www.dogpride.nl\/wp-content\/uploads\/men_s_tops_-9-600x864.jpg 600w, https:\/\/www.dogpride.nl\/wp-content\/uploads\/men_s_tops_-9-711x1024.jpg 711w, https:\/\/www.dogpride.nl\/wp-content\/uploads\/men_s_tops_-9-768x1106.jpg 768w, https:\/\/www.dogpride.nl\/wp-content\/uploads\/men_s_tops_-9-800x1152.jpg 800w, https:\/\/www.dogpride.nl\/wp-content\/uploads\/men_s_tops_-9.jpg 833w\" data-sizes=\"auto\" data-orig-sizes=\"(max-width: 833px) 100vw, 833px\" \/><\/p>\n<p><a href=\"https:\/\/arrakoutdoor.com\/\" target=\"_blank\" rel=\"noopener\"><img loading=\"lazy\" decoding=\"async\" class=\"alignnone wp-image-139301 size-medium\" src=\"https:\/\/dogpride.nl\/wp-content\/uploads\/Arrak-300x118.jpeg\" alt=\"Logo\" width=\"300\" height=\"118\" srcset=\"https:\/\/dogpride.nl\/wp-content\/uploads\/Arrak-300x118.jpeg 300w, https:\/\/dogpride.nl\/wp-content\/uploads\/Arrak-768x303.jpeg 768w, https:\/\/dogpride.nl\/wp-content\/uploads\/Arrak-18x7.jpeg 18w, https:\/\/dogpride.nl\/wp-content\/uploads\/Arrak-250x99.jpeg 250w, https:\/\/dogpride.nl\/wp-content\/uploads\/Arrak-400x158.jpeg 400w, https:\/\/dogpride.nl\/wp-content\/uploads\/Arrak.jpeg 916w\" sizes=\"auto, (max-width: 300px) 100vw, 300px\" \/><\/a><\/p>\n<p><a href=\"https:\/\/dogpride.nl\/fr\/kleding\/jassen\/arrak-outdoor-jassen\/\"><img loading=\"lazy\" decoding=\"async\" class=\"alignnone\" title=\"Arrak Warmy Veste Homme Olive\" src=\"https:\/\/dogpride.nl\/wp-content\/uploads\/2142_olive_front2-150x150.jpg\" alt=\"Arrak Warmy Jacket Men Olive\" width=\"150\" height=\"150\" \/><\/a><\/p>\n<\/div>\n<\/div>\n<\/div>","protected":false},"excerpt":{"rendered":"<p>Une veste l\u00e9g\u00e8re douce et confortable en mati\u00e8re douce. Garni de duvet synth\u00e9tique. Poches avant zipp\u00e9es et 2 poches poitrine zipp\u00e9es dissimul\u00e9es. 2 poches int\u00e9rieures ouvertes. Poche tunnel \u00e0 l&#039;arri\u00e8re avec fermeture \u00e9clair.<\/p>","protected":false},"featured_media":95039,"template":"","meta":[],"product_brand":[],"product_cat":[24457],"product_tag":[3334,4140,3200],"class_list":{"0":"post-145548","1":"product","2":"type-product","3":"status-publish","4":"has-post-thumbnail","6":"product_cat-arrak-outdoor-heren-jassen","7":"product_tag-arrak-outdoor","8":"product_tag-warmy","9":"product_tag-winterjas","11":"first","12":"instock","13":"taxable","14":"shipping-taxable","15":"purchasable","16":"product-type-variable"},"mb":[],"mfb_rest_fields":["title"],"_links":{"self":[{"href":"https:\/\/dogpride.nl\/fr\/wp-json\/wp\/v2\/product\/145548","targetHints":{"allow":["GET"]}}],"collection":[{"href":"https:\/\/dogpride.nl\/fr\/wp-json\/wp\/v2\/product"}],"about":[{"href":"https:\/\/dogpride.nl\/fr\/wp-json\/wp\/v2\/types\/product"}],"wp:featuredmedia":[{"embeddable":true,"href":"https:\/\/dogpride.nl\/fr\/wp-json\/wp\/v2\/media\/95039"}],"wp:attachment":[{"href":"https:\/\/dogpride.nl\/fr\/wp-json\/wp\/v2\/media?parent=145548"}],"wp:term":[{"taxonomy":"product_brand","embeddable":true,"href":"https:\/\/dogpride.nl\/fr\/wp-json\/wp\/v2\/product_brand?post=145548"},{"taxonomy":"product_cat","embeddable":true,"href":"https:\/\/dogpride.nl\/fr\/wp-json\/wp\/v2\/product_cat?post=145548"},{"taxonomy":"product_tag","embeddable":true,"href":"https:\/\/dogpride.nl\/fr\/wp-json\/wp\/v2\/product_tag?post=145548"}],"curies":[{"name":"wp","href":"https:\/\/api.w.org\/{rel}","templated":true}]}}