{"id":14524,"date":"2019-12-12T15:33:19","date_gmt":"2019-12-12T14:33:19","guid":{"rendered":"https:\/\/dogpride1.wpengine.com\/product\/pride-all-weather-hondenlijn-geel-2\/"},"modified":"2025-10-28T11:55:37","modified_gmt":"2025-10-28T10:55:37","slug":"pride-all-weather-hondenlijn-geel","status":"publish","type":"product","link":"https:\/\/dogpride.nl\/fr\/pride-all-weather-hondenlijn-geel\/","title":{"rendered":"Laisse pour chien PRIDE All-Weather Jaune"},"content":{"rendered":"<h4>Laisse pour chien PRIDE All-Weather Jaune<\/h4>\n<p><span style=\"color: #000000; font-size: 13px;\">Cette laisse pour chien est fabriqu\u00e9e \u00e0 partir d&#039;un mat\u00e9riau r\u00e9volutionnaire qui est 100% imperm\u00e9able, reste doux, se nettoie en quelques secondes et est facile \u00e0 saisir (m\u00eame lorsqu&#039;il est mouill\u00e9). Nos ceintures toutes saisons ont l&#039;apparence et la sensation du cuir, mais avec une r\u00e9sistance sup\u00e9rieure et aucun entretien requis. Cette ligne a un crochet en aluminium solide.<\/span><\/p>\n<div style=\"color: #000000; font-size: 13px; text-align: left; text-decoration: none;\">\n<p>Avec des performances in\u00e9gal\u00e9es dans toutes les conditions m\u00e9t\u00e9orologiques, cette ceinture est un favori.<\/p>\n<p>Longueurs : 140 cm<\/p>\n<p>Largeur : 19 mm<\/p>\n<p>Couleur jaune<\/p>\n<p><a href=\"https:\/\/dogpride.nl\/fr\/lijnen-en-tuigjes-voor-honden\/pride-hondenlijnen\/\"><img loading=\"lazy\" decoding=\"async\" class=\"alignnone wp-image-136407 size-thumbnail\" src=\"https:\/\/dogpride.nl\/wp-content\/uploads\/PRIDE-All-Weather-hondenlijn-Geel-150x150.jpg\" alt=\"PRIDE All-Weather hondenlijn Geel\" width=\"150\" height=\"150\" srcset=\"https:\/\/dogpride.nl\/wp-content\/uploads\/PRIDE-All-Weather-hondenlijn-Geel-150x150.jpg 150w, https:\/\/dogpride.nl\/wp-content\/uploads\/PRIDE-All-Weather-hondenlijn-Geel-100x100.jpg 100w\" sizes=\"auto, (max-width: 150px) 100vw, 150px\" \/><\/a><\/p>\n<\/div>\n<p><a href=\"https:\/\/www.dogpride.eu\/\" target=\"_blank\" rel=\"noopener\"><img loading=\"lazy\" decoding=\"async\" class=\"alignnone wp-image-70657 size-medium\" src=\"https:\/\/dogpride.nl\/wp-content\/uploads\/Logo-Pride2-1-300x96.png\" alt=\"\" width=\"300\" height=\"96\" srcset=\"https:\/\/dogpride.nl\/wp-content\/uploads\/Logo-Pride2-1-300x96.png 300w, https:\/\/dogpride.nl\/wp-content\/uploads\/Logo-Pride2-1-250x80.png 250w, https:\/\/dogpride.nl\/wp-content\/uploads\/Logo-Pride2-1-200x64.png 200w, https:\/\/dogpride.nl\/wp-content\/uploads\/Logo-Pride2-1.png 327w\" sizes=\"auto, (max-width: 300px) 100vw, 300px\" \/><\/a><\/p>\n<p>&nbsp;<\/p>","protected":false},"excerpt":{"rendered":"<p>Laisse pour chien PRIDE All-Weather Jaune<\/p>","protected":false},"featured_media":20836,"template":"","meta":[],"product_brand":[],"product_cat":[192],"product_tag":[],"class_list":{"0":"post-14524","1":"product","2":"type-product","3":"status-publish","4":"has-post-thumbnail","6":"product_cat-pride-hondenlijnen","8":"first","9":"instock","10":"taxable","11":"shipping-taxable","12":"purchasable","13":"product-type-simple"},"mb":[],"mfb_rest_fields":["title"],"_links":{"self":[{"href":"https:\/\/dogpride.nl\/fr\/wp-json\/wp\/v2\/product\/14524","targetHints":{"allow":["GET"]}}],"collection":[{"href":"https:\/\/dogpride.nl\/fr\/wp-json\/wp\/v2\/product"}],"about":[{"href":"https:\/\/dogpride.nl\/fr\/wp-json\/wp\/v2\/types\/product"}],"wp:featuredmedia":[{"embeddable":true,"href":"https:\/\/dogpride.nl\/fr\/wp-json\/wp\/v2\/media\/20836"}],"wp:attachment":[{"href":"https:\/\/dogpride.nl\/fr\/wp-json\/wp\/v2\/media?parent=14524"}],"wp:term":[{"taxonomy":"product_brand","embeddable":true,"href":"https:\/\/dogpride.nl\/fr\/wp-json\/wp\/v2\/product_brand?post=14524"},{"taxonomy":"product_cat","embeddable":true,"href":"https:\/\/dogpride.nl\/fr\/wp-json\/wp\/v2\/product_cat?post=14524"},{"taxonomy":"product_tag","embeddable":true,"href":"https:\/\/dogpride.nl\/fr\/wp-json\/wp\/v2\/product_tag?post=14524"}],"curies":[{"name":"wp","href":"https:\/\/api.w.org\/{rel}","templated":true}]}}