{"id":1429,"date":"2019-06-08T14:41:21","date_gmt":"2019-06-08T12:41:21","guid":{"rendered":"https:\/\/dogpride1.wpengine.com\/?post_type=product&#038;p=1429"},"modified":"2026-02-24T12:41:46","modified_gmt":"2026-02-24T11:41:46","slug":"chuckit-fetch-medley-s-5-cm-3-pack","status":"publish","type":"product","link":"https:\/\/dogpride.nl\/fr\/chuckit-fetch-medley-s-5-cm-3-pack\/","title":{"rendered":"Chuckit Fetch Medley S 5 cm Lot de 3"},"content":{"rendered":"<h4><strong>Chuckit Fetch Medley S 5 cm Lot de 3<\/strong><\/h4>\n<p>Chuckit Fetch Medley S 5 cm Lot de 3<\/p>\n<p>Les trois balles les plus populaires de Chuckit ont \u00e9t\u00e9 r\u00e9unies dans le Chuckit Fetch Medley ! Dans ce medley vous trouverez une balle lumineuse (id\u00e9ale pour le noir), une balle rebondissante amusante qui vole dans tous les sens et une balle qui fait du bruit. Toutes les balles sont fabriqu\u00e9es en caoutchouc durable et leur taille les rend adapt\u00e9es aux lanceurs de balles Chuckit de taille Small.<\/p>\n<p><a href=\"https:\/\/www.amazon.nl\/\" target=\"_blank\" rel=\"noopener\"><img loading=\"lazy\" decoding=\"async\" class=\"alignnone\" src=\"https:\/\/dogpride.nl\/wp-content\/uploads\/Chuckit-Fetch-Medley3-5-150x150.jpg\" alt=\"Chuckit Fetch Medley S 5 cm 3 Pack\" width=\"150\" height=\"150\" \/><\/a><\/p>\n<ul>\n<li>3 balles diff\u00e9rentes<\/li>\n<li>Fabriqu\u00e9 en caoutchouc r\u00e9sistant<\/li>\n<li>Peut \u00eatre combin\u00e9 avec les lanceurs de balles Chuckit S<\/li>\n<\/ul>\n<p><strong>Dimensions<\/strong><br \/>\ndiam\u00e8tre 5cm<\/p>\n<p><a href=\"https:\/\/dogpride.nl\/fr\/speelgoed\/ballen-apporteren\/?product-page=6\"><img loading=\"lazy\" decoding=\"async\" class=\"alignnone\" title=\"Chuckit Fetch Medley S 5 cm Lot de 3\" src=\"https:\/\/dogpride.nl\/wp-content\/uploads\/Chuckit-Fetch-Medley3-5-150x150.jpg\" alt=\"Chuckit Fetch Medley S 5 cm 3 Pack\" width=\"150\" height=\"150\" \/><\/a><\/p>\n<p>&nbsp;<\/p>","protected":false},"excerpt":{"rendered":"<p>Les trois balles les plus populaires de Chuckit ont \u00e9t\u00e9 r\u00e9unies dans le Chuckit Fetch Medley ! Dans ce medley vous trouverez une balle lumineuse (id\u00e9ale pour le noir), une balle rebondissante amusante qui vole dans tous les sens et une balle qui fait du bruit.<\/p>","protected":false},"featured_media":22962,"template":"","meta":[],"product_brand":[],"product_cat":[22514],"product_tag":[],"class_list":{"0":"post-1429","1":"product","2":"type-product","3":"status-publish","4":"has-post-thumbnail","6":"product_cat-chuckit","8":"first","9":"instock","10":"taxable","11":"shipping-taxable","12":"purchasable","13":"product-type-simple"},"mb":[],"mfb_rest_fields":["title"],"_links":{"self":[{"href":"https:\/\/dogpride.nl\/fr\/wp-json\/wp\/v2\/product\/1429","targetHints":{"allow":["GET"]}}],"collection":[{"href":"https:\/\/dogpride.nl\/fr\/wp-json\/wp\/v2\/product"}],"about":[{"href":"https:\/\/dogpride.nl\/fr\/wp-json\/wp\/v2\/types\/product"}],"wp:featuredmedia":[{"embeddable":true,"href":"https:\/\/dogpride.nl\/fr\/wp-json\/wp\/v2\/media\/22962"}],"wp:attachment":[{"href":"https:\/\/dogpride.nl\/fr\/wp-json\/wp\/v2\/media?parent=1429"}],"wp:term":[{"taxonomy":"product_brand","embeddable":true,"href":"https:\/\/dogpride.nl\/fr\/wp-json\/wp\/v2\/product_brand?post=1429"},{"taxonomy":"product_cat","embeddable":true,"href":"https:\/\/dogpride.nl\/fr\/wp-json\/wp\/v2\/product_cat?post=1429"},{"taxonomy":"product_tag","embeddable":true,"href":"https:\/\/dogpride.nl\/fr\/wp-json\/wp\/v2\/product_tag?post=1429"}],"curies":[{"name":"wp","href":"https:\/\/api.w.org\/{rel}","templated":true}]}}