{"id":1420,"date":"2019-06-07T16:02:29","date_gmt":"2019-06-07T14:02:29","guid":{"rendered":"https:\/\/dogpride1.wpengine.com\/?post_type=product&#038;p=1420"},"modified":"2025-10-29T13:03:58","modified_gmt":"2025-10-29T12:03:58","slug":"pride-bruin-lederen-gevoerde-halsband-30-mm","status":"publish","type":"product","link":"https:\/\/dogpride.nl\/fr\/pride-bruin-lederen-gevoerde-halsband-30-mm\/","title":{"rendered":"PRIDE Collier rembourr\u00e9 en cuir marron 30 mm"},"content":{"rendered":"<h4>PRIDE Collier rembourr\u00e9 en cuir marron 30 mm<\/h4>\n<p>PRIDE Collier rembourr\u00e9 en cuir marron 30 mm<\/p>\n<p style=\"color: #000000; font-size: 13px; text-align: left; text-decoration: none;\">Ce collier pour chien rembourr\u00e9 en cuir r\u00e9glable et tr\u00e8s durable est fabriqu\u00e9 en cuir robuste \u00e0 2 \u00e9paisseurs de haute qualit\u00e9 et poss\u00e8de une boucle et un anneau en laiton.<br \/>\nCe collier est tr\u00e8s solide et convient \u00e0 toutes les races moyennes et grandes.<\/p>\n<div style=\"color: #000000; font-size: 13px; text-align: left; text-decoration: none;\"><span style=\"color: #000000; background-color: #ffffff; font-size: 13px; text-align: left; display: inline; float: none; text-decoration: none;\">La laisse peut \u00eatre attach\u00e9e \u00e0 l&#039;anneau en D moul\u00e9.<\/span><\/div>\n<div><\/div>\n<div><span style=\"color: #000000; background-color: #ffffff; font-size: 13px; text-align: left; display: inline !important; float: none; text-decoration: none;\">La doublure ajoute environ 5 mm ou un peu plus \u00e0 la largeur du col de chaque c\u00f4t\u00e9. Ainsi, un collier d&#039;une largeur de 30 mm aura une largeur r\u00e9elle d&#039;environ 40 mm.<\/span><\/div>\n<div style=\"color: #000000; font-size: 13px; text-align: left; text-decoration: none;\"><\/div>\n<div style=\"color: #000000; font-size: 13px; text-align: left; text-decoration: none;\">Essayez notre collier solide pour une utilisation confortable, fiable et durable et un look \u00e9l\u00e9gant pour votre chien. Votre animal de compagnie m\u00e9rite la meilleure qualit\u00e9 !<\/div>\n<div style=\"color: #000000; font-size: 13px; text-align: left; text-decoration: none;\"><\/div>\n<div style=\"color: #000000; font-size: 13px; text-align: left; text-decoration: none;\">Bon collier pour <span style=\"color: #000000; background-color: #ffffff; font-size: 13px; text-align: left; display: inline; float: none; text-decoration: none;\">moyen et grand <\/span> races de chiens de cuir brun fort.<\/div>\n<div style=\"color: #000000; font-size: 13px; text-align: left; text-decoration: none;\">Mati\u00e8re : Cuir souple<br \/>\nCouleur marron<\/div>\n<div>Couleur doublure : rouge ou vert<\/div>\n<div>Boucle et anneau en laiton<\/div>\n<div style=\"color: #000000; font-size: 13px; text-align: left; text-decoration: none;\">\n<p>Largeur : 30 mm<\/p>\n<p>Dimensions: <span style=\"color: #000000; background-color: #ffffff; font-size: 10pt; text-align: left; display: inline !important; float: none; text-decoration: none;\">M-3,0 x 52 cm <\/span><\/p>\n<\/div>\n<div>\u00a0 \u00a0 \u00a0 \u00a0 \u00a0 \u00a0 \u00a0 \u00a0 \u00a0 \u00a0 \u00a0<span style=\"color: #000000; font-size: 10pt;\"> \u00a0<span style=\"background-color: #ffffff; text-align: left; display: inline !important; float: none; text-decoration: none;\">L-3,0 x 62 cm<\/span><\/span><\/div>\n<div><\/div>\n<div><a href=\"https:\/\/www.dogpride.eu\/\" target=\"_blank\" rel=\"noopener\"><img loading=\"lazy\" decoding=\"async\" class=\"alignnone wp-image-70657 size-medium\" src=\"https:\/\/dogpride.nl\/wp-content\/uploads\/Logo-Pride2-1-300x96.png\" alt=\"\" width=\"300\" height=\"96\" srcset=\"https:\/\/dogpride.nl\/wp-content\/uploads\/Logo-Pride2-1-300x96.png 300w, https:\/\/dogpride.nl\/wp-content\/uploads\/Logo-Pride2-1-250x80.png 250w, https:\/\/dogpride.nl\/wp-content\/uploads\/Logo-Pride2-1-200x64.png 200w, https:\/\/dogpride.nl\/wp-content\/uploads\/Logo-Pride2-1.png 327w\" sizes=\"auto, (max-width: 300px) 100vw, 300px\" \/><\/a><\/div>\n<div><a href=\"https:\/\/dogpride.nl\/fr\/pride-bruin-lederen-gevoerde-halsband-30-mm\/\"><img loading=\"lazy\" decoding=\"async\" class=\"alignnone wp-image-136975\" src=\"https:\/\/dogpride.nl\/wp-content\/uploads\/PRIDE-Bruin-lederen-gevoerde-halsband-30-mm.jpg\" alt=\"PRIDE Bruin lederen gevoerde halsband 30 mm\" width=\"306\" height=\"229\" srcset=\"https:\/\/dogpride.nl\/wp-content\/uploads\/PRIDE-Bruin-lederen-gevoerde-halsband-30-mm.jpg 1707w, https:\/\/dogpride.nl\/wp-content\/uploads\/PRIDE-Bruin-lederen-gevoerde-halsband-30-mm-300x225.jpg 300w, https:\/\/dogpride.nl\/wp-content\/uploads\/PRIDE-Bruin-lederen-gevoerde-halsband-30-mm-1024x768.jpg 1024w, https:\/\/dogpride.nl\/wp-content\/uploads\/PRIDE-Bruin-lederen-gevoerde-halsband-30-mm-768x576.jpg 768w, https:\/\/dogpride.nl\/wp-content\/uploads\/PRIDE-Bruin-lederen-gevoerde-halsband-30-mm-1536x1152.jpg 1536w, https:\/\/dogpride.nl\/wp-content\/uploads\/PRIDE-Bruin-lederen-gevoerde-halsband-30-mm-16x12.jpg 16w, https:\/\/dogpride.nl\/wp-content\/uploads\/PRIDE-Bruin-lederen-gevoerde-halsband-30-mm-250x187.jpg 250w, https:\/\/dogpride.nl\/wp-content\/uploads\/PRIDE-Bruin-lederen-gevoerde-halsband-30-mm-400x300.jpg 400w\" sizes=\"auto, (max-width: 306px) 100vw, 306px\" \/><\/a><\/div>\n<div>\n<p>&nbsp;<\/p>\n<\/div>","protected":false},"excerpt":{"rendered":"<p>PRIDE Collier rembourr\u00e9 en cuir marron 30 mm<\/p>","protected":false},"featured_media":22951,"template":"","meta":[],"product_brand":[],"product_cat":[90],"product_tag":[8486,8254,6349,3332,10823,10759,10780,10824,4866,10825,3157,7444,3389],"class_list":{"0":"post-1420","1":"product","2":"type-product","3":"status-publish","4":"has-post-thumbnail","6":"product_cat-pride-hondenhalsbanden","7":"product_tag-comfortabel","8":"product_tag-duurzaam","9":"product_tag-hondenhalsband","10":"product_tag-hondensport","11":"product_tag-luxe-accessoire","12":"product_tag-pride-collectie","13":"product_tag-pride-halsband","14":"product_tag-robuust","15":"product_tag-sterke-halsband","16":"product_tag-stijlvol","17":"product_tag-training","18":"product_tag-verstelbaar","19":"product_tag-werkhond","21":"first","22":"instock","23":"taxable","24":"shipping-taxable","25":"purchasable","26":"product-type-variable"},"mb":[],"mfb_rest_fields":["title"],"_links":{"self":[{"href":"https:\/\/dogpride.nl\/fr\/wp-json\/wp\/v2\/product\/1420","targetHints":{"allow":["GET"]}}],"collection":[{"href":"https:\/\/dogpride.nl\/fr\/wp-json\/wp\/v2\/product"}],"about":[{"href":"https:\/\/dogpride.nl\/fr\/wp-json\/wp\/v2\/types\/product"}],"wp:featuredmedia":[{"embeddable":true,"href":"https:\/\/dogpride.nl\/fr\/wp-json\/wp\/v2\/media\/22951"}],"wp:attachment":[{"href":"https:\/\/dogpride.nl\/fr\/wp-json\/wp\/v2\/media?parent=1420"}],"wp:term":[{"taxonomy":"product_brand","embeddable":true,"href":"https:\/\/dogpride.nl\/fr\/wp-json\/wp\/v2\/product_brand?post=1420"},{"taxonomy":"product_cat","embeddable":true,"href":"https:\/\/dogpride.nl\/fr\/wp-json\/wp\/v2\/product_cat?post=1420"},{"taxonomy":"product_tag","embeddable":true,"href":"https:\/\/dogpride.nl\/fr\/wp-json\/wp\/v2\/product_tag?post=1420"}],"curies":[{"name":"wp","href":"https:\/\/api.w.org\/{rel}","templated":true}]}}