{"id":1418,"date":"2019-06-07T15:49:29","date_gmt":"2019-06-07T13:49:29","guid":{"rendered":"https:\/\/dogpride1.wpengine.com\/?post_type=product&#038;p=1418"},"modified":"2025-10-29T13:04:20","modified_gmt":"2025-10-29T12:04:20","slug":"pride-bruin-lederen-comfort-halsband-30-mm","status":"publish","type":"product","link":"https:\/\/dogpride.nl\/fr\/pride-bruin-lederen-comfort-halsband-30-mm\/","title":{"rendered":"PRIDE Collier de confort en cuir marron 30 mm"},"content":{"rendered":"<h4>PRIDE Collier de confort en cuir marron 30 mm<\/h4>\n<p>PRIDE Collier de confort en cuir marron 30 mm<\/p>\n<p style=\"color: #000000; font-size: 13px; text-align: left; text-decoration: none;\">Ce collier de chien en cuir r\u00e9glable tr\u00e8s r\u00e9sistant est fabriqu\u00e9 en cuir 2 couches de haute qualit\u00e9.<br \/>\nCe collier est tr\u00e8s solide et convient \u00e0 toutes les races moyennes et grandes.<\/p>\n<div style=\"color: #000000; font-size: 13px; text-align: left; text-decoration: none;\"><span style=\"color: #000000; background-color: #ffffff; font-size: 13px; text-align: left; display: inline; float: none; text-decoration: none;\">La laisse peut \u00eatre attach\u00e9e \u00e0 l&#039;anneau en D moul\u00e9.<\/span><\/div>\n<div style=\"color: #000000; font-size: 13px; text-align: left; text-decoration: none;\"><\/div>\n<div style=\"color: #000000; font-size: 13px; text-align: left; text-decoration: none;\">Essayez notre collier solide pour une utilisation confortable, fiable et durable et un look \u00e9l\u00e9gant pour votre chien. Votre animal de compagnie m\u00e9rite la meilleure qualit\u00e9 !<\/div>\n<div style=\"color: #000000; font-size: 13px; text-align: left; text-decoration: none;\"><\/div>\n<div style=\"color: #000000; font-size: 13px; text-align: left; text-decoration: none;\">Bon collier pour <span style=\"color: #000000; background-color: #ffffff; font-size: 13px; text-align: left; display: inline; float: none; text-decoration: none;\">moyen et grand <\/span> races de chiens de cuir brun fort.<\/div>\n<div style=\"color: #000000; font-size: 13px; text-align: left; text-decoration: none;\">Mod\u00e8le : CL-026<br \/>\nMati\u00e8re : cuir souple avec boucle et anneau en laiton<br \/>\nCouleur marron<\/div>\n<div style=\"color: #000000; font-size: 13px; text-align: left; text-decoration: none;\">\n<p>Largeur : 30 mm<\/p>\n<p>Dimensions\u00a0: 3,0 x<span style=\"color: #000000; background-color: #ffffff; font-size: 10pt; text-align: left; display: inline; float: none; text-decoration: none;\"> 56cm<\/span><\/p>\n<\/div>\n<div><\/div>\n<div><a href=\"https:\/\/www.dogpride.eu\/\" target=\"_blank\" rel=\"noopener\"><img loading=\"lazy\" decoding=\"async\" class=\"alignnone wp-image-70657 size-medium\" src=\"https:\/\/dogpride.nl\/wp-content\/uploads\/Logo-Pride2-1-300x96.png\" alt=\"\" width=\"300\" height=\"96\" srcset=\"https:\/\/dogpride.nl\/wp-content\/uploads\/Logo-Pride2-1-300x96.png 300w, https:\/\/dogpride.nl\/wp-content\/uploads\/Logo-Pride2-1-250x80.png 250w, https:\/\/dogpride.nl\/wp-content\/uploads\/Logo-Pride2-1-200x64.png 200w, https:\/\/dogpride.nl\/wp-content\/uploads\/Logo-Pride2-1.png 327w\" sizes=\"auto, (max-width: 300px) 100vw, 300px\" \/><\/a><\/div>\n<div><a href=\"https:\/\/dogpride.nl\/fr\/pride-bruin-lederen-comfort-halsband-30-mm\/\"><img loading=\"lazy\" decoding=\"async\" class=\"alignnone wp-image-136976\" src=\"https:\/\/dogpride.nl\/wp-content\/uploads\/PRIDE-Bruin-lederen-comfort-halsband-30-mm.jpg\" alt=\"PRIDE Bruin lederen comfort halsband 30 mm\" width=\"272\" height=\"181\" srcset=\"https:\/\/dogpride.nl\/wp-content\/uploads\/PRIDE-Bruin-lederen-comfort-halsband-30-mm.jpg 900w, https:\/\/dogpride.nl\/wp-content\/uploads\/PRIDE-Bruin-lederen-comfort-halsband-30-mm-300x200.jpg 300w, https:\/\/dogpride.nl\/wp-content\/uploads\/PRIDE-Bruin-lederen-comfort-halsband-30-mm-768x512.jpg 768w, https:\/\/dogpride.nl\/wp-content\/uploads\/PRIDE-Bruin-lederen-comfort-halsband-30-mm-18x12.jpg 18w, https:\/\/dogpride.nl\/wp-content\/uploads\/PRIDE-Bruin-lederen-comfort-halsband-30-mm-250x167.jpg 250w, https:\/\/dogpride.nl\/wp-content\/uploads\/PRIDE-Bruin-lederen-comfort-halsband-30-mm-400x267.jpg 400w\" sizes=\"auto, (max-width: 272px) 100vw, 272px\" \/><\/a><\/div>\n<div>\n<p>&nbsp;<\/p>\n<\/div>","protected":false},"excerpt":{"rendered":"<p>Collier de confort PRIDE en cuir marron 30 mm. Bon collier pour chiens de moyennes et grandes races en cuir marron r\u00e9sistant.<\/p>","protected":false},"featured_media":19969,"template":"","meta":[],"product_brand":[],"product_cat":[90],"product_tag":[8486,8254,6349,3332,10823,10759,10780,10824,4866,10825,3157,7444,3389],"class_list":{"0":"post-1418","1":"product","2":"type-product","3":"status-publish","4":"has-post-thumbnail","6":"product_cat-pride-hondenhalsbanden","7":"product_tag-comfortabel","8":"product_tag-duurzaam","9":"product_tag-hondenhalsband","10":"product_tag-hondensport","11":"product_tag-luxe-accessoire","12":"product_tag-pride-collectie","13":"product_tag-pride-halsband","14":"product_tag-robuust","15":"product_tag-sterke-halsband","16":"product_tag-stijlvol","17":"product_tag-training","18":"product_tag-verstelbaar","19":"product_tag-werkhond","21":"first","22":"instock","23":"taxable","24":"shipping-taxable","25":"purchasable","26":"product-type-simple"},"mb":[],"mfb_rest_fields":["title"],"_links":{"self":[{"href":"https:\/\/dogpride.nl\/fr\/wp-json\/wp\/v2\/product\/1418","targetHints":{"allow":["GET"]}}],"collection":[{"href":"https:\/\/dogpride.nl\/fr\/wp-json\/wp\/v2\/product"}],"about":[{"href":"https:\/\/dogpride.nl\/fr\/wp-json\/wp\/v2\/types\/product"}],"wp:featuredmedia":[{"embeddable":true,"href":"https:\/\/dogpride.nl\/fr\/wp-json\/wp\/v2\/media\/19969"}],"wp:attachment":[{"href":"https:\/\/dogpride.nl\/fr\/wp-json\/wp\/v2\/media?parent=1418"}],"wp:term":[{"taxonomy":"product_brand","embeddable":true,"href":"https:\/\/dogpride.nl\/fr\/wp-json\/wp\/v2\/product_brand?post=1418"},{"taxonomy":"product_cat","embeddable":true,"href":"https:\/\/dogpride.nl\/fr\/wp-json\/wp\/v2\/product_cat?post=1418"},{"taxonomy":"product_tag","embeddable":true,"href":"https:\/\/dogpride.nl\/fr\/wp-json\/wp\/v2\/product_tag?post=1418"}],"curies":[{"name":"wp","href":"https:\/\/api.w.org\/{rel}","templated":true}]}}