{"id":1417,"date":"2019-06-07T15:38:56","date_gmt":"2019-06-07T13:38:56","guid":{"rendered":"https:\/\/dogpride1.wpengine.com\/?post_type=product&#038;p=1417"},"modified":"2025-10-29T13:06:20","modified_gmt":"2025-10-29T12:06:20","slug":"pride-lederen-gevoerde-half-strop-halsband","status":"publish","type":"product","link":"https:\/\/dogpride.nl\/fr\/pride-lederen-gevoerde-half-strop-halsband\/","title":{"rendered":"Collier demi-n\u0153ud rembourr\u00e9 PRIDE en cuir"},"content":{"rendered":"<h4>Collier demi-n\u0153ud rembourr\u00e9 PRIDE en cuir<\/h4>\n<p>Collier demi-n\u0153ud rembourr\u00e9 PRIDE en cuir<\/p>\n<p><span style=\"color: #000000; background-color: #ffffff; font-size: 13px; text-align: left; display: inline !important; float: none; text-decoration: none;\">Deze PRIDE Lederen gevoerde half-strop halsband is een perfecte keuze voor een betrouwbare tool voor controle over een middelgrote tot grote hond.<\/span><\/p>\n<p><span style=\"color: #000000; background-color: #ffffff; font-size: 13px; text-align: left; display: inline !important; float: none; text-decoration: none;\">Nous utilisons du cuir de haute qualit\u00e9 pour vous fournir un bon service, tout en conservant son apparence et sa durabilit\u00e9. <\/span><br style=\"color: #000000; font-size: 13px; text-align: left; text-decoration: none;\" \/><span style=\"color: #000000; background-color: #ffffff; font-size: 13px; text-align: left; display: inline !important; float: none; text-decoration: none;\">Ce collier en cuir est un outil confortable pour promener et dresser les chiens. Il est confortable d&#039;attraper votre chien en cas de besoin, lors d&#039;une s\u00e9ance d&#039;entra\u00eenement ou en public pour le garder pr\u00e8s de vous.<\/span><\/p>\n<h4>Kenmerken PRIDE Lederen gevoerde half-strop halsband:<\/h4>\n<p>Conception simple, rapide et efficace de la demi-bretelle<br \/>\nLe m\u00e9canisme de s\u00e9curit\u00e9 pour attacher la laisse prot\u00e8ge la gorge du chien et \u00e9vite les contraintes sur la serrure lorsque le chien tire.<br \/>\nDoublure douce pour un confort sup\u00e9rieur.<\/p>\n<p>La doublure ajoute environ 5 mm ou un peu plus \u00e0 la largeur du col de chaque c\u00f4t\u00e9. Ainsi, un collier d&#039;une largeur de 22 mm a une largeur r\u00e9elle d&#039;environ 32 mm.<\/p>\n<p>Essayez notre collier solide pour une utilisation confortable, fiable et durable et un look \u00e9l\u00e9gant pour votre chien. Votre animal de compagnie m\u00e9rite la meilleure qualit\u00e9 !<\/p>\n<ul>\n<li>Mat\u00e9riel: Cuir<\/li>\n<li>Couleur marron<\/li>\n<li>Doublure de couleur : Rouge.<\/li>\n<li>Cha\u00eene et anneaux en acier inoxydable<\/li>\n<\/ul>\n<p><strong>Largeur : 22 mm<\/strong><\/p>\n<h4>Dimensions:<\/h4>\n<ul>\n<li>MEDIUM &#8211; 42 &#8211; 49 cm<\/li>\n<li>GRAND \u2013 48 \u2013 55 cm<\/li>\n<li>XL \u2013 54 \u2013 61 cm<\/li>\n<\/ul>\n<p>&nbsp;<\/p>\n<p><a href=\"https:\/\/www.dogpride.eu\/\" target=\"_blank\" rel=\"noopener\"><img loading=\"lazy\" decoding=\"async\" class=\"alignnone wp-image-70657 size-medium\" src=\"https:\/\/dogpride.nl\/wp-content\/uploads\/Logo-Pride2-1-300x96.png\" alt=\"PRIDE\" width=\"300\" height=\"96\" srcset=\"https:\/\/dogpride.nl\/wp-content\/uploads\/Logo-Pride2-1-300x96.png 300w, https:\/\/dogpride.nl\/wp-content\/uploads\/Logo-Pride2-1-250x80.png 250w, https:\/\/dogpride.nl\/wp-content\/uploads\/Logo-Pride2-1-200x64.png 200w, https:\/\/dogpride.nl\/wp-content\/uploads\/Logo-Pride2-1.png 327w\" sizes=\"auto, (max-width: 300px) 100vw, 300px\" \/><\/a><\/p>\n<p><a href=\"https:\/\/dogpride.nl\/fr\/pride-lederen-gevoerde-half-strop-halsband\/\"><img loading=\"lazy\" decoding=\"async\" class=\"alignnone wp-image-136978\" src=\"https:\/\/dogpride.nl\/wp-content\/uploads\/PRIDE-Lederen-gevoerde-half-strop-halsband.jpg\" alt=\"PRIDE Lederen gevoerde half-strop halsband\" width=\"351\" height=\"263\" srcset=\"https:\/\/dogpride.nl\/wp-content\/uploads\/PRIDE-Lederen-gevoerde-half-strop-halsband.jpg 960w, https:\/\/dogpride.nl\/wp-content\/uploads\/PRIDE-Lederen-gevoerde-half-strop-halsband-300x225.jpg 300w, https:\/\/dogpride.nl\/wp-content\/uploads\/PRIDE-Lederen-gevoerde-half-strop-halsband-768x576.jpg 768w, https:\/\/dogpride.nl\/wp-content\/uploads\/PRIDE-Lederen-gevoerde-half-strop-halsband-16x12.jpg 16w, https:\/\/dogpride.nl\/wp-content\/uploads\/PRIDE-Lederen-gevoerde-half-strop-halsband-250x188.jpg 250w, https:\/\/dogpride.nl\/wp-content\/uploads\/PRIDE-Lederen-gevoerde-half-strop-halsband-400x300.jpg 400w\" sizes=\"auto, (max-width: 351px) 100vw, 351px\" \/><\/a><\/p>\n<p>&nbsp;<\/p>","protected":false},"excerpt":{"rendered":"<p><span style=\"color: #000000; background-color: #ffffff; font-size: 13px; text-align: left; display: inline !important; float: none; text-decoration: none;\">Ce collier \u00e0 demi-sangle rembourr\u00e9 en cuir est un choix parfait pour un outil fiable pour le contr\u00f4le d&#039;un chien de taille moyenne \u00e0 grande.<\/span><\/p>","protected":false},"featured_media":22947,"template":"","meta":[],"product_brand":[],"product_cat":[90],"product_tag":[8486,8254,6349,3332,10823,10759,10780,10824,4866,10825,3157,7444,3389],"class_list":{"0":"post-1417","1":"product","2":"type-product","3":"status-publish","4":"has-post-thumbnail","6":"product_cat-pride-hondenhalsbanden","7":"product_tag-comfortabel","8":"product_tag-duurzaam","9":"product_tag-hondenhalsband","10":"product_tag-hondensport","11":"product_tag-luxe-accessoire","12":"product_tag-pride-collectie","13":"product_tag-pride-halsband","14":"product_tag-robuust","15":"product_tag-sterke-halsband","16":"product_tag-stijlvol","17":"product_tag-training","18":"product_tag-verstelbaar","19":"product_tag-werkhond","21":"first","22":"instock","23":"taxable","24":"shipping-taxable","25":"purchasable","26":"product-type-variable"},"mb":[],"mfb_rest_fields":["title"],"_links":{"self":[{"href":"https:\/\/dogpride.nl\/fr\/wp-json\/wp\/v2\/product\/1417","targetHints":{"allow":["GET"]}}],"collection":[{"href":"https:\/\/dogpride.nl\/fr\/wp-json\/wp\/v2\/product"}],"about":[{"href":"https:\/\/dogpride.nl\/fr\/wp-json\/wp\/v2\/types\/product"}],"wp:featuredmedia":[{"embeddable":true,"href":"https:\/\/dogpride.nl\/fr\/wp-json\/wp\/v2\/media\/22947"}],"wp:attachment":[{"href":"https:\/\/dogpride.nl\/fr\/wp-json\/wp\/v2\/media?parent=1417"}],"wp:term":[{"taxonomy":"product_brand","embeddable":true,"href":"https:\/\/dogpride.nl\/fr\/wp-json\/wp\/v2\/product_brand?post=1417"},{"taxonomy":"product_cat","embeddable":true,"href":"https:\/\/dogpride.nl\/fr\/wp-json\/wp\/v2\/product_cat?post=1417"},{"taxonomy":"product_tag","embeddable":true,"href":"https:\/\/dogpride.nl\/fr\/wp-json\/wp\/v2\/product_tag?post=1417"}],"curies":[{"name":"wp","href":"https:\/\/api.w.org\/{rel}","templated":true}]}}