{"id":1414,"date":"2019-06-07T14:47:00","date_gmt":"2019-06-07T12:47:00","guid":{"rendered":"https:\/\/dogpride1.wpengine.com\/?post_type=product&#038;p=1414"},"modified":"2025-10-27T15:03:14","modified_gmt":"2025-10-27T14:03:14","slug":"pride-bruin-lederen-halsband-xxl-voor-grote-honden","status":"publish","type":"product","link":"https:\/\/dogpride.nl\/fr\/pride-bruin-lederen-halsband-xxl-voor-grote-honden\/","title":{"rendered":"PRIDE Collier en cuir marron XXL pour grands chiens"},"content":{"rendered":"<h4>PRIDE Collier en cuir marron XXL pour grands chiens<\/h4>\n<div style=\"color: #000000; font-size: 13px; text-align: left; text-decoration: none;\">Ce collier en cuir tr\u00e8s r\u00e9sistant est fait de cuir solide \u00e0 2 couches de haute qualit\u00e9 et est tr\u00e8s solide et convient aux grandes races fortes.<\/div>\n<div style=\"color: #000000; font-size: 13px; text-align: left; text-decoration: none;\"><span style=\"color: #000000; background-color: #ffffff; font-size: 13px; text-align: left; display: inline; float: none; text-decoration: none;\">La laisse peut \u00eatre attach\u00e9e \u00e0 l&#039;anneau en D moul\u00e9.<\/span><\/div>\n<div style=\"color: #000000; font-size: 13px; text-align: left; text-decoration: none;\"><\/div>\n<div style=\"color: #000000; font-size: 13px; text-align: left; text-decoration: none;\">Essayez notre collier solide pour une utilisation confortable, fiable et durable et un look \u00e9l\u00e9gant pour votre chien. Votre animal de compagnie m\u00e9rite la meilleure qualit\u00e9 !<\/div>\n<div style=\"color: #000000; font-size: 13px; text-align: left; text-decoration: none;\"><\/div>\n<div style=\"color: #000000; font-size: 13px; text-align: left; text-decoration: none;\">Bon collier pour chiens de races moyennes et grandes (GSD) en cuir marron r\u00e9sistant.<\/div>\n<div style=\"color: #000000; font-size: 13px; text-align: left; text-decoration: none;\">Mod\u00e8le : CL-042<br \/>\nMat\u00e9riel: Cuir<br \/>\nKleur: bruinAfmetingen: 5,0 x 75 cm<\/div>\n<div><a href=\"https:\/\/www.dogpride.eu\/\" target=\"_blank\" rel=\"noopener\"><img loading=\"lazy\" decoding=\"async\" class=\"alignnone wp-image-70657 size-medium\" src=\"https:\/\/dogpride.nl\/wp-content\/uploads\/Logo-Pride2-1-300x96.png\" alt=\"\" width=\"300\" height=\"96\" srcset=\"https:\/\/dogpride.nl\/wp-content\/uploads\/Logo-Pride2-1-300x96.png 300w, https:\/\/dogpride.nl\/wp-content\/uploads\/Logo-Pride2-1-250x80.png 250w, https:\/\/dogpride.nl\/wp-content\/uploads\/Logo-Pride2-1-200x64.png 200w, https:\/\/dogpride.nl\/wp-content\/uploads\/Logo-Pride2-1.png 327w\" sizes=\"auto, (max-width: 300px) 100vw, 300px\" \/><\/a><\/div>\n<div><a href=\"https:\/\/dogpride.nl\/fr\/pride-bruin-lederen-halsband-xxl-voor-grote-honden\/\"><img loading=\"lazy\" decoding=\"async\" class=\"alignnone wp-image-136985\" title=\"PRIDE Collier en cuir marron XXL pour grands chiens\" src=\"https:\/\/dogpride.nl\/wp-content\/uploads\/PRIDE-Bruin-lederen-halsband-XXL-voor-grote-honden.jpg\" alt=\"PRIDE Bruin lederen halsband XXL voor grote honden\" width=\"356\" height=\"237\" srcset=\"https:\/\/dogpride.nl\/wp-content\/uploads\/PRIDE-Bruin-lederen-halsband-XXL-voor-grote-honden.jpg 900w, https:\/\/dogpride.nl\/wp-content\/uploads\/PRIDE-Bruin-lederen-halsband-XXL-voor-grote-honden-300x200.jpg 300w, https:\/\/dogpride.nl\/wp-content\/uploads\/PRIDE-Bruin-lederen-halsband-XXL-voor-grote-honden-768x512.jpg 768w, https:\/\/dogpride.nl\/wp-content\/uploads\/PRIDE-Bruin-lederen-halsband-XXL-voor-grote-honden-18x12.jpg 18w, https:\/\/dogpride.nl\/wp-content\/uploads\/PRIDE-Bruin-lederen-halsband-XXL-voor-grote-honden-250x167.jpg 250w, https:\/\/dogpride.nl\/wp-content\/uploads\/PRIDE-Bruin-lederen-halsband-XXL-voor-grote-honden-400x267.jpg 400w\" sizes=\"auto, (max-width: 356px) 100vw, 356px\" \/><\/a><\/div>\n<div>\n<p>&nbsp;<\/p>\n<\/div>","protected":false},"excerpt":{"rendered":"<p>Collier en cuir marron XXL PRIDE pour grands chiens. Bon collier pour chiens de races moyennes et grandes (GSD) en cuir marron r\u00e9sistant.<\/p>","protected":false},"featured_media":19968,"template":"","meta":[],"product_brand":[],"product_cat":[90],"product_tag":[8486,8254,6349,3332,10823,10759,10780,10824,4866,10825,3157,7444,3389],"class_list":{"0":"post-1414","1":"product","2":"type-product","3":"status-publish","4":"has-post-thumbnail","6":"product_cat-pride-hondenhalsbanden","7":"product_tag-comfortabel","8":"product_tag-duurzaam","9":"product_tag-hondenhalsband","10":"product_tag-hondensport","11":"product_tag-luxe-accessoire","12":"product_tag-pride-collectie","13":"product_tag-pride-halsband","14":"product_tag-robuust","15":"product_tag-sterke-halsband","16":"product_tag-stijlvol","17":"product_tag-training","18":"product_tag-verstelbaar","19":"product_tag-werkhond","21":"first","22":"instock","23":"taxable","24":"shipping-taxable","25":"purchasable","26":"product-type-simple"},"mb":[],"mfb_rest_fields":["title"],"_links":{"self":[{"href":"https:\/\/dogpride.nl\/fr\/wp-json\/wp\/v2\/product\/1414","targetHints":{"allow":["GET"]}}],"collection":[{"href":"https:\/\/dogpride.nl\/fr\/wp-json\/wp\/v2\/product"}],"about":[{"href":"https:\/\/dogpride.nl\/fr\/wp-json\/wp\/v2\/types\/product"}],"wp:featuredmedia":[{"embeddable":true,"href":"https:\/\/dogpride.nl\/fr\/wp-json\/wp\/v2\/media\/19968"}],"wp:attachment":[{"href":"https:\/\/dogpride.nl\/fr\/wp-json\/wp\/v2\/media?parent=1414"}],"wp:term":[{"taxonomy":"product_brand","embeddable":true,"href":"https:\/\/dogpride.nl\/fr\/wp-json\/wp\/v2\/product_brand?post=1414"},{"taxonomy":"product_cat","embeddable":true,"href":"https:\/\/dogpride.nl\/fr\/wp-json\/wp\/v2\/product_cat?post=1414"},{"taxonomy":"product_tag","embeddable":true,"href":"https:\/\/dogpride.nl\/fr\/wp-json\/wp\/v2\/product_tag?post=1414"}],"curies":[{"name":"wp","href":"https:\/\/api.w.org\/{rel}","templated":true}]}}