{"id":1407,"date":"2019-06-07T14:07:00","date_gmt":"2019-06-07T12:07:00","guid":{"rendered":"https:\/\/dogpride1.wpengine.com\/?post_type=product&#038;p=1407"},"modified":"2025-10-29T13:12:17","modified_gmt":"2025-10-29T12:12:17","slug":"pride-lederen-trainingshalsband-met-handvat","status":"publish","type":"product","link":"https:\/\/dogpride.nl\/fr\/pride-lederen-trainingshalsband-met-handvat\/","title":{"rendered":"Collier de dressage en cuir PRIDE avec poign\u00e9e"},"content":{"rendered":"<h4>Collier de dressage en cuir PRIDE avec poign\u00e9e<\/h4>\n<p>Collier de dressage en cuir PRIDE avec poign\u00e9e<\/p>\n<div>\n<div style=\"color: #000000; font-size: 13px; text-align: left; text-decoration: none;\">\n<p>Ce collier d&#039;entra\u00eenement en cuir tr\u00e8s r\u00e9sistant avec poign\u00e9e est fabriqu\u00e9 en cuir 2 couches de haute qualit\u00e9.<\/p>\n<\/div>\n<div style=\"color: #000000; font-size: 13px; text-align: left; text-decoration: none;\">Une poign\u00e9e solide vous aide \u00e0 contr\u00f4ler votre chien facilement et rapidement sur de courtes distances. La poign\u00e9e est tr\u00e8s solide et convient aux races grandes et fortes.<\/div>\n<div style=\"color: #000000; font-size: 13px; text-align: left; text-decoration: none;\"><span style=\"color: #000000; background-color: #ffffff; font-size: 13px; text-align: left; display: inline; float: none; text-decoration: none;\">La laisse peut \u00eatre attach\u00e9e \u00e0 l&#039;anneau en D moul\u00e9.<\/span><\/div>\n<div style=\"color: #000000; font-size: 13px; text-align: left; text-decoration: none;\"><\/div>\n<div style=\"color: #000000; font-size: 13px; text-align: left; text-decoration: none;\">Essayez notre collier solide pour une utilisation confortable, fiable et durable et un look \u00e9l\u00e9gant pour votre chien. Votre animal de compagnie m\u00e9rite la meilleure qualit\u00e9 !<\/div>\n<div style=\"color: #000000; font-size: 13px; text-align: left; text-decoration: none;\"><\/div>\n<div style=\"color: #000000; font-size: 13px; text-align: left; text-decoration: none;\">Bon collier pour chiens de moyennes et grandes races (GSD) en cuir solide noir et rouge.<\/div>\n<div style=\"color: #000000; font-size: 13px; text-align: left; text-decoration: none;\">Mod\u00e8le : CL-007<br \/>\nMat\u00e9riel: Cuir<br \/>\nCouleur : noir et rouge<\/div>\n<div style=\"color: #000000; font-size: 13px; text-align: left; text-decoration: none;\">Dimensions:<\/div>\n<ul>\n<li style=\"color: #000000; font-size: 13px; text-align: left; text-decoration: none;\">PETIT 3,0 x 55 cm<br \/>\nMOYEN 3,5 x 60 cm<br \/>\nGRAND 4,0 x 55 cm<br \/>\nTR\u00c8S GRAND 5,0 x 70 cm<\/li>\n<\/ul>\n<\/div>\n<div><\/div>\n<div><a href=\"https:\/\/www.dogpride.eu\/\" target=\"_blank\" rel=\"noopener\"><img loading=\"lazy\" decoding=\"async\" class=\"alignnone wp-image-70657 size-medium\" src=\"https:\/\/dogpride.nl\/wp-content\/uploads\/Logo-Pride2-1-300x96.png\" alt=\"\" width=\"300\" height=\"96\" srcset=\"https:\/\/dogpride.nl\/wp-content\/uploads\/Logo-Pride2-1-300x96.png 300w, https:\/\/dogpride.nl\/wp-content\/uploads\/Logo-Pride2-1-250x80.png 250w, https:\/\/dogpride.nl\/wp-content\/uploads\/Logo-Pride2-1-200x64.png 200w, https:\/\/dogpride.nl\/wp-content\/uploads\/Logo-Pride2-1.png 327w\" sizes=\"auto, (max-width: 300px) 100vw, 300px\" \/><\/a><\/div>\n<div><a href=\"https:\/\/dogpride.nl\/fr\/pride-lederen-trainingshalsband-met-handvat\/\"><img loading=\"lazy\" decoding=\"async\" class=\"alignnone wp-image-137000\" src=\"https:\/\/dogpride.nl\/wp-content\/uploads\/PRIDE-Lederen-trainingshalsband-met-handvat.jpg\" alt=\"PRIDE Lederen trainingshalsband met handvat\" width=\"357\" height=\"238\" srcset=\"https:\/\/dogpride.nl\/wp-content\/uploads\/PRIDE-Lederen-trainingshalsband-met-handvat.jpg 900w, https:\/\/dogpride.nl\/wp-content\/uploads\/PRIDE-Lederen-trainingshalsband-met-handvat-300x200.jpg 300w, https:\/\/dogpride.nl\/wp-content\/uploads\/PRIDE-Lederen-trainingshalsband-met-handvat-768x512.jpg 768w, https:\/\/dogpride.nl\/wp-content\/uploads\/PRIDE-Lederen-trainingshalsband-met-handvat-18x12.jpg 18w, https:\/\/dogpride.nl\/wp-content\/uploads\/PRIDE-Lederen-trainingshalsband-met-handvat-250x167.jpg 250w, https:\/\/dogpride.nl\/wp-content\/uploads\/PRIDE-Lederen-trainingshalsband-met-handvat-400x267.jpg 400w\" sizes=\"auto, (max-width: 357px) 100vw, 357px\" \/><\/a><\/div>\n<div>\n<p>&nbsp;<\/p>\n<\/div>","protected":false},"excerpt":{"rendered":"<p>Collier de dressage PRIDE en cuir avec poign\u00e9e - noir et rouge. Ce collier d&#039;entra\u00eenement tr\u00e8s r\u00e9sistant avec poign\u00e9e est fabriqu\u00e9 en cuir 2 couches de haute qualit\u00e9.<\/p>","protected":false},"featured_media":22921,"template":"","meta":[],"product_brand":[],"product_cat":[90],"product_tag":[8486,8254,6349,3332,10823,10759,10780,10824,4866,10825,3157,7444,3389],"class_list":{"0":"post-1407","1":"product","2":"type-product","3":"status-publish","4":"has-post-thumbnail","6":"product_cat-pride-hondenhalsbanden","7":"product_tag-comfortabel","8":"product_tag-duurzaam","9":"product_tag-hondenhalsband","10":"product_tag-hondensport","11":"product_tag-luxe-accessoire","12":"product_tag-pride-collectie","13":"product_tag-pride-halsband","14":"product_tag-robuust","15":"product_tag-sterke-halsband","16":"product_tag-stijlvol","17":"product_tag-training","18":"product_tag-verstelbaar","19":"product_tag-werkhond","21":"first","22":"instock","23":"taxable","24":"shipping-taxable","25":"purchasable","26":"product-type-variable"},"mb":[],"mfb_rest_fields":["title"],"_links":{"self":[{"href":"https:\/\/dogpride.nl\/fr\/wp-json\/wp\/v2\/product\/1407","targetHints":{"allow":["GET"]}}],"collection":[{"href":"https:\/\/dogpride.nl\/fr\/wp-json\/wp\/v2\/product"}],"about":[{"href":"https:\/\/dogpride.nl\/fr\/wp-json\/wp\/v2\/types\/product"}],"wp:featuredmedia":[{"embeddable":true,"href":"https:\/\/dogpride.nl\/fr\/wp-json\/wp\/v2\/media\/22921"}],"wp:attachment":[{"href":"https:\/\/dogpride.nl\/fr\/wp-json\/wp\/v2\/media?parent=1407"}],"wp:term":[{"taxonomy":"product_brand","embeddable":true,"href":"https:\/\/dogpride.nl\/fr\/wp-json\/wp\/v2\/product_brand?post=1407"},{"taxonomy":"product_cat","embeddable":true,"href":"https:\/\/dogpride.nl\/fr\/wp-json\/wp\/v2\/product_cat?post=1407"},{"taxonomy":"product_tag","embeddable":true,"href":"https:\/\/dogpride.nl\/fr\/wp-json\/wp\/v2\/product_tag?post=1407"}],"curies":[{"name":"wp","href":"https:\/\/api.w.org\/{rel}","templated":true}]}}