{"id":1406,"date":"2019-06-07T13:57:36","date_gmt":"2019-06-07T11:57:36","guid":{"rendered":"https:\/\/dogpride1.wpengine.com\/?post_type=product&#038;p=1406"},"modified":"2025-11-08T17:22:16","modified_gmt":"2025-11-08T16:22:16","slug":"pride-rood-lederen-halsband-met-handvat","status":"publish","type":"product","link":"https:\/\/dogpride.nl\/fr\/pride-rood-lederen-halsband-met-handvat\/","title":{"rendered":"PRIDE Collier pour chien en cuir rouge avec poign\u00e9e"},"content":{"rendered":"<h4>PRIDE Collier pour chien en cuir rouge avec poign\u00e9e<\/h4>\n<p>PRIDE Collier pour chien en cuir rouge avec poign\u00e9e<\/p>\n<div style=\"color: #000000; font-size: 13px; text-align: left; text-decoration: none;\">\n<p>Ce collier en cuir rouge tr\u00e8s r\u00e9sistant avec poign\u00e9e est fait de cuir solide \u00e0 2 couches de haute qualit\u00e9.<\/p>\n<\/div>\n<div style=\"color: #000000; font-size: 13px; text-align: left; text-decoration: none;\">Une poign\u00e9e solide vous aide \u00e0 contr\u00f4ler votre chien facilement et rapidement sur de courtes distances. La poign\u00e9e est tr\u00e8s solide et convient aux races grandes et fortes.<\/div>\n<div style=\"color: #000000; font-size: 13px; text-align: left; text-decoration: none;\"><span style=\"color: #000000; background-color: #ffffff; font-size: 13px; text-align: left; display: inline; float: none; text-decoration: none;\">La laisse peut \u00eatre attach\u00e9e \u00e0 l&#039;anneau en D moul\u00e9.<\/span><\/div>\n<div style=\"color: #000000; font-size: 13px; text-align: left; text-decoration: none;\"><\/div>\n<div style=\"color: #000000; font-size: 13px; text-align: left; text-decoration: none;\">Essayez notre collier solide pour une utilisation confortable, fiable et durable et un look \u00e9l\u00e9gant pour votre chien. Votre animal de compagnie m\u00e9rite la meilleure qualit\u00e9 !<\/div>\n<div style=\"color: #000000; font-size: 13px; text-align: left; text-decoration: none;\"><\/div>\n<div style=\"color: #000000; font-size: 13px; text-align: left; text-decoration: none;\">Bon collier pour chiens de moyennes et grandes races en cuir rouge solide.<\/div>\n<div style=\"color: #000000; font-size: 13px; text-align: left; text-decoration: none;\">Mannequin: <span style=\"color: #000000; background-color: #ffffff; font-size: 10pt; text-align: left; display: inline !important; float: none; text-decoration: none;\">CL-047<\/span><br \/>\nMat\u00e9riel: Cuir<br \/>\nLa couleur rouge<\/div>\n<div style=\"color: #000000; font-size: 13px; text-align: left; text-decoration: none;\">Dimensions:<\/div>\n<ul>\n<li>SMALL\u00a0 \u00a0 \u00a0 \u00a02,5 x 50 cm<\/li>\n<li>MOYEN 3,0 x 55 cm<\/li>\n<li>GRAND 3,5 x 60 cm<\/li>\n<li>TR\u00c8S GRAND 4,0 x 50 cm<\/li>\n<\/ul>\n<div><\/div>\n<div><a href=\"https:\/\/www.dogpride.eu\/\" target=\"_blank\" rel=\"noopener\"><img loading=\"lazy\" decoding=\"async\" class=\"alignnone wp-image-70657 size-medium\" title=\"PRIDE Collier pour chien en cuir rouge avec poign\u00e9e\" src=\"https:\/\/dogpride.nl\/wp-content\/uploads\/Logo-Pride2-1-300x96.png\" alt=\"PRIDE Rood lederen halsband met handvat\" width=\"300\" height=\"96\" srcset=\"https:\/\/dogpride.nl\/wp-content\/uploads\/Logo-Pride2-1-300x96.png 300w, https:\/\/dogpride.nl\/wp-content\/uploads\/Logo-Pride2-1-250x80.png 250w, https:\/\/dogpride.nl\/wp-content\/uploads\/Logo-Pride2-1-200x64.png 200w, https:\/\/dogpride.nl\/wp-content\/uploads\/Logo-Pride2-1.png 327w\" sizes=\"auto, (max-width: 300px) 100vw, 300px\" \/><\/a><\/div>\n<div><a href=\"https:\/\/dogpride.nl\/fr\/pride-rood-lederen-halsband-met-handvat\/\"><img loading=\"lazy\" decoding=\"async\" class=\"alignnone wp-image-137002\" title=\"PRIDE Collier pour chien en cuir rouge avec poign\u00e9e\" src=\"https:\/\/dogpride.nl\/wp-content\/uploads\/PRIDE-Rood-lederen-halsband-met-handvat.jpg\" alt=\"PRIDE Rood lederen halsband met handvat\" width=\"276\" height=\"184\" srcset=\"https:\/\/dogpride.nl\/wp-content\/uploads\/PRIDE-Rood-lederen-halsband-met-handvat.jpg 900w, https:\/\/dogpride.nl\/wp-content\/uploads\/PRIDE-Rood-lederen-halsband-met-handvat-300x200.jpg 300w, https:\/\/dogpride.nl\/wp-content\/uploads\/PRIDE-Rood-lederen-halsband-met-handvat-768x512.jpg 768w, https:\/\/dogpride.nl\/wp-content\/uploads\/PRIDE-Rood-lederen-halsband-met-handvat-18x12.jpg 18w, https:\/\/dogpride.nl\/wp-content\/uploads\/PRIDE-Rood-lederen-halsband-met-handvat-250x167.jpg 250w, https:\/\/dogpride.nl\/wp-content\/uploads\/PRIDE-Rood-lederen-halsband-met-handvat-400x267.jpg 400w\" sizes=\"auto, (max-width: 276px) 100vw, 276px\" \/><\/a><\/div>\n<div>\n<p>&nbsp;<\/p>\n<\/div>\n<div><\/div>","protected":false},"excerpt":{"rendered":"<p>Collier pour chien PRIDE en cuir rouge avec poign\u00e9e. Ce collier en cuir rouge tr\u00e8s r\u00e9sistant avec poign\u00e9e est fait de cuir solide \u00e0 2 couches de haute qualit\u00e9.<\/p>","protected":false},"featured_media":22918,"template":"","meta":[],"product_brand":[],"product_cat":[90],"product_tag":[8486,8254,5238,4867,6349,3332,4919,10823,4865,10759,10780,10824,2995,4866,10825,3157,7444,3389],"class_list":{"0":"post-1406","1":"product","2":"type-product","3":"status-publish","4":"has-post-thumbnail","6":"product_cat-pride-hondenhalsbanden","7":"product_tag-comfortabel","8":"product_tag-duurzaam","9":"product_tag-halsband","10":"product_tag-handvat","11":"product_tag-hondenhalsband","12":"product_tag-hondensport","13":"product_tag-lederen","14":"product_tag-luxe-accessoire","15":"product_tag-pride","16":"product_tag-pride-collectie","17":"product_tag-pride-halsband","18":"product_tag-robuust","19":"product_tag-rood","20":"product_tag-sterke-halsband","21":"product_tag-stijlvol","22":"product_tag-training","23":"product_tag-verstelbaar","24":"product_tag-werkhond","26":"first","27":"instock","28":"taxable","29":"shipping-taxable","30":"purchasable","31":"product-type-variable"},"mb":[],"mfb_rest_fields":["title"],"_links":{"self":[{"href":"https:\/\/dogpride.nl\/fr\/wp-json\/wp\/v2\/product\/1406","targetHints":{"allow":["GET"]}}],"collection":[{"href":"https:\/\/dogpride.nl\/fr\/wp-json\/wp\/v2\/product"}],"about":[{"href":"https:\/\/dogpride.nl\/fr\/wp-json\/wp\/v2\/types\/product"}],"wp:featuredmedia":[{"embeddable":true,"href":"https:\/\/dogpride.nl\/fr\/wp-json\/wp\/v2\/media\/22918"}],"wp:attachment":[{"href":"https:\/\/dogpride.nl\/fr\/wp-json\/wp\/v2\/media?parent=1406"}],"wp:term":[{"taxonomy":"product_brand","embeddable":true,"href":"https:\/\/dogpride.nl\/fr\/wp-json\/wp\/v2\/product_brand?post=1406"},{"taxonomy":"product_cat","embeddable":true,"href":"https:\/\/dogpride.nl\/fr\/wp-json\/wp\/v2\/product_cat?post=1406"},{"taxonomy":"product_tag","embeddable":true,"href":"https:\/\/dogpride.nl\/fr\/wp-json\/wp\/v2\/product_tag?post=1406"}],"curies":[{"name":"wp","href":"https:\/\/api.w.org\/{rel}","templated":true}]}}