{"id":1404,"date":"2019-06-07T12:44:13","date_gmt":"2019-06-07T10:44:13","guid":{"rendered":"https:\/\/dogpride1.wpengine.com\/?post_type=product&#038;p=1404"},"modified":"2025-10-29T13:17:11","modified_gmt":"2025-10-29T12:17:11","slug":"pride-lederen-halsband-met-handvat","status":"publish","type":"product","link":"https:\/\/dogpride.nl\/fr\/pride-lederen-halsband-met-handvat\/","title":{"rendered":"Collier en cuir PRIDE avec poign\u00e9e"},"content":{"rendered":"<h4>Collier en cuir PRIDE avec poign\u00e9e<\/h4>\n<p>Collier en cuir PRIDE avec poign\u00e9e<\/p>\n<p>Collier de travail en cuir noir avec poign\u00e9e en cuir solide. Convient pour la promenade et le dressage des chiens.<\/p>\n<p>Ce collier en cuir est tr\u00e8s r\u00e9sistant et est fabriqu\u00e9 en cuir 2 couches de haute qualit\u00e9.<\/p>\n<p>Une poign\u00e9e solide vous aide \u00e0 contr\u00f4ler votre chien facilement et rapidement sur de courtes distances. La poign\u00e9e est tr\u00e8s solide et convient aux races grandes et fortes.<\/p>\n<p>La laisse peut \u00eatre attach\u00e9e \u00e0 l&#039;anneau en D moul\u00e9.<\/p>\n<p>Probeer PRIDE Lederen halsband met handvat voor comfortabel, betrouwbaar en langdurig gebruik en een stijlvolle uitstraling van uw hond. Je huisdier verdient de beste kwaliteit!<\/p>\n<p>Mod\u00e8le : CL-006<br \/>\nMat\u00e9riel: Cuir<br \/>\nLa couleur noire<\/p>\n<p><strong>Dimensions: <\/strong><\/p>\n<ul>\n<li>MOYEN 2,5 x 50 cm<\/li>\n<li>GRAND 3,5 x 60 cm<\/li>\n<li>TR\u00c8S GRAND 4,0 x 60 cm<\/li>\n<li>TTG 5 x 60 cm<\/li>\n<\/ul>\n<p>&nbsp;<\/p>\n<p><a href=\"https:\/\/www.dogpride.eu\/\" target=\"_blank\" rel=\"noopener\"><img loading=\"lazy\" decoding=\"async\" class=\"alignnone wp-image-70657 size-medium\" src=\"https:\/\/dogpride.nl\/wp-content\/uploads\/Logo-Pride2-1-300x96.png\" alt=\"PRIDE\" width=\"300\" height=\"96\" srcset=\"https:\/\/dogpride.nl\/wp-content\/uploads\/Logo-Pride2-1-300x96.png 300w, https:\/\/dogpride.nl\/wp-content\/uploads\/Logo-Pride2-1-250x80.png 250w, https:\/\/dogpride.nl\/wp-content\/uploads\/Logo-Pride2-1-200x64.png 200w, https:\/\/dogpride.nl\/wp-content\/uploads\/Logo-Pride2-1.png 327w\" sizes=\"auto, (max-width: 300px) 100vw, 300px\" \/><\/a><\/p>\n<p><a href=\"https:\/\/dogpride.nl\/fr\/pride-lederen-halsband-met-handvat\/\"><img loading=\"lazy\" decoding=\"async\" class=\"alignnone wp-image-137010\" src=\"https:\/\/dogpride.nl\/wp-content\/uploads\/PRIDE-Lederen-halsband-met-handvat.jpg\" alt=\"PRIDE Lederen halsband met handvat\" width=\"266\" height=\"177\" srcset=\"https:\/\/dogpride.nl\/wp-content\/uploads\/PRIDE-Lederen-halsband-met-handvat.jpg 600w, https:\/\/dogpride.nl\/wp-content\/uploads\/PRIDE-Lederen-halsband-met-handvat-300x200.jpg 300w, https:\/\/dogpride.nl\/wp-content\/uploads\/PRIDE-Lederen-halsband-met-handvat-18x12.jpg 18w, https:\/\/dogpride.nl\/wp-content\/uploads\/PRIDE-Lederen-halsband-met-handvat-250x167.jpg 250w, https:\/\/dogpride.nl\/wp-content\/uploads\/PRIDE-Lederen-halsband-met-handvat-400x267.jpg 400w\" sizes=\"auto, (max-width: 266px) 100vw, 266px\" \/><\/a><\/p>\n<p>&nbsp;<\/p>","protected":false},"excerpt":{"rendered":"<p>Collier de travail en cuir noir avec poign\u00e9e en cuir solide. Convient pour la promenade et le dressage des chiens. Une poign\u00e9e solide vous aide \u00e0 contr\u00f4ler votre chien facilement et rapidement sur de courtes distances. La poign\u00e9e est tr\u00e8s solide et convient aux races grandes et fortes.<\/p>","protected":false},"featured_media":22914,"template":"","meta":[],"product_brand":[],"product_cat":[90],"product_tag":[8486,8254,5238,4867,6349,3332,4919,10823,4865,10759,10780,10824,4866,10825,3157,7444,3389],"class_list":{"0":"post-1404","1":"product","2":"type-product","3":"status-publish","4":"has-post-thumbnail","6":"product_cat-pride-hondenhalsbanden","7":"product_tag-comfortabel","8":"product_tag-duurzaam","9":"product_tag-halsband","10":"product_tag-handvat","11":"product_tag-hondenhalsband","12":"product_tag-hondensport","13":"product_tag-lederen","14":"product_tag-luxe-accessoire","15":"product_tag-pride","16":"product_tag-pride-collectie","17":"product_tag-pride-halsband","18":"product_tag-robuust","19":"product_tag-sterke-halsband","20":"product_tag-stijlvol","21":"product_tag-training","22":"product_tag-verstelbaar","23":"product_tag-werkhond","25":"first","26":"instock","27":"taxable","28":"shipping-taxable","29":"purchasable","30":"product-type-variable"},"mb":[],"mfb_rest_fields":["title"],"_links":{"self":[{"href":"https:\/\/dogpride.nl\/fr\/wp-json\/wp\/v2\/product\/1404","targetHints":{"allow":["GET"]}}],"collection":[{"href":"https:\/\/dogpride.nl\/fr\/wp-json\/wp\/v2\/product"}],"about":[{"href":"https:\/\/dogpride.nl\/fr\/wp-json\/wp\/v2\/types\/product"}],"wp:featuredmedia":[{"embeddable":true,"href":"https:\/\/dogpride.nl\/fr\/wp-json\/wp\/v2\/media\/22914"}],"wp:attachment":[{"href":"https:\/\/dogpride.nl\/fr\/wp-json\/wp\/v2\/media?parent=1404"}],"wp:term":[{"taxonomy":"product_brand","embeddable":true,"href":"https:\/\/dogpride.nl\/fr\/wp-json\/wp\/v2\/product_brand?post=1404"},{"taxonomy":"product_cat","embeddable":true,"href":"https:\/\/dogpride.nl\/fr\/wp-json\/wp\/v2\/product_cat?post=1404"},{"taxonomy":"product_tag","embeddable":true,"href":"https:\/\/dogpride.nl\/fr\/wp-json\/wp\/v2\/product_tag?post=1404"}],"curies":[{"name":"wp","href":"https:\/\/api.w.org\/{rel}","templated":true}]}}