{"id":140163,"date":"2025-11-03T14:54:45","date_gmt":"2025-11-03T13:54:45","guid":{"rendered":"https:\/\/dogpride.nl\/?post_type=product&#038;p=140163"},"modified":"2025-11-04T13:07:44","modified_gmt":"2025-11-04T12:07:44","slug":"mmc-narcotic-test-case-40","status":"publish","type":"product","link":"https:\/\/dogpride.nl\/fr\/mmc-narcotic-test-case-40\/","title":{"rendered":"MMC Narcotic Test Case 40"},"content":{"rendered":"<h4>MMC Narcotic Test Case 40<\/h4>\n<p>MMC Narcotic Test Case 40<\/p>\n<p><strong>Shoulder strap included<\/strong><\/p>\n<p><strong>You may compile your own contents of test packs at checkout.<\/strong><\/p>\n<p><strong>You may choose from:<a href=\"http:\/\/shop.narcotictests.com\/products\/narcotic-field-tests\/\" target=\"_blank\" rel=\"noopener\">\u00a0Narcotic Tests<\/a>\u00a0and\u00a0<a href=\"http:\/\/shop.narcotictests.com\/products\/precursor-field-tests\/\" target=\"_blank\" rel=\"noopener\">Precursor Tests<\/a>.<\/strong><\/p>\n<p>If you do not fill out the configuration, we will supply the default kit as below:<\/p>\n<figure id=\"attachment_140669\" aria-describedby=\"caption-attachment-140669\" style=\"width: 145px\" class=\"wp-caption alignnone\"><a href=\"https:\/\/dogpride.nl\/fr\/k9\/drugs-alcohol-explosieven-tests\/mmc-narcotic-field-test-kits\/\"><img loading=\"lazy\" decoding=\"async\" class=\"wp-image-140669\" title=\"MMC Narcotic Test Case 40\" src=\"https:\/\/dogpride.nl\/wp-content\/uploads\/narcotic-test-case-40.jpg\" alt=\"MMC Narcotic Test Case 40\" width=\"145\" height=\"97\" srcset=\"https:\/\/dogpride.nl\/wp-content\/uploads\/narcotic-test-case-40.jpg 400w, https:\/\/dogpride.nl\/wp-content\/uploads\/narcotic-test-case-40-300x200.jpg 300w, https:\/\/dogpride.nl\/wp-content\/uploads\/narcotic-test-case-40-18x12.jpg 18w, https:\/\/dogpride.nl\/wp-content\/uploads\/narcotic-test-case-40-250x167.jpg 250w\" sizes=\"auto, (max-width: 145px) 100vw, 145px\" \/><\/a><figcaption id=\"caption-attachment-140669\" class=\"wp-caption-text\">039<\/figcaption><\/figure>\n<p><strong>Default c<\/strong><strong>ontents of this strong carrying case:<\/strong><\/p>\n<p>&nbsp;<\/p>\n<table border=\"1\" cellspacing=\"1\" cellpadding=\"1\">\n<tbody>\n<tr>\n<td>4 x\u00a0<a href=\"http:\/\/shop.narcotictests.com\/products\/narcotic-field-tests\/cocaine-crack-test\/details\" target=\"_blank\" rel=\"noopener\">ocaine\/Crack Test<\/a>\u00a010\/box<\/td>\n<td>4 x\u00a0<a href=\"http:\/\/shop.narcotictests.com\/products\/narcotic-field-tests\/opiates-amphetamines-test\/details\" target=\"_blank\" rel=\"noopener\">Opiates\/Amphetamines test<\/a>\u00a010\/box<\/td>\n<\/tr>\n<tr>\n<td>4 x\u00a0<a href=\"http:\/\/shop.narcotictests.com\/products\/narcotic-field-tests\/crystal-meth-xtc-test\/details\" target=\"_blank\" rel=\"noopener\">Crystal Meth \/ XTC test<\/a>\u00a010\/box<\/td>\n<td>3 x\u00a0<a href=\"http:\/\/shop.narcotictests.com\/products\/narcotic-field-tests\/cannabis-marijuana-test\/details\" target=\"_blank\" rel=\"noopener\">Cannabis (Marihuana) test<\/a>\u00a010\/box<\/td>\n<\/tr>\n<tr>\n<td>3 x\u00a0<a href=\"http:\/\/shop.narcotictests.com\/products\/narcotic-field-tests\/heroin-test\/details\" target=\"_blank\" rel=\"noopener\">Heroin test<\/a>\u00a010\/box<\/td>\n<td>3 x\u00a0<a href=\"http:\/\/shop.narcotictests.com\/products\/narcotic-field-tests\/barbiturates-test\/details\" target=\"_blank\" rel=\"noopener\">Barbiturates test<\/a>\u00a010\/box<\/td>\n<\/tr>\n<tr>\n<td>3 x\u00a0<a href=\"http:\/\/shop.narcotictests.com\/products\/narcotic-field-tests\/m-h-test\/details\" target=\"_blank\" rel=\"noopener\">Morphine\/Heroin test<\/a>\u00a010\/box<\/td>\n<td>3 x\u00a0<a href=\"http:\/\/shop.narcotictests.com\/products\/narcotic-field-tests\/methadone-test\/details\" target=\"_blank\" rel=\"noopener\">Methadone test<\/a>\u00a010\/box<\/td>\n<\/tr>\n<tr>\n<td>1 x\u00a0<a href=\"http:\/\/shop.narcotictests.com\/products\/narcotic-field-tests\/methaqualone-test\/details\" target=\"_blank\" rel=\"noopener\">Methaqualone test<\/a>\u00a010\/box<\/td>\n<td>1 x\u00a0<a href=\"http:\/\/shop.narcotictests.com\/products\/narcotic-field-tests\/fentanyl-oxycodone-heroin-morphine-codeine-test\/details\" target=\"_blank\" rel=\"noopener\">Fentanyl\/Oxycodone, Heroine\/Morphine, Codeine test<\/a>\u00a010\/box<\/td>\n<\/tr>\n<tr>\n<td>2 x\u00a0<a href=\"http:\/\/shop.narcotictests.com\/products\/narcotic-field-tests\/lsd-test\/details\" target=\"_blank\" rel=\"noopener\">LSD test<\/a>\u00a010\/box<\/td>\n<td>1 x\u00a0<a href=\"http:\/\/shop.narcotictests.com\/products\/narcotic-field-tests\/ephedrine-test\/details\" target=\"_blank\" rel=\"noopener\">Ephedrine test<\/a>\u00a010\/box<\/td>\n<\/tr>\n<tr>\n<td>2 x\u00a0<a href=\"http:\/\/shop.narcotictests.com\/products\/narcotic-field-tests\/ketamine-test\/details\" target=\"_blank\" rel=\"noopener\">Ketamine test<\/a>\u00a010\/box<\/td>\n<td>1 x\u00a0<a href=\"http:\/\/shop.narcotictests.com\/products\/narcotic-field-tests\/pcp-test\/details\" target=\"_blank\" rel=\"noopener\">PCP test<\/a>\u00a010\/box<\/td>\n<\/tr>\n<tr>\n<td>2 x\u00a0<a href=\"http:\/\/shop.narcotictests.com\/products\/narcotic-field-tests\/ghb-test\/details\" target=\"_blank\" rel=\"noopener\">GHB test<\/a>\u00a010\/box<\/td>\n<td>1 x\u00a0<a href=\"http:\/\/shop.narcotictests.com\/products\/narcotic-field-tests\/gbl-test-1\/details\" target=\"_blank\" rel=\"noopener\">GBL test<\/a>\u00a010\/box<\/td>\n<\/tr>\n<tr>\n<td>2 x\u00a0<a href=\"http:\/\/shop.narcotictests.com\/products\/narcotic-field-tests\/general-screening-test\/details\" target=\"_blank\" rel=\"noopener\">General Screening test<\/a>\u00a010\/box<\/td>\n<td><\/td>\n<\/tr>\n<\/tbody>\n<\/table>\n<div><\/div>\n<div><img loading=\"lazy\" decoding=\"async\" class=\"alignnone wp-image-140132 size-full\" title=\"MMC Narcotic Test Case 40\" src=\"https:\/\/dogpride.nl\/wp-content\/uploads\/logo.gif\" alt=\"MMC Narcotic Test Case 40\" width=\"71\" height=\"63\" srcset=\"https:\/\/dogpride.nl\/wp-content\/uploads\/logo.gif 71w, https:\/\/dogpride.nl\/wp-content\/uploads\/logo-14x12.gif 14w\" sizes=\"auto, (max-width: 71px) 100vw, 71px\" \/><\/div>\n<div><\/div>\n<h4 data-start=\"315\" data-end=\"413\"><strong data-start=\"318\" data-end=\"413\">MMC Narcotic Test Case 40 \u2013 Complete en Betrouwbare Drugstestset voor Professioneel Gebruik<\/strong><\/h4>\n<p data-start=\"415\" data-end=\"802\">Le <strong data-start=\"418\" data-end=\"447\">MMC Narcotic Test Case 40<\/strong> is een uitgebreide en professionele testkoffer die speciaal is ontwikkeld voor het <strong data-start=\"531\" data-end=\"587\">snel en veilig identificeren van verdovende middelen<\/strong>. Deze complete set is ideaal voor politie-, douane-, veiligheids- en handhavingsdiensten, maar ook voor beveiligingsbedrijven, laboratoria en bedrijven die regelmatig stoffen moeten controleren op illegale drugs.<\/p>\n<p data-start=\"804\" data-end=\"1035\">Met de MMC Test Case 40 heeft u <strong data-start=\"836\" data-end=\"908\">alle essenti\u00eble narcotica-tests overzichtelijk in \u00e9\u00e9n stevige koffer<\/strong>. U kunt direct in het veld of op locatie een groot aantal stoffen testen \u2013 snel, betrouwbaar en zonder laboratoriumapparatuur.<\/p>\n<hr data-start=\"1037\" data-end=\"1040\" \/>\n<h4 data-start=\"1042\" data-end=\"1086\"><strong data-start=\"1046\" data-end=\"1086\">Wat is de MMC Narcotic Test Case 40?<\/strong><\/h4>\n<p data-start=\"1088\" data-end=\"1373\">Le <strong data-start=\"1091\" data-end=\"1120\">MMC Narcotic Test Case 40<\/strong> is samengesteld door <strong data-start=\"1142\" data-end=\"1168\">MMC International B.V.<\/strong>, een gerenommeerde Nederlandse fabrikant van chemische testkits. De koffer bevat <strong data-start=\"1250\" data-end=\"1279\">40 verschillende testsets<\/strong> voor de presumptieve (voorlopige) identificatie van meer dan twintig veelvoorkomende drugs.<\/p>\n<p data-start=\"1375\" data-end=\"1647\">Elke test maakt gebruik van een <strong data-start=\"1407\" data-end=\"1434\">veilig chemisch reagens<\/strong> dat, bij contact met een bepaalde stof, <strong data-start=\"1475\" data-end=\"1498\">van kleur verandert<\/strong>. Zo kan een onderzoeker of controleur binnen enkele seconden een duidelijke indicatie krijgen van de mogelijke aanwezigheid van een specifieke drug.<\/p>\n<hr data-start=\"1649\" data-end=\"1652\" \/>\n<h4 data-start=\"1654\" data-end=\"1688\"><strong data-start=\"1658\" data-end=\"1688\">Inhoud van de Test Case 40<\/strong><\/h4>\n<p data-start=\"1690\" data-end=\"1772\">De MMC Narcotic Test Case 40 bevat onder meer testampullen voor de detectie van:<\/p>\n<ul>\n<li data-start=\"1776\" data-end=\"1798\"><strong data-start=\"1776\" data-end=\"1796\">Coca\u00efne en crack<\/strong><\/li>\n<li data-start=\"1801\" data-end=\"1856\"><strong data-start=\"1801\" data-end=\"1854\">Amfetaminen en metamfetaminen (Crystal Meth, XTC)<\/strong><\/li>\n<li data-start=\"1859\" data-end=\"1883\"><strong data-start=\"1859\" data-end=\"1881\">Hero\u00efne en morfine<\/strong><\/li>\n<li data-start=\"1886\" data-end=\"1908\"><strong data-start=\"1886\" data-end=\"1906\">Cannabis en hasj<\/strong><\/li>\n<li data-start=\"1911\" data-end=\"1948\"><strong data-start=\"1911\" data-end=\"1946\">Barbituraten en benzodiazepinen<\/strong><\/li>\n<li data-start=\"1951\" data-end=\"1972\"><strong data-start=\"1951\" data-end=\"1970\">Ketamine en PCP<\/strong><\/li>\n<li data-start=\"1975\" data-end=\"1995\"><strong data-start=\"1975\" data-end=\"1993\">LSD en GHB\/GBL<\/strong><\/li>\n<li data-start=\"1998\" data-end=\"2024\"><strong data-start=\"1998\" data-end=\"2022\">Oxycodon en methadon<\/strong><\/li>\n<li data-start=\"2027\" data-end=\"2087\"><strong data-start=\"2027\" data-end=\"2087\">Algemene screeningtests voor onbekende poeders of pillen<\/strong><\/li>\n<\/ul>\n<p data-start=\"2089\" data-end=\"2233\">Elke test is afzonderlijk verpakt en voorzien van een duidelijke handleiding, zodat gebruikers stap voor stap de juiste procedure kunnen volgen.<\/p>\n<hr data-start=\"2235\" data-end=\"2238\" \/>\n<h4 data-start=\"2240\" data-end=\"2271\"><strong data-start=\"2244\" data-end=\"2271\">Belangrijkste Voordelen<\/strong><\/h4>\n<ul>\n<li data-start=\"2275\" data-end=\"2362\">? <strong data-start=\"2278\" data-end=\"2299\">Snelle resultaten<\/strong> \u2013 De meeste tests geven binnen 10 seconden een kleurreactie.<\/li>\n<li data-start=\"2365\" data-end=\"2461\">? <strong data-start=\"2368\" data-end=\"2389\">Veilig in gebruik<\/strong> \u2013 De reagents zijn zuurvrij en bevatten geen gevaarlijke chemicali\u00ebn.<\/li>\n<li data-start=\"2464\" data-end=\"2561\">? <strong data-start=\"2467\" data-end=\"2496\">Compact en overzichtelijk<\/strong> \u2013 De koffer is stevig, handzaam en ideaal voor mobiel gebruik.<\/li>\n<li data-start=\"2564\" data-end=\"2645\">? <strong data-start=\"2567\" data-end=\"2589\">Complete oplossing<\/strong> \u2013 Alles wat u nodig heeft in \u00e9\u00e9n georganiseerde case.<\/li>\n<li data-start=\"2648\" data-end=\"2769\">? <strong data-start=\"2651\" data-end=\"2676\">Betrouwbare kwaliteit<\/strong> \u2013 Gemaakt door MMC International B.V. uit Nederland, marktleider in veldtesten voor drugs.<\/li>\n<li data-start=\"2772\" data-end=\"2857\">? <strong data-start=\"2775\" data-end=\"2800\">Internationaal erkend<\/strong> \u2013 Gebruikt door politie- en douanediensten wereldwijd.<\/li>\n<\/ul>\n<hr data-start=\"2859\" data-end=\"2862\" \/>\n<h4 data-start=\"2864\" data-end=\"2895\"><strong data-start=\"2868\" data-end=\"2895\">Toepassing en Doelgroep<\/strong><\/h4>\n<p data-start=\"2897\" data-end=\"3065\">Le <strong data-start=\"2900\" data-end=\"2929\">MMC Narcotic Test Case 40<\/strong> is ontworpen voor <strong data-start=\"2948\" data-end=\"2976\">professionele gebruikers<\/strong> die regelmatig te maken krijgen met de controle van onbekende stoffen. Denk hierbij aan:<\/p>\n<ul>\n<li data-start=\"3069\" data-end=\"3114\">Politiediensten en forensische onderzoekers<\/li>\n<li data-start=\"3117\" data-end=\"3143\">Douane- en grenscontrole<\/li>\n<li data-start=\"3146\" data-end=\"3189\">Evenementenbeveiliging en nachthandhaving<\/li>\n<li data-start=\"3192\" data-end=\"3255\">Gemeenten en woningcorporaties (bij verdenking van drugslabs)<\/li>\n<li data-start=\"3258\" data-end=\"3297\">Laboratoria en opleidingsinstellingen<\/li>\n<\/ul>\n<p data-start=\"3299\" data-end=\"3439\">Dankzij de eenvoudige bediening kan de testkoffer ook worden ingezet bij trainingen of opleidingen waarin <strong data-start=\"3405\" data-end=\"3423\">drugherkenning<\/strong> centraal staat.<\/p>\n<hr data-start=\"3441\" data-end=\"3444\" \/>\n<h4 data-start=\"3446\" data-end=\"3480\"><strong data-start=\"3450\" data-end=\"3480\">Gebruik en Betrouwbaarheid<\/strong><\/h4>\n<p data-start=\"3482\" data-end=\"3891\">De werking van de MMC-tests is gebaseerd op <strong data-start=\"3526\" data-end=\"3543\">kleurreacties<\/strong> tussen specifieke reagentia en chemische verbindingen in de te testen stof.<br data-start=\"3619\" data-end=\"3622\" \/>Hoewel de resultaten <strong data-start=\"3643\" data-end=\"3658\">presumptief<\/strong> zijn (voorlopig indicatief), biedt de test een zeer betrouwbare eerste beoordeling. Bij een positieve reactie wordt geadviseerd om de stof vervolgens in een laboratorium te laten bevestigen voor juridische of forensische doeleinden.<\/p>\n<p data-start=\"3893\" data-end=\"4009\">De tests zijn <strong data-start=\"3907\" data-end=\"3950\">niet geschikt voor lichaamsvloeistoffen<\/strong> zoals urine of speeksel. Hiervoor bestaan aparte MMC-kits.<\/p>\n<hr data-start=\"4011\" data-end=\"4014\" \/>\n<h4 data-start=\"4016\" data-end=\"4054\"><strong data-start=\"4020\" data-end=\"4054\">Waarom kiezen voor MMC-testen?<\/strong><\/h4>\n<p data-start=\"4056\" data-end=\"4372\">MMC International B.V. staat bekend om haar <strong data-start=\"4100\" data-end=\"4146\">innovatieve, veilige en milieuvriendelijke<\/strong> testmethoden. In tegenstelling tot oudere reagentia bevatten MMC-testen <strong data-start=\"4219\" data-end=\"4233\">geen zuren<\/strong> of agressieve chemicali\u00ebn. Hierdoor zijn ze <strong data-start=\"4278\" data-end=\"4301\">veilig te gebruiken<\/strong>, zelfs in omgevingen waar directe laboratoriumondersteuning ontbreekt.<\/p>\n<p data-start=\"4374\" data-end=\"4505\">Le <strong data-start=\"4377\" data-end=\"4406\">MMC Narcotic Test Case 40<\/strong> is dan ook d\u00e9 keuze voor professionals die betrouwbaarheid, veiligheid en gemak willen combineren.<\/p>\n<hr data-start=\"4507\" data-end=\"4510\" \/>\n<h4 data-start=\"4512\" data-end=\"4541\"><strong data-start=\"4516\" data-end=\"4541\">Bestellen en Levering<\/strong><\/h4>\n<p data-start=\"4543\" data-end=\"4786\">Bestel de <strong data-start=\"4553\" data-end=\"4582\">MMC Narcotic Test Case 40<\/strong> eenvoudig online.<br data-start=\"4600\" data-end=\"4603\" \/>De testkoffer wordt geleverd in een stevige kunststof case met duidelijke gebruiksinstructies.<br data-start=\"4697\" data-end=\"4700\" \/>Bij grotere aantallen of institutionele bestellingen zijn staffelkortingen mogelijk.<\/p>\n<p data-start=\"4788\" data-end=\"4951\">Levering is doorgaans binnen enkele werkdagen mogelijk, afhankelijk van beschikbaarheid. Neem gerust contact op voor actuele levertijden of aanvullende informatie.<\/p>\n<hr data-start=\"4953\" data-end=\"4956\" \/>\n<p><strong data-start=\"4962\" data-end=\"4978\">Samenvatting<\/strong><\/p>\n<p data-start=\"4980\" data-end=\"5320\">Le <strong data-start=\"4983\" data-end=\"5012\">MMC Narcotic Test Case 40<\/strong> est un <strong data-start=\"5020\" data-end=\"5071\">complete, veilige en professionele drugstestset<\/strong> die betrouwbare resultaten biedt binnen enkele seconden.<br data-start=\"5128\" data-end=\"5131\" \/>Of u nu werkt bij politie, douane, beveiliging of in de forensische sector \u2013 deze testkoffer biedt alles wat u nodig heeft voor <strong data-start=\"5259\" data-end=\"5319\">snelle en accurate identificatie van verdovende middelen<\/strong>.<\/p>\n<p data-start=\"4980\" data-end=\"5320\">\n<h4 data-start=\"364\" data-end=\"408\"><a href=\"https:\/\/shop.narcotictests.com\/\" target=\"_blank\" rel=\"noopener\"><img loading=\"lazy\" decoding=\"async\" class=\"alignnone wp-image-140132 size-full\" title=\"MMC Narcotic Test Case 40\" src=\"https:\/\/dogpride.nl\/wp-content\/uploads\/logo.gif\" alt=\"MMC Narcotic Test Case 40\" width=\"71\" height=\"63\" srcset=\"https:\/\/dogpride.nl\/wp-content\/uploads\/logo.gif 71w, https:\/\/dogpride.nl\/wp-content\/uploads\/logo-14x12.gif 14w\" sizes=\"auto, (max-width: 71px) 100vw, 71px\" \/><\/a><\/h4>","protected":false},"excerpt":{"rendered":"<p>Le <strong data-start=\"418\" data-end=\"447\">MMC Narcotic Test Case 40<\/strong> is een uitgebreide en professionele testkoffer die speciaal is ontwikkeld voor het <strong data-start=\"531\" data-end=\"587\">snel en veilig identificeren van verdovende middelen<\/strong>. Deze complete set is ideaal voor politie-, douane-, veiligheids- en handhavingsdiensten.<\/p>","protected":false},"featured_media":140669,"template":"","meta":[],"product_brand":[],"product_cat":[11815],"product_tag":[9680,9642,11354,11995,10353,11997,9627,9632,11831,11996,11993,11766,11828,11994,11999,11998,9883,9600,9660,10210],"class_list":{"0":"post-140163","1":"product","2":"type-product","3":"status-publish","4":"has-post-thumbnail","6":"product_cat-mmc-narcotic-field-test-kits","7":"product_tag-amfetamine-test","8":"product_tag-cocaine-test","9":"product_tag-douane-drugstest","10":"product_tag-drugstest-professioneel","11":"product_tag-forensische-test","12":"product_tag-ghb-test","13":"product_tag-heroine-test","14":"product_tag-ketamine-test","15":"product_tag-mmc-drugstest","16":"product_tag-mmc-international-bv","17":"product_tag-mmc-narcotic-test-case-40","18":"product_tag-mmc-testkit","19":"product_tag-mmc-testkoffer","20":"product_tag-narcotic-test-case","21":"product_tag-narcotica-analyse","22":"product_tag-nederlandse-drugstest","23":"product_tag-politie-drugstest","24":"product_tag-presumptieve-drugstest","25":"product_tag-veilige-drugstest","26":"product_tag-veldtest-narcotica","27":"product_shipping_class-vast-tarief-eu-overig","29":"first","30":"instock","31":"taxable","32":"shipping-taxable","33":"product-type-simple"},"mb":[],"mfb_rest_fields":["title"],"_links":{"self":[{"href":"https:\/\/dogpride.nl\/fr\/wp-json\/wp\/v2\/product\/140163","targetHints":{"allow":["GET"]}}],"collection":[{"href":"https:\/\/dogpride.nl\/fr\/wp-json\/wp\/v2\/product"}],"about":[{"href":"https:\/\/dogpride.nl\/fr\/wp-json\/wp\/v2\/types\/product"}],"wp:featuredmedia":[{"embeddable":true,"href":"https:\/\/dogpride.nl\/fr\/wp-json\/wp\/v2\/media\/140669"}],"wp:attachment":[{"href":"https:\/\/dogpride.nl\/fr\/wp-json\/wp\/v2\/media?parent=140163"}],"wp:term":[{"taxonomy":"product_brand","embeddable":true,"href":"https:\/\/dogpride.nl\/fr\/wp-json\/wp\/v2\/product_brand?post=140163"},{"taxonomy":"product_cat","embeddable":true,"href":"https:\/\/dogpride.nl\/fr\/wp-json\/wp\/v2\/product_cat?post=140163"},{"taxonomy":"product_tag","embeddable":true,"href":"https:\/\/dogpride.nl\/fr\/wp-json\/wp\/v2\/product_tag?post=140163"}],"curies":[{"name":"wp","href":"https:\/\/api.w.org\/{rel}","templated":true}]}}