{"id":1400,"date":"2019-06-06T18:02:45","date_gmt":"2019-06-06T16:02:45","guid":{"rendered":"https:\/\/dogpride1.wpengine.com\/?post_type=product&#038;p=1400"},"modified":"2025-10-29T13:52:08","modified_gmt":"2025-10-29T12:52:08","slug":"pride-klassieke-militaire-halsband-met-cobra-sluiting","status":"publish","type":"product","link":"https:\/\/dogpride.nl\/fr\/pride-klassieke-militaire-halsband-met-cobra-sluiting\/","title":{"rendered":"Collier de chien militaire classique PRIDE avec fermeture COBRA"},"content":{"rendered":"<h4><span style=\"font-size: 10pt;\"><strong>Collier de chien militaire classique PRIDE avec fermeture COBRA<\/strong><\/span><\/h4>\n<p>Collier de chien militaire classique PRIDE avec fermeture COBRA<\/p>\n<p>Ce <span style=\"font-size: 10pt;\"><strong>Collier de chien militaire classique PRIDE avec fermeture COBRA <\/strong><\/span>50 mm brede halsband is gemaakt van dubbellaags nylon nylon en heeft een sterke COBRA sluiting.<br \/>\nCe collier en nylon est un choix parfait comme outil fiable pour contr\u00f4ler un chien de taille moyenne \u00e0 grande.<br \/>\nNous utilisons du nylon de haute qualit\u00e9 pour vous fournir un bon service, en gardant l&#039;apparence et la durabilit\u00e9.<br \/>\nCe collier militaire classique est un outil confortable pour promener et entra\u00eener les chiens.<br \/>\nCe collier solide est dot\u00e9 d&#039;une boucle \u00e0 d\u00e9gagement rapide COBRA solide pour une utilisation facile et confortable.<br \/>\nLa longueur du col est r\u00e9glable.<\/p>\n<p>Ce <span style=\"font-size: 10pt;\"><strong>Collier de chien militaire classique PRIDE avec fermeture COBRA <\/strong><\/span>is een van de meest favoriete accessoires van onze klanten. Kies deze best verkopende nylon halsband met handvat voor uw hond en probeer de functionaliteit, duurzaamheid en kwaliteit ervan.<\/p>\n<p>Mat\u00e9riau : tissu solide en nylon\/polyamide<\/p>\n<p>Couleur: <strong>Noir<\/strong><\/p>\n<p>Aluminium COBRA \u2013 AustriAlpin<\/p>\n<p>Largeur : 50 mm<br \/>\nDimensions : 32-55 cm<\/p>\n<p>&nbsp;<\/p>\n<p><a href=\"https:\/\/www.dogpride.eu\/\" target=\"_blank\" rel=\"noopener\"><img loading=\"lazy\" decoding=\"async\" class=\"alignnone wp-image-70657 size-medium\" src=\"https:\/\/dogpride.nl\/wp-content\/uploads\/Logo-Pride2-1-300x96.png\" alt=\"\" width=\"300\" height=\"96\" srcset=\"https:\/\/dogpride.nl\/wp-content\/uploads\/Logo-Pride2-1-300x96.png 300w, https:\/\/dogpride.nl\/wp-content\/uploads\/Logo-Pride2-1-250x80.png 250w, https:\/\/dogpride.nl\/wp-content\/uploads\/Logo-Pride2-1-200x64.png 200w, https:\/\/dogpride.nl\/wp-content\/uploads\/Logo-Pride2-1.png 327w\" sizes=\"auto, (max-width: 300px) 100vw, 300px\" \/><\/a><\/p>\n<p><a href=\"\/fr\/PRIDE Klassieke militaire halsband met COBRA sluiting\/\"><img loading=\"lazy\" decoding=\"async\" class=\"alignnone wp-image-137053\" src=\"https:\/\/dogpride.nl\/wp-content\/uploads\/PRIDE-Klassieke-militaire-halsband-met-COBRA-sluiting.jpg\" alt=\"PRIDE Klassieke militaire halsband met COBRA sluiting\" width=\"215\" height=\"143\" srcset=\"https:\/\/dogpride.nl\/wp-content\/uploads\/PRIDE-Klassieke-militaire-halsband-met-COBRA-sluiting.jpg 1820w, https:\/\/dogpride.nl\/wp-content\/uploads\/PRIDE-Klassieke-militaire-halsband-met-COBRA-sluiting-300x200.jpg 300w, https:\/\/dogpride.nl\/wp-content\/uploads\/PRIDE-Klassieke-militaire-halsband-met-COBRA-sluiting-1024x681.jpg 1024w, https:\/\/dogpride.nl\/wp-content\/uploads\/PRIDE-Klassieke-militaire-halsband-met-COBRA-sluiting-768x511.jpg 768w, https:\/\/dogpride.nl\/wp-content\/uploads\/PRIDE-Klassieke-militaire-halsband-met-COBRA-sluiting-1536x1022.jpg 1536w, https:\/\/dogpride.nl\/wp-content\/uploads\/PRIDE-Klassieke-militaire-halsband-met-COBRA-sluiting-18x12.jpg 18w, https:\/\/dogpride.nl\/wp-content\/uploads\/PRIDE-Klassieke-militaire-halsband-met-COBRA-sluiting-250x166.jpg 250w, https:\/\/dogpride.nl\/wp-content\/uploads\/PRIDE-Klassieke-militaire-halsband-met-COBRA-sluiting-400x266.jpg 400w\" sizes=\"auto, (max-width: 215px) 100vw, 215px\" \/><\/a><\/p>\n<p>&nbsp;<\/p>","protected":false},"excerpt":{"rendered":"<p>Ce collier de 50 mm de large est fait de nylon nylon double couche et poss\u00e8de une fermeture COBRA solide. Ce collier en nylon est un choix parfait comme outil fiable pour contr\u00f4ler un chien de taille moyenne \u00e0 grande.<\/p>","protected":false},"featured_media":22895,"template":"","meta":[],"product_brand":[],"product_cat":[90],"product_tag":[8486,8254,6349,3332,10823,10759,10780,10824,4866,10825,3157,7444,3389],"class_list":{"0":"post-1400","1":"product","2":"type-product","3":"status-publish","4":"has-post-thumbnail","6":"product_cat-pride-hondenhalsbanden","7":"product_tag-comfortabel","8":"product_tag-duurzaam","9":"product_tag-hondenhalsband","10":"product_tag-hondensport","11":"product_tag-luxe-accessoire","12":"product_tag-pride-collectie","13":"product_tag-pride-halsband","14":"product_tag-robuust","15":"product_tag-sterke-halsband","16":"product_tag-stijlvol","17":"product_tag-training","18":"product_tag-verstelbaar","19":"product_tag-werkhond","21":"first","22":"instock","23":"taxable","24":"shipping-taxable","25":"purchasable","26":"product-type-simple"},"mb":[],"mfb_rest_fields":["title"],"_links":{"self":[{"href":"https:\/\/dogpride.nl\/fr\/wp-json\/wp\/v2\/product\/1400","targetHints":{"allow":["GET"]}}],"collection":[{"href":"https:\/\/dogpride.nl\/fr\/wp-json\/wp\/v2\/product"}],"about":[{"href":"https:\/\/dogpride.nl\/fr\/wp-json\/wp\/v2\/types\/product"}],"wp:featuredmedia":[{"embeddable":true,"href":"https:\/\/dogpride.nl\/fr\/wp-json\/wp\/v2\/media\/22895"}],"wp:attachment":[{"href":"https:\/\/dogpride.nl\/fr\/wp-json\/wp\/v2\/media?parent=1400"}],"wp:term":[{"taxonomy":"product_brand","embeddable":true,"href":"https:\/\/dogpride.nl\/fr\/wp-json\/wp\/v2\/product_brand?post=1400"},{"taxonomy":"product_cat","embeddable":true,"href":"https:\/\/dogpride.nl\/fr\/wp-json\/wp\/v2\/product_cat?post=1400"},{"taxonomy":"product_tag","embeddable":true,"href":"https:\/\/dogpride.nl\/fr\/wp-json\/wp\/v2\/product_tag?post=1400"}],"curies":[{"name":"wp","href":"https:\/\/api.w.org\/{rel}","templated":true}]}}