{"id":139228,"date":"2025-10-28T11:54:27","date_gmt":"2025-10-28T10:54:27","guid":{"rendered":"https:\/\/dogpride.nl\/?post_type=product&#038;p=139228"},"modified":"2025-10-28T12:11:42","modified_gmt":"2025-10-28T11:11:42","slug":"mistral-1554-dropex-a-detectiekit","status":"publish","type":"product","link":"https:\/\/dogpride.nl\/fr\/mistral-1554-dropex-a-detectiekit\/","title":{"rendered":"MISTRAL 1554 Dropex A Detectiekit"},"content":{"rendered":"<h4>MISTRAL 1554 Dropex A Detectiekit<\/h4>\n<p>MISTRAL 1554 Dropex A Detectiekit\u00a0(50 tests) Explosieve detectie- en identificatiekits<\/p>\n<h4>Kit voor explosieve detectie &#8211; DropEX A 1554<\/h4>\n<p><strong>Mistral DropEX A 1554<\/strong> &#8211; Oxiderende materialen (chloraat, broomten, nitraten) op basis van explosieve detectie en identificatie 50 Testbox<\/p>\n<p>DropEx explosievendetectie is een druppelflestechnologie die is ontwikkeld voor zowel veld- als laboratoriumomstandigheden. Kits bevatten een volledig scala aan detectiemogelijkheden en zijn verpakt in handige &#8216;Work Station&#8217;-koffers.<\/p>\n<p>Oxiderende materialen (Chloraat, Bromaten, Nitraten)<\/p>\n<p><strong>Contenu:<\/strong> 20 Tests<\/p>\n<p>&nbsp;<\/p>\n<p><a href=\"https:\/\/dogpride.nl\/fr\/k9\/drugs-alcohol-explosieven-tests\/mistral-detection-and-identification\/\"><img loading=\"lazy\" decoding=\"async\" class=\"alignnone wp-image-139230 size-thumbnail\" title=\"MISTRAL 1554 Dropex A Detectiekit\" src=\"https:\/\/dogpride.nl\/wp-content\/uploads\/dropEx_kit_2034833c-bb76-436c-a2aa-f770f09308ae-150x150.jpg\" alt=\"MISTRAL 1554 Dropex A Detectiekit\" width=\"150\" height=\"150\" srcset=\"https:\/\/dogpride.nl\/wp-content\/uploads\/dropEx_kit_2034833c-bb76-436c-a2aa-f770f09308ae-150x150.jpg 150w, https:\/\/dogpride.nl\/wp-content\/uploads\/dropEx_kit_2034833c-bb76-436c-a2aa-f770f09308ae-100x100.jpg 100w\" sizes=\"auto, (max-width: 150px) 100vw, 150px\" \/><\/a><\/p>\n<p>&nbsp;<\/p>\n<p><a href=\"https:\/\/www.mistralsecurityinc.com\/\" target=\"_blank\" rel=\"noopener\"><img loading=\"lazy\" decoding=\"async\" class=\"alignnone wp-image-137919 size-full\" title=\"MISTRAL 1554 Dropex A Detectiekit\" src=\"https:\/\/dogpride.nl\/wp-content\/uploads\/Logo-9.png\" alt=\"MISTRAL 1554 Dropex A Detectiekit\" width=\"303\" height=\"51\" srcset=\"https:\/\/dogpride.nl\/wp-content\/uploads\/Logo-9.png 303w, https:\/\/dogpride.nl\/wp-content\/uploads\/Logo-9-300x50.png 300w, https:\/\/dogpride.nl\/wp-content\/uploads\/Logo-9-18x3.png 18w, https:\/\/dogpride.nl\/wp-content\/uploads\/Logo-9-250x42.png 250w\" sizes=\"auto, (max-width: 303px) 100vw, 303px\" \/><\/a><\/p>\n<h4 data-start=\"303\" data-end=\"401\"><strong data-start=\"306\" data-end=\"401\">MISTRAL 1554 DropEx A Detectiekit \u2013 betrouwbare detectie van oxidatiematerialen in het veld<\/strong><\/h4>\n<p data-start=\"403\" data-end=\"925\">Le <strong data-start=\"406\" data-end=\"443\">MISTRAL 1554 DropEx A Detectiekit<\/strong> is een professionele veldtest voor het snel detecteren en identificeren van <strong data-start=\"520\" data-end=\"542\">oxidatiematerialen<\/strong> zoals chloraten, bromaten en nitraten \u2013 stoffen die veelvuldig worden gebruikt in de samenstelling van explosieven.<br data-start=\"658\" data-end=\"661\" \/>Deze kit is speciaal ontwikkeld voor gebruik door <strong data-start=\"711\" data-end=\"800\">veiligheidsdiensten, forensische laboratoria, EOD-teams (Explosive Ordnance Disposal)<\/strong> et <strong data-start=\"804\" data-end=\"836\">grens- of douane-inspecteurs<\/strong> die behoefte hebben aan <strong data-start=\"861\" data-end=\"906\">snelle, betrouwbare en draagbare detectie<\/strong> direct op locatie.<\/p>\n<hr data-start=\"927\" data-end=\"930\" \/>\n<h4 data-start=\"932\" data-end=\"981\"><strong data-start=\"936\" data-end=\"981\">Snelle detectie, maximale betrouwbaarheid<\/strong><\/h4>\n<p data-start=\"983\" data-end=\"1433\">De DropEx A-kit maakt gebruik van MISTRAL\u2019s innovatieve <strong data-start=\"1039\" data-end=\"1061\">DropEx-technologie<\/strong>, gebaseerd op vloeibare reagentia in afzonderlijke druppelflesjes. Elk flesje bevat chemisch gestabiliseerde reagentia die bij contact met een verdachte stof een <strong data-start=\"1224\" data-end=\"1255\">duidelijke kleurverandering<\/strong> vertonen.<br data-start=\"1265\" data-end=\"1268\" \/>Gebruikers kunnen met slechts enkele druppels vaststellen of een monster oxidatiematerialen bevat \u2013 zonder laboratoriumapparatuur of ingewikkelde meetinstrumenten.<\/p>\n<p data-start=\"1435\" data-end=\"1689\">Le <strong data-start=\"1438\" data-end=\"1462\">visuele kleurreactie<\/strong> maakt het resultaat snel en gemakkelijk te interpreteren, zelfs onder veldomstandigheden met beperkt licht of tijdsdruk. Zo combineert de MISTRAL 1554 DropEx A Detectiekit <strong data-start=\"1635\" data-end=\"1668\">snelheid, eenvoud en precisie<\/strong> in \u00e9\u00e9n compacte set.<\/p>\n<hr data-start=\"1691\" data-end=\"1694\" \/>\n<h4 data-start=\"1696\" data-end=\"1756\"><strong data-start=\"1700\" data-end=\"1756\">Belangrijkste kenmerken van de MISTRAL 1554 DropEx A<\/strong><\/h4>\n<ul>\n<li data-start=\"1760\" data-end=\"1892\"><strong data-start=\"1760\" data-end=\"1795\">Detectie van oxidatiematerialen<\/strong> zoals chloraten, bromaten en nitraten \u2013 componenten die vaak voorkomen in explosieve mengsels.<\/li>\n<li data-start=\"1895\" data-end=\"1989\"><strong data-start=\"1895\" data-end=\"1922\">Snelle visuele reactie:<\/strong> binnen enkele seconden verschijnt een duidelijke kleurindicatie.<\/li>\n<li data-start=\"1992\" data-end=\"2073\"><strong data-start=\"1992\" data-end=\"2024\">Gebruiksvriendelijk ontwerp:<\/strong> geen training of laboratoriumervaring vereist.<\/li>\n<li data-start=\"2076\" data-end=\"2162\"><strong data-start=\"2076\" data-end=\"2098\">Compleet geleverd:<\/strong> alle reagentia, testmaterialen en referentiekaart inbegrepen.<\/li>\n<li data-start=\"2165\" data-end=\"2288\"><strong data-start=\"2165\" data-end=\"2187\">Draagbare veldkit:<\/strong> robuuste verpakking geschikt voor transport, buitengebruik en uiteenlopende klimaatomstandigheden.<\/li>\n<li data-start=\"2291\" data-end=\"2451\"><strong data-start=\"2291\" data-end=\"2319\">Professionele kwaliteit:<\/strong> geproduceerd door <strong data-start=\"2338\" data-end=\"2363\">MISTRAL Security Inc.<\/strong>, wereldwijd erkend als expert in detectie- en identificatiesystemen voor explosieven.<\/li>\n<li data-start=\"2454\" data-end=\"2545\"><strong data-start=\"2454\" data-end=\"2476\">Hoge gevoeligheid:<\/strong> zelfs minimale hoeveelheden oxidatiemateriaal worden snel herkend.<\/li>\n<\/ul>\n<hr data-start=\"2547\" data-end=\"2550\" \/>\n<h4 data-start=\"2552\" data-end=\"2598\"><strong data-start=\"2556\" data-end=\"2598\">Toepassingen in verschillende sectoren<\/strong><\/h4>\n<p data-start=\"2600\" data-end=\"2691\">De DropEx A Detectiekit is veelzijdig inzetbaar en biedt waarde in uiteenlopende situaties:<\/p>\n<ul>\n<li data-start=\"2695\" data-end=\"2811\"><strong data-start=\"2695\" data-end=\"2727\">Grens- en douane-inspecties:<\/strong> controle van vracht, voertuigen of bagage op aanwezigheid van oxidatiematerialen.<\/li>\n<li data-start=\"2814\" data-end=\"2917\"><strong data-start=\"2814\" data-end=\"2851\">Politie- en forensisch onderzoek:<\/strong> veldanalyse van verdachte poeders of residuen op plaats delict.<\/li>\n<li data-start=\"2920\" data-end=\"3039\"><strong data-start=\"2920\" data-end=\"2950\">Defensie- en EOD-eenheden:<\/strong> detectie van potenti\u00eble explosieve precursoren tijdens missies of bij objectinspectie.<\/li>\n<li data-start=\"3042\" data-end=\"3133\"><strong data-start=\"3042\" data-end=\"3078\">Luchthaven- en havenbeveiliging:<\/strong> screening van goederen, containers en postpakketten.<\/li>\n<li data-start=\"3136\" data-end=\"3254\"><strong data-start=\"3136\" data-end=\"3182\">Evenementen- en infrastructuurbeveiliging:<\/strong> preventieve controle van locaties of objecten op gevaarlijke stoffen.<\/li>\n<li data-start=\"3257\" data-end=\"3357\"><strong data-start=\"3257\" data-end=\"3281\">Training &amp; educatie:<\/strong> geschikt voor opleidingen in chemische detectie of veiligheidsbewustzijn.<\/li>\n<\/ul>\n<p data-start=\"3359\" data-end=\"3505\">De compacte verpakking en het eenvoudige gebruik maken deze kit ideaal voor <strong data-start=\"3435\" data-end=\"3452\">mobiele teams<\/strong> en situaties waarin snelle resultaten cruciaal zijn.<\/p>\n<hr data-start=\"3507\" data-end=\"3510\" \/>\n<h4 data-start=\"3512\" data-end=\"3557\"><strong data-start=\"3516\" data-end=\"3557\">Zo gebruikt u de DropEx A Detectiekit<\/strong><\/h4>\n<ol>\n<li data-start=\"3562\" data-end=\"3628\"><strong data-start=\"3562\" data-end=\"3582\">Neem een monster<\/strong> van de verdachte stof, vloeistof of residu.<\/li>\n<li data-start=\"3632\" data-end=\"3730\"><strong data-start=\"3632\" data-end=\"3667\">Breng enkele druppels reagentia<\/strong> uit het DropEx-flesje aan op het monster of op de testkaart.<\/li>\n<li data-start=\"3734\" data-end=\"3843\"><strong data-start=\"3734\" data-end=\"3768\">Observeer de kleurverandering:<\/strong> de specifieke tint geeft direct aan of oxidatiematerialen aanwezig zijn.<\/li>\n<li data-start=\"3847\" data-end=\"3964\"><strong data-start=\"3847\" data-end=\"3869\">Vergelijk de kleur<\/strong> met de referentiekaart om de aanwezigheid van chloraten, bromaten of nitraten te bevestigen.<\/li>\n<li data-start=\"3968\" data-end=\"4031\"><strong data-start=\"3968\" data-end=\"3992\">Noteer het resultaat<\/strong> voor rapportage of vervolgonderzoek.<\/li>\n<\/ol>\n<p data-start=\"4033\" data-end=\"4159\">Dankzij deze eenvoudige stappen kunnen veiligheidsprofessionals snel handelen, zonder dure of complexe laboratoriumapparatuur.<\/p>\n<hr data-start=\"4161\" data-end=\"4164\" \/>\n<h4 data-start=\"4166\" data-end=\"4210\"><strong data-start=\"4170\" data-end=\"4210\">Waarom kiezen voor MISTRAL DropEx A?<\/strong><\/h4>\n<p data-start=\"4212\" data-end=\"4659\">De MISTRAL 1554 DropEx A Detectiekit is ontworpen voor professionals die <strong data-start=\"4285\" data-end=\"4314\">snelle, accurate detectie<\/strong> nodig hebben in dynamische werkomgevingen. De druppel-gebaseerde testmethode is <strong data-start=\"4395\" data-end=\"4437\">veilig, betrouwbaar en reproduceerbaar<\/strong> \u2013 getest en gevalideerd in internationale veiligheidsprogramma\u2019s.<br data-start=\"4503\" data-end=\"4506\" \/>MISTRAL Security Inc. staat bekend om zijn hoogwaardige veldtesten, die wereldwijd worden gebruikt door <strong data-start=\"4610\" data-end=\"4656\">defensie-, politie- en veiligheidsdiensten<\/strong>.<\/p>\n<p data-start=\"4661\" data-end=\"4948\">Bovendien is de DropEx-serie ontwikkeld met <strong data-start=\"4705\" data-end=\"4726\">praktisch gebruik<\/strong> in gedachten: draagbaar, onderhoudsvrij en klaar voor onmiddellijke inzet. Met \u00e9\u00e9n enkele kit kunt u tientallen tests uitvoeren, wat de DropEx A kosteneffici\u00ebnt maakt in vergelijking met traditionele laboratoriumanalyses.<\/p>\n<hr data-start=\"4950\" data-end=\"4953\" \/>\n<h4 data-start=\"4955\" data-end=\"4984\"><strong data-start=\"4959\" data-end=\"4984\">Bestellen en levering<\/strong><\/h4>\n<p data-start=\"4986\" data-end=\"5398\">Wilt u uw organisatie uitrusten met de meest betrouwbare detectieoplossing in zijn klasse?<br data-start=\"5076\" data-end=\"5079\" \/>Le <strong data-start=\"5082\" data-end=\"5119\">MISTRAL 1554 DropEx A Detectiekit<\/strong> is direct verkrijgbaar in sets van meerdere tests, perfect voor professioneel gebruik.<br data-start=\"5206\" data-end=\"5209\" \/>Neem contact met ons op voor <strong data-start=\"5238\" data-end=\"5270\">prijsinformatie, levertijden<\/strong> et <strong data-start=\"5274\" data-end=\"5298\">trainingsoverzichten<\/strong>. Onze experts helpen u graag bij de juiste productkeuze en implementatie in uw veiligheidsprotocol.<\/p>\n<hr data-start=\"5400\" data-end=\"5403\" \/>\n<h4 data-start=\"5405\" data-end=\"5425\"><strong data-start=\"5409\" data-end=\"5425\">Samenvatting<\/strong><\/h4>\n<p data-start=\"5427\" data-end=\"5722\">De MISTRAL 1554 DropEx A Detectiekit biedt een combinatie van <strong data-start=\"5489\" data-end=\"5534\">draagbaarheid, snelheid en nauwkeurigheid<\/strong>. Ideaal voor professionals die in het veld moeten kunnen vertrouwen op betrouwbare chemische detectie.<br data-start=\"5637\" data-end=\"5640\" \/>Met deze kit kiest u voor zekerheid, effici\u00ebntie en wereldwijde MISTRAL-kwaliteit.<\/p>\n<h4 data-start=\"158\" data-end=\"245\"><a href=\"https:\/\/dogpride.nl\/fr\/k9\/detectie\/mistral-detection-and-identification\/\"><img loading=\"lazy\" decoding=\"async\" class=\"alignnone\" title=\"MISTRAL 1554 Dropex A Detectiekit\" src=\"https:\/\/dogpride.nl\/wp-content\/uploads\/Logo-9.png\" alt=\"MISTRAL 1554 Dropex A Detectiekit\" width=\"303\" height=\"51\" \/><\/a><\/h4>","protected":false},"excerpt":{"rendered":"<p data-start=\"396\" data-end=\"484\">Le <strong data-start=\"406\" data-end=\"443\">MISTRAL 1554 DropEx A Detectiekit<\/strong> is een professionele veldtest voor het snel detecteren en identificeren van <strong data-start=\"520\" data-end=\"542\">oxidatiematerialen<\/strong> zoals chloraten, bromaten en nitraten \u2013 stoffen die veelvuldig worden gebruikt in de samenstelling van explosieven.<\/p>","protected":false},"featured_media":139230,"template":"","meta":[],"product_brand":[],"product_cat":[9529],"product_tag":[10927,9950,9934,10915,10934,10917,10095,9997,10161,10023,10933,10175,10174,10374,10935,10925,10937,10936,10878],"class_list":{"0":"post-139228","1":"product","2":"type-product","3":"status-publish","4":"has-post-thumbnail","6":"product_cat-mistral-detection-and-identification","7":"product_tag-bromaten-detectie","8":"product_tag-chemische-detectie-oxidatoren","9":"product_tag-chloraten-detectie","10":"product_tag-draagbare-explosievendetectie","11":"product_tag-dropex-a-detectiekit","12":"product_tag-eod-detectiekit","13":"product_tag-explosieven-detectiekit","14":"product_tag-explosieven-identificatie-kit","15":"product_tag-forensische-detectiekit","16":"product_tag-grenscontrole-explosieven-detectie","17":"product_tag-mistral-1554-dropex-a","18":"product_tag-mistral-explosieven-testkit","19":"product_tag-mistral-security-inc","20":"product_tag-mobiele-detectiekit","21":"product_tag-nitraten-detectie","22":"product_tag-oxidatiematerialen-detectie","23":"product_tag-professionele-veiligheidsuitrusting","24":"product_tag-veldtest-oxidatiematerialen","25":"product_tag-visuele-kleurreactie-test","26":"product_shipping_class-bijzondere-verzending","28":"first","29":"instock","30":"taxable","31":"shipping-taxable","32":"product-type-simple"},"mb":[],"mfb_rest_fields":["title"],"_links":{"self":[{"href":"https:\/\/dogpride.nl\/fr\/wp-json\/wp\/v2\/product\/139228","targetHints":{"allow":["GET"]}}],"collection":[{"href":"https:\/\/dogpride.nl\/fr\/wp-json\/wp\/v2\/product"}],"about":[{"href":"https:\/\/dogpride.nl\/fr\/wp-json\/wp\/v2\/types\/product"}],"wp:featuredmedia":[{"embeddable":true,"href":"https:\/\/dogpride.nl\/fr\/wp-json\/wp\/v2\/media\/139230"}],"wp:attachment":[{"href":"https:\/\/dogpride.nl\/fr\/wp-json\/wp\/v2\/media?parent=139228"}],"wp:term":[{"taxonomy":"product_brand","embeddable":true,"href":"https:\/\/dogpride.nl\/fr\/wp-json\/wp\/v2\/product_brand?post=139228"},{"taxonomy":"product_cat","embeddable":true,"href":"https:\/\/dogpride.nl\/fr\/wp-json\/wp\/v2\/product_cat?post=139228"},{"taxonomy":"product_tag","embeddable":true,"href":"https:\/\/dogpride.nl\/fr\/wp-json\/wp\/v2\/product_tag?post=139228"}],"curies":[{"name":"wp","href":"https:\/\/api.w.org\/{rel}","templated":true}]}}