{"id":1391,"date":"2019-06-06T15:17:44","date_gmt":"2019-06-06T13:17:44","guid":{"rendered":"https:\/\/dogpride1.wpengine.com\/?post_type=product&#038;p=1391"},"modified":"2025-12-04T09:43:22","modified_gmt":"2025-12-04T08:43:22","slug":"pride-nylon-stropje-van-touw-met-touwstopper","status":"publish","type":"product","link":"https:\/\/dogpride.nl\/fr\/pride-nylon-stropje-van-touw-met-touwstopper\/","title":{"rendered":"PRIDE Corde en nylon avec arr\u00eat de corde"},"content":{"rendered":"<h4><span style=\"font-size: 10pt;\">PRIDE Corde en nylon avec arr\u00eat de corde<\/span><\/h4>\n<p>Ce n\u0153ud coulant en nylon avec arr\u00eat de corde est fait d&#039;une corde tr\u00e8s solide et convient \u00e0 l&#039;entra\u00eenement des chiens (ob\u00e9issance et mordant).<br \/>\nLe n\u0153ud coulant a un anneau \u00e0 la fin.<br \/>\nPuissant et silencieux<br \/>\nCorrection passive<\/p>\n<p>Mod\u00e8le : CL-041<br \/>\nMat\u00e9riau : nylon<br \/>\nDimensions : environ 68 cm maximum<\/p>\n<p>* Les couleurs varient en fonction du lot de teinture actuel. Si vous souhaitez une couleur sp\u00e9cifique, merci de le mentionner dans la case commentaires lors de votre commande.<\/p>\n<p>&nbsp;<\/p>\n<p><a href=\"https:\/\/www.dogpride.eu\/\" target=\"_blank\" rel=\"noopener\"><img loading=\"lazy\" decoding=\"async\" class=\"alignnone wp-image-70657 size-medium\" src=\"https:\/\/dogpride.nl\/wp-content\/uploads\/Logo-Pride2-1-300x96.png\" alt=\"\" width=\"300\" height=\"96\" srcset=\"https:\/\/dogpride.nl\/wp-content\/uploads\/Logo-Pride2-1-300x96.png 300w, https:\/\/dogpride.nl\/wp-content\/uploads\/Logo-Pride2-1-250x80.png 250w, https:\/\/dogpride.nl\/wp-content\/uploads\/Logo-Pride2-1-200x64.png 200w, https:\/\/dogpride.nl\/wp-content\/uploads\/Logo-Pride2-1.png 327w\" sizes=\"auto, (max-width: 300px) 100vw, 300px\" \/><\/a><\/p>\n<p><a href=\"https:\/\/dogpride.nl\/fr\/pride-nylon-stropje-van-touw-met-touwstopper\/\"><img loading=\"lazy\" decoding=\"async\" class=\"alignnone wp-image-137068\" src=\"https:\/\/dogpride.nl\/wp-content\/uploads\/PRIDE-Nylon-stropje-van-touw-met-touwstopper.jpg\" alt=\"PRIDE Nylon stropje van touw met touwstopper\" width=\"211\" height=\"141\" srcset=\"https:\/\/dogpride.nl\/wp-content\/uploads\/PRIDE-Nylon-stropje-van-touw-met-touwstopper.jpg 1820w, https:\/\/dogpride.nl\/wp-content\/uploads\/PRIDE-Nylon-stropje-van-touw-met-touwstopper-300x200.jpg 300w, https:\/\/dogpride.nl\/wp-content\/uploads\/PRIDE-Nylon-stropje-van-touw-met-touwstopper-1024x684.jpg 1024w, https:\/\/dogpride.nl\/wp-content\/uploads\/PRIDE-Nylon-stropje-van-touw-met-touwstopper-768x513.jpg 768w, https:\/\/dogpride.nl\/wp-content\/uploads\/PRIDE-Nylon-stropje-van-touw-met-touwstopper-1536x1025.jpg 1536w, https:\/\/dogpride.nl\/wp-content\/uploads\/PRIDE-Nylon-stropje-van-touw-met-touwstopper-18x12.jpg 18w, https:\/\/dogpride.nl\/wp-content\/uploads\/PRIDE-Nylon-stropje-van-touw-met-touwstopper-250x167.jpg 250w, https:\/\/dogpride.nl\/wp-content\/uploads\/PRIDE-Nylon-stropje-van-touw-met-touwstopper-400x267.jpg 400w\" sizes=\"auto, (max-width: 211px) 100vw, 211px\" \/><\/a><\/p>\n<p>&nbsp;<\/p>","protected":false},"excerpt":{"rendered":"<p>PRIDE Corde en nylon avec arr\u00eat de corde. Ce n\u0153ud coulant en nylon avec arr\u00eat de corde est fait de corde tr\u00e8s solide et convient au dressage des chiens.<\/p>","protected":false},"featured_media":19963,"template":"","meta":[],"product_brand":[],"product_cat":[90],"product_tag":[8486,8254,6349,3332,10823,10759,10780,10824,4866,10825,3157,7444,3389],"class_list":{"0":"post-1391","1":"product","2":"type-product","3":"status-publish","4":"has-post-thumbnail","6":"product_cat-pride-hondenhalsbanden","7":"product_tag-comfortabel","8":"product_tag-duurzaam","9":"product_tag-hondenhalsband","10":"product_tag-hondensport","11":"product_tag-luxe-accessoire","12":"product_tag-pride-collectie","13":"product_tag-pride-halsband","14":"product_tag-robuust","15":"product_tag-sterke-halsband","16":"product_tag-stijlvol","17":"product_tag-training","18":"product_tag-verstelbaar","19":"product_tag-werkhond","21":"first","22":"instock","23":"taxable","24":"shipping-taxable","25":"purchasable","26":"product-type-simple"},"mb":[],"mfb_rest_fields":["title"],"_links":{"self":[{"href":"https:\/\/dogpride.nl\/fr\/wp-json\/wp\/v2\/product\/1391","targetHints":{"allow":["GET"]}}],"collection":[{"href":"https:\/\/dogpride.nl\/fr\/wp-json\/wp\/v2\/product"}],"about":[{"href":"https:\/\/dogpride.nl\/fr\/wp-json\/wp\/v2\/types\/product"}],"wp:featuredmedia":[{"embeddable":true,"href":"https:\/\/dogpride.nl\/fr\/wp-json\/wp\/v2\/media\/19963"}],"wp:attachment":[{"href":"https:\/\/dogpride.nl\/fr\/wp-json\/wp\/v2\/media?parent=1391"}],"wp:term":[{"taxonomy":"product_brand","embeddable":true,"href":"https:\/\/dogpride.nl\/fr\/wp-json\/wp\/v2\/product_brand?post=1391"},{"taxonomy":"product_cat","embeddable":true,"href":"https:\/\/dogpride.nl\/fr\/wp-json\/wp\/v2\/product_cat?post=1391"},{"taxonomy":"product_tag","embeddable":true,"href":"https:\/\/dogpride.nl\/fr\/wp-json\/wp\/v2\/product_tag?post=1391"}],"curies":[{"name":"wp","href":"https:\/\/api.w.org\/{rel}","templated":true}]}}