{"id":139068,"date":"2025-10-24T12:23:37","date_gmt":"2025-10-24T10:23:37","guid":{"rendered":"https:\/\/dogpride.nl\/?post_type=product&#038;p=139068"},"modified":"2025-12-13T12:16:56","modified_gmt":"2025-12-13T11:16:56","slug":"pride-werkharnas-vero-classic-met-borst-ring","status":"publish","type":"product","link":"https:\/\/dogpride.nl\/fr\/pride-werkharnas-vero-classic-met-borst-ring\/","title":{"rendered":"PRIDE Werkharnas VERO-Classic met borst ring"},"content":{"rendered":"<h4>PRIDE Werkharnas VERO-Classic met borst ring<\/h4>\n<p>PRIDE Werkharnas VERO-Classic met borst ring<\/p>\n<p style=\"color: #000000; font-size: 13px; text-align: left; text-decoration: none;\">PRIDE Werkharnas VERO-Classic met borst ring. Verstelbaar harnas met handvat van sterk nylon en COBRA sluiting. Voor alle rassen en leeftijd.<br \/>\nGeschikt voor het uitlaten van honden, training (Sport, IPO, Mondioring, Real Work) Fysio en Diensthonden.<\/p>\n<h4>PRIDE Werkharnas VERO-Classic met borst ring\u00a0 voor ALLE hondenrassen.<\/h4>\n<p>Ce harnais est fait pour la force et le confort. Le harnais pour chien est con\u00e7u de mani\u00e8re experte pour offrir une durabilit\u00e9 maximale.<br \/>\nDe nauwkeurig ontworpen borstplaat met ring is bekleed met sterk nylon en biedt ultiem comfort voor uw hond en om de schok van een sterke hond tijdens het bijten te absorberen. Ontworpen zodat de weerstand op de schouders zit en niet op de keel.<br \/>\nOns agitatie harnas laat honden vrij blaffen en speuren.<\/p>\n<div style=\"color: #000000; font-size: 13px; text-align: left; text-decoration: none;\">Dit PRIDE Werkharnas VERO-Classic met borst ring is speciaal gebouwd voor de speuren training en fysio. Het hondentuig is ontworpen voor bijna elke grote werkhond. Het is een verstelbaar harnas. Voor snel aan- en uittrekken met slechts \u00e9\u00e9n gesp en riem.<\/div>\n<div style=\"color: #000000; font-size: 13px; text-align: left; text-decoration: none;\"><\/div>\n<div style=\"color: #000000; font-size: 13px; text-align: left; text-decoration: none;\">\n<p>Choisissez ce harnais pour chien avec poign\u00e9e solide pour votre confort pendant l&#039;entra\u00eenement.<br \/>\n<strong>Ce harnais convient \u00e9galement \u00e0 la physioth\u00e9rapie canine.<\/strong><\/p>\n<p>Mannequin: <span style=\"color: #000000; background-color: #ffffff; font-size: 10pt; text-align: left; display: inline; float: none; text-decoration: none;\">H-043<\/span><\/p>\n<\/div>\n<div style=\"color: #000000; font-size: 13px; text-align: left; text-decoration: none;\">\n<p>Mat\u00e9riau : nylon solide<\/p>\n<p>* Les couleurs varient en fonction du lot de teinture actuel<br \/>\nFermeture en m\u00e9tal robuste et anneau en D soud\u00e9 solide<\/p>\n<\/div>\n<div style=\"color: #000000; font-size: 13px; text-align: left; text-decoration: none;\">\n<h4>Tour de poitrine (cm)<\/h4>\n<ul>\n<li>XS 65cm-75cm<\/li>\n<li>S 75cm-85cm<\/li>\n<li>M 78cm-90cm<\/li>\n<li>Longueur 82cm-100cm<\/li>\n<li>XL94cm-110cm<\/li>\n<\/ul>\n<p>&nbsp;<\/p>\n<\/div>\n<p><a href=\"https:\/\/www.dogpride.eu\/\" target=\"_blank\" rel=\"noopener\"><img loading=\"lazy\" decoding=\"async\" class=\"alignnone wp-image-71202 size-medium\" src=\"https:\/\/dogpride.nl\/wp-content\/uploads\/Logo-Pride2-2-300x96.png\" alt=\"Logo Pride\" width=\"300\" height=\"96\" srcset=\"https:\/\/dogpride.nl\/wp-content\/uploads\/Logo-Pride2-2-300x96.png 300w, https:\/\/dogpride.nl\/wp-content\/uploads\/Logo-Pride2-2-250x80.png 250w, https:\/\/dogpride.nl\/wp-content\/uploads\/Logo-Pride2-2-200x64.png 200w, https:\/\/dogpride.nl\/wp-content\/uploads\/Logo-Pride2-2.png 327w\" sizes=\"auto, (max-width: 300px) 100vw, 300px\" \/><\/a><\/p>\n<h4><\/h4>\n<p>&nbsp;<\/p>\n<p><a href=\"https:\/\/dogpride.nl\/fr\/lijnen-en-tuigjes-voor-honden\/pride-hondenharnassen\/\"><img loading=\"lazy\" decoding=\"async\" class=\"alignnone\" title=\"PRIDE Werkharnas VERO-Classic met borst ring\" src=\"https:\/\/dogpride.nl\/wp-content\/uploads\/PRIDE-Professioneel-verstelbaar-werkharnas-VERO-2-150x150.jpg\" alt=\"PRIDE Werkharnas VERO-Classic met borst ring\" width=\"150\" height=\"150\" \/><\/a><img decoding=\"async\" src=\"https:\/\/dogpride.nl\/wp-content\/uploads\/PRIDE-Professioneel-verstelbaar-werkharnas-VERO-1-150x150.jpg\" \/><\/p>","protected":false},"excerpt":{"rendered":"<p>PRIDE Werkharnas VERO-Classic met borst ring . Professioneel werkharnas &#8211; Vero van PRIDE. Verstelbaar harnas met handvat van sterk nylon en COBRA sluiting. <strong>Ce harnais convient \u00e9galement \u00e0 la physioth\u00e9rapie canine.<\/strong><\/p>","protected":false},"featured_media":139075,"template":"","meta":[],"product_brand":[],"product_cat":[1908],"product_tag":[4892,4712,6980,9471,4608,4865,9053,9470,9469],"class_list":{"0":"post-139068","1":"product","2":"type-product","3":"status-publish","4":"has-post-thumbnail","6":"product_cat-pride-hondenharnassen","7":"product_tag-classic","8":"product_tag-dog","9":"product_tag-harness","10":"product_tag-hondenfysiotherapie","11":"product_tag-hondenharnas","12":"product_tag-pride","13":"product_tag-vero","14":"product_tag-y-harnas","15":"product_tag-y-tuig","17":"first","18":"instock","19":"taxable","20":"shipping-taxable","21":"purchasable","22":"product-type-variable"},"mb":[],"mfb_rest_fields":["title"],"_links":{"self":[{"href":"https:\/\/dogpride.nl\/fr\/wp-json\/wp\/v2\/product\/139068","targetHints":{"allow":["GET"]}}],"collection":[{"href":"https:\/\/dogpride.nl\/fr\/wp-json\/wp\/v2\/product"}],"about":[{"href":"https:\/\/dogpride.nl\/fr\/wp-json\/wp\/v2\/types\/product"}],"wp:featuredmedia":[{"embeddable":true,"href":"https:\/\/dogpride.nl\/fr\/wp-json\/wp\/v2\/media\/139075"}],"wp:attachment":[{"href":"https:\/\/dogpride.nl\/fr\/wp-json\/wp\/v2\/media?parent=139068"}],"wp:term":[{"taxonomy":"product_brand","embeddable":true,"href":"https:\/\/dogpride.nl\/fr\/wp-json\/wp\/v2\/product_brand?post=139068"},{"taxonomy":"product_cat","embeddable":true,"href":"https:\/\/dogpride.nl\/fr\/wp-json\/wp\/v2\/product_cat?post=139068"},{"taxonomy":"product_tag","embeddable":true,"href":"https:\/\/dogpride.nl\/fr\/wp-json\/wp\/v2\/product_tag?post=139068"}],"curies":[{"name":"wp","href":"https:\/\/api.w.org\/{rel}","templated":true}]}}