{"id":139052,"date":"2025-10-24T11:16:53","date_gmt":"2025-10-24T09:16:53","guid":{"rendered":"https:\/\/dogpride.nl\/?post_type=product&#038;p=139052"},"modified":"2026-01-11T13:58:08","modified_gmt":"2026-01-11T12:58:08","slug":"pride-lederen-bal-pride","status":"publish","type":"product","link":"https:\/\/dogpride.nl\/fr\/pride-lederen-bal-pride\/","title":{"rendered":"PRIDE Lederen bal PRIDE"},"content":{"rendered":"<h4>PRIDE Lederen bal PRIDE<\/h4>\n<p>PRIDE Lederen bal PRIDE.<\/p>\n<div>Lederen bal PRIDE voor honden van verschillende leeftijden en aanbevolen voor de hondentraining, retrievers, bijt- en gripverbetering.<br \/>\nCette balle aide votre chien \u00e0 \u00eatre joyeux et motiv\u00e9 \u00e0 l&#039;entra\u00eenement. La balle est douce, s\u00fbre et fiable, fabriqu\u00e9e avec une attention particuli\u00e8re \u00e0 la qualit\u00e9 et durable avec une boucle en caoutchouc latex souple confortable pour la main.<\/div>\n<div><img loading=\"lazy\" decoding=\"async\" class=\"\" src=\"https:\/\/dogpride.nl\/wp-content\/uploads\/tr00021-900x600-2.jpg\" width=\"142\" height=\"94\" \/><\/div>\n<div>Il peut \u00eatre utilis\u00e9 aussi bien pour les chiots que pour les chiens adultes.<\/div>\n<div>Le produit est fabriqu\u00e9 \u00e0 partir de tissus s\u00fbrs et sp\u00e9ciaux par les mains de professionnels.<\/div>\n<ul>\n<li>Sterk gestikt<\/li>\n<li>Comfortabele handgreep van latexrubber<\/li>\n<li>Gevuld met veilige synthetische vuller<\/li>\n<li>100% veilige materialen<\/li>\n<li>Aanbevolen door hondentrainers<\/li>\n<\/ul>\n<div>La couleur est fournie assortie.<\/div>\n<div><\/div>\n<div>\n<div style=\"color: #000000; font-size: 13px; text-align: left; text-decoration: none;\">Code\u00a0: T-012L<br \/>\nDiam\u00e8tre : (\u00b110 cm)<br \/>\nMat\u00e9riel: Cuir<\/div>\n<\/div>\n<div><\/div>\n<div><a href=\"https:\/\/dogpride.nl\/fr\/gehoorzaamheid\/bijtworsten-voor-honden\/?product-page=1\"><img loading=\"lazy\" decoding=\"async\" class=\"alignnone\" title=\"PRIDE Lederen bal PRIDE\" src=\"https:\/\/dogpride.nl\/wp-content\/uploads\/tr00021-900x600-2.jpg\" alt=\"PRIDE Lederen bal PRIDE\" width=\"172\" height=\"114\" \/><\/a><\/div>\n<div><\/div>\n<div><a href=\"https:\/\/www.dogpride.eu\/\" target=\"_blank\" rel=\"noopener\"><img loading=\"lazy\" decoding=\"async\" class=\"alignnone wp-image-71202 size-medium\" src=\"https:\/\/dogpride.nl\/wp-content\/uploads\/Logo-Pride2-2-300x96.png\" alt=\"\" width=\"300\" height=\"96\" srcset=\"https:\/\/dogpride.nl\/wp-content\/uploads\/Logo-Pride2-2-300x96.png 300w, https:\/\/dogpride.nl\/wp-content\/uploads\/Logo-Pride2-2-250x80.png 250w, https:\/\/dogpride.nl\/wp-content\/uploads\/Logo-Pride2-2-200x64.png 200w, https:\/\/dogpride.nl\/wp-content\/uploads\/Logo-Pride2-2.png 327w\" sizes=\"auto, (max-width: 300px) 100vw, 300px\" \/><\/a><\/div>","protected":false},"excerpt":{"rendered":"<p>Cette balle aide votre chien \u00e0 \u00eatre joyeux et motiv\u00e9 \u00e0 l&#039;entra\u00eenement. La balle est douce, s\u00fbre et fiable, fabriqu\u00e9e avec une attention particuli\u00e8re \u00e0 la qualit\u00e9 et durable avec une boucle en caoutchouc latex souple confortable pour la main.<\/p>","protected":false},"featured_media":13563,"template":"","meta":[],"product_brand":[],"product_cat":[81,352],"product_tag":[3332,21851,4865],"class_list":{"0":"post-139052","1":"product","2":"type-product","3":"status-publish","4":"has-post-thumbnail","6":"product_cat-ballen-en-apporteren","7":"product_cat-bijtworsten-voor-honden","8":"product_tag-hondensport","9":"product_tag-leren-bal","10":"product_tag-pride","12":"first","13":"instock","14":"taxable","15":"shipping-taxable","16":"purchasable","17":"product-type-simple"},"mb":[],"mfb_rest_fields":["title"],"_links":{"self":[{"href":"https:\/\/dogpride.nl\/fr\/wp-json\/wp\/v2\/product\/139052","targetHints":{"allow":["GET"]}}],"collection":[{"href":"https:\/\/dogpride.nl\/fr\/wp-json\/wp\/v2\/product"}],"about":[{"href":"https:\/\/dogpride.nl\/fr\/wp-json\/wp\/v2\/types\/product"}],"wp:featuredmedia":[{"embeddable":true,"href":"https:\/\/dogpride.nl\/fr\/wp-json\/wp\/v2\/media\/13563"}],"wp:attachment":[{"href":"https:\/\/dogpride.nl\/fr\/wp-json\/wp\/v2\/media?parent=139052"}],"wp:term":[{"taxonomy":"product_brand","embeddable":true,"href":"https:\/\/dogpride.nl\/fr\/wp-json\/wp\/v2\/product_brand?post=139052"},{"taxonomy":"product_cat","embeddable":true,"href":"https:\/\/dogpride.nl\/fr\/wp-json\/wp\/v2\/product_cat?post=139052"},{"taxonomy":"product_tag","embeddable":true,"href":"https:\/\/dogpride.nl\/fr\/wp-json\/wp\/v2\/product_tag?post=139052"}],"curies":[{"name":"wp","href":"https:\/\/api.w.org\/{rel}","templated":true}]}}