{"id":139049,"date":"2025-10-24T11:16:28","date_gmt":"2025-10-24T09:16:28","guid":{"rendered":"https:\/\/dogpride.nl\/?post_type=product&#038;p=139049"},"modified":"2026-02-14T09:02:28","modified_gmt":"2026-02-14T08:02:28","slug":"pride-canvas-hondenbal-tuz","status":"publish","type":"product","link":"https:\/\/dogpride.nl\/fr\/pride-canvas-hondenbal-tuz\/","title":{"rendered":"PRIDE Canvas hondenbal TUZ"},"content":{"rendered":"<h4>PRIDE Canvas hondenbal TUZ<\/h4>\n<p>PRIDE Canvas hondenbal TUZ<\/p>\n<p><span style=\"font-size: 10pt;\"><span style=\"color: #000000;\">Avec cette balle pour chien en toile robuste, vous pourrez profiter pleinement de votre chien. Id\u00e9al pour les jeux de r\u00e9cup\u00e9ration et de remorqueur\u00a0!<\/span><\/span><\/p>\n<p><img loading=\"lazy\" decoding=\"async\" class=\"\" src=\"https:\/\/dogpride.nl\/wp-content\/uploads\/katoenen-ballen-1.jpg\" width=\"127\" height=\"84\" \/><\/p>\n<p style=\"color: #000000; text-align: left; text-decoration: none;\">Le manche mesure \u00b1 15 cm de long.<br \/>\nLa balle est disponible en diam\u00e8tres \u00b1 8 cm, \u00b1 10 cm.<\/p>\n<p style=\"color: #000000; text-align: left; text-decoration: none;\">\u00c9tant donn\u00e9 que chaque balle est fabriqu\u00e9e \u00e0 la main, veuillez pr\u00e9voir une petite diff\u00e9rence entre les balles individuelles.<\/p>\n<p style=\"color: #000000; text-align: left; text-decoration: none;\"><strong>Cette balle est destin\u00e9e aux chiots et aux jeunes chiens, pas aux chiens adultes !<\/strong><\/p>\n<p>Mannequin:\u00a0<span style=\"color: #000000; background-color: #ffffff; font-size: 12px; text-align: left; display: inline !important; float: none; text-decoration: none;\">T-012<\/span><\/p>\n<p>Kleur wordt assort geleverd.<\/p>\n<p><a href=\"https:\/\/dogpride.nl\/fr\/gehoorzaamheid\/bijtworsten-voor-honden\/?product-page=1\"><img loading=\"lazy\" decoding=\"async\" class=\"alignnone\" title=\"PRIDE Canvas hondenbal TUZ\" src=\"https:\/\/dogpride.nl\/wp-content\/uploads\/katoenen-ballen-1.jpg\" alt=\"PRIDE Canvas hondenbal TUZ\" width=\"127\" height=\"84\" \/><\/a><\/p>\n<p><a href=\"https:\/\/www.dogpride.eu\/\" target=\"_blank\" rel=\"noopener\"><img loading=\"lazy\" decoding=\"async\" class=\"alignnone wp-image-71202 size-medium\" src=\"https:\/\/dogpride.nl\/wp-content\/uploads\/Logo-Pride2-2-300x96.png\" alt=\"\" width=\"300\" height=\"96\" srcset=\"https:\/\/dogpride.nl\/wp-content\/uploads\/Logo-Pride2-2-300x96.png 300w, https:\/\/dogpride.nl\/wp-content\/uploads\/Logo-Pride2-2-250x80.png 250w, https:\/\/dogpride.nl\/wp-content\/uploads\/Logo-Pride2-2-200x64.png 200w, https:\/\/dogpride.nl\/wp-content\/uploads\/Logo-Pride2-2.png 327w\" sizes=\"auto, (max-width: 300px) 100vw, 300px\" \/><\/a><\/p>","protected":false},"excerpt":{"rendered":"<p><span style=\"font-size: 10pt;\"><span style=\"color: #000000;\">Avec cette balle pour chien en toile robuste, vous pourrez profiter pleinement de votre chien. Id\u00e9al pour les jeux de r\u00e9cup\u00e9ration et de remorqueur\u00a0!<\/span><\/span><\/p>","protected":false},"featured_media":13561,"template":"","meta":[],"product_brand":[],"product_cat":[81,352],"product_tag":[],"class_list":{"0":"post-139049","1":"product","2":"type-product","3":"status-publish","4":"has-post-thumbnail","6":"product_cat-ballen-en-apporteren","7":"product_cat-bijtworsten-voor-honden","9":"first","10":"instock","11":"taxable","12":"shipping-taxable","13":"purchasable","14":"product-type-variable"},"mb":[],"mfb_rest_fields":["title"],"_links":{"self":[{"href":"https:\/\/dogpride.nl\/fr\/wp-json\/wp\/v2\/product\/139049","targetHints":{"allow":["GET"]}}],"collection":[{"href":"https:\/\/dogpride.nl\/fr\/wp-json\/wp\/v2\/product"}],"about":[{"href":"https:\/\/dogpride.nl\/fr\/wp-json\/wp\/v2\/types\/product"}],"wp:featuredmedia":[{"embeddable":true,"href":"https:\/\/dogpride.nl\/fr\/wp-json\/wp\/v2\/media\/13561"}],"wp:attachment":[{"href":"https:\/\/dogpride.nl\/fr\/wp-json\/wp\/v2\/media?parent=139049"}],"wp:term":[{"taxonomy":"product_brand","embeddable":true,"href":"https:\/\/dogpride.nl\/fr\/wp-json\/wp\/v2\/product_brand?post=139049"},{"taxonomy":"product_cat","embeddable":true,"href":"https:\/\/dogpride.nl\/fr\/wp-json\/wp\/v2\/product_cat?post=139049"},{"taxonomy":"product_tag","embeddable":true,"href":"https:\/\/dogpride.nl\/fr\/wp-json\/wp\/v2\/product_tag?post=139049"}],"curies":[{"name":"wp","href":"https:\/\/api.w.org\/{rel}","templated":true}]}}