{"id":1388,"date":"2019-06-06T14:56:23","date_gmt":"2019-06-06T12:56:23","guid":{"rendered":"https:\/\/dogpride1.wpengine.com\/?post_type=product&#038;p=1388"},"modified":"2025-10-27T15:17:05","modified_gmt":"2025-10-27T14:17:05","slug":"pride-puppy-halsband-25-mm-in-camouflagekleur","status":"publish","type":"product","link":"https:\/\/dogpride.nl\/fr\/pride-puppy-halsband-25-mm-in-camouflagekleur\/","title":{"rendered":"Collier PRIDE Puppy 25 mm couleur camouflage"},"content":{"rendered":"<h4>Collier PRIDE Puppy 25 mm couleur camouflage<\/h4>\n<p><span style=\"color: #1c1e21; font-size: 14px;\">Collier pour chiot \u00e0 d\u00e9gagement rapide.<\/span><\/p>\n<div class=\"text_exposed_show\" style=\"color: #1c1e21; background-color: #ffffff; font-size: 14px; text-align: start; display: inline;\">\n<p>Collier \u00e9troit et d\u00e9licat qui gardera sous contr\u00f4le m\u00eame le chiot le plus sauvage.<\/p>\n<p>Ce collier r\u00e9glable convient aux chiots et aux chiens de petite et moyenne taille.<\/p>\n<p>Largeur : 25 mm.<\/p>\n<p>Longueur ajustable : 28 \u2013 47 cm<\/p>\n<p>Couleurs : camouflage d&#039;hiver, camouflage marron, camouflage vert, vert fonc\u00e9, camouflage rose et camouflage bleu.<\/p>\n<p>&nbsp;<\/p>\n<p><a href=\"https:\/\/www.dogpride.eu\/\" target=\"_blank\" rel=\"noopener\"><img loading=\"lazy\" decoding=\"async\" class=\"alignnone wp-image-70657 size-medium\" src=\"https:\/\/dogpride.nl\/wp-content\/uploads\/Logo-Pride2-1-300x96.png\" alt=\"\" width=\"300\" height=\"96\" srcset=\"https:\/\/dogpride.nl\/wp-content\/uploads\/Logo-Pride2-1-300x96.png 300w, https:\/\/dogpride.nl\/wp-content\/uploads\/Logo-Pride2-1-250x80.png 250w, https:\/\/dogpride.nl\/wp-content\/uploads\/Logo-Pride2-1-200x64.png 200w, https:\/\/dogpride.nl\/wp-content\/uploads\/Logo-Pride2-1.png 327w\" sizes=\"auto, (max-width: 300px) 100vw, 300px\" \/><\/a><\/p>\n<p><a href=\"https:\/\/dogpride.nl\/fr\/pride-puppy-halsband-25-mm-in-camouflagekleur\/\"><img loading=\"lazy\" decoding=\"async\" class=\"alignnone wp-image-137072\" src=\"https:\/\/dogpride.nl\/wp-content\/uploads\/PRIDE-Puppy-halsband-25-mm-in-camouflagekleur.jpg\" alt=\"PRIDE Puppy halsband 25 mm in camouflagekleur\" width=\"343\" height=\"229\" srcset=\"https:\/\/dogpride.nl\/wp-content\/uploads\/PRIDE-Puppy-halsband-25-mm-in-camouflagekleur.jpg 1820w, https:\/\/dogpride.nl\/wp-content\/uploads\/PRIDE-Puppy-halsband-25-mm-in-camouflagekleur-300x200.jpg 300w, https:\/\/dogpride.nl\/wp-content\/uploads\/PRIDE-Puppy-halsband-25-mm-in-camouflagekleur-1024x684.jpg 1024w, https:\/\/dogpride.nl\/wp-content\/uploads\/PRIDE-Puppy-halsband-25-mm-in-camouflagekleur-768x513.jpg 768w, https:\/\/dogpride.nl\/wp-content\/uploads\/PRIDE-Puppy-halsband-25-mm-in-camouflagekleur-1536x1025.jpg 1536w, https:\/\/dogpride.nl\/wp-content\/uploads\/PRIDE-Puppy-halsband-25-mm-in-camouflagekleur-18x12.jpg 18w, https:\/\/dogpride.nl\/wp-content\/uploads\/PRIDE-Puppy-halsband-25-mm-in-camouflagekleur-250x167.jpg 250w, https:\/\/dogpride.nl\/wp-content\/uploads\/PRIDE-Puppy-halsband-25-mm-in-camouflagekleur-400x267.jpg 400w\" sizes=\"auto, (max-width: 343px) 100vw, 343px\" \/><\/a><\/p>\n<p>&nbsp;<\/p>\n<\/div>","protected":false},"excerpt":{"rendered":"<p>PRIDE Puppy halsband in camouflagekleur. Smalle, delicate ogende halsband die zelfs de wildste puppy onder controle houdt.<\/p>","protected":false},"featured_media":22862,"template":"","meta":[],"product_brand":[],"product_cat":[90],"product_tag":[8486,8254,6349,3332,10823,10759,10780,10824,4866,10825,3157,7444,3389],"class_list":{"0":"post-1388","1":"product","2":"type-product","3":"status-publish","4":"has-post-thumbnail","6":"product_cat-pride-hondenhalsbanden","7":"product_tag-comfortabel","8":"product_tag-duurzaam","9":"product_tag-hondenhalsband","10":"product_tag-hondensport","11":"product_tag-luxe-accessoire","12":"product_tag-pride-collectie","13":"product_tag-pride-halsband","14":"product_tag-robuust","15":"product_tag-sterke-halsband","16":"product_tag-stijlvol","17":"product_tag-training","18":"product_tag-verstelbaar","19":"product_tag-werkhond","21":"first","22":"instock","23":"taxable","24":"shipping-taxable","25":"purchasable","26":"product-type-variable"},"mb":[],"mfb_rest_fields":["title"],"_links":{"self":[{"href":"https:\/\/dogpride.nl\/fr\/wp-json\/wp\/v2\/product\/1388","targetHints":{"allow":["GET"]}}],"collection":[{"href":"https:\/\/dogpride.nl\/fr\/wp-json\/wp\/v2\/product"}],"about":[{"href":"https:\/\/dogpride.nl\/fr\/wp-json\/wp\/v2\/types\/product"}],"wp:featuredmedia":[{"embeddable":true,"href":"https:\/\/dogpride.nl\/fr\/wp-json\/wp\/v2\/media\/22862"}],"wp:attachment":[{"href":"https:\/\/dogpride.nl\/fr\/wp-json\/wp\/v2\/media?parent=1388"}],"wp:term":[{"taxonomy":"product_brand","embeddable":true,"href":"https:\/\/dogpride.nl\/fr\/wp-json\/wp\/v2\/product_brand?post=1388"},{"taxonomy":"product_cat","embeddable":true,"href":"https:\/\/dogpride.nl\/fr\/wp-json\/wp\/v2\/product_cat?post=1388"},{"taxonomy":"product_tag","embeddable":true,"href":"https:\/\/dogpride.nl\/fr\/wp-json\/wp\/v2\/product_tag?post=1388"}],"curies":[{"name":"wp","href":"https:\/\/api.w.org\/{rel}","templated":true}]}}