{"id":1385,"date":"2019-06-06T13:13:32","date_gmt":"2019-06-06T11:13:32","guid":{"rendered":"https:\/\/dogpride1.wpengine.com\/?post_type=product&#038;p=1385"},"modified":"2025-10-27T15:15:39","modified_gmt":"2025-10-27T14:15:39","slug":"pride-zacht-nylon-halsband-met-voering-3-ringen-40-mm","status":"publish","type":"product","link":"https:\/\/dogpride.nl\/fr\/pride-zacht-nylon-halsband-met-voering-3-ringen-40-mm\/","title":{"rendered":"PRIDE Collier en nylon souple avec doublure 3 anneaux 40 mm"},"content":{"rendered":"<h4>PRIDE Collier en nylon souple avec doublure 3 anneaux 40 mm<\/h4>\n<p>PRIDE Collier en nylon souple avec doublure 3 anneaux 40 mm<\/p>\n<p>Ce collier en nylon doux et r\u00e9sistant de 4 cm de large avec doublure poss\u00e8de 3 anneaux.<br \/>\nConvient au Berger Belge \/ Malinois, Berger Allemand et autres races de chiens de taille moyenne.<\/p>\n<p>Deze PRIDE Zacht nylon halsband met voering 3 ringen 40 mm is een perfecte keuze voor een betrouwbare tool voor controle over een middelgrote tot grote hond.<\/p>\n<p>Nous utilisons du nylon de haute qualit\u00e9 pour vous fournir un bon service, en gardant l&#039;apparence et la durabilit\u00e9.<br \/>\nCe collier en nylon est un outil confortable pour promener et dresser les chiens. Il est confortable d&#039;attraper votre chien en cas de besoin, lors d&#039;une s\u00e9ance d&#039;entra\u00eenement ou en public pour le garder pr\u00e8s de vous.<\/p>\n<p>Ce collier en nylon est l&#039;un des accessoires pr\u00e9f\u00e9r\u00e9s de nos clients. Choisissez ce collier en nylon le plus vendu pour votre chien et essayez sa fonctionnalit\u00e9, sa durabilit\u00e9 et sa qualit\u00e9.<br \/>\nLa doublure ajoute environ 5 mm ou un peu plus \u00e0 la largeur du col de chaque c\u00f4t\u00e9. Ainsi, un collier d&#039;une largeur de 40 mm a une largeur r\u00e9elle d&#039;environ 50 mm.<\/p>\n<p>Essayez notre collier solide pour une utilisation confortable, fiable et durable et un look \u00e9l\u00e9gant pour votre chien. Votre animal de compagnie m\u00e9rite la meilleure qualit\u00e9 !<\/p>\n<p>Mod\u00e8le : CL-052<br \/>\nMat\u00e9riau : nylon doux<br \/>\nLargeur : 40 mm<br \/>\nDimensions : MOYEN 4,0 x 55 cm<br \/>\nGRAND 4,0 x 62 cm<\/p>\n<p>Couleurs disponibles : noir et rouge \/ noir et vert \/ noir et bleu \/ noir et jaune \/ noir et fluo \/ noir et orange \/ noir et bleu ciel<\/p>\n<p>&nbsp;<\/p>\n<p><a href=\"https:\/\/www.dogpride.eu\/\" target=\"_blank\" rel=\"noopener\"><img loading=\"lazy\" decoding=\"async\" class=\"alignnone wp-image-70657 size-medium\" src=\"https:\/\/dogpride.nl\/wp-content\/uploads\/Logo-Pride2-1-300x96.png\" alt=\"\" width=\"300\" height=\"96\" srcset=\"https:\/\/dogpride.nl\/wp-content\/uploads\/Logo-Pride2-1-300x96.png 300w, https:\/\/dogpride.nl\/wp-content\/uploads\/Logo-Pride2-1-250x80.png 250w, https:\/\/dogpride.nl\/wp-content\/uploads\/Logo-Pride2-1-200x64.png 200w, https:\/\/dogpride.nl\/wp-content\/uploads\/Logo-Pride2-1.png 327w\" sizes=\"auto, (max-width: 300px) 100vw, 300px\" \/><\/a><\/p>\n<p><a href=\"https:\/\/dogpride.nl\/fr\/pride-zacht-nylon-halsband-met-voering-3-ringen\/\"><img loading=\"lazy\" decoding=\"async\" class=\"alignnone wp-image-137079\" src=\"https:\/\/dogpride.nl\/wp-content\/uploads\/PRIDE-Zacht-nylon-halsband-met-voering-3-ringen-40-mm.png\" alt=\"PRIDE Zacht nylon halsband met voering 3 ringen 40 mm\" width=\"262\" height=\"174\" srcset=\"https:\/\/dogpride.nl\/wp-content\/uploads\/PRIDE-Zacht-nylon-halsband-met-voering-3-ringen-40-mm.png 1820w, https:\/\/dogpride.nl\/wp-content\/uploads\/PRIDE-Zacht-nylon-halsband-met-voering-3-ringen-40-mm-300x200.png 300w, https:\/\/dogpride.nl\/wp-content\/uploads\/PRIDE-Zacht-nylon-halsband-met-voering-3-ringen-40-mm-1024x681.png 1024w, https:\/\/dogpride.nl\/wp-content\/uploads\/PRIDE-Zacht-nylon-halsband-met-voering-3-ringen-40-mm-768x511.png 768w, https:\/\/dogpride.nl\/wp-content\/uploads\/PRIDE-Zacht-nylon-halsband-met-voering-3-ringen-40-mm-1536x1022.png 1536w, https:\/\/dogpride.nl\/wp-content\/uploads\/PRIDE-Zacht-nylon-halsband-met-voering-3-ringen-40-mm-18x12.png 18w, https:\/\/dogpride.nl\/wp-content\/uploads\/PRIDE-Zacht-nylon-halsband-met-voering-3-ringen-40-mm-250x166.png 250w, https:\/\/dogpride.nl\/wp-content\/uploads\/PRIDE-Zacht-nylon-halsband-met-voering-3-ringen-40-mm-400x266.png 400w\" sizes=\"auto, (max-width: 262px) 100vw, 262px\" \/><\/a><\/p>\n<p>&nbsp;<\/p>","protected":false},"excerpt":{"rendered":"<p>Collier PRIDE en nylon souple avec doublure 3 anneaux 40 mm. Convient au Berger Belge \/ Malinois, Berger Allemand et autres races de chiens de taille moyenne.<\/p>","protected":false},"featured_media":22848,"template":"","meta":[],"product_brand":[],"product_cat":[90],"product_tag":[8486,8254,6349,3332,10823,10759,10780,10824,4866,10825,3157,7444,3389],"class_list":{"0":"post-1385","1":"product","2":"type-product","3":"status-publish","4":"has-post-thumbnail","6":"product_cat-pride-hondenhalsbanden","7":"product_tag-comfortabel","8":"product_tag-duurzaam","9":"product_tag-hondenhalsband","10":"product_tag-hondensport","11":"product_tag-luxe-accessoire","12":"product_tag-pride-collectie","13":"product_tag-pride-halsband","14":"product_tag-robuust","15":"product_tag-sterke-halsband","16":"product_tag-stijlvol","17":"product_tag-training","18":"product_tag-verstelbaar","19":"product_tag-werkhond","21":"first","22":"instock","23":"taxable","24":"shipping-taxable","25":"purchasable","26":"product-type-variable"},"mb":[],"mfb_rest_fields":["title"],"_links":{"self":[{"href":"https:\/\/dogpride.nl\/fr\/wp-json\/wp\/v2\/product\/1385","targetHints":{"allow":["GET"]}}],"collection":[{"href":"https:\/\/dogpride.nl\/fr\/wp-json\/wp\/v2\/product"}],"about":[{"href":"https:\/\/dogpride.nl\/fr\/wp-json\/wp\/v2\/types\/product"}],"wp:featuredmedia":[{"embeddable":true,"href":"https:\/\/dogpride.nl\/fr\/wp-json\/wp\/v2\/media\/22848"}],"wp:attachment":[{"href":"https:\/\/dogpride.nl\/fr\/wp-json\/wp\/v2\/media?parent=1385"}],"wp:term":[{"taxonomy":"product_brand","embeddable":true,"href":"https:\/\/dogpride.nl\/fr\/wp-json\/wp\/v2\/product_brand?post=1385"},{"taxonomy":"product_cat","embeddable":true,"href":"https:\/\/dogpride.nl\/fr\/wp-json\/wp\/v2\/product_cat?post=1385"},{"taxonomy":"product_tag","embeddable":true,"href":"https:\/\/dogpride.nl\/fr\/wp-json\/wp\/v2\/product_tag?post=1385"}],"curies":[{"name":"wp","href":"https:\/\/api.w.org\/{rel}","templated":true}]}}