{"id":138050,"date":"2025-10-14T17:20:37","date_gmt":"2025-10-14T15:20:37","guid":{"rendered":"https:\/\/dogpride.nl\/?post_type=product&#038;p=138050"},"modified":"2025-10-14T17:39:45","modified_gmt":"2025-10-14T15:39:45","slug":"mistral-85005-pdt-field-test-kit","status":"publish","type":"product","link":"https:\/\/dogpride.nl\/fr\/mistral-85005-pdt-field-test-kit\/","title":{"rendered":"MISTRAL 85005 PDT Field Test Kit"},"content":{"rendered":"<h4>MISTRAL 85005 PDT Field Test Kit<\/h4>\n<p>MISTRAL 85005 PDT Field Test Kit<\/p>\n<p>PDT is een reeks individuele, vermoedelijke reagensdrugstests die wetshandhavers, drugshandhavingsinstanties en militaire CID-eenheden helpen om snel en gemakkelijk gereguleerde stoffen te identificeren terwijl ze in het veld zijn.<br \/>\nMSI biedt klanten de meest uitgebreide, goedkope tests zonder in te boeten aan effectiviteit.<\/p>\n<h4>Les fonctions:<\/h4>\n<ul>\n<li>Eenmalig gebruik<\/li>\n<li>Meest uitgebreide set tests op de markt<\/li>\n<\/ul>\n<p><strong>Contenu:<\/strong> 10 tests<\/p>\n<p>&nbsp;<\/p>\n<p><a href=\"https:\/\/dogpride.nl\/fr\/k9\/detectie\/mistral-detection-and-identification\/\"><img loading=\"lazy\" decoding=\"async\" class=\"alignnone wp-image-138051 size-thumbnail\" title=\"MISTRAL 85005 PDT Field Test Kit\" src=\"https:\/\/dogpride.nl\/wp-content\/uploads\/PDT-10-test_43273049-cc27-4191-b70e-1b8fdd3001db-150x150.jpg\" alt=\"MISTRAL 85005 PDT Field Test Kit\" width=\"150\" height=\"150\" srcset=\"https:\/\/dogpride.nl\/wp-content\/uploads\/PDT-10-test_43273049-cc27-4191-b70e-1b8fdd3001db-150x150.jpg 150w, https:\/\/dogpride.nl\/wp-content\/uploads\/PDT-10-test_43273049-cc27-4191-b70e-1b8fdd3001db-100x100.jpg 100w\" sizes=\"auto, (max-width: 150px) 100vw, 150px\" \/><\/a><\/p>\n<p>&nbsp;<\/p>\n<p>&nbsp;<\/p>\n<p><a href=\"https:\/\/www.mistralsecurityinc.com\/\" target=\"_blank\" rel=\"noopener\"><img loading=\"lazy\" decoding=\"async\" class=\"alignnone wp-image-137919 size-full\" title=\"MISTRAL 85005 PDT Field Test Kit\" src=\"https:\/\/dogpride.nl\/wp-content\/uploads\/Logo-9.png\" alt=\"MISTRAL 85005 PDT Field Test Kit\" width=\"303\" height=\"51\" srcset=\"https:\/\/dogpride.nl\/wp-content\/uploads\/Logo-9.png 303w, https:\/\/dogpride.nl\/wp-content\/uploads\/Logo-9-300x50.png 300w, https:\/\/dogpride.nl\/wp-content\/uploads\/Logo-9-18x3.png 18w, https:\/\/dogpride.nl\/wp-content\/uploads\/Logo-9-250x42.png 250w\" sizes=\"auto, (max-width: 303px) 100vw, 303px\" \/><\/a><\/p>\n<h4 data-start=\"285\" data-end=\"378\"><strong data-start=\"287\" data-end=\"378\">MISTRAL 85005 PDT Field Test Kit \u2013 Complete professionele drugstestset voor veldgebruik<\/strong><\/h4>\n<p data-start=\"380\" data-end=\"863\">Le <strong data-start=\"383\" data-end=\"419\">MISTRAL 85005 PDT Field Test Kit<\/strong> est un <strong data-start=\"427\" data-end=\"464\">uitgebreide, draagbare testkoffer<\/strong> die alle essenti\u00eble reagentia bevat voor de <strong data-start=\"509\" data-end=\"572\">snelle en betrouwbare identificatie van verdovende middelen<\/strong> in het veld.<br data-start=\"585\" data-end=\"588\" \/>Deze professionele testset is onderdeel van de bekende <strong data-start=\"643\" data-end=\"689\">MISTRAL PDT-serie (Presumptive Drug Tests)<\/strong> par <strong data-start=\"694\" data-end=\"719\">Mistral Security Inc.<\/strong>, wereldwijd marktleider in chemische detectie- en identificatiesystemen voor politie, douane, forensische laboratoria en veiligheidsdiensten.<\/p>\n<p data-start=\"865\" data-end=\"1185\">Avec le <strong data-start=\"872\" data-end=\"908\">MISTRAL 85005 PDT Field Test Kit<\/strong> kunnen gebruikers <strong data-start=\"927\" data-end=\"949\">direct ter plaatse<\/strong> verdachte stoffen analyseren en binnen enkele seconden een <strong data-start=\"1009\" data-end=\"1036\">duidelijke kleurreactie<\/strong> waarnemen.<br data-start=\"1047\" data-end=\"1050\" \/>De kit combineert <strong data-start=\"1068\" data-end=\"1111\">laboratoriumkwaliteit met draagbaarheid<\/strong>, en is ontworpen voor intensief gebruik onder de zwaarste omstandigheden.<\/p>\n<hr data-start=\"1187\" data-end=\"1190\" \/>\n<h4 data-start=\"1192\" data-end=\"1242\"><strong data-start=\"1195\" data-end=\"1242\">Wat is de MISTRAL 85005 PDT Field Test Kit?<\/strong><\/h4>\n<p data-start=\"1244\" data-end=\"1552\">Le <strong data-start=\"1247\" data-end=\"1283\">MISTRAL 85005 PDT Field Test Kit<\/strong> est un <strong data-start=\"1291\" data-end=\"1323\">professioneel veldtestpakket<\/strong> dat een breed scala aan <strong data-start=\"1348\" data-end=\"1376\">presumptieve drugstesten<\/strong> bevat.<br data-start=\"1383\" data-end=\"1386\" \/>De reagentia in deze kit reageren chemisch op specifieke verdovende stoffen, waardoor een <strong data-start=\"1476\" data-end=\"1504\">visuele kleurverandering<\/strong> ontstaat die binnen 30 seconden zichtbaar is.<\/p>\n<p data-start=\"1554\" data-end=\"1611\">Met deze testkoffer kun je onder andere controleren op:<\/p>\n<ul>\n<li data-start=\"1614\" data-end=\"1653\"><strong data-start=\"1614\" data-end=\"1629\">Amph\u00e9tamines<\/strong> et <strong data-start=\"1633\" data-end=\"1651\">MDMA (ecstasy)<\/strong><\/li>\n<li data-start=\"1656\" data-end=\"1703\"><strong data-start=\"1656\" data-end=\"1667\">Opiaten<\/strong> zoals morfine, hero\u00efne en code\u00efne<\/li>\n<li data-start=\"1706\" data-end=\"1741\"><strong data-start=\"1706\" data-end=\"1717\">Coca\u00efne<\/strong> en verwante derivaten<\/li>\n<li data-start=\"1744\" data-end=\"1765\"><strong data-start=\"1744\" data-end=\"1763\">Cannabis en THC<\/strong><\/li>\n<li data-start=\"1768\" data-end=\"1811\"><strong data-start=\"1768\" data-end=\"1775\">LSD<\/strong>, <strong data-start=\"1777\" data-end=\"1793\">barbituraten<\/strong> et <strong data-start=\"1797\" data-end=\"1809\">methadon<\/strong><\/li>\n<li data-start=\"1814\" data-end=\"1864\"><strong data-start=\"1814\" data-end=\"1837\">PCP (phencyclidine)<\/strong> en andere hallucinogenen<\/li>\n<\/ul>\n<p data-start=\"1866\" data-end=\"2053\">Le <strong data-start=\"1869\" data-end=\"1886\">MISTRAL 85005<\/strong> biedt een <strong data-start=\"1897\" data-end=\"1919\">complete oplossing<\/strong> voor professionals die snel en betrouwbaar een voorlopige identificatie willen uitvoeren, zonder dat laboratoriumapparatuur nodig is.<\/p>\n<hr data-start=\"2055\" data-end=\"2058\" \/>\n<h4 data-start=\"2060\" data-end=\"2084\"><strong data-start=\"2063\" data-end=\"2084\">Inhoud van de kit<\/strong><\/h4>\n<p data-start=\"2086\" data-end=\"2200\">Le <strong data-start=\"2089\" data-end=\"2125\">MISTRAL 85005 PDT Field Test Kit<\/strong> bevat een zorgvuldig geselecteerde reeks van Mistral-reagentia, waaronder:<\/p>\n<ul>\n<li data-start=\"2204\" data-end=\"2278\"><strong data-start=\"2204\" data-end=\"2223\">Marquis Reagent<\/strong> \u2013 detectie van amfetaminen, MDMA, morfine en hero\u00efne<\/li>\n<li data-start=\"2281\" data-end=\"2337\"><strong data-start=\"2281\" data-end=\"2301\">Mandelin Reagent<\/strong> \u2013 ketamine, amfetamine en ecstasy<\/li>\n<li data-start=\"2340\" data-end=\"2389\"><strong data-start=\"2340\" data-end=\"2357\">Scott Reagent<\/strong> \u2013 coca\u00efne en verwante stoffen<\/li>\n<li data-start=\"2392\" data-end=\"2440\"><strong data-start=\"2392\" data-end=\"2420\">Duquenois-Levine Reagent<\/strong> \u2013 cannabis en THC<\/li>\n<li data-start=\"2443\" data-end=\"2485\"><strong data-start=\"2443\" data-end=\"2462\">Ehrlich Reagent<\/strong> \u2013 LSD en tryptaminen<\/li>\n<li data-start=\"2488\" data-end=\"2531\"><strong data-start=\"2488\" data-end=\"2514\">Dille-Koppanyi Reagent<\/strong> \u2013 barbituraten<\/li>\n<li data-start=\"2534\" data-end=\"2593\"><strong data-start=\"2534\" data-end=\"2562\">Methadone en PCP Reagent<\/strong> \u2013 opio\u00efden en hallucinogenen<\/li>\n<li data-start=\"2596\" data-end=\"2665\"><strong data-start=\"2596\" data-end=\"2616\">Acid Neutralizer<\/strong> \u2013 veilig neutraliseren van gebruikte reagentia<\/li>\n<\/ul>\n<p data-start=\"2667\" data-end=\"2692\">Daarnaast bevat de kit:<\/p>\n<ul>\n<li data-start=\"2695\" data-end=\"2720\">Testampullen of flesjes<\/li>\n<li data-start=\"2723\" data-end=\"2760\">Gebruiks- en veiligheidsinstructies<\/li>\n<li data-start=\"2763\" data-end=\"2787\">Referentiekleurkaarten<\/li>\n<li data-start=\"2790\" data-end=\"2832\">Handschoenen en basisveiligheidsmiddelen<\/li>\n<\/ul>\n<p data-start=\"2834\" data-end=\"2937\">De kit is compact, duurzaam en ontworpen voor <strong data-start=\"2880\" data-end=\"2936\">veldwerk, mobiele laboratoria of snelle interventies<\/strong>.<\/p>\n<hr data-start=\"2939\" data-end=\"2942\" \/>\n<h4 data-start=\"2944\" data-end=\"2974\"><strong data-start=\"2947\" data-end=\"2974\">Belangrijkste kenmerken<\/strong><\/h4>\n<ul>\n<li data-start=\"2978\" data-end=\"3046\">\u26a1 <strong data-start=\"2980\" data-end=\"2998\">Snel resultaat<\/strong> \u2013 binnen 30 seconden visuele kleurverandering<\/li>\n<li data-start=\"3049\" data-end=\"3127\">? <strong data-start=\"3052\" data-end=\"3076\">Breed detectiebereik<\/strong> \u2013 identificeert tientallen verschillende stoffen<\/li>\n<li data-start=\"3130\" data-end=\"3195\">? <strong data-start=\"3133\" data-end=\"3157\">Eenvoudig in gebruik<\/strong> \u2013 geen laboratoriumervaring vereist<\/li>\n<li data-start=\"3198\" data-end=\"3256\">? <strong data-start=\"3201\" data-end=\"3225\">Compact en draagbaar<\/strong> \u2013 ideaal voor mobiel gebruik<\/li>\n<li data-start=\"3259\" data-end=\"3318\">? <strong data-start=\"3262\" data-end=\"3281\">Kosteneffici\u00ebnt<\/strong> \u2013 alle essenti\u00eble tests in \u00e9\u00e9n set<\/li>\n<li data-start=\"3321\" data-end=\"3389\">? <strong data-start=\"3324\" data-end=\"3362\">Gemaakt door Mistral Security Inc.<\/strong> \u2013 wereldwijd erkend merk<\/li>\n<\/ul>\n<p data-start=\"3391\" data-end=\"3564\">Le <strong data-start=\"3394\" data-end=\"3430\">MISTRAL 85005 PDT Field Test Kit<\/strong> biedt <strong data-start=\"3437\" data-end=\"3472\">professionele detectiekwaliteit<\/strong> in een <strong data-start=\"3480\" data-end=\"3500\">handzaam formaat<\/strong>, waardoor hij perfect is voor operationeel gebruik in het veld.<\/p>\n<hr data-start=\"3566\" data-end=\"3569\" \/>\n<h4 data-start=\"3571\" data-end=\"3604\"><strong data-start=\"3574\" data-end=\"3604\">Hoe gebruik je de testkit?<\/strong><\/h4>\n<p data-start=\"3606\" data-end=\"3658\">De toepassing van de testkit is eenvoudig en veilig:<\/p>\n<ol>\n<li data-start=\"3663\" data-end=\"3729\">Selecteer het juiste reagens op basis van de vermoedelijke stof.<\/li>\n<li data-start=\"3733\" data-end=\"3789\">Neem een kleine hoeveelheid van het verdachte monster.<\/li>\n<li data-start=\"3793\" data-end=\"3856\">Breng het monster in contact met het reagens in de testampul.<\/li>\n<li data-start=\"3860\" data-end=\"3919\">Observeer de <strong data-start=\"3873\" data-end=\"3893\">kleurverandering<\/strong> binnen enkele seconden.<\/li>\n<li data-start=\"3923\" data-end=\"4019\">Vergelijk de verkregen kleur met de referentiekaart om de vermoedelijke stof te identificeren.<\/li>\n<li data-start=\"4023\" data-end=\"4112\">Neutraliseer de gebruikte reagentia met de <strong data-start=\"4066\" data-end=\"4086\">Acid Neutralizer<\/strong> en voer deze veilig af.<\/li>\n<\/ol>\n<p data-start=\"4114\" data-end=\"4272\">Elke test is <strong data-start=\"4127\" data-end=\"4142\">presumptief<\/strong>, wat betekent dat een positieve kleurreactie een sterke indicatie is, maar <strong data-start=\"4218\" data-end=\"4253\">bevestiging in een laboratorium<\/strong> aanbevolen blijft.<\/p>\n<hr data-start=\"4274\" data-end=\"4277\" \/>\n<h4 data-start=\"4279\" data-end=\"4305\"><strong data-start=\"4282\" data-end=\"4305\">Toepassingsgebieden<\/strong><\/h4>\n<p data-start=\"4307\" data-end=\"4407\">Le <strong data-start=\"4310\" data-end=\"4346\">MISTRAL 85005 PDT Field Test Kit<\/strong> is ontworpen voor professioneel gebruik in diverse sectoren:<\/p>\n<ul>\n<li data-start=\"4411\" data-end=\"4498\">? <strong data-start=\"4414\" data-end=\"4436\">Politie &amp; justitie<\/strong> \u2013 directe identificatie tijdens invallen of straatcontroles<\/li>\n<li data-start=\"4501\" data-end=\"4571\">? <strong data-start=\"4504\" data-end=\"4530\">Douane &amp; grensbewaking<\/strong> \u2013 inspectie van vracht, post en bagage<\/li>\n<li data-start=\"4574\" data-end=\"4648\">? <strong data-start=\"4577\" data-end=\"4604\">Forensische laboratoria<\/strong> \u2013 snelle screening v\u00f3\u00f3r confirmatietesten<\/li>\n<li data-start=\"4651\" data-end=\"4750\">?\u200d\u2642\ufe0f <strong data-start=\"4657\" data-end=\"4681\">Beveiligingsdiensten<\/strong> \u2013 detectie van verdovende middelen bij evenementen of instellingen<\/li>\n<li data-start=\"4753\" data-end=\"4830\">? <strong data-start=\"4756\" data-end=\"4780\">Opleiding &amp; training<\/strong> \u2013 demonstratiemiddel in forensische opleidingen<\/li>\n<\/ul>\n<p data-start=\"4832\" data-end=\"4958\">De kit is bestand tegen schokken en temperatuurschommelingen, waardoor hij geschikt is voor <strong data-start=\"4924\" data-end=\"4957\">intensief gebruik in het veld<\/strong>.<\/p>\n<hr data-start=\"4960\" data-end=\"4963\" \/>\n<h4 data-start=\"4965\" data-end=\"4992\"><strong data-start=\"4968\" data-end=\"4992\">Veiligheid en opslag<\/strong><\/h4>\n<p data-start=\"4994\" data-end=\"5106\">Hoewel de reagentia veilig verpakt zijn, bevatten ze chemische stoffen.<br data-start=\"5065\" data-end=\"5068\" \/>Volg altijd de veiligheidsinstructies:<\/p>\n<ul>\n<li data-start=\"5110\" data-end=\"5150\">Draag handschoenen en veiligheidsbril.<\/li>\n<li data-start=\"5153\" data-end=\"5188\">Vermijd contact met huid en ogen.<\/li>\n<li data-start=\"5191\" data-end=\"5234\">Gebruik in een goed geventileerde ruimte.<\/li>\n<li data-start=\"5237\" data-end=\"5284\">Bewaar koel, droog en buiten direct zonlicht.<\/li>\n<li data-start=\"5287\" data-end=\"5323\">Buiten bereik van kinderen houden.<\/li>\n<\/ul>\n<p data-start=\"5325\" data-end=\"5483\">Elke kit bevat uitgebreide <strong data-start=\"5352\" data-end=\"5391\">veiligheids- en gebruiksinstructies<\/strong>.<br data-start=\"5392\" data-end=\"5395\" \/>Mistral Security produceert volgens <strong data-start=\"5431\" data-end=\"5482\">internationale kwaliteits- en veiligheidsnormen<\/strong>.<\/p>\n<hr data-start=\"5485\" data-end=\"5488\" \/>\n<h4 data-start=\"5490\" data-end=\"5549\"><strong data-start=\"5493\" data-end=\"5549\">Waarom kiezen voor MISTRAL 85005 PDT Field Test Kit?<\/strong><\/h4>\n<p data-start=\"5551\" data-end=\"5901\">\u2705 <strong data-start=\"5553\" data-end=\"5585\">Complete draagbare oplossing<\/strong> \u2013 alle belangrijke drugstests in \u00e9\u00e9n koffer<br data-start=\"5629\" data-end=\"5632\" \/>\u2705 <strong data-start=\"5634\" data-end=\"5670\">Snelle en betrouwbare resultaten<\/strong> \u2013 binnen 30 seconden<br data-start=\"5691\" data-end=\"5694\" \/>\u2705 <strong data-start=\"5696\" data-end=\"5736\">Gebruiksvriendelijk en professioneel<\/strong> \u2013 geschikt voor veldgebruik<br data-start=\"5764\" data-end=\"5767\" \/>\u2705 <strong data-start=\"5769\" data-end=\"5825\">Wereldwijd vertrouwde kwaliteit van Mistral Security<\/strong><br data-start=\"5825\" data-end=\"5828\" \/>\u2705 <strong data-start=\"5830\" data-end=\"5899\">Essentieel hulpmiddel voor politie, douane en forensische experts<\/strong><\/p>\n<p data-start=\"5903\" data-end=\"6062\">Avec le <strong data-start=\"5910\" data-end=\"5946\">MISTRAL 85005 PDT Field Test Kit<\/strong> beschik je over een <strong data-start=\"5967\" data-end=\"6014\">volledige, betrouwbare en veilige oplossing<\/strong> voor presumptieve drugstesten in elke situatie.<\/p>\n<hr data-start=\"6064\" data-end=\"6067\" \/>\n<h4 data-start=\"6069\" data-end=\"6130\"><strong data-start=\"6072\" data-end=\"6130\">Bestel vandaag nog de MISTRAL 85005 PDT Field Test Kit<\/strong><\/h4>\n<p data-start=\"6132\" data-end=\"6312\">Wil je snel en professioneel drugs kunnen identificeren in het veld?<br data-start=\"6200\" data-end=\"6203\" \/>Bestel dan de <strong data-start=\"6217\" data-end=\"6253\">MISTRAL 85005 PDT Field Test Kit<\/strong> en ervaar de kwaliteit en precisie van Mistral Security.<\/p>\n<p data-start=\"6314\" data-end=\"6475\">\u2714\ufe0f <strong data-start=\"6317\" data-end=\"6350\">Direct uit voorraad leverbaar<\/strong><br data-start=\"6350\" data-end=\"6353\" \/>\u2714\ufe0f <strong data-start=\"6356\" data-end=\"6389\">Snelle levering binnen 24 uur<\/strong><br data-start=\"6389\" data-end=\"6392\" \/>\u2714\ufe0f <strong data-start=\"6395\" data-end=\"6427\">Korting bij bulkbestellingen<\/strong><br data-start=\"6427\" data-end=\"6430\" \/>\u2714\ufe0f <strong data-start=\"6433\" data-end=\"6475\">Offici\u00eble Mistral Security productlijn<\/strong><\/p>\n<p data-start=\"6314\" data-end=\"6475\">\n<h4 data-start=\"343\" data-end=\"439\"><a href=\"https:\/\/dogpride.nl\/fr\/k9\/detectie\/mistral-detection-and-identification\/\"><img loading=\"lazy\" decoding=\"async\" class=\"alignnone\" title=\"MISTRAL 85005 PDT Field Test Kit\" src=\"https:\/\/dogpride.nl\/wp-content\/uploads\/Logo-9.png\" alt=\"MISTRAL 85005 PDT Field Test Kit\" width=\"303\" height=\"51\" \/><\/a><\/h4>","protected":false},"excerpt":{"rendered":"<p>Le <strong data-start=\"383\" data-end=\"419\">MISTRAL 85005 PDT Field Test Kit<\/strong> est un <strong data-start=\"427\" data-end=\"464\">uitgebreide, draagbare testkoffer<\/strong> die alle essenti\u00eble reagentia bevat voor de <strong data-start=\"509\" data-end=\"572\">snelle en betrouwbare identificatie van verdovende middelen<\/strong> in het veld.<\/p>","protected":false},"featured_media":138051,"template":"","meta":[],"product_brand":[],"product_cat":[9529],"product_tag":[9692,9688,9611,9694,9626,9690,9691,9689,9695,9601],"class_list":{"0":"post-138050","1":"product","2":"type-product","3":"status-publish","4":"has-post-thumbnail","6":"product_cat-mistral-detection-and-identification","7":"product_tag-douane-detectiekit","8":"product_tag-drugstest-kit","9":"product_tag-forensische-reagentia","10":"product_tag-mistral-85005-pdt-field-test-kit","11":"product_tag-mistral-security-testkit","12":"product_tag-mobiele-drugstest","13":"product_tag-politie-testset","14":"product_tag-presumptieve-testset","15":"product_tag-professionele-veldtest","16":"product_tag-veldtest-drugs","17":"product_shipping_class-bijzondere-verzending","19":"first","20":"instock","21":"taxable","22":"shipping-taxable","23":"product-type-simple"},"mb":[],"mfb_rest_fields":["title"],"_links":{"self":[{"href":"https:\/\/dogpride.nl\/fr\/wp-json\/wp\/v2\/product\/138050","targetHints":{"allow":["GET"]}}],"collection":[{"href":"https:\/\/dogpride.nl\/fr\/wp-json\/wp\/v2\/product"}],"about":[{"href":"https:\/\/dogpride.nl\/fr\/wp-json\/wp\/v2\/types\/product"}],"wp:featuredmedia":[{"embeddable":true,"href":"https:\/\/dogpride.nl\/fr\/wp-json\/wp\/v2\/media\/138051"}],"wp:attachment":[{"href":"https:\/\/dogpride.nl\/fr\/wp-json\/wp\/v2\/media?parent=138050"}],"wp:term":[{"taxonomy":"product_brand","embeddable":true,"href":"https:\/\/dogpride.nl\/fr\/wp-json\/wp\/v2\/product_brand?post=138050"},{"taxonomy":"product_cat","embeddable":true,"href":"https:\/\/dogpride.nl\/fr\/wp-json\/wp\/v2\/product_cat?post=138050"},{"taxonomy":"product_tag","embeddable":true,"href":"https:\/\/dogpride.nl\/fr\/wp-json\/wp\/v2\/product_tag?post=138050"}],"curies":[{"name":"wp","href":"https:\/\/api.w.org\/{rel}","templated":true}]}}