{"id":1379,"date":"2019-06-06T10:41:30","date_gmt":"2019-06-06T08:41:30","guid":{"rendered":"https:\/\/dogpride1.wpengine.com\/?post_type=product&#038;p=1379"},"modified":"2025-10-29T15:34:54","modified_gmt":"2025-10-29T14:34:54","slug":"pride-military-line-nylon-halsband-met-voering","status":"publish","type":"product","link":"https:\/\/dogpride.nl\/fr\/pride-military-line-nylon-halsband-met-voering\/","title":{"rendered":"Collier PRIDE Military Line en nylon avec doublure"},"content":{"rendered":"<h4>Collier PRIDE Military Line en nylon avec doublure<\/h4>\n<p>Collier PRIDE Military Line en nylon avec doublure<\/p>\n<p>Caract\u00e9ristiques:<\/p>\n<p>Conception semi-extensible simple, rapide et efficace en couleur camouflage.<\/p>\n<p>Le m\u00e9canisme de s\u00e9curit\u00e9 pour attacher la laisse prot\u00e8ge la gorge du chien et \u00e9vite toute tension sur la serrure lorsque le chien tire.<\/p>\n<p>Boucles solides et robustes<\/p>\n<p>Rembourrage doux pour un confort sup\u00e9rieur<\/p>\n<p>Le rembourrage ajoute environ 5 mm ou un peu plus \u00e0 la largeur du col de chaque c\u00f4t\u00e9. Ainsi, un collier d&#039;une largeur de 25 mm a une largeur r\u00e9elle d&#039;environ 35 mm.<\/p>\n<p>Essayez notre collier solide pour une utilisation confortable, fiable et durable et un look \u00e9l\u00e9gant pour votre chien. Votre animal de compagnie m\u00e9rite la meilleure qualit\u00e9 !<\/p>\n<p>Couleur : camouflage vert<\/p>\n<p>Mod\u00e8le : CL-040 M<\/p>\n<p>Mat\u00e9riau : nylon doux<\/p>\n<p>Taille : S - 36 - 45 cm<\/p>\n<p>M-42-49cm<\/p>\n<p>L-46-54cm<\/p>\n<p>&nbsp;<\/p>\n<p><a href=\"https:\/\/www.dogpride.eu\/\" target=\"_blank\" rel=\"noopener\"><img loading=\"lazy\" decoding=\"async\" class=\"alignnone wp-image-70657 size-medium\" src=\"https:\/\/dogpride.nl\/wp-content\/uploads\/Logo-Pride2-1-300x96.png\" alt=\"\" width=\"300\" height=\"96\" srcset=\"https:\/\/dogpride.nl\/wp-content\/uploads\/Logo-Pride2-1-300x96.png 300w, https:\/\/dogpride.nl\/wp-content\/uploads\/Logo-Pride2-1-250x80.png 250w, https:\/\/dogpride.nl\/wp-content\/uploads\/Logo-Pride2-1-200x64.png 200w, https:\/\/dogpride.nl\/wp-content\/uploads\/Logo-Pride2-1.png 327w\" sizes=\"auto, (max-width: 300px) 100vw, 300px\" \/><\/a><\/p>\n<p><a href=\"https:\/\/dogpride.nl\/fr\/pride-military-line-nylon-halsband-met-voering\/\"><img loading=\"lazy\" decoding=\"async\" class=\"alignnone wp-image-137084\" src=\"https:\/\/dogpride.nl\/wp-content\/uploads\/PRIDE-Military-Line-Nylon-halsband-met-voering.jpg\" alt=\"PRIDE Military Line Nylon halsband met voering\" width=\"318\" height=\"251\" srcset=\"https:\/\/dogpride.nl\/wp-content\/uploads\/PRIDE-Military-Line-Nylon-halsband-met-voering.jpg 1146w, https:\/\/dogpride.nl\/wp-content\/uploads\/PRIDE-Military-Line-Nylon-halsband-met-voering-300x236.jpg 300w, https:\/\/dogpride.nl\/wp-content\/uploads\/PRIDE-Military-Line-Nylon-halsband-met-voering-1024x807.jpg 1024w, https:\/\/dogpride.nl\/wp-content\/uploads\/PRIDE-Military-Line-Nylon-halsband-met-voering-768x605.jpg 768w, https:\/\/dogpride.nl\/wp-content\/uploads\/PRIDE-Military-Line-Nylon-halsband-met-voering-15x12.jpg 15w, https:\/\/dogpride.nl\/wp-content\/uploads\/PRIDE-Military-Line-Nylon-halsband-met-voering-250x197.jpg 250w, https:\/\/dogpride.nl\/wp-content\/uploads\/PRIDE-Military-Line-Nylon-halsband-met-voering-400x315.jpg 400w\" sizes=\"auto, (max-width: 318px) 100vw, 318px\" \/><\/a><\/p>\n<p>&nbsp;<\/p>","protected":false},"excerpt":{"rendered":"<p>Collier PRIDE Military Line en nylon avec doublure. Conception semi-extensible simple, rapide et efficace en couleur camouflage.<\/p>","protected":false},"featured_media":70723,"template":"","meta":[],"product_brand":[],"product_cat":[90],"product_tag":[8486,8254,6349,3332,10823,10759,10780,10824,4866,10825,3157,7444,3389],"class_list":{"0":"post-1379","1":"product","2":"type-product","3":"status-publish","4":"has-post-thumbnail","6":"product_cat-pride-hondenhalsbanden","7":"product_tag-comfortabel","8":"product_tag-duurzaam","9":"product_tag-hondenhalsband","10":"product_tag-hondensport","11":"product_tag-luxe-accessoire","12":"product_tag-pride-collectie","13":"product_tag-pride-halsband","14":"product_tag-robuust","15":"product_tag-sterke-halsband","16":"product_tag-stijlvol","17":"product_tag-training","18":"product_tag-verstelbaar","19":"product_tag-werkhond","21":"first","22":"instock","23":"taxable","24":"shipping-taxable","25":"purchasable","26":"product-type-variable"},"mb":[],"mfb_rest_fields":["title"],"_links":{"self":[{"href":"https:\/\/dogpride.nl\/fr\/wp-json\/wp\/v2\/product\/1379","targetHints":{"allow":["GET"]}}],"collection":[{"href":"https:\/\/dogpride.nl\/fr\/wp-json\/wp\/v2\/product"}],"about":[{"href":"https:\/\/dogpride.nl\/fr\/wp-json\/wp\/v2\/types\/product"}],"wp:featuredmedia":[{"embeddable":true,"href":"https:\/\/dogpride.nl\/fr\/wp-json\/wp\/v2\/media\/70723"}],"wp:attachment":[{"href":"https:\/\/dogpride.nl\/fr\/wp-json\/wp\/v2\/media?parent=1379"}],"wp:term":[{"taxonomy":"product_brand","embeddable":true,"href":"https:\/\/dogpride.nl\/fr\/wp-json\/wp\/v2\/product_brand?post=1379"},{"taxonomy":"product_cat","embeddable":true,"href":"https:\/\/dogpride.nl\/fr\/wp-json\/wp\/v2\/product_cat?post=1379"},{"taxonomy":"product_tag","embeddable":true,"href":"https:\/\/dogpride.nl\/fr\/wp-json\/wp\/v2\/product_tag?post=1379"}],"curies":[{"name":"wp","href":"https:\/\/api.w.org\/{rel}","templated":true}]}}