{"id":1378,"date":"2019-06-06T10:05:16","date_gmt":"2019-06-06T08:05:16","guid":{"rendered":"https:\/\/dogpride1.wpengine.com\/?post_type=product&#038;p=1378"},"modified":"2025-10-27T15:14:07","modified_gmt":"2025-10-27T14:14:07","slug":"pride-zacht-nylon-slip-halsband-in-camokleur","status":"publish","type":"product","link":"https:\/\/dogpride.nl\/fr\/pride-zacht-nylon-slip-halsband-in-camokleur\/","title":{"rendered":"Collier PRIDE en nylon souple de couleur camouflage"},"content":{"rendered":"<h4 style=\"color: #1c1e21; background-color: #ffffff; font-size: 14px; text-align: start; display: block;\">Collier PRIDE en nylon souple de couleur camouflage<\/h4>\n<p>Collier PRIDE en nylon souple de couleur camouflage<\/p>\n<p>Nous avons con\u00e7u notre nouveau collier \u00e0 col coulissant en nylon doux Camouflage pour qu&#039;il soit le nec plus ultra en mati\u00e8re de confort, de r\u00e9sistance et d&#039;apparence.<\/p>\n<p>Pendant que nous d\u00e9veloppions ce produit, nous avons particuli\u00e8rement pens\u00e9 aux besoins du propri\u00e9taire du chien le plus fort qui peut tirer en marchant en laisse. Nous utilisons le meilleur mat\u00e9riau pour produire une doublure lisse, douce et rembourr\u00e9e qui chevauche les c\u00f4t\u00e9s du collier pour prot\u00e9ger le cou et la trach\u00e9e de votre chien et r\u00e9partir la pression produite en tirant sur une zone aussi large que possible dans le but de minimiser les effets associ\u00e9s. la douleur et les ecchymoses tissulaires qui peuvent r\u00e9sulter de ce comportement dans un collier standard.<\/p>\n<p><strong>Caract\u00e9ristiques:<\/strong><\/p>\n<p>* Conception semi-glissante simple, rapide et efficace<\/p>\n<p>* Disponible en diff\u00e9rentes couleurs<\/p>\n<p>* Le m\u00e9canisme de s\u00e9curit\u00e9 pour attacher la laisse prot\u00e8ge la gorge du chien et emp\u00eache la tension sur la serrure lorsque le chien tire<\/p>\n<p>* Boucles solides et robustes<\/p>\n<p>* Rembourrage doux pour un confort sup\u00e9rieur<\/p>\n<p>La doublure ajoute environ 5 mm ou un peu plus \u00e0 la largeur du col de chaque c\u00f4t\u00e9. Ainsi, un collier d&#039;une largeur de 40 mm a une largeur r\u00e9elle d&#039;environ 50 mm.<\/p>\n<p>Probeer onze PRIDE Zacht nylon slip halsband in camokleur voor comfortabel, betrouwbaar en langdurig gebruik en een stijlvolle uitstraling van uw hond. Je huisdier verdient de beste kwaliteit!<\/p>\n<p>Mat\u00e9riel:Nylon<\/p>\n<p>Couleur: Camouflage Vert<\/p>\n<p>Largeur : 50 mm<\/p>\n<p>Taille : 45-55 cm<\/p>\n<p>&nbsp;<\/p>\n<p><a href=\"https:\/\/www.dogpride.eu\/\" target=\"_blank\" rel=\"noopener\"><img loading=\"lazy\" decoding=\"async\" class=\"alignnone wp-image-70657 size-medium\" src=\"https:\/\/dogpride.nl\/wp-content\/uploads\/Logo-Pride2-1-300x96.png\" alt=\"\" width=\"300\" height=\"96\" srcset=\"https:\/\/dogpride.nl\/wp-content\/uploads\/Logo-Pride2-1-300x96.png 300w, https:\/\/dogpride.nl\/wp-content\/uploads\/Logo-Pride2-1-250x80.png 250w, https:\/\/dogpride.nl\/wp-content\/uploads\/Logo-Pride2-1-200x64.png 200w, https:\/\/dogpride.nl\/wp-content\/uploads\/Logo-Pride2-1.png 327w\" sizes=\"auto, (max-width: 300px) 100vw, 300px\" \/><\/a><\/p>\n<p><a href=\"https:\/\/dogpride.nl\/fr\/pride-zacht-nylon-slip-halsband-in-camokleur\/\"><img loading=\"lazy\" decoding=\"async\" class=\"alignnone wp-image-137090\" src=\"https:\/\/dogpride.nl\/wp-content\/uploads\/PRIDE-Zacht-nylon-slip-halsband-in-camokleur.jpg\" alt=\"PRIDE Zacht nylon slip halsband in camokleur\" width=\"323\" height=\"263\" srcset=\"https:\/\/dogpride.nl\/wp-content\/uploads\/PRIDE-Zacht-nylon-slip-halsband-in-camokleur.jpg 1112w, https:\/\/dogpride.nl\/wp-content\/uploads\/PRIDE-Zacht-nylon-slip-halsband-in-camokleur-300x244.jpg 300w, https:\/\/dogpride.nl\/wp-content\/uploads\/PRIDE-Zacht-nylon-slip-halsband-in-camokleur-1024x834.jpg 1024w, https:\/\/dogpride.nl\/wp-content\/uploads\/PRIDE-Zacht-nylon-slip-halsband-in-camokleur-768x626.jpg 768w, https:\/\/dogpride.nl\/wp-content\/uploads\/PRIDE-Zacht-nylon-slip-halsband-in-camokleur-15x12.jpg 15w, https:\/\/dogpride.nl\/wp-content\/uploads\/PRIDE-Zacht-nylon-slip-halsband-in-camokleur-250x204.jpg 250w, https:\/\/dogpride.nl\/wp-content\/uploads\/PRIDE-Zacht-nylon-slip-halsband-in-camokleur-400x326.jpg 400w\" sizes=\"auto, (max-width: 323px) 100vw, 323px\" \/><\/a><\/p>\n<div class=\"text_exposed_show\" style=\"color: #1c1e21; background-color: #ffffff; font-size: 14px; text-align: start; display: inline;\">\n<p>&nbsp;<\/p>\n<\/div>","protected":false},"excerpt":{"rendered":"<p>PRIDE Col coulissant en nylon doux de couleur camouflage. Nous avons con\u00e7u notre nouveau collier \u00e0 col coulissant en nylon doux Camouflage pour \u00eatre le summum du confort.<\/p>","protected":false},"featured_media":70727,"template":"","meta":[],"product_brand":[],"product_cat":[90],"product_tag":[8486,8254,6349,3332,10823,10759,10780,10824,4866,10825,3157,7444,3389],"class_list":{"0":"post-1378","1":"product","2":"type-product","3":"status-publish","4":"has-post-thumbnail","6":"product_cat-pride-hondenhalsbanden","7":"product_tag-comfortabel","8":"product_tag-duurzaam","9":"product_tag-hondenhalsband","10":"product_tag-hondensport","11":"product_tag-luxe-accessoire","12":"product_tag-pride-collectie","13":"product_tag-pride-halsband","14":"product_tag-robuust","15":"product_tag-sterke-halsband","16":"product_tag-stijlvol","17":"product_tag-training","18":"product_tag-verstelbaar","19":"product_tag-werkhond","21":"first","22":"instock","23":"taxable","24":"shipping-taxable","25":"purchasable","26":"product-type-simple"},"mb":[],"mfb_rest_fields":["title"],"_links":{"self":[{"href":"https:\/\/dogpride.nl\/fr\/wp-json\/wp\/v2\/product\/1378","targetHints":{"allow":["GET"]}}],"collection":[{"href":"https:\/\/dogpride.nl\/fr\/wp-json\/wp\/v2\/product"}],"about":[{"href":"https:\/\/dogpride.nl\/fr\/wp-json\/wp\/v2\/types\/product"}],"wp:featuredmedia":[{"embeddable":true,"href":"https:\/\/dogpride.nl\/fr\/wp-json\/wp\/v2\/media\/70727"}],"wp:attachment":[{"href":"https:\/\/dogpride.nl\/fr\/wp-json\/wp\/v2\/media?parent=1378"}],"wp:term":[{"taxonomy":"product_brand","embeddable":true,"href":"https:\/\/dogpride.nl\/fr\/wp-json\/wp\/v2\/product_brand?post=1378"},{"taxonomy":"product_cat","embeddable":true,"href":"https:\/\/dogpride.nl\/fr\/wp-json\/wp\/v2\/product_cat?post=1378"},{"taxonomy":"product_tag","embeddable":true,"href":"https:\/\/dogpride.nl\/fr\/wp-json\/wp\/v2\/product_tag?post=1378"}],"curies":[{"name":"wp","href":"https:\/\/api.w.org\/{rel}","templated":true}]}}