{"id":1376,"date":"2019-06-06T08:22:25","date_gmt":"2019-06-06T06:22:25","guid":{"rendered":"https:\/\/dogpride1.wpengine.com\/?post_type=product&#038;p=1376"},"modified":"2025-10-27T15:13:52","modified_gmt":"2025-10-27T14:13:52","slug":"pride-black-line-elite-series-25-mm-halsband","status":"publish","type":"product","link":"https:\/\/dogpride.nl\/fr\/pride-black-line-elite-series-25-mm-halsband\/","title":{"rendered":"Collier PRIDE BLACK LINE Elite Series 25mm"},"content":{"rendered":"<h4 style=\"color: #1c1e21; background-color: #ffffff; font-size: 14px; text-align: start; display: block;\">Collier PRIDE BLACK LINE Elite Series 25mm<\/h4>\n<p>Collier PRIDE BLACK LINE Elite Series 25mm<\/p>\n<p>Collier en nylon pour chien de 25 mm de la s\u00e9rie BLACK LINE Elite avec boucle COBRA Fast Release.<\/p>\n<p>Largeur 25 mm pour chiots ou petits\/moyens chiens.<\/p>\n<p>Ce collier est compos\u00e9 de deux couches de nylon tubulaire de 25 mm de large pour plus de r\u00e9sistance et de durabilit\u00e9.<\/p>\n<p>Nous utilisons du nylon de haute qualit\u00e9 pour vous fournir un bon service, en gardant l&#039;apparence et la durabilit\u00e9.<\/p>\n<p>Ce collier est un outil confortable pour promener et dresser les chiens.<\/p>\n<p>Ce collier solide est dot\u00e9 d&#039;une solide boucle Cobra \u00e0 d\u00e9gagement rapide pour une utilisation facile et confortable.<\/p>\n<p>La longueur du col est r\u00e9glable de 36 \u00e0 56 cm<\/p>\n<p>Force de traction Fermeture Cobra : 917 Kg<\/p>\n<p>Anneau en D en acier ou anneau en D AustriAlpin<\/p>\n<p>Boucle \u00e0 2 fentes AustriAlpin<\/p>\n<p>&nbsp;<\/p>\n<p><a href=\"https:\/\/www.dogpride.eu\/\" target=\"_blank\" rel=\"noopener\"><img loading=\"lazy\" decoding=\"async\" class=\"alignnone wp-image-70657 size-medium\" src=\"https:\/\/dogpride.nl\/wp-content\/uploads\/Logo-Pride2-1-300x96.png\" alt=\"\" width=\"300\" height=\"96\" srcset=\"https:\/\/dogpride.nl\/wp-content\/uploads\/Logo-Pride2-1-300x96.png 300w, https:\/\/dogpride.nl\/wp-content\/uploads\/Logo-Pride2-1-250x80.png 250w, https:\/\/dogpride.nl\/wp-content\/uploads\/Logo-Pride2-1-200x64.png 200w, https:\/\/dogpride.nl\/wp-content\/uploads\/Logo-Pride2-1.png 327w\" sizes=\"auto, (max-width: 300px) 100vw, 300px\" \/><\/a><\/p>\n<p>&nbsp;<\/p>\n<div class=\"text_exposed_show\" style=\"color: #1c1e21; background-color: #ffffff; font-size: 14px; text-align: start; display: inline;\">\n<p><a href=\"https:\/\/dogpride.nl\/fr\/pride-black-line-elite-series-25-mm-halsband\/\"><img loading=\"lazy\" decoding=\"async\" class=\"alignnone wp-image-137092 size-full\" src=\"https:\/\/dogpride.nl\/wp-content\/uploads\/PRIDE-BLACK-LINE-Elite-Series-25-mm-halsband.png\" alt=\"PRIDE BLACK LINE Elite Series 25 mm halsband\" width=\"262\" height=\"261\" srcset=\"https:\/\/dogpride.nl\/wp-content\/uploads\/PRIDE-BLACK-LINE-Elite-Series-25-mm-halsband.png 262w, https:\/\/dogpride.nl\/wp-content\/uploads\/PRIDE-BLACK-LINE-Elite-Series-25-mm-halsband-150x150.png 150w, https:\/\/dogpride.nl\/wp-content\/uploads\/PRIDE-BLACK-LINE-Elite-Series-25-mm-halsband-12x12.png 12w, https:\/\/dogpride.nl\/wp-content\/uploads\/PRIDE-BLACK-LINE-Elite-Series-25-mm-halsband-250x249.png 250w, https:\/\/dogpride.nl\/wp-content\/uploads\/PRIDE-BLACK-LINE-Elite-Series-25-mm-halsband-100x100.png 100w\" sizes=\"auto, (max-width: 262px) 100vw, 262px\" \/><\/a><\/p>\n<p>&nbsp;<\/p>\n<\/div>","protected":false},"excerpt":{"rendered":"<p>Collier PRIDE BLACK LINE Elite Series 25mm<\/p>","protected":false},"featured_media":19960,"template":"","meta":[],"product_brand":[],"product_cat":[90],"product_tag":[8486,8254,6349,3332,10823,10759,10780,10824,4866,10825,3157,7444,3389],"class_list":{"0":"post-1376","1":"product","2":"type-product","3":"status-publish","4":"has-post-thumbnail","6":"product_cat-pride-hondenhalsbanden","7":"product_tag-comfortabel","8":"product_tag-duurzaam","9":"product_tag-hondenhalsband","10":"product_tag-hondensport","11":"product_tag-luxe-accessoire","12":"product_tag-pride-collectie","13":"product_tag-pride-halsband","14":"product_tag-robuust","15":"product_tag-sterke-halsband","16":"product_tag-stijlvol","17":"product_tag-training","18":"product_tag-verstelbaar","19":"product_tag-werkhond","21":"first","22":"instock","23":"taxable","24":"shipping-taxable","25":"purchasable","26":"product-type-simple"},"mb":[],"mfb_rest_fields":["title"],"_links":{"self":[{"href":"https:\/\/dogpride.nl\/fr\/wp-json\/wp\/v2\/product\/1376","targetHints":{"allow":["GET"]}}],"collection":[{"href":"https:\/\/dogpride.nl\/fr\/wp-json\/wp\/v2\/product"}],"about":[{"href":"https:\/\/dogpride.nl\/fr\/wp-json\/wp\/v2\/types\/product"}],"wp:featuredmedia":[{"embeddable":true,"href":"https:\/\/dogpride.nl\/fr\/wp-json\/wp\/v2\/media\/19960"}],"wp:attachment":[{"href":"https:\/\/dogpride.nl\/fr\/wp-json\/wp\/v2\/media?parent=1376"}],"wp:term":[{"taxonomy":"product_brand","embeddable":true,"href":"https:\/\/dogpride.nl\/fr\/wp-json\/wp\/v2\/product_brand?post=1376"},{"taxonomy":"product_cat","embeddable":true,"href":"https:\/\/dogpride.nl\/fr\/wp-json\/wp\/v2\/product_cat?post=1376"},{"taxonomy":"product_tag","embeddable":true,"href":"https:\/\/dogpride.nl\/fr\/wp-json\/wp\/v2\/product_tag?post=1376"}],"curies":[{"name":"wp","href":"https:\/\/api.w.org\/{rel}","templated":true}]}}