{"id":137367,"date":"2025-10-02T15:22:12","date_gmt":"2025-10-02T13:22:12","guid":{"rendered":"https:\/\/dogpride.nl\/?post_type=product&#038;p=137367"},"modified":"2026-04-10T22:29:09","modified_gmt":"2026-04-10T20:29:09","slug":"bionic-urban-stick","status":"publish","type":"product","link":"https:\/\/dogpride.nl\/fr\/bionic-urban-stick\/","title":{"rendered":"B\u00e2ton urbain bionique"},"content":{"rendered":"<h4>B\u00e2ton urbain bionique<\/h4>\n<p>B\u00e2ton urbain bionique<\/p>\n<p><strong>Le Bionic Urban Stick est un jouet \u00e0 m\u00e2cher interactif pour chiens<\/strong>\u00a0qui peut r\u00e9sister longtemps aux tentatives de mastication les plus difficiles. Lancer, ramasser et chercher des jeux est tr\u00e8s amusant avec l&#039;Urban Stick.<\/p>\n<p>L&#039;orange vif de cet os rend ce jouet \u00e0 m\u00e2cher facilement reconnaissable pour vous, pour votre chien sur un pr\u00e9 vert, cela peut \u00eatre difficile, car la couleur rouge sur fond vert est difficile \u00e0 reconna\u00eetre pour l&#039;\u0153il du chien. C&#039;est comme \u00e7a que ce sera <strong>sens de l&#039;odorat am\u00e9lior\u00e9.<\/strong><\/p>\n<p><a href=\"https:\/\/dogpride.nl\/fr\/speelgoed\/ballen-apporteren\/?product-page=1\"><img loading=\"lazy\" decoding=\"async\" class=\"alignnone\" title=\"B\u00e2ton urbain bionique\" src=\"https:\/\/dogpride.nl\/wp-content\/uploads\/Urban-Stick-Bionic-1_600x600.jpg\" alt=\"Bionic Urban Stick\" width=\"305\" height=\"203\" \/><\/a><\/p>\n<p>Deze Bionic Urban Stick is natuurlijk vrij van alle dingen waar je niet wilt dat je hond op kauwt, zoals lood, BPA en ftalaten. Het heeft een onovertroffen houdbaarheid en\u00a0heeft twee compartimenten rechts en links voor traktaties, deze zijn ovaal en licht conisch naar beneden gevormd, zodat bijna elke traktatievorm daar in past. Voor de warme zomerdagen zijn de compartimenten ook geschikt voor bevroren yoghurt of kwark.<\/p>\n<h4><strong>Le <\/strong>B\u00e2ton urbain bionique <strong>is vorstbestendig en vaatwasmachinebestendig. Natuurlijk is het ook drijvend<\/strong>.<\/h4>\n<ul>\n<li>Sans chimie nocive<\/li>\n<li>Deux compartiments \u00e0 friandises<\/li>\n<li>Mat\u00e9riau robuste<\/li>\n<li>Couleur saisissante<\/li>\n<li>Forme con\u00e7ue pour les chiens<\/li>\n<li>Peut \u00eatre bien lanc\u00e9<\/li>\n<li>Poids environ 180 grammes<\/li>\n<li>Longueur 19cm<\/li>\n<\/ul>\n<p><a href=\"https:\/\/www.google.com\/\" target=\"_blank\" rel=\"noopener\"><img loading=\"lazy\" decoding=\"async\" class=\"alignnone\" title=\"B\u00e2ton urbain bionique\" src=\"https:\/\/dogpride.nl\/wp-content\/uploads\/Urban-Stick-Bionic-1_600x600.jpg\" alt=\"Bionic Urban Stick\" width=\"305\" height=\"203\" \/><\/a><\/p>\n<p><a href=\"https:\/\/www.bionicdogtoys.com\" target=\"_blank\" rel=\"noopener\">https:\/\/www.bionicdogtoys.com<\/a><\/p>\n<p><iframe loading=\"lazy\" title=\"BIONIC Dog Toys vs Blender\" width=\"1290\" height=\"726\" src=\"https:\/\/www.youtube.com\/embed\/sKrVLW_VQe8?feature=oembed\" frameborder=\"0\" allow=\"accelerometer; autoplay; clipboard-write; encrypted-media; gyroscope; picture-in-picture; web-share\" referrerpolicy=\"strict-origin-when-cross-origin\" allowfullscreen><\/iframe><\/p>\n<p>&nbsp;<\/p>","protected":false},"excerpt":{"rendered":"<p>Os de jouet robuste en mat\u00e9riau non toxique. Pour m\u00e2cher, chercher, ramasser et apporter des gibiers. Ce b\u00e2ton est un jouet \u00e0 m\u00e2cher interactif pour chiens qui peut r\u00e9sister longtemps aux tentatives de mastication les plus difficiles.<\/p>","protected":false},"featured_media":91724,"template":"","meta":[],"product_brand":[],"product_cat":[187,81],"product_tag":[21852,7483,7530],"class_list":{"0":"post-137367","1":"product","2":"type-product","3":"status-publish","4":"has-post-thumbnail","6":"product_cat-kauwspeelgoed","7":"product_cat-ballen-en-apporteren","8":"product_tag-bionic-urban","9":"product_tag-kauwspeelgoed","10":"product_tag-stick","12":"first","13":"instock","14":"taxable","15":"shipping-taxable","16":"purchasable","17":"product-type-simple"},"mb":[],"mfb_rest_fields":["title"],"_links":{"self":[{"href":"https:\/\/dogpride.nl\/fr\/wp-json\/wp\/v2\/product\/137367","targetHints":{"allow":["GET"]}}],"collection":[{"href":"https:\/\/dogpride.nl\/fr\/wp-json\/wp\/v2\/product"}],"about":[{"href":"https:\/\/dogpride.nl\/fr\/wp-json\/wp\/v2\/types\/product"}],"wp:featuredmedia":[{"embeddable":true,"href":"https:\/\/dogpride.nl\/fr\/wp-json\/wp\/v2\/media\/91724"}],"wp:attachment":[{"href":"https:\/\/dogpride.nl\/fr\/wp-json\/wp\/v2\/media?parent=137367"}],"wp:term":[{"taxonomy":"product_brand","embeddable":true,"href":"https:\/\/dogpride.nl\/fr\/wp-json\/wp\/v2\/product_brand?post=137367"},{"taxonomy":"product_cat","embeddable":true,"href":"https:\/\/dogpride.nl\/fr\/wp-json\/wp\/v2\/product_cat?post=137367"},{"taxonomy":"product_tag","embeddable":true,"href":"https:\/\/dogpride.nl\/fr\/wp-json\/wp\/v2\/product_tag?post=137367"}],"curies":[{"name":"wp","href":"https:\/\/api.w.org\/{rel}","templated":true}]}}