{"id":137177,"date":"2025-10-01T12:53:26","date_gmt":"2025-10-01T10:53:26","guid":{"rendered":"https:\/\/dogpride.nl\/?post_type=product&#038;p=137177"},"modified":"2025-10-24T10:16:00","modified_gmt":"2025-10-24T08:16:00","slug":"pride-bijtspeeltje-rugby","status":"publish","type":"product","link":"https:\/\/dogpride.nl\/fr\/pride-bijtspeeltje-rugby\/","title":{"rendered":"PRIDE Bijtspeeltje Rugby met lange handgrepen"},"content":{"rendered":"<h4>PRIDE Bijtspeeltje Rugby met lange handgrepen<\/h4>\n<p>PRIDE Bijtspeeltje Rugby met lange handgrepen<\/p>\n<p>PRIDE Bijtspeeltje Rugby Ovaal kussen met 2 lange handgrepen geschikt voor gehoorzaamheids- en bijtwerktraining.<\/p>\n<div class=\"ULSxyf\">\n<div class=\"MjjYud\">\n<div class=\"A6K0A\" data-rpos=\"0\">\n<div class=\"Ww4FFb vt6azd obcontainer wDYxhc\" role=\"presentation\" data-md=\"77\" data-hveid=\"CAoQAA\" data-ved=\"2ahUKEwiJ18bo6oKQAxX9_rsIHTmcEZUQkCl6BAgKEAA\">\n<div class=\"EyBRub\" data-kpfbbcast=\"\">\n<div id=\"tw-main\" data-hveid=\"CAoQAQ\">\n<div id=\"tw-container\" class=\"nev7se\" data-cp=\"1\" data-nnttsvi=\"1\" data-sletp=\"false\" data-sm=\"1\" data-ssbp=\"false\" data-sugg-time=\"500\" data-sugg-url=\"https:\/\/clients1.google.com\/complete\/search\" data-uilc=\"nl\" data-vil=\",af,af-ZA,am,am-ET,ar-EG,ar-AE,ar-KW,ar-QA,ar,ar-IL,ar-JO,ar-LB,ar-PS,az,az-AZ,bg,bg-BG,bn,bn-BD,bn-IN,ca,ca-es,cs,cs-CZ,de,de-DE,de-CH,de-AT,de-LI,en,en-US,en-CA,en-AU,en-NZ,en-GB,en-IN,en-KE,en-TZ,en-NG,en-GH,en-PH,en-ZA,es,es-ES,es-AR,es-UY,es-419,es-BO,es-CL,es-CR,es-CO,es-DO,es-EC,es-GT,es-HN,es-NI,es-PA,es-PE,es-PR,es-PY,es-SV,es-VE,es-MX,es-US,eu,eu-ES,fi,fi-FI,fr,fr-FR,fr-CH,fr-BE,gl,gl-ES,gu,gu-IN,he,he-IL,iw,iw-IL,hu,hu-HU,hy,hy-AM,id,id-ID,is,is-IS,it,it-IT,it-CH,ja,ja-JP,jv,jv-ID,ka,ka-GE,km,km-KH,kn,kn-IN,ko,ko-KR,la,lo,lo-LA,lv,lv-LV,ml,ml-IN,mr,mr-IN,ms,ms-MY,nl,nl-NL,nb,nb-NO,ne,ne-NP,pl,pl-PL,pt,pt-BR,pt-PT,ro,ro-RO,ru,ru-RU,si-LK,sk,sk-SK,sr,sr-RS,su,su-ID,sv,sv-SE,sw,sw-TZ,sw-KE,ta,ta-IN,ta-SG,ta-LK,ta-MY,te,te-IN,tr,tr-TR,ur,ur-PK,ur-IN,yue,yue-HK,yue-Hant-HK,zh-HK,zh,zh-CN,zh-cmn,zh-cmn-CN,zh-Hans,zh-Hans-CN,zh-cmn-Hans,zh-cmn-Hans-CN,cmn-CN,cmn-Hans,cmn-Hans-CN,zh-TW,zh-Hant-TW,cmn-TW,cmn-Hant-TW,zh-cmn-TW,zh-cmn-Hant-TW,zu,zu-ZA,hi,hi-IN,tl,tl-PH,pa,pa-IN\">\n<div>\n<div>\n<div id=\"tw-ob\" class=\"tw-src-ltr\">\n<div class=\"oSioSc\">\n<div id=\"tw-target\">\n<div id=\"kAz1tf\" class=\"g9WsWb PZPZlf\" data-attrid=\"tw-targetArea\" data-entityname=\"Google Translate\">\n<div id=\"tw-target-text-container\" class=\"tw-ta-container tw-nfl\" tabindex=\"0\" role=\"text\">\n<p id=\"tw-target-text\" class=\"tw-data-text tw-text-large tw-ta\" dir=\"ltr\" tabindex=\"-1\" role=\"text\" data-placeholder=\"Vertaling\" data-ved=\"2ahUKEwiJ18bo6oKQAxX9_rsIHTmcEZUQ3ewLegQIChAV\" aria-label=\"Vertaalde tekst: Bijtspeeltje &quot;Rugby&quot; Zachte bijtspeeltje met 2 handvatten &quot;Rugby&quot;. Geschikt voor gehoorzaamheidstraining en training &quot;Go out&quot; (&quot;Voraus&quot;). Dit hondenspeelgoed is een ideale bal voor hondentraining en retrievers. Zachte hondenspeeltjes zijn onmisbaar in de hondentraining. Als u wilt dat uw hond vrolijk en gemotiveerd is om te trainen, gebruik dan onze kleurrijke, zachte, veilige en betrouwbare hondenballen. Zachte hondenspeeltjes worden gebruikt voor plezier en training. Ze zijn veilig voor zowel puppy's als volwassen honden. Onze zachte hondenspeeltjes zijn gemaakt van veilige en sterke stof door professionals. Let op: Geen enkel speeltje is volledig onverwoestbaar. Zoals met elk ander product, houd uw huisdier in de gaten wanneer u dit speeltje gebruikt. Controleer het product regelmatig op schade en vervang het speeltje als het beschadigd is of onderdelen mist om mogelijk letsel bij uw huisdier te voorkomen.\"><span class=\"Y2IQFc\" lang=\"nl\">Zachte bijtspeeltje met 2 handvatten &#8220;Rugby&#8221;. Geschikt voor gehoorzaamheidstraining en training &#8220;Go out&#8221; (&#8220;Voraus&#8221;). Dit hondenspeelgoed is een ideale bal voor hondentraining en retrievers. <\/span><\/p>\n<p class=\"tw-data-text tw-text-large tw-ta\" dir=\"ltr\" tabindex=\"-1\" role=\"text\" data-placeholder=\"Vertaling\" data-ved=\"2ahUKEwiJ18bo6oKQAxX9_rsIHTmcEZUQ3ewLegQIChAV\" aria-label=\"Vertaalde tekst: Bijtspeeltje &quot;Rugby&quot; Zachte bijtspeeltje met 2 handvatten &quot;Rugby&quot;. Geschikt voor gehoorzaamheidstraining en training &quot;Go out&quot; (&quot;Voraus&quot;). Dit hondenspeelgoed is een ideale bal voor hondentraining en retrievers. Zachte hondenspeeltjes zijn onmisbaar in de hondentraining. Als u wilt dat uw hond vrolijk en gemotiveerd is om te trainen, gebruik dan onze kleurrijke, zachte, veilige en betrouwbare hondenballen. Zachte hondenspeeltjes worden gebruikt voor plezier en training. Ze zijn veilig voor zowel puppy's als volwassen honden. Onze zachte hondenspeeltjes zijn gemaakt van veilige en sterke stof door professionals. Let op: Geen enkel speeltje is volledig onverwoestbaar. Zoals met elk ander product, houd uw huisdier in de gaten wanneer u dit speeltje gebruikt. Controleer het product regelmatig op schade en vervang het speeltje als het beschadigd is of onderdelen mist om mogelijk letsel bij uw huisdier te voorkomen.\"><span class=\"Y2IQFc\" lang=\"nl\">Zachte hondenspeeltjes zijn onmisbaar in de hondentraining. Als u wilt dat uw hond vrolijk en gemotiveerd is om te trainen, gebruik dan onze kleurrijke, zachte, veilige en betrouwbare hondenballen. <\/span><\/p>\n<p class=\"tw-data-text tw-text-large tw-ta\" dir=\"ltr\" tabindex=\"-1\" role=\"text\" data-placeholder=\"Vertaling\" data-ved=\"2ahUKEwiJ18bo6oKQAxX9_rsIHTmcEZUQ3ewLegQIChAV\" aria-label=\"Vertaalde tekst: Bijtspeeltje &quot;Rugby&quot; Zachte bijtspeeltje met 2 handvatten &quot;Rugby&quot;. Geschikt voor gehoorzaamheidstraining en training &quot;Go out&quot; (&quot;Voraus&quot;). Dit hondenspeelgoed is een ideale bal voor hondentraining en retrievers. Zachte hondenspeeltjes zijn onmisbaar in de hondentraining. Als u wilt dat uw hond vrolijk en gemotiveerd is om te trainen, gebruik dan onze kleurrijke, zachte, veilige en betrouwbare hondenballen. Zachte hondenspeeltjes worden gebruikt voor plezier en training. Ze zijn veilig voor zowel puppy's als volwassen honden. Onze zachte hondenspeeltjes zijn gemaakt van veilige en sterke stof door professionals. Let op: Geen enkel speeltje is volledig onverwoestbaar. Zoals met elk ander product, houd uw huisdier in de gaten wanneer u dit speeltje gebruikt. Controleer het product regelmatig op schade en vervang het speeltje als het beschadigd is of onderdelen mist om mogelijk letsel bij uw huisdier te voorkomen.\"><span class=\"Y2IQFc\" lang=\"nl\">Zachte hondenspeeltjes worden gebruikt voor plezier en training. Ze zijn veilig voor zowel puppy&#8217;s als volwassen honden. Onze zachte hondenspeeltjes zijn gemaakt van veilige en sterke stof door professionals. Let op: Geen enkel speeltje is volledig onverwoestbaar. Zoals met elk ander product, houd uw huisdier in de gaten wanneer u dit speeltje gebruikt. Controleer het product regelmatig op schade en vervang het speeltje als het beschadigd is of onderdelen mist om mogelijk letsel bij uw huisdier te voorkomen.<\/span><\/p>\n<\/div>\n<div id=\"tw-target-rmn-container\" class=\"tw-target-rmn tw-ta-container tw-nfl\" tabindex=\"-1\" role=\"text\">\n<p id=\"tw-target-rmn\" class=\"tw-data-placeholder tw-text-small tw-ta\" dir=\"ltr\" tabindex=\"-1\" role=\"text\">Livr\u00e9 assorti.<\/p>\n<\/div>\n<\/div>\n<\/div>\n<\/div>\n<\/div>\n<\/div>\n<\/div>\n<\/div>\n<\/div>\n<\/div>\n<\/div>\n<\/div>\n<\/div>\n<\/div>\n<p><a href=\"https:\/\/www.dogpride.eu\/store\/tugs-rugs\/\" target=\"_blank\" rel=\"noopener\"><img loading=\"lazy\" decoding=\"async\" class=\"alignnone wp-image-71202 size-medium\" title=\"Coussin \u00e0 mordre rond PRIDE 2 poign\u00e9es\" src=\"https:\/\/dogpride.nl\/wp-content\/uploads\/Logo-Pride2-2-300x96.png\" alt=\"Logo Pride\" width=\"300\" height=\"96\" srcset=\"https:\/\/dogpride.nl\/wp-content\/uploads\/Logo-Pride2-2-300x96.png 300w, https:\/\/dogpride.nl\/wp-content\/uploads\/Logo-Pride2-2-250x80.png 250w, https:\/\/dogpride.nl\/wp-content\/uploads\/Logo-Pride2-2-200x64.png 200w, https:\/\/dogpride.nl\/wp-content\/uploads\/Logo-Pride2-2.png 327w\" sizes=\"auto, (max-width: 300px) 100vw, 300px\" \/><\/a><\/p>\n<p><img loading=\"lazy\" decoding=\"async\" class=\"alignnone wp-image-139037 size-thumbnail\" title=\"PRIDE Bijtspeeltje Rugby met lange handgrepen\" src=\"https:\/\/dogpride.nl\/wp-content\/uploads\/PRIDE-Bijtspeeltje-Rugby-met-lange-handgrepen-150x150.jpg\" alt=\"PRIDE Bijtspeeltje Rugby met lange handgrepen\" width=\"150\" height=\"150\" srcset=\"https:\/\/dogpride.nl\/wp-content\/uploads\/PRIDE-Bijtspeeltje-Rugby-met-lange-handgrepen-150x150.jpg 150w, https:\/\/dogpride.nl\/wp-content\/uploads\/PRIDE-Bijtspeeltje-Rugby-met-lange-handgrepen-12x12.jpg 12w, https:\/\/dogpride.nl\/wp-content\/uploads\/PRIDE-Bijtspeeltje-Rugby-met-lange-handgrepen-100x100.jpg 100w\" sizes=\"auto, (max-width: 150px) 100vw, 150px\" \/> <a href=\"https:\/\/dogpride.nl\/fr\/gehoorzaamheid\/bijtworsten-voor-honden\/\"><img loading=\"lazy\" decoding=\"async\" class=\"alignnone wp-image-139037 size-thumbnail\" title=\"PRIDE Bijtspeeltje Rugby met lange handgrepen\" src=\"https:\/\/dogpride.nl\/wp-content\/uploads\/PRIDE-Bijtspeeltje-Rugby-met-lange-handgrepen-150x150.jpg\" alt=\"PRIDE Bijtspeeltje Rugby met lange handgrepen\" width=\"150\" height=\"150\" srcset=\"https:\/\/dogpride.nl\/wp-content\/uploads\/PRIDE-Bijtspeeltje-Rugby-met-lange-handgrepen-150x150.jpg 150w, https:\/\/dogpride.nl\/wp-content\/uploads\/PRIDE-Bijtspeeltje-Rugby-met-lange-handgrepen-12x12.jpg 12w, https:\/\/dogpride.nl\/wp-content\/uploads\/PRIDE-Bijtspeeltje-Rugby-met-lange-handgrepen-100x100.jpg 100w\" sizes=\"auto, (max-width: 150px) 100vw, 150px\" \/><\/a><\/p>\n<p>&nbsp;<\/p>","protected":false},"excerpt":{"rendered":"<p>Les peluches pour chiens sont un \u00e9l\u00e9ment indispensable de l&#039;\u00e9ducation canine. Si vous voulez que votre chien soit heureux et motiv\u00e9 \u00e0 faire de l&#039;exercice, utilisez nos balles pour chien color\u00e9es, douces, s\u00fbres et fiables.<\/p>","protected":false},"featured_media":139037,"template":"","meta":[],"product_brand":[],"product_cat":[352],"product_tag":[9432,5507,4865,6588,5532],"class_list":{"0":"post-137177","1":"product","2":"type-product","3":"status-publish","4":"has-post-thumbnail","6":"product_cat-bijtworsten-voor-honden","7":"product_tag-2-handgrepen","8":"product_tag-bijtkussen","9":"product_tag-pride","10":"product_tag-rond","11":"product_tag-zacht","13":"first","14":"instock","15":"taxable","16":"shipping-taxable","17":"purchasable","18":"product-type-simple"},"mb":[],"mfb_rest_fields":["title"],"_links":{"self":[{"href":"https:\/\/dogpride.nl\/fr\/wp-json\/wp\/v2\/product\/137177","targetHints":{"allow":["GET"]}}],"collection":[{"href":"https:\/\/dogpride.nl\/fr\/wp-json\/wp\/v2\/product"}],"about":[{"href":"https:\/\/dogpride.nl\/fr\/wp-json\/wp\/v2\/types\/product"}],"wp:featuredmedia":[{"embeddable":true,"href":"https:\/\/dogpride.nl\/fr\/wp-json\/wp\/v2\/media\/139037"}],"wp:attachment":[{"href":"https:\/\/dogpride.nl\/fr\/wp-json\/wp\/v2\/media?parent=137177"}],"wp:term":[{"taxonomy":"product_brand","embeddable":true,"href":"https:\/\/dogpride.nl\/fr\/wp-json\/wp\/v2\/product_brand?post=137177"},{"taxonomy":"product_cat","embeddable":true,"href":"https:\/\/dogpride.nl\/fr\/wp-json\/wp\/v2\/product_cat?post=137177"},{"taxonomy":"product_tag","embeddable":true,"href":"https:\/\/dogpride.nl\/fr\/wp-json\/wp\/v2\/product_tag?post=137177"}],"curies":[{"name":"wp","href":"https:\/\/api.w.org\/{rel}","templated":true}]}}