{"id":137158,"date":"2025-10-01T11:25:11","date_gmt":"2025-10-01T09:25:11","guid":{"rendered":"https:\/\/dogpride.nl\/?post_type=product&#038;p=137158"},"modified":"2025-10-31T16:09:57","modified_gmt":"2025-10-31T15:09:57","slug":"pride-zachte-bijtlap-voor-pups-jute","status":"publish","type":"product","link":"https:\/\/dogpride.nl\/fr\/pride-zachte-bijtlap-voor-pups-jute\/","title":{"rendered":"PRIDE Clapet souple pour chiots Jute"},"content":{"rendered":"<h4>PRIDE Clapet souple pour chiots Jute<\/h4>\n<p>PRIDE Clapet souple pour chiots Jute<\/p>\n<p style=\"color: #000000; font-size: 13px; text-align: left; text-decoration: none;\">Cette languette souple est excellente pour apprendre, travailler et am\u00e9liorer la morsure des chiots et des jeunes chiens.<br \/>\nCe rabat de morsure est fait de jute solide de haute qualit\u00e9, est super solide et sans danger pour les dents de chien.<\/p>\n<p>Convient pour les formations IGP, FRENCH RING, MONDIORING, KNPV, REAL \/ POLICE WORK.<\/p>\n<p style=\"color: #000000; font-size: 13px; text-align: left; text-decoration: none;\">Mod\u00e8le : T-010J<br \/>\nMat\u00e9riel: toile de jute<\/p>\n<ul>\n<li style=\"color: #000000; font-size: 13px; text-align: left; text-decoration: none;\">Taille : \u00b1 50 cm<\/li>\n<\/ul>\n<p>* Les couleurs varient en fonction du lot de teinture actuel.<\/p>\n<p>&nbsp;<\/p>\n<p><a href=\"https:\/\/www.dogpride.eu\/\" target=\"_blank\" rel=\"noopener\"><img loading=\"lazy\" decoding=\"async\" class=\"alignnone wp-image-71202 size-medium\" src=\"https:\/\/dogpride.nl\/wp-content\/uploads\/Logo-Pride2-2-300x96.png\" alt=\"Pride\" width=\"300\" height=\"96\" srcset=\"https:\/\/dogpride.nl\/wp-content\/uploads\/Logo-Pride2-2-300x96.png 300w, https:\/\/dogpride.nl\/wp-content\/uploads\/Logo-Pride2-2-250x80.png 250w, https:\/\/dogpride.nl\/wp-content\/uploads\/Logo-Pride2-2-200x64.png 200w, https:\/\/dogpride.nl\/wp-content\/uploads\/Logo-Pride2-2.png 327w\" sizes=\"auto, (max-width: 300px) 100vw, 300px\" \/><\/a><\/p>\n<p><a href=\"https:\/\/dogpride.nl\/fr\/pride-zachte-bijtlap-voor-pups-jute\/\"><img loading=\"lazy\" decoding=\"async\" class=\"alignnone wp-image-137103\" src=\"https:\/\/dogpride.nl\/wp-content\/uploads\/PRIDE-Zachte-bijtlap-voor-pups-Jute.jpg\" alt=\"PRIDE Zachte bijtlap voor pups Jute\" width=\"300\" height=\"200\" srcset=\"https:\/\/dogpride.nl\/wp-content\/uploads\/PRIDE-Zachte-bijtlap-voor-pups-Jute.jpg 1820w, https:\/\/dogpride.nl\/wp-content\/uploads\/PRIDE-Zachte-bijtlap-voor-pups-Jute-300x200.jpg 300w, https:\/\/dogpride.nl\/wp-content\/uploads\/PRIDE-Zachte-bijtlap-voor-pups-Jute-1024x684.jpg 1024w, https:\/\/dogpride.nl\/wp-content\/uploads\/PRIDE-Zachte-bijtlap-voor-pups-Jute-768x513.jpg 768w, https:\/\/dogpride.nl\/wp-content\/uploads\/PRIDE-Zachte-bijtlap-voor-pups-Jute-1536x1025.jpg 1536w, https:\/\/dogpride.nl\/wp-content\/uploads\/PRIDE-Zachte-bijtlap-voor-pups-Jute-18x12.jpg 18w, https:\/\/dogpride.nl\/wp-content\/uploads\/PRIDE-Zachte-bijtlap-voor-pups-Jute-250x167.jpg 250w, https:\/\/dogpride.nl\/wp-content\/uploads\/PRIDE-Zachte-bijtlap-voor-pups-Jute-400x267.jpg 400w\" sizes=\"auto, (max-width: 300px) 100vw, 300px\" \/><\/a><\/p>\n<p>&nbsp;<\/p>\n<p>&nbsp;<\/p>","protected":false},"excerpt":{"rendered":"<p>Clapet \u00e0 mordre doux pour chiots en jute. Ce prot\u00e8ge-morsure en jute est excellent pour apprendre, travailler et am\u00e9liorer la morsure des chiots et des jeunes chiens.<\/p>","protected":false},"featured_media":20035,"template":"","meta":[],"product_brand":[],"product_cat":[352],"product_tag":[],"class_list":{"0":"post-137158","1":"product","2":"type-product","3":"status-publish","4":"has-post-thumbnail","6":"product_cat-bijtworsten-voor-honden","8":"first","9":"instock","10":"taxable","11":"shipping-taxable","12":"purchasable","13":"product-type-simple"},"mb":[],"mfb_rest_fields":["title"],"_links":{"self":[{"href":"https:\/\/dogpride.nl\/fr\/wp-json\/wp\/v2\/product\/137158","targetHints":{"allow":["GET"]}}],"collection":[{"href":"https:\/\/dogpride.nl\/fr\/wp-json\/wp\/v2\/product"}],"about":[{"href":"https:\/\/dogpride.nl\/fr\/wp-json\/wp\/v2\/types\/product"}],"wp:featuredmedia":[{"embeddable":true,"href":"https:\/\/dogpride.nl\/fr\/wp-json\/wp\/v2\/media\/20035"}],"wp:attachment":[{"href":"https:\/\/dogpride.nl\/fr\/wp-json\/wp\/v2\/media?parent=137158"}],"wp:term":[{"taxonomy":"product_brand","embeddable":true,"href":"https:\/\/dogpride.nl\/fr\/wp-json\/wp\/v2\/product_brand?post=137158"},{"taxonomy":"product_cat","embeddable":true,"href":"https:\/\/dogpride.nl\/fr\/wp-json\/wp\/v2\/product_cat?post=137158"},{"taxonomy":"product_tag","embeddable":true,"href":"https:\/\/dogpride.nl\/fr\/wp-json\/wp\/v2\/product_tag?post=137158"}],"curies":[{"name":"wp","href":"https:\/\/api.w.org\/{rel}","templated":true}]}}