{"id":137119,"date":"2025-10-01T08:39:59","date_gmt":"2025-10-01T06:39:59","guid":{"rendered":"https:\/\/dogpride.nl\/?post_type=product&#038;p=137119"},"modified":"2025-10-28T09:57:52","modified_gmt":"2025-10-28T08:57:52","slug":"pride-hondentrainingslijn-40-cm","status":"publish","type":"product","link":"https:\/\/dogpride.nl\/fr\/pride-hondentrainingslijn-40-cm\/","title":{"rendered":"Laisse de dressage pour chien PRIDE 40 cm"},"content":{"rendered":"<h4>Laisse de dressage pour chien PRIDE 40 cm<\/h4>\n<p>Cette ligne de travail sans poign\u00e9e est faite de nylon solide avec du caoutchouc antid\u00e9rapant et a une texture l\u00e9g\u00e8re. La ligne n&#039;absorbe pas l&#039;eau et ne devient pas plus lourde.<\/p>\n<div>\n<p>Id\u00e9al pour les mains moites<br \/>\nId\u00e9al par temps humide<br \/>\nId\u00e9al pour jouer dans l&#039;eau<br \/>\nMaintien s\u00e9curis\u00e9<br \/>\nConvient pour l&#039;entra\u00eenement \u00e0 l&#039;ob\u00e9issance et \u00e0 la morsure<\/p>\n<ul>\n<li>Laisse pour chien Super Grip \/ antid\u00e9rapante<\/li>\n<li>Mod\u00e8le : L-006<\/li>\n<li>Mat\u00e9riau : nylon<\/li>\n<li>Couleur noir<\/li>\n<li>Mousqueton : m\u00e9tal standard \/ laiton<\/li>\n<\/ul>\n<p>Largeur : 20 mm<br \/>\nLongueur : 40 cm<\/p>\n<\/div>\n<p><a href=\"https:\/\/dogpride.nl\/fr\/lijnen-en-tuigjes-voor-honden\/pride-hondenlijnen\/\"><img loading=\"lazy\" decoding=\"async\" class=\"alignnone wp-image-136467 size-thumbnail\" src=\"https:\/\/dogpride.nl\/wp-content\/uploads\/PRIDE-Hondentrainingslijn-40-cm-150x150.jpg\" alt=\"PRIDE Hondentrainingslijn 40 cm\" width=\"150\" height=\"150\" srcset=\"https:\/\/dogpride.nl\/wp-content\/uploads\/PRIDE-Hondentrainingslijn-40-cm-150x150.jpg 150w, https:\/\/dogpride.nl\/wp-content\/uploads\/PRIDE-Hondentrainingslijn-40-cm-100x100.jpg 100w\" sizes=\"auto, (max-width: 150px) 100vw, 150px\" \/><\/a><\/p>\n<p><a href=\"https:\/\/www.dogpride.eu\/\" target=\"_blank\" rel=\"noopener\"><img loading=\"lazy\" decoding=\"async\" class=\"alignnone wp-image-70657 size-medium\" src=\"https:\/\/dogpride.nl\/wp-content\/uploads\/Logo-Pride2-1-300x96.png\" alt=\"\" width=\"300\" height=\"96\" srcset=\"https:\/\/dogpride.nl\/wp-content\/uploads\/Logo-Pride2-1-300x96.png 300w, https:\/\/dogpride.nl\/wp-content\/uploads\/Logo-Pride2-1-250x80.png 250w, https:\/\/dogpride.nl\/wp-content\/uploads\/Logo-Pride2-1-200x64.png 200w, https:\/\/dogpride.nl\/wp-content\/uploads\/Logo-Pride2-1.png 327w\" sizes=\"auto, (max-width: 300px) 100vw, 300px\" \/><\/a><\/p>\n<p>&nbsp;<\/p>","protected":false},"excerpt":{"rendered":"<p>PRIDE Hondentrainingslijn 40 cm. Deze werklijn zonder handvat is gemaakt van sterk nylon met anti-slip rubber en heeft een lichte textuur. Geschikt voor gehoorzaamheid en bijtwerktraining.<\/p>","protected":false},"featured_media":23164,"template":"","meta":[],"product_brand":[],"product_cat":[192],"product_tag":[9320,9319,4865],"class_list":{"0":"post-137119","1":"product","2":"type-product","3":"status-publish","4":"has-post-thumbnail","6":"product_cat-pride-hondenlijnen","7":"product_tag-40-cm","8":"product_tag-hondentrainingslijn","9":"product_tag-pride","11":"first","12":"instock","13":"taxable","14":"shipping-taxable","15":"purchasable","16":"product-type-variable"},"mb":[],"mfb_rest_fields":["title"],"_links":{"self":[{"href":"https:\/\/dogpride.nl\/fr\/wp-json\/wp\/v2\/product\/137119","targetHints":{"allow":["GET"]}}],"collection":[{"href":"https:\/\/dogpride.nl\/fr\/wp-json\/wp\/v2\/product"}],"about":[{"href":"https:\/\/dogpride.nl\/fr\/wp-json\/wp\/v2\/types\/product"}],"wp:featuredmedia":[{"embeddable":true,"href":"https:\/\/dogpride.nl\/fr\/wp-json\/wp\/v2\/media\/23164"}],"wp:attachment":[{"href":"https:\/\/dogpride.nl\/fr\/wp-json\/wp\/v2\/media?parent=137119"}],"wp:term":[{"taxonomy":"product_brand","embeddable":true,"href":"https:\/\/dogpride.nl\/fr\/wp-json\/wp\/v2\/product_brand?post=137119"},{"taxonomy":"product_cat","embeddable":true,"href":"https:\/\/dogpride.nl\/fr\/wp-json\/wp\/v2\/product_cat?post=137119"},{"taxonomy":"product_tag","embeddable":true,"href":"https:\/\/dogpride.nl\/fr\/wp-json\/wp\/v2\/product_tag?post=137119"}],"curies":[{"name":"wp","href":"https:\/\/api.w.org\/{rel}","templated":true}]}}