{"id":137113,"date":"2025-10-01T08:33:18","date_gmt":"2025-10-01T06:33:18","guid":{"rendered":"https:\/\/dogpride.nl\/?post_type=product&#038;p=137113"},"modified":"2025-10-28T11:41:47","modified_gmt":"2025-10-28T10:41:47","slug":"pride-soepele-katoenen-antisliplijn-met-handvat","status":"publish","type":"product","link":"https:\/\/dogpride.nl\/fr\/pride-soepele-katoenen-antisliplijn-met-handvat\/","title":{"rendered":"PRIDE Laisse antid\u00e9rapante en coton lisse avec poign\u00e9e"},"content":{"rendered":"<h4 style=\"color: #000000; font-size: 30px; text-align: left; text-decoration: none;\">PRIDE Laisse antid\u00e9rapante en coton lisse avec poign\u00e9e<\/h4>\n<div style=\"color: #000000; font-size: 13px; text-align: left; text-decoration: none;\">Cette laisse antid\u00e9rapante en coton lisse avec poign\u00e9e est fabriqu\u00e9e en coton avec un mat\u00e9riau antid\u00e9rapant en caoutchouc et a une texture l\u00e9g\u00e8re. La ligne n&#039;absorbe pas l&#039;eau et ne s&#039;alourdit pas.<\/div>\n<div style=\"color: #000000; font-size: 13px; text-align: left; text-decoration: none;\"><\/div>\n<div style=\"color: #000000; font-size: 13px; text-align: left; text-decoration: none;\">20 mm de large, antid\u00e9rapant sous la pluie ou les mains moites ou un chien fort o\u00f9 une bonne prise en main est n\u00e9cessaire. Cette ligne est lavable.<\/div>\n<p style=\"color: #000000; font-size: 13px; text-align: left; text-decoration: none;\">Id\u00e9al pour les mains moites<br \/>\nId\u00e9al par temps humide<br \/>\nId\u00e9al pour jouer dans l&#039;eau<br \/>\nMaintien s\u00e9curis\u00e9<\/p>\n<p style=\"color: #000000; font-size: 13px; text-align: left; text-decoration: none;\">Dans les couleurs noir et gris<\/p>\n<p style=\"color: #000000; font-size: 13px; text-align: left; text-decoration: none;\">longueurs\u00a0; 0.5M, 1M, 1.5M, 2M, 3M<\/p>\n<p><a href=\"https:\/\/dogpride.nl\/fr\/lijnen-en-tuigjes-voor-honden\/pride-hondenlijnen\/\"><img loading=\"lazy\" decoding=\"async\" class=\"alignnone wp-image-136578 size-thumbnail\" title=\"PRIDE Laisse antid\u00e9rapante en coton lisse avec poign\u00e9e\" src=\"https:\/\/dogpride.nl\/wp-content\/uploads\/PRIDE-Soepele-katoenen-antisliplijn-met-handvat-150x150.jpg\" alt=\"PRIDE Soepele katoenen antisliplijn met handvat\" width=\"150\" height=\"150\" srcset=\"https:\/\/dogpride.nl\/wp-content\/uploads\/PRIDE-Soepele-katoenen-antisliplijn-met-handvat-150x150.jpg 150w, https:\/\/dogpride.nl\/wp-content\/uploads\/PRIDE-Soepele-katoenen-antisliplijn-met-handvat-100x100.jpg 100w\" sizes=\"auto, (max-width: 150px) 100vw, 150px\" \/><\/a><\/p>\n<p><a href=\"https:\/\/www.dogpride.eu\/\" target=\"_blank\" rel=\"noopener\"><img loading=\"lazy\" decoding=\"async\" class=\"alignnone wp-image-70657 size-medium\" src=\"https:\/\/dogpride.nl\/wp-content\/uploads\/Logo-Pride2-1-300x96.png\" alt=\"\" width=\"300\" height=\"96\" srcset=\"https:\/\/dogpride.nl\/wp-content\/uploads\/Logo-Pride2-1-300x96.png 300w, https:\/\/dogpride.nl\/wp-content\/uploads\/Logo-Pride2-1-250x80.png 250w, https:\/\/dogpride.nl\/wp-content\/uploads\/Logo-Pride2-1-200x64.png 200w, https:\/\/dogpride.nl\/wp-content\/uploads\/Logo-Pride2-1.png 327w\" sizes=\"auto, (max-width: 300px) 100vw, 300px\" \/><\/a><\/p>","protected":false},"excerpt":{"rendered":"<p>PRIDE Laisse antid\u00e9rapante en coton lisse avec poign\u00e9e. Cette laisse antid\u00e9rapante en coton lisse avec poign\u00e9e est fabriqu\u00e9e en coton avec un mat\u00e9riau antid\u00e9rapant en caoutchouc et a une texture l\u00e9g\u00e8re. La ligne n&#039;absorbe pas l&#039;eau et ne s&#039;alourdit pas.<\/p>","protected":false},"featured_media":23091,"template":"","meta":[],"product_brand":[],"product_cat":[192],"product_tag":[],"class_list":{"0":"post-137113","1":"product","2":"type-product","3":"status-publish","4":"has-post-thumbnail","6":"product_cat-pride-hondenlijnen","8":"first","9":"instock","10":"taxable","11":"shipping-taxable","12":"purchasable","13":"product-type-variable"},"mb":[],"mfb_rest_fields":["title"],"_links":{"self":[{"href":"https:\/\/dogpride.nl\/fr\/wp-json\/wp\/v2\/product\/137113","targetHints":{"allow":["GET"]}}],"collection":[{"href":"https:\/\/dogpride.nl\/fr\/wp-json\/wp\/v2\/product"}],"about":[{"href":"https:\/\/dogpride.nl\/fr\/wp-json\/wp\/v2\/types\/product"}],"wp:featuredmedia":[{"embeddable":true,"href":"https:\/\/dogpride.nl\/fr\/wp-json\/wp\/v2\/media\/23091"}],"wp:attachment":[{"href":"https:\/\/dogpride.nl\/fr\/wp-json\/wp\/v2\/media?parent=137113"}],"wp:term":[{"taxonomy":"product_brand","embeddable":true,"href":"https:\/\/dogpride.nl\/fr\/wp-json\/wp\/v2\/product_brand?post=137113"},{"taxonomy":"product_cat","embeddable":true,"href":"https:\/\/dogpride.nl\/fr\/wp-json\/wp\/v2\/product_cat?post=137113"},{"taxonomy":"product_tag","embeddable":true,"href":"https:\/\/dogpride.nl\/fr\/wp-json\/wp\/v2\/product_tag?post=137113"}],"curies":[{"name":"wp","href":"https:\/\/api.w.org\/{rel}","templated":true}]}}