{"id":137006,"date":"2025-09-30T13:01:02","date_gmt":"2025-09-30T11:01:02","guid":{"rendered":"https:\/\/dogpride.nl\/?post_type=product&#038;p=137006"},"modified":"2025-10-29T12:08:36","modified_gmt":"2025-10-29T11:08:36","slug":"pride-bruin-lederen-halsband-met-handvat","status":"publish","type":"product","link":"https:\/\/dogpride.nl\/fr\/pride-bruin-lederen-halsband-met-handvat\/","title":{"rendered":"PRIDE Collier pour chien en cuir marron avec poign\u00e9e"},"content":{"rendered":"<h4>PRIDE Collier pour chien en cuir marron avec poign\u00e9e<\/h4>\n<p>PRIDE Collier pour chien en cuir marron avec poign\u00e9e<\/p>\n<div>\n<p>Ce collier en cuir tr\u00e8s r\u00e9sistant avec poign\u00e9e est fabriqu\u00e9 en cuir 2 couches de haute qualit\u00e9.<\/p>\n<p>Une poign\u00e9e solide vous aide \u00e0 contr\u00f4ler votre chien facilement et rapidement sur de courtes distances. La poign\u00e9e est tr\u00e8s solide et convient aux races grandes et fortes.<\/p>\n<p>La laisse peut \u00eatre attach\u00e9e \u00e0 l&#039;anneau en D moul\u00e9.<\/p>\n<p>Probeer PRIDE Bruin lederen halsband met handvat voor comfortabel, betrouwbaar en langdurig gebruik en een stijlvolle uitstraling van uw hond. Je huisdier verdient de beste kwaliteit!<\/p>\n<p>Bon collier pour chiens de races moyennes et grandes (GSD) en cuir marron r\u00e9sistant.<\/p>\n<p>Mod\u00e8le : CL-008<\/p>\n<p>Mat\u00e9riel: Cuir<\/p>\n<p>Couleur marron<\/p>\n<p><strong>Dimensions:\u00a0<\/strong><\/p>\n<ul>\n<li>SMALL\u00a0 \u00a0 \u00a0 \u00a0 \u00a0 \u00a0 \u00a0 \u00a0 \u00a0 \u00a0 2,5 x 50 cm<\/li>\n<li>MEDIUM\u00a0 \u00a0 \u00a0 \u00a0 \u00a0 \u00a0 \u00a0 \u00a03.5 x 60 cm<\/li>\n<li>LARGE\u00a0 \u00a0 \u00a0 \u00a0 \u00a0 \u00a0 \u00a0 \u00a0 \u00a0 \u00a04,0 x 60 cm<\/li>\n<li>EXTRA LARGE\u00a0 \u00a0 5,0 x 60 cm<\/li>\n<\/ul>\n<\/div>\n<div><\/div>\n<div><a href=\"https:\/\/www.dogpride.eu\/\" target=\"_blank\" rel=\"noopener\"><img loading=\"lazy\" decoding=\"async\" class=\"alignnone wp-image-70657 size-medium\" src=\"https:\/\/dogpride.nl\/wp-content\/uploads\/Logo-Pride2-1-300x96.png\" alt=\"PRIDE\" width=\"300\" height=\"96\" srcset=\"https:\/\/dogpride.nl\/wp-content\/uploads\/Logo-Pride2-1-300x96.png 300w, https:\/\/dogpride.nl\/wp-content\/uploads\/Logo-Pride2-1-250x80.png 250w, https:\/\/dogpride.nl\/wp-content\/uploads\/Logo-Pride2-1-200x64.png 200w, https:\/\/dogpride.nl\/wp-content\/uploads\/Logo-Pride2-1.png 327w\" sizes=\"auto, (max-width: 300px) 100vw, 300px\" \/><\/a><\/div>\n<div><a href=\"https:\/\/dogpride.nl\/fr\/pride-bruin-lederen-halsband-met-handvat\/\"><img loading=\"lazy\" decoding=\"async\" class=\"alignnone wp-image-137004\" title=\"PRIDE Collier pour chien en cuir marron avec poign\u00e9e\" src=\"https:\/\/dogpride.nl\/wp-content\/uploads\/PRIDE-Bruin-lederen-halsband-met-handvat.jpg\" alt=\"PRIDE Bruin lederen halsband met handvat\" width=\"234\" height=\"156\" srcset=\"https:\/\/dogpride.nl\/wp-content\/uploads\/PRIDE-Bruin-lederen-halsband-met-handvat.jpg 900w, https:\/\/dogpride.nl\/wp-content\/uploads\/PRIDE-Bruin-lederen-halsband-met-handvat-300x200.jpg 300w, https:\/\/dogpride.nl\/wp-content\/uploads\/PRIDE-Bruin-lederen-halsband-met-handvat-768x512.jpg 768w, https:\/\/dogpride.nl\/wp-content\/uploads\/PRIDE-Bruin-lederen-halsband-met-handvat-18x12.jpg 18w, https:\/\/dogpride.nl\/wp-content\/uploads\/PRIDE-Bruin-lederen-halsband-met-handvat-250x167.jpg 250w, https:\/\/dogpride.nl\/wp-content\/uploads\/PRIDE-Bruin-lederen-halsband-met-handvat-400x267.jpg 400w\" sizes=\"auto, (max-width: 234px) 100vw, 234px\" \/><\/a><\/div>\n<div>\n<p>&nbsp;<\/p>\n<\/div>","protected":false},"excerpt":{"rendered":"<p>Ce collier en cuir tr\u00e8s r\u00e9sistant avec poign\u00e9e est fabriqu\u00e9 en cuir 2 couches de haute qualit\u00e9. Une poign\u00e9e solide vous aide \u00e0 contr\u00f4ler votre chien facilement et rapidement sur de courtes distances. La poign\u00e9e est tr\u00e8s solide et convient aux races grandes et fortes.<\/p>","protected":false},"featured_media":22916,"template":"","meta":[],"product_brand":[],"product_cat":[90],"product_tag":[10746,10758,10751,10750,10747,10760,10763,10754,10762,10761,10753,10288,10749,10755,10745,10759,10757,10748,10756,10752],"class_list":{"0":"post-137006","1":"product","2":"type-product","3":"status-publish","4":"has-post-thumbnail","6":"product_cat-pride-hondenhalsbanden","7":"product_tag-bruine-halsband-hond","8":"product_tag-comfort-halsband-hond","9":"product_tag-duurzame-halsband","10":"product_tag-handgemaakte-halsband","11":"product_tag-handvat-halsband","12":"product_tag-hond-accessoires","13":"product_tag-hond-wandelen-stijlvol","14":"product_tag-hondentraining-halsband","15":"product_tag-hondentuig-alternatief","16":"product_tag-leder-bruin","17":"product_tag-leren-halsband-met-gesp","18":"product_tag-leren-hondenhalsband","19":"product_tag-luxe-hondenaccessoire","20":"product_tag-premium-hondenhalsband","21":"product_tag-pride-bruin-lederen-halsband-met-handvat","22":"product_tag-pride-collectie","23":"product_tag-sterke-leren-halsband","24":"product_tag-stevige-leren-halsband","25":"product_tag-stijlvolle-hondenhalsband","26":"product_tag-verstelbare-halsband-hond","28":"first","29":"instock","30":"taxable","31":"shipping-taxable","32":"purchasable","33":"product-type-variable"},"mb":[],"mfb_rest_fields":["title"],"_links":{"self":[{"href":"https:\/\/dogpride.nl\/fr\/wp-json\/wp\/v2\/product\/137006","targetHints":{"allow":["GET"]}}],"collection":[{"href":"https:\/\/dogpride.nl\/fr\/wp-json\/wp\/v2\/product"}],"about":[{"href":"https:\/\/dogpride.nl\/fr\/wp-json\/wp\/v2\/types\/product"}],"wp:featuredmedia":[{"embeddable":true,"href":"https:\/\/dogpride.nl\/fr\/wp-json\/wp\/v2\/media\/22916"}],"wp:attachment":[{"href":"https:\/\/dogpride.nl\/fr\/wp-json\/wp\/v2\/media?parent=137006"}],"wp:term":[{"taxonomy":"product_brand","embeddable":true,"href":"https:\/\/dogpride.nl\/fr\/wp-json\/wp\/v2\/product_brand?post=137006"},{"taxonomy":"product_cat","embeddable":true,"href":"https:\/\/dogpride.nl\/fr\/wp-json\/wp\/v2\/product_cat?post=137006"},{"taxonomy":"product_tag","embeddable":true,"href":"https:\/\/dogpride.nl\/fr\/wp-json\/wp\/v2\/product_tag?post=137006"}],"curies":[{"name":"wp","href":"https:\/\/api.w.org\/{rel}","templated":true}]}}