{"id":136989,"date":"2025-09-30T12:41:21","date_gmt":"2025-09-30T10:41:21","guid":{"rendered":"https:\/\/dogpride.nl\/?post_type=product&#038;p=136989"},"modified":"2025-10-29T11:56:26","modified_gmt":"2025-10-29T10:56:26","slug":"pride-zwarte-lederen-halsband-met-handvat-profi","status":"publish","type":"product","link":"https:\/\/dogpride.nl\/fr\/pride-zwarte-lederen-halsband-met-handvat-profi\/","title":{"rendered":"PRIDE Zwarte lederen halsband met handvat PROFI"},"content":{"rendered":"<h4>PRIDE Zwarte lederen halsband met handvat PROFI<\/h4>\n<p>PRIDE Zwarte lederen halsband met handvat PROFI<\/p>\n<div style=\"color: #000000; font-size: 13px; text-align: left; text-decoration: none;\">\n<p>Ce collier en cuir tr\u00e8s r\u00e9sistant avec poign\u00e9e et doublure en cuir souple est fait de cuir solide \u00e0 2 couches de haute qualit\u00e9.<\/p>\n<\/div>\n<div style=\"color: #000000; font-size: 13px; text-align: left; text-decoration: none;\">Une poign\u00e9e solide vous aide \u00e0 contr\u00f4ler votre chien facilement et rapidement sur de courtes distances. La poign\u00e9e est tr\u00e8s solide et convient aux races grandes et fortes.<\/div>\n<div style=\"color: #000000; font-size: 13px; text-align: left; text-decoration: none;\"><span style=\"color: #000000; background-color: #ffffff; font-size: 13px; text-align: left; display: inline; float: none; text-decoration: none;\">La laisse peut \u00eatre attach\u00e9e \u00e0 l&#039;anneau en D moul\u00e9.<\/span><\/div>\n<p>La doublure ajoute environ 6-7 mm ou un peu plus \u00e0 la largeur du collier de chaque c\u00f4t\u00e9, donc un collier command\u00e9 en largeur de 30 mm aura une largeur r\u00e9elle d&#039;environ 45 mm.<\/p>\n<div style=\"color: #000000; font-size: 13px; text-align: left; text-decoration: none;\">ProbeerPRIDE Zwarte lederen halsband met handvat PROFI voor comfortabel, betrouwbaar en langdurig gebruik en een stijlvolle uitstraling van uw hond. Uw huisdier verdient de beste kwaliteit!<\/div>\n<div style=\"color: #000000; font-size: 13px; text-align: left; text-decoration: none;\"><\/div>\n<div style=\"color: #000000; font-size: 13px; text-align: left; text-decoration: none;\">Bon collier pour chiens de moyennes et grandes races en cuir noir solide.<\/div>\n<div style=\"color: #000000; font-size: 13px; text-align: left; text-decoration: none;\">Mod\u00e8le : CL-054<br \/>\nMat\u00e9riel: Cuir<br \/>\nKleur: zwartBreedte: 30 mm<\/div>\n<div>Longueur:\u00a0<span style=\"color: #000000; background-color: #ffffff; font-size: 10pt; text-align: left; display: inline !important; float: none; text-decoration: none;\">mini 45 cm \u2013 maxi 56 cm<\/span><\/div>\n<div><\/div>\n<div><a href=\"https:\/\/www.dogpride.eu\/\" target=\"_blank\" rel=\"noopener\"><img loading=\"lazy\" decoding=\"async\" class=\"alignnone wp-image-70657 size-medium\" src=\"https:\/\/dogpride.nl\/wp-content\/uploads\/Logo-Pride2-1-300x96.png\" alt=\"\" width=\"300\" height=\"96\" srcset=\"https:\/\/dogpride.nl\/wp-content\/uploads\/Logo-Pride2-1-300x96.png 300w, https:\/\/dogpride.nl\/wp-content\/uploads\/Logo-Pride2-1-250x80.png 250w, https:\/\/dogpride.nl\/wp-content\/uploads\/Logo-Pride2-1-200x64.png 200w, https:\/\/dogpride.nl\/wp-content\/uploads\/Logo-Pride2-1.png 327w\" sizes=\"auto, (max-width: 300px) 100vw, 300px\" \/><\/a><\/div>\n<p>&nbsp;<\/p>\n<p><a href=\"https:\/\/dogpride.nl\/fr\/pride-zwarte-lederen-halsband-met-handvat-profi\/\"><img loading=\"lazy\" decoding=\"async\" class=\"alignnone wp-image-136990\" title=\"PRIDE Zwarte lederen halsband met handvat PROFI \" src=\"https:\/\/dogpride.nl\/wp-content\/uploads\/PRIDE-Zwarte-lederen-halsband-met-handvat-PROFI.jpg\" alt=\"PRIDE Zwarte lederen halsband met handvat PROFI \" width=\"257\" height=\"171\" srcset=\"https:\/\/dogpride.nl\/wp-content\/uploads\/PRIDE-Zwarte-lederen-halsband-met-handvat-PROFI.jpg 900w, https:\/\/dogpride.nl\/wp-content\/uploads\/PRIDE-Zwarte-lederen-halsband-met-handvat-PROFI-300x200.jpg 300w, https:\/\/dogpride.nl\/wp-content\/uploads\/PRIDE-Zwarte-lederen-halsband-met-handvat-PROFI-768x512.jpg 768w, https:\/\/dogpride.nl\/wp-content\/uploads\/PRIDE-Zwarte-lederen-halsband-met-handvat-PROFI-18x12.jpg 18w, https:\/\/dogpride.nl\/wp-content\/uploads\/PRIDE-Zwarte-lederen-halsband-met-handvat-PROFI-250x167.jpg 250w, https:\/\/dogpride.nl\/wp-content\/uploads\/PRIDE-Zwarte-lederen-halsband-met-handvat-PROFI-400x267.jpg 400w\" sizes=\"auto, (max-width: 257px) 100vw, 257px\" \/><\/a><\/p>\n<p>&nbsp;<\/p>","protected":false},"excerpt":{"rendered":"<p>Collier PRIDE en cuir noir avec poign\u00e9e &quot;PROFI&quot;. Bon collier pour chiens de moyennes et grandes races en cuir noir solide.<\/p>","protected":false},"featured_media":22930,"template":"","meta":[],"product_brand":[],"product_cat":[90],"product_tag":[10751,6203,10288,10749,10759,10795,4866,10752,10796],"class_list":{"0":"post-136989","1":"product","2":"type-product","3":"status-publish","4":"has-post-thumbnail","6":"product_cat-pride-hondenhalsbanden","7":"product_tag-duurzame-halsband","8":"product_tag-halsband-met-handvat","9":"product_tag-leren-hondenhalsband","10":"product_tag-luxe-hondenaccessoire","11":"product_tag-pride-collectie","12":"product_tag-pride-zwarte-lederen-halsband-met-handvat-profi","13":"product_tag-sterke-halsband","14":"product_tag-verstelbare-halsband-hond","15":"product_tag-zwarte-halsband-hond","17":"first","18":"instock","19":"taxable","20":"shipping-taxable","21":"purchasable","22":"product-type-simple"},"mb":[],"mfb_rest_fields":["title"],"_links":{"self":[{"href":"https:\/\/dogpride.nl\/fr\/wp-json\/wp\/v2\/product\/136989","targetHints":{"allow":["GET"]}}],"collection":[{"href":"https:\/\/dogpride.nl\/fr\/wp-json\/wp\/v2\/product"}],"about":[{"href":"https:\/\/dogpride.nl\/fr\/wp-json\/wp\/v2\/types\/product"}],"wp:featuredmedia":[{"embeddable":true,"href":"https:\/\/dogpride.nl\/fr\/wp-json\/wp\/v2\/media\/22930"}],"wp:attachment":[{"href":"https:\/\/dogpride.nl\/fr\/wp-json\/wp\/v2\/media?parent=136989"}],"wp:term":[{"taxonomy":"product_brand","embeddable":true,"href":"https:\/\/dogpride.nl\/fr\/wp-json\/wp\/v2\/product_brand?post=136989"},{"taxonomy":"product_cat","embeddable":true,"href":"https:\/\/dogpride.nl\/fr\/wp-json\/wp\/v2\/product_cat?post=136989"},{"taxonomy":"product_tag","embeddable":true,"href":"https:\/\/dogpride.nl\/fr\/wp-json\/wp\/v2\/product_tag?post=136989"}],"curies":[{"name":"wp","href":"https:\/\/api.w.org\/{rel}","templated":true}]}}