{"id":136954,"date":"2025-09-30T10:56:18","date_gmt":"2025-09-30T08:56:18","guid":{"rendered":"https:\/\/dogpride.nl\/?post_type=product&#038;p=136954"},"modified":"2026-04-04T19:00:34","modified_gmt":"2026-04-04T17:00:34","slug":"pride-elite-series-cover-e-collar","status":"publish","type":"product","link":"https:\/\/dogpride.nl\/fr\/pride-elite-series-cover-e-collar\/","title":{"rendered":"Housse PRIDE Elite-Series"},"content":{"rendered":"<h4>Housse PRIDE Elite-Series<\/h4>\n<p>Housse PRIDE Elite-Series<br \/>\nLa housse de la s\u00e9rie Elite est faite de nylon et de cuir camo.<\/p>\n<p>Le bloc E est s\u00e9curis\u00e9 avec du velcro cach\u00e9 dans la housse.<br \/>\nConvient \u00e0 la plupart des syst\u00e8mes de dressage de colliers de chien.<\/p>\n<p><strong>Couleurs disponibles :<\/strong> MultiCam Black \/ Multicam Groen\/ Zwart<\/p>\n<p>Mod\u00e8le : CL-057E<\/p>\n<h4><strong>Tailles disponibles:<\/strong><\/h4>\n<ul>\n<li>Moyen : 45cm-50cm<\/li>\n<li>Grand : 55cm - 62cm<\/li>\n<li>XL : 67 cm \u2013 74 cm<\/li>\n<\/ul>\n<p>&nbsp;<\/p>\n<p><a href=\"https:\/\/www.dogpride.eu\/\" target=\"_blank\" rel=\"noopener\"><img loading=\"lazy\" decoding=\"async\" class=\"alignnone wp-image-70657 size-medium\" src=\"https:\/\/dogpride.nl\/wp-content\/uploads\/Logo-Pride2-1-300x96.png\" alt=\"PRIDE\" width=\"300\" height=\"96\" srcset=\"https:\/\/dogpride.nl\/wp-content\/uploads\/Logo-Pride2-1-300x96.png 300w, https:\/\/dogpride.nl\/wp-content\/uploads\/Logo-Pride2-1-250x80.png 250w, https:\/\/dogpride.nl\/wp-content\/uploads\/Logo-Pride2-1-200x64.png 200w, https:\/\/dogpride.nl\/wp-content\/uploads\/Logo-Pride2-1.png 327w\" sizes=\"auto, (max-width: 300px) 100vw, 300px\" \/><\/a><\/p>\n<p><a href=\"https:\/\/dogpride.nl\/fr\/pride-elite-series-cover-e-collar\/\"><img loading=\"lazy\" decoding=\"async\" class=\"alignnone wp-image-136933\" title=\"Housse PRIDE Elite-Series\" src=\"https:\/\/dogpride.nl\/wp-content\/uploads\/PRIDE-Elite-Series-cover-E-Collar.jpg\" alt=\"PRIDE Elite-Series cover E-Collar\" width=\"106\" height=\"141\" srcset=\"https:\/\/dogpride.nl\/wp-content\/uploads\/PRIDE-Elite-Series-cover-E-Collar.jpg 600w, https:\/\/dogpride.nl\/wp-content\/uploads\/PRIDE-Elite-Series-cover-E-Collar-225x300.jpg 225w, https:\/\/dogpride.nl\/wp-content\/uploads\/PRIDE-Elite-Series-cover-E-Collar-9x12.jpg 9w, https:\/\/dogpride.nl\/wp-content\/uploads\/PRIDE-Elite-Series-cover-E-Collar-250x333.jpg 250w, https:\/\/dogpride.nl\/wp-content\/uploads\/PRIDE-Elite-Series-cover-E-Collar-400x533.jpg 400w\" sizes=\"auto, (max-width: 106px) 100vw, 106px\" \/><\/a><a href=\"https:\/\/dogpride.nl\/fr\/pride-elite-series-cover-e-collar\/\"><img loading=\"lazy\" decoding=\"async\" class=\"alignnone\" title=\"Housse PRIDE Elite-Series\" src=\"https:\/\/dogpride.nl\/wp-content\/uploads\/Multicam-groen-150x150.jpg\" alt=\"PRIDE Elite-Series cover E-Collar\" width=\"140\" height=\"140\" \/><\/a><\/p>\n<p>&nbsp;<\/p>","protected":false},"excerpt":{"rendered":"<p>Couverture PRIDE Elite Series pour E-Collar. La housse de la s\u00e9rie Elite est faite de nylon et de cuir camo. Convient \u00e0 la plupart des syst\u00e8mes de formation de collier.<\/p>","protected":false},"featured_media":137014,"template":"","meta":[],"product_brand":[],"product_cat":[90],"product_tag":[10804,10811,4929,10807,8383,10802,4880,10803,3288,9519,10806,10784,4865,10759,10801,10812,6957,10805,10809,6887,8384,10810,10808],"class_list":{"0":"post-136954","1":"product","2":"type-product","3":"status-publish","4":"has-post-thumbnail","6":"product_cat-pride-hondenhalsbanden","7":"product_tag-bescherming-e-collar","8":"product_tag-comfort-hoes-e-collar","9":"product_tag-cover","10":"product_tag-duurzame-halsband-cover","11":"product_tag-e-collar","12":"product_tag-e-collar-cover","13":"product_tag-elite","14":"product_tag-elite-serie-hondenaccessoire","15":"product_tag-honden","16":"product_tag-hondensport-uitrusting","17":"product_tag-nylon-e-collar-hoes","18":"product_tag-premium-hondenaccessoire","19":"product_tag-pride","20":"product_tag-pride-collectie","21":"product_tag-pride-elite-series-cover-e-collar","22":"product_tag-professionele-hondenuitrusting","23":"product_tag-series","24":"product_tag-tactical-e-collar-cover","25":"product_tag-training-e-collar","26":"product_tag-trainingsband","27":"product_tag-tt","28":"product_tag-verstelbare-e-collar-cover","29":"product_tag-werkhond-accessoires","31":"first","32":"instock","33":"taxable","34":"shipping-taxable","35":"purchasable","36":"product-type-variable"},"mb":[],"mfb_rest_fields":["title"],"_links":{"self":[{"href":"https:\/\/dogpride.nl\/fr\/wp-json\/wp\/v2\/product\/136954","targetHints":{"allow":["GET"]}}],"collection":[{"href":"https:\/\/dogpride.nl\/fr\/wp-json\/wp\/v2\/product"}],"about":[{"href":"https:\/\/dogpride.nl\/fr\/wp-json\/wp\/v2\/types\/product"}],"wp:featuredmedia":[{"embeddable":true,"href":"https:\/\/dogpride.nl\/fr\/wp-json\/wp\/v2\/media\/137014"}],"wp:attachment":[{"href":"https:\/\/dogpride.nl\/fr\/wp-json\/wp\/v2\/media?parent=136954"}],"wp:term":[{"taxonomy":"product_brand","embeddable":true,"href":"https:\/\/dogpride.nl\/fr\/wp-json\/wp\/v2\/product_brand?post=136954"},{"taxonomy":"product_cat","embeddable":true,"href":"https:\/\/dogpride.nl\/fr\/wp-json\/wp\/v2\/product_cat?post=136954"},{"taxonomy":"product_tag","embeddable":true,"href":"https:\/\/dogpride.nl\/fr\/wp-json\/wp\/v2\/product_tag?post=136954"}],"curies":[{"name":"wp","href":"https:\/\/api.w.org\/{rel}","templated":true}]}}