{"id":136284,"date":"2025-09-22T10:17:43","date_gmt":"2025-09-22T08:17:43","guid":{"rendered":"https:\/\/dogpride.nl\/?post_type=product&#038;p=136284"},"modified":"2025-10-31T16:24:08","modified_gmt":"2025-10-31T15:24:08","slug":"pride-leren-platte-bijtworst","status":"publish","type":"product","link":"https:\/\/dogpride.nl\/fr\/pride-leren-platte-bijtworst\/","title":{"rendered":"PRIDE Tire-bouchon plat en cuir"},"content":{"rendered":"<h4>PRIDE Tire-bouchon plat en cuir<\/h4>\n<p>PRIDE Tire-bouchon plat en cuir<\/p>\n<div>PRIDE Leren platte bijtworst van sterk leer voor puppy-training.<br \/>\nCe boudin est fait d&#039;un tissage de cuir solide pour plus de durabilit\u00e9 et poss\u00e8de deux poign\u00e9es en nylon. Utilis\u00e9 pour imiter les proies dans les premiers stades de l&#039;entra\u00eenement \u00e0 la morsure. Peut \u00e9galement \u00eatre utilis\u00e9 comme r\u00e9compense de morsure lors de l&#039;enseignement de nouvelles comp\u00e9tences ou comme un simple jeu pour s&#039;amuser avec votre chien.<\/div>\n<div>\n<ul>\n<li>Taille : 30cm<\/li>\n<\/ul>\n<\/div>\n<div>\n<p>Ce mat\u00e9riau durable est super solide et sans danger pour les dents des chiens adultes forts.<\/p>\n<\/div>\n<div>Taille : 30cm<\/div>\n<div>\n<p>Mod\u00e8le : T-016L<br \/>\nMat\u00e9riel: Cuir<\/p>\n<p>* Les couleurs varient en fonction du lot de teinture actuel.<\/p>\n<\/div>\n<div>\n<p><strong>NB\u00a0:<\/strong><\/p>\n<p>Le boudin en cuir n&#039;est pas un jouet \u00e0 m\u00e2cher et doit \u00eatre inspect\u00e9 pour d\u00e9tecter tout dommage et remplac\u00e9 s&#039;il montre des signes d&#039;usure excessive. Il n&#039;est pas recommand\u00e9 de laisser votre chien sans surveillance lorsqu&#039;il joue avec un remorqueur.<\/p>\n<\/div>\n<p>&nbsp;<\/p>\n<p><a href=\"https:\/\/www.dogpride.eu\/\" target=\"_blank\" rel=\"noopener\"><img loading=\"lazy\" decoding=\"async\" class=\"alignnone wp-image-71202 size-medium\" src=\"https:\/\/dogpride.nl\/wp-content\/uploads\/Logo-Pride2-2-300x96.png\" alt=\"Pride\" width=\"300\" height=\"96\" srcset=\"https:\/\/dogpride.nl\/wp-content\/uploads\/Logo-Pride2-2-300x96.png 300w, https:\/\/dogpride.nl\/wp-content\/uploads\/Logo-Pride2-2-250x80.png 250w, https:\/\/dogpride.nl\/wp-content\/uploads\/Logo-Pride2-2-200x64.png 200w, https:\/\/dogpride.nl\/wp-content\/uploads\/Logo-Pride2-2.png 327w\" sizes=\"auto, (max-width: 300px) 100vw, 300px\" \/><\/a><\/p>\n<p><a href=\"https:\/\/dogpride.nl\/fr\/pride-leren-platte-bijtworst\/\"><img loading=\"lazy\" decoding=\"async\" class=\"alignnone wp-image-137106\" src=\"https:\/\/dogpride.nl\/wp-content\/uploads\/PRIDE-Leren-platte-bijtworst.jpg\" alt=\"PRIDE Leren platte bijtworst\" width=\"211\" height=\"141\" srcset=\"https:\/\/dogpride.nl\/wp-content\/uploads\/PRIDE-Leren-platte-bijtworst.jpg 700w, https:\/\/dogpride.nl\/wp-content\/uploads\/PRIDE-Leren-platte-bijtworst-300x200.jpg 300w, https:\/\/dogpride.nl\/wp-content\/uploads\/PRIDE-Leren-platte-bijtworst-18x12.jpg 18w, https:\/\/dogpride.nl\/wp-content\/uploads\/PRIDE-Leren-platte-bijtworst-250x167.jpg 250w, https:\/\/dogpride.nl\/wp-content\/uploads\/PRIDE-Leren-platte-bijtworst-400x267.jpg 400w\" sizes=\"auto, (max-width: 211px) 100vw, 211px\" \/><\/a><\/p>\n<p>&nbsp;<\/p>","protected":false},"excerpt":{"rendered":"<p>Bouchon plat en cuir. Ce boudin est fait d&#039;un tissage de cuir solide pour plus de durabilit\u00e9 et poss\u00e8de deux poign\u00e9es en nylon.<\/p>","protected":false},"featured_media":23522,"template":"","meta":[],"product_brand":[],"product_cat":[352],"product_tag":[],"class_list":{"0":"post-136284","1":"product","2":"type-product","3":"status-publish","4":"has-post-thumbnail","6":"product_cat-bijtworsten-voor-honden","8":"first","9":"instock","10":"taxable","11":"shipping-taxable","12":"purchasable","13":"product-type-simple"},"mb":[],"mfb_rest_fields":["title"],"_links":{"self":[{"href":"https:\/\/dogpride.nl\/fr\/wp-json\/wp\/v2\/product\/136284","targetHints":{"allow":["GET"]}}],"collection":[{"href":"https:\/\/dogpride.nl\/fr\/wp-json\/wp\/v2\/product"}],"about":[{"href":"https:\/\/dogpride.nl\/fr\/wp-json\/wp\/v2\/types\/product"}],"wp:featuredmedia":[{"embeddable":true,"href":"https:\/\/dogpride.nl\/fr\/wp-json\/wp\/v2\/media\/23522"}],"wp:attachment":[{"href":"https:\/\/dogpride.nl\/fr\/wp-json\/wp\/v2\/media?parent=136284"}],"wp:term":[{"taxonomy":"product_brand","embeddable":true,"href":"https:\/\/dogpride.nl\/fr\/wp-json\/wp\/v2\/product_brand?post=136284"},{"taxonomy":"product_cat","embeddable":true,"href":"https:\/\/dogpride.nl\/fr\/wp-json\/wp\/v2\/product_cat?post=136284"},{"taxonomy":"product_tag","embeddable":true,"href":"https:\/\/dogpride.nl\/fr\/wp-json\/wp\/v2\/product_tag?post=136284"}],"curies":[{"name":"wp","href":"https:\/\/api.w.org\/{rel}","templated":true}]}}