{"id":136281,"date":"2025-09-22T10:17:25","date_gmt":"2025-09-22T08:17:25","guid":{"rendered":"https:\/\/dogpride.nl\/?post_type=product&#038;p=136281"},"modified":"2026-02-27T08:03:15","modified_gmt":"2026-02-27T07:03:15","slug":"pride-platte-bijtworst-7x10cm-nylcot","status":"publish","type":"product","link":"https:\/\/dogpride.nl\/fr\/pride-platte-bijtworst-7x10cm-nylcot\/","title":{"rendered":"PRIDE Platte bijtworst 7x10cm Nylcot"},"content":{"rendered":"<h4>PRIDE Platte bijtworst 7x10cm Nylcot<\/h4>\n<p>PRIDE Platte bijtworst 7x10cm Nylcot<\/p>\n<div>\n<p>Ce boudin est fait d&#039;un tissu en nylon\/coton solide pour plus de durabilit\u00e9 et avec une poign\u00e9e en nylon. Id\u00e9al pour les chiots.<\/p>\n<p>Utilis\u00e9 pour imiter les proies dans les premiers stades de l&#039;entra\u00eenement \u00e0 la morsure. Peut \u00e9galement \u00eatre utilis\u00e9 comme r\u00e9compense de morsure lors de l&#039;enseignement de nouvelles comp\u00e9tences ou comme un simple jeu avec votre chien.<\/p>\n<\/div>\n<div>\n<ul>\n<li>Dimensions : 10 cm x 7 cm, \u00e0 plat<\/li>\n<\/ul>\n<\/div>\n<div>\n<p>Ce mat\u00e9riau durable est super solide et sans danger pour les dents des chiots et des chiens adultes forts.<\/p>\n<p>Mod\u00e8le : T-013<br \/>\nMati\u00e8re : nylon\/coton<br \/>\nDimensions : 7 x 10 cm \/ \u00e0 plat<\/p>\n<p>* Les couleurs varient en fonction du lot de teinture actuel.<\/p>\n<p><strong>NB\u00a0:<\/strong><\/p>\n<\/div>\n<div>\n<p>Ce mordant n&#039;est pas un jouet \u00e0 m\u00e2cher et doit \u00eatre inspect\u00e9 pour d\u00e9tecter tout dommage et remplac\u00e9 s&#039;il montre des signes d&#039;usure excessive. Il n&#039;est pas recommand\u00e9 de laisser votre chien sans surveillance lorsqu&#039;il joue avec un remorqueur.<\/p>\n<\/div>\n<p>&nbsp;<\/p>\n<p><a href=\"https:\/\/www.dogpride.eu\/\" target=\"_blank\" rel=\"noopener\"><img loading=\"lazy\" decoding=\"async\" class=\"alignnone wp-image-71202 size-medium\" src=\"https:\/\/dogpride.nl\/wp-content\/uploads\/Logo-Pride2-2-300x96.png\" alt=\"Pride\" width=\"300\" height=\"96\" srcset=\"https:\/\/dogpride.nl\/wp-content\/uploads\/Logo-Pride2-2-300x96.png 300w, https:\/\/dogpride.nl\/wp-content\/uploads\/Logo-Pride2-2-250x80.png 250w, https:\/\/dogpride.nl\/wp-content\/uploads\/Logo-Pride2-2-200x64.png 200w, https:\/\/dogpride.nl\/wp-content\/uploads\/Logo-Pride2-2.png 327w\" sizes=\"auto, (max-width: 300px) 100vw, 300px\" \/><\/a><\/p>\n<p><a href=\"https:\/\/dogpride.nl\/fr\/pride-platte-bijtworst-7x10cm-nylcot\/\"><img loading=\"lazy\" decoding=\"async\" class=\"alignnone wp-image-136298 size-full\" title=\"PRIDE Platte bijtworst 7x10cm Nylcot\" src=\"https:\/\/dogpride.nl\/wp-content\/uploads\/PRIDE-Platte-bijtworst-7x10cm-Nylcot2-1.jpg\" alt=\"PRIDE Platte bijtworst 7x10cm Nylcot\" width=\"554\" height=\"369\" srcset=\"https:\/\/dogpride.nl\/wp-content\/uploads\/PRIDE-Platte-bijtworst-7x10cm-Nylcot2-1.jpg 554w, https:\/\/dogpride.nl\/wp-content\/uploads\/PRIDE-Platte-bijtworst-7x10cm-Nylcot2-1-300x200.jpg 300w, https:\/\/dogpride.nl\/wp-content\/uploads\/PRIDE-Platte-bijtworst-7x10cm-Nylcot2-1-18x12.jpg 18w, https:\/\/dogpride.nl\/wp-content\/uploads\/PRIDE-Platte-bijtworst-7x10cm-Nylcot2-1-250x167.jpg 250w, https:\/\/dogpride.nl\/wp-content\/uploads\/PRIDE-Platte-bijtworst-7x10cm-Nylcot2-1-400x266.jpg 400w\" sizes=\"auto, (max-width: 554px) 100vw, 554px\" \/><\/a><\/p>\n<p>&nbsp;<\/p>","protected":false},"excerpt":{"rendered":"<p>PRIDE Platte bijtworst 7x10cm Nylcot. Wordt gebruikt voor het nabootsen van een prooidier in een vroeg stadium van bijttraining.<\/p>","protected":false},"featured_media":136297,"template":"","meta":[],"product_brand":[],"product_cat":[352],"product_tag":[9431,6921,6926,9430,4865],"class_list":{"0":"post-136281","1":"product","2":"type-product","3":"status-publish","4":"has-post-thumbnail","6":"product_cat-bijtworsten-voor-honden","7":"product_tag-7x10cm","8":"product_tag-bijtworst","9":"product_tag-nylcot","10":"product_tag-platte","11":"product_tag-pride","13":"first","14":"outofstock","15":"taxable","16":"shipping-taxable","17":"purchasable","18":"product-type-simple"},"mb":[],"mfb_rest_fields":["title"],"_links":{"self":[{"href":"https:\/\/dogpride.nl\/fr\/wp-json\/wp\/v2\/product\/136281","targetHints":{"allow":["GET"]}}],"collection":[{"href":"https:\/\/dogpride.nl\/fr\/wp-json\/wp\/v2\/product"}],"about":[{"href":"https:\/\/dogpride.nl\/fr\/wp-json\/wp\/v2\/types\/product"}],"wp:featuredmedia":[{"embeddable":true,"href":"https:\/\/dogpride.nl\/fr\/wp-json\/wp\/v2\/media\/136297"}],"wp:attachment":[{"href":"https:\/\/dogpride.nl\/fr\/wp-json\/wp\/v2\/media?parent=136281"}],"wp:term":[{"taxonomy":"product_brand","embeddable":true,"href":"https:\/\/dogpride.nl\/fr\/wp-json\/wp\/v2\/product_brand?post=136281"},{"taxonomy":"product_cat","embeddable":true,"href":"https:\/\/dogpride.nl\/fr\/wp-json\/wp\/v2\/product_cat?post=136281"},{"taxonomy":"product_tag","embeddable":true,"href":"https:\/\/dogpride.nl\/fr\/wp-json\/wp\/v2\/product_tag?post=136281"}],"curies":[{"name":"wp","href":"https:\/\/api.w.org\/{rel}","templated":true}]}}