{"id":136277,"date":"2025-09-22T10:12:46","date_gmt":"2025-09-22T08:12:46","guid":{"rendered":"https:\/\/dogpride.nl\/?post_type=product&#038;p=136277"},"modified":"2025-11-02T08:40:42","modified_gmt":"2025-11-02T07:40:42","slug":"pride-bijtworst-2-5-x-20-cm-jute","status":"publish","type":"product","link":"https:\/\/dogpride.nl\/fr\/pride-bijtworst-2-5-x-20-cm-jute\/","title":{"rendered":"PRIDE Bite tug 2,5 x 20 cm jute"},"content":{"rendered":"<h4>PRIDE Bite tug 2,5 x 20 cm jute<\/h4>\n<p>PRIDE Bite tug 2,5 x 20 cm jute<\/p>\n<div style=\"color: #000000; font-size: 13px; text-align: left; text-decoration: none;\">\n<p>Deze PRIDE Bijtworst 2.5 x 20 cm jute is gemaakt van sterk jute voor duurzaamheid en met een nylon handvat.<\/p>\n<p>Utilis\u00e9 pour imiter les proies dans les premiers stades de l&#039;entra\u00eenement \u00e0 la morsure. Peut \u00e9galement \u00eatre utilis\u00e9 comme r\u00e9compense de morsure lors de l&#039;enseignement de nouvelles comp\u00e9tences ou comme un simple jeu avec votre chien.<\/p>\n<\/div>\n<div style=\"color: #000000; font-size: 13px; text-align: left; text-decoration: none;\">\n<ul>\n<li>Dimensions : 20 cm x 2,5 cm<\/li>\n<\/ul>\n<\/div>\n<div style=\"color: #000000; font-size: 13px; text-align: left; text-decoration: none;\">\n<p>Ce mat\u00e9riau durable est super solide et sans danger pour les dents des chiots et des chiens adultes forts.<\/p>\n<p>Mod\u00e8le : T-015<br \/>\nMat\u00e9riel: Jute<br \/>\nDimensions : 2,5 x 20 cm<\/p>\n<p>* Les couleurs varient en fonction du lot de teinture actuel.<\/p>\n<p><strong>NB\u00a0:<\/strong><\/p>\n<p>Ce mordant n&#039;est pas un jouet \u00e0 m\u00e2cher et doit \u00eatre inspect\u00e9 pour d\u00e9tecter tout dommage et remplac\u00e9 s&#039;il montre des signes d&#039;usure excessive. Il n&#039;est pas recommand\u00e9 de laisser votre chien sans surveillance lorsqu&#039;il joue avec un remorqueur.<\/p>\n<\/div>\n<p>&nbsp;<\/p>\n<p><a href=\"https:\/\/www.dogpride.eu\/\" target=\"_blank\" rel=\"noopener\"><img loading=\"lazy\" decoding=\"async\" class=\"alignnone wp-image-71202 size-medium\" src=\"https:\/\/dogpride.nl\/wp-content\/uploads\/Logo-Pride2-2-300x96.png\" alt=\"Pride\" width=\"300\" height=\"96\" srcset=\"https:\/\/dogpride.nl\/wp-content\/uploads\/Logo-Pride2-2-300x96.png 300w, https:\/\/dogpride.nl\/wp-content\/uploads\/Logo-Pride2-2-250x80.png 250w, https:\/\/dogpride.nl\/wp-content\/uploads\/Logo-Pride2-2-200x64.png 200w, https:\/\/dogpride.nl\/wp-content\/uploads\/Logo-Pride2-2.png 327w\" sizes=\"auto, (max-width: 300px) 100vw, 300px\" \/><\/a><\/p>\n<p><a href=\"https:\/\/dogpride.nl\/fr\/pride-bijtworst-2-5-x-20-cm-jute\/\"><img loading=\"lazy\" decoding=\"async\" class=\"alignnone wp-image-137135 size-full\" src=\"https:\/\/dogpride.nl\/wp-content\/uploads\/PRIDE-Bijtworst-2.5-x-20-cm-jute.jpg\" alt=\"PRIDE Bijtworst 2.5 x 20 cm jute\" width=\"200\" height=\"200\" srcset=\"https:\/\/dogpride.nl\/wp-content\/uploads\/PRIDE-Bijtworst-2.5-x-20-cm-jute.jpg 200w, https:\/\/dogpride.nl\/wp-content\/uploads\/PRIDE-Bijtworst-2.5-x-20-cm-jute-150x150.jpg 150w, https:\/\/dogpride.nl\/wp-content\/uploads\/PRIDE-Bijtworst-2.5-x-20-cm-jute-12x12.jpg 12w, https:\/\/dogpride.nl\/wp-content\/uploads\/PRIDE-Bijtworst-2.5-x-20-cm-jute-100x100.jpg 100w\" sizes=\"auto, (max-width: 200px) 100vw, 200px\" \/><\/a><\/p>\n<p>&nbsp;<\/p>","protected":false},"excerpt":{"rendered":"<p>Utilis\u00e9 pour imiter les proies dans les premiers stades de l&#039;entra\u00eenement \u00e0 la morsure. Peut \u00e9galement \u00eatre utilis\u00e9 comme r\u00e9compense de morsure lors de l&#039;enseignement de nouvelles comp\u00e9tences ou comme un simple jeu avec votre chien.<\/p>","protected":false},"featured_media":23536,"template":"","meta":[],"product_brand":[],"product_cat":[352],"product_tag":[],"class_list":{"0":"post-136277","1":"product","2":"type-product","3":"status-publish","4":"has-post-thumbnail","6":"product_cat-bijtworsten-voor-honden","8":"first","9":"instock","10":"taxable","11":"shipping-taxable","12":"purchasable","13":"product-type-simple"},"mb":[],"mfb_rest_fields":["title"],"_links":{"self":[{"href":"https:\/\/dogpride.nl\/fr\/wp-json\/wp\/v2\/product\/136277","targetHints":{"allow":["GET"]}}],"collection":[{"href":"https:\/\/dogpride.nl\/fr\/wp-json\/wp\/v2\/product"}],"about":[{"href":"https:\/\/dogpride.nl\/fr\/wp-json\/wp\/v2\/types\/product"}],"wp:featuredmedia":[{"embeddable":true,"href":"https:\/\/dogpride.nl\/fr\/wp-json\/wp\/v2\/media\/23536"}],"wp:attachment":[{"href":"https:\/\/dogpride.nl\/fr\/wp-json\/wp\/v2\/media?parent=136277"}],"wp:term":[{"taxonomy":"product_brand","embeddable":true,"href":"https:\/\/dogpride.nl\/fr\/wp-json\/wp\/v2\/product_brand?post=136277"},{"taxonomy":"product_cat","embeddable":true,"href":"https:\/\/dogpride.nl\/fr\/wp-json\/wp\/v2\/product_cat?post=136277"},{"taxonomy":"product_tag","embeddable":true,"href":"https:\/\/dogpride.nl\/fr\/wp-json\/wp\/v2\/product_tag?post=136277"}],"curies":[{"name":"wp","href":"https:\/\/api.w.org\/{rel}","templated":true}]}}